{"id":136363,"date":"2023-08-31T10:35:26","date_gmt":"2023-08-31T08:35:26","guid":{"rendered":"https:\/\/www.mizar.it\/cookie-richtlinie\/"},"modified":"2026-03-10T08:54:37","modified_gmt":"2026-03-10T07:54:37","slug":"cookie-richtlinie","status":"publish","type":"page","link":"https:\/\/www.mizar.it\/de\/cookie-richtlinie\/","title":{"rendered":"Cookie-Richtlinie"},"content":{"rendered":"\n\t<div id=\"gap-2101188897\" class=\"gap-element clearfix\" style=\"display:block; height:auto;\">\n\t\t\n<style>\n#gap-2101188897 {\n  padding-top: 70px;\n}\n<\/style>\n\t<\/div>\n\t\n\n\t<section class=\"section\" id=\"section_411700860\">\n\t\t<div class=\"bg section-bg fill bg-fill  bg-loaded\" >\n\n\t\t\t\n\t\t\t\n\t\t\t\n\n\t\t<\/div>\n\n\t\t<div class=\"section-content relative\">\n\t\t\t\n\n<div class=\"row row-collapse\" style=\"max-width:700px\" id=\"row-996442110\">\n\n\n\t<div id=\"col-1609166979\" class=\"col small-12 large-12\"  >\n\t\t<div class=\"col-inner text-center\"  >\n\t\t\t\n\t\t\t\n\n\t<div id=\"text-194099319\" class=\"text\">\n\t\t\n\n<h2 style=\"text-align: center;\">Cookie-Richtlinie<\/h2>\n\t\t\n<style>\n#text-194099319 {\n  text-align: center;\n}\n<\/style>\n\t<\/div>\n\t\n\n\t\t<\/div>\n\t\t\t<\/div>\n\n\t\n\n<\/div>\n\n\t\t<\/div>\n\n\t\t\n<style>\n#section_411700860 {\n  padding-top: 0px;\n  padding-bottom: 0px;\n}\n<\/style>\n\t<\/section>\n\t\n\t<section class=\"section\" id=\"section_1410618993\">\n\t\t<div class=\"bg section-bg fill bg-fill  bg-loaded\" >\n\n\t\t\t\n\t\t\t\n\t\t\t\n\n\t\t<\/div>\n\n\t\t<div class=\"section-content relative\">\n\t\t\t\n\n<div class=\"row\"  id=\"row-375770538\">\n\n\n\t<div id=\"col-535347832\" class=\"col small-12 large-12\"  >\n\t\t<div class=\"col-inner\"  >\n\t\t\t\n\t\t\t\r\n<div id=\"text-2992202395\" class=\"text txt-page-Chisiamo\">\r\n <h3>Cookie-Richtlinie<\/h3>\r\n <\/div>\r\n <div id=\"gap-327387744\" class=\"gap-element clearfix\"><\/div>\r\n <div id=\"text-4269678873\" class=\"text custom-ul\">\r\n <div class=\"titles\">\r\n \r\n Im Einklang mit der europ\u00e4ischen Gesetzgebung m\u00f6chte ReeR SpA sicherstellen, dass jeder Nutzer der Website versteht, was Cookies sind und warum sie verwendet werden, damit jeder bewusst entscheiden kann, ob er deren Verwendung auf seinen Ger\u00e4ten akzeptiert oder nicht.\r\n \r\n <\/div>\r\n Ein Cookie ist eine kleine Textdatei, die eine eindeutige Kennung enth\u00e4lt. Eine Nummer, die von der Website mithilfe eines anonymen Codes auf die Festplatte des Benutzercomputers \u00fcbertragen wird. Dieser Code identifiziert den Computer, nicht aber den Benutzer, und \u00fcberwacht passiv die Aktivit\u00e4ten auf der Website. Cookies lassen sich anhand ihrer Funktionalit\u00e4t in vier Kategorien einteilen: Unbedingt erforderliche Cookies, Performance-Cookies, Funktionale Cookies und Targeting- und Werbe-Cookies. Unbedingt erforderliche Cookies sind unerl\u00e4sslich, um die Navigation auf der Website und die Nutzung ihrer Funktionen, wie beispielsweise den Zugriff auf bestimmte gesch\u00fctzte Bereiche, zu erm\u00f6glichen. Ohne diese Cookies k\u00f6nnen einige angeforderte Funktionen, wie z. B. das Anmelden auf der Website oder das Erstellen eines Warenkorbs, m\u00f6glicherweise nicht bereitgestellt werden. Performance-Cookies. Diese Cookies sammeln Informationen dar\u00fcber, wie Sie eine Website nutzen, z. B. welche Seiten Sie am h\u00e4ufigsten besuchen und ob Sie Fehlermeldungen erhalten. Diese Cookies sammeln keine Informationen, die einen bestimmten Besucher identifizieren. Alle von diesen Cookies gesammelten Informationen werden aggregiert und sind daher anonym. Sie werden ausschlie\u00dflich zur Verbesserung der Website-Funktionalit\u00e4t verwendet. Diese Website verwendet Google Analytics-Cookies, einen Webanalysedienst der Google Inc. (\u201eGoogle\u201c). Die durch den Cookie erzeugten Informationen \u00fcber Ihre Nutzung der Website (einschlie\u00dflich Ihrer IP-Adresse) werden an einen Server von Google in den USA \u00fcbertragen und dort gespeichert. Google wird diese Informationen verwenden, um Ihre Nutzung der Website auszuwerten und nachzuverfolgen, Berichte \u00fcber die Websiteaktivit\u00e4ten zusammenzustellen und weitere mit der Website- und Internetnutzung verbundene Dienstleistungen zu erbringen. Funktionale Cookies. Diese Cookies erm\u00f6glichen es der Website, Ihre Einstellungen (z. B. Benutzername, Sprache oder Region) zu speichern, um die Website zu optimieren und erweiterte Funktionen bereitzustellen. Mithilfe dieser Cookies k\u00f6nnen auch vom Nutzer angeforderte Funktionen erm\u00f6glicht werden, wie das Ansehen eines Videos oder das Kommentieren eines Blogbeitrags. Die durch Cookies gesammelten Informationen k\u00f6nnen anonym sein und d\u00fcrfen nicht das Surfverhalten und die Aktivit\u00e4ten des Nutzers auf anderen Websites verfolgen. Diese Cookies erm\u00f6glichen es, das Surfverhalten des Nutzers zu speichern, um ihm auf seine Interessen und Pr\u00e4ferenzen zugeschnittene Werbebotschaften anzuzeigen oder die wiederholte Anzeige derselben Werbebotschaft zu vermeiden. Au\u00dferdem k\u00f6nnen wir so die Effektivit\u00e4t der Werbekampagne durch statistische Datenanalyse messen. Die ReeR Spa-Website verwendet ausschlie\u00dflich die ersten beiden Cookie-Kategorien, f\u00fcr die keine ausdr\u00fcckliche Einwilligung erforderlich ist. Wie Sie Cookies deaktivieren: Achtung: Durch die Deaktivierung aller Cookie-Arten k\u00f6nnen einige Funktionen der Website eingeschr\u00e4nkt oder nicht verf\u00fcgbar sein. Befolgen Sie dazu die nachstehenden Anweisungen. Firefox: Klicken Sie im Men\u00fc oben im Firefox-Fenster auf die Firefox-Schaltfl\u00e4che (unter Windows XP: Men\u00fc \u201eExtras\u201c) und w\u00e4hlen Sie \u201eEinstellungen\u201c. W\u00e4hlen Sie anschlie\u00dfend \u201eDatenschutz\u201c. Unter \u201eVerlaufseinstellungen\u201c: W\u00e4hlen Sie \u201eBenutzerdefinierte Einstellungen f\u00fcr den Verlauf verwenden\u201c. Um Cookies zu aktivieren, aktivieren Sie das Kontrollk\u00e4stchen \u201eCookies von Websites akzeptieren\u201c; um sie zu deaktivieren, deaktivieren Sie es. W\u00e4hlen Sie die Speicherdauer von Cookies. Klicken Sie auf \u201eOK\u201c, um das Optionsfenster zu schlie\u00dfen. Klicken Sie auf \u201eSchlie\u00dfen\u201c, um das Einstellungsfenster zu schlie\u00dfen. Schlie\u00dfen Sie das Einstellungsfenster.<\/li>\r\n <\/ol>\r\n <h4>Internet Explorer:<\/h4>\r\n <ol>\r\n <li>W\u00e4hlen Sie in der oberen rechten Leiste \u201eExtras\u201c und anschlie\u00dfend \u201eInternetoptionen\u201c.<\/li>\r\n <li>W\u00e4hlen Sie im Dialogfeld \u201eInternetoptionen\u201c die Registerkarte \u201eDatenschutz\u201c.<\/li>\r\n <li>W\u00e4hlen Sie mithilfe des Schiebereglers die gew\u00fcnschte Datenschutzstufe.<\/li>\r\n <\/ol>\r\n \r\n So l\u00f6schen Sie Cookies:\r\n <ol>\r\n <li>Klicken Sie im Dialogfeld \u201eInternetoptionen\u201c auf der Registerkarte \u201eAllgemein\u201c unter \u201eBrowserverlauf\u201c auf \u201eL\u00f6schen\u201c.<\/li>\r\n <li>Deaktivieren Sie im Dialogfeld \u201eBrowserverlauf l\u00f6schen\u201c alle Kontrollk\u00e4stchen au\u00dfer dem Kontrollk\u00e4stchen \u201eCookies\u201c und klicken Sie anschlie\u00dfend auf \u201eL\u00f6schen\u201c.<\/li>\r\n Chrome: Klicken Sie auf das Schraubenschl\u00fcssel-Symbol in der Browser-Symbolleiste. W\u00e4hlen Sie \u201eEinstellungen\u201c. Klicken Sie auf \u201eErweiterte Einstellungen anzeigen\u201c. Klicken Sie im Abschnitt \u201eDatenschutz\u201c auf die Schaltfl\u00e4che \u201eInhaltseinstellungen\u201c. Im Abschnitt \u201eCookies\u201c k\u00f6nnen Sie die folgenden Cookie-Einstellungen \u00e4ndern: Cookies l\u00f6schen: Klicken Sie auf \u201eAlle Cookies und Websitedaten\u201c, um das Dialogfeld \u201eCookies und andere Daten\u201c zu \u00f6ffnen. Um alle Cookies zu l\u00f6schen, klicken Sie unten im Dialogfeld auf \u201eAlle entfernen\u201c. Um einen bestimmten Cookie zu l\u00f6schen, w\u00e4hlen Sie die Website, die den Cookie gesendet hat, und den Cookie selbst aus und klicken Sie dann auf \u201eEntfernen\u201c. Alternativ k\u00f6nnen Sie \u00fcber das Dialogfeld \u201eBrowserdaten l\u00f6schen\u201c alle Cookies l\u00f6schen, die innerhalb eines bestimmten Zeitraums erstellt wurden. Wenn Google Chrome Cookies automatisch l\u00f6schen soll, sobald Sie alle Browserfenster schlie\u00dfen, aktivieren Sie im Dialogfeld \u201eInhaltseinstellungen\u201c das Kontrollk\u00e4stchen \u201eCookies und andere Websitedaten beim Schlie\u00dfen des Browsers l\u00f6schen\u201c. Sie k\u00f6nnen auch Ausnahmen erstellen, sodass Cookies bestimmter Websites jedes Mal gel\u00f6scht werden, wenn Sie Ihren Browser schlie\u00dfen. Safari: Cookies entfernen: Klicken Sie auf das Safari-Men\u00fc. W\u00e4hlen Sie \u201eEinstellungen\u201c. Klicken Sie auf \u201eSicherheit\u201c. Klicken Sie auf \u201eCookies anzeigen\u201c. Klicken Sie auf \u201eAlle entfernen\u201c. Klicken Sie auf \u201eFertig\u201c, um die Cookie-Liste zu schlie\u00dfen. Schlie\u00dfen Sie das Dialogfeld \u201eEinstellungen\u201c. Cookies verwalten: W\u00e4hlen Sie im Men\u00fc \u201eAktion\u201c die Option \u201eEinstellungen\u201c und klicken Sie dann auf \u201eSicherheit\u201c (die \u2026). Das \u201eAktionsmen\u00fc\u201c befindet sich oben rechts im Safari-Fenster und ist mit einem Zahnradsymbol gekennzeichnet. Im Abschnitt \u201eCookies akzeptieren\u201c k\u00f6nnen Sie festlegen, ob und wann Safari Cookies von Websites akzeptieren soll. Eine Erkl\u00e4rung der Optionen erhalten Sie \u00fcber die Hilfeschaltfl\u00e4che (ein Fragezeichen). Um mehr Informationen zu den auf Ihrem Computer gespeicherten Cookies zu erhalten, klicken Sie auf \u201eCookies anzeigen\u201c.\t\t<\/div>\n\t\t\t<\/div>\n\n\t\n\n<\/div>\n\n\t\t<\/div>\n\n\t\t\n<style>\n#section_1410618993 {\n  padding-top: 30px;\n  padding-bottom: 30px;\n}\n<\/style>\n\t<\/section>\n\t\n\n","protected":false},"excerpt":{"rendered":"","protected":false},"author":10702,"featured_media":0,"parent":0,"menu_order":0,"comment_status":"closed","ping_status":"closed","template":"page-blank.php","meta":{"inline_featured_image":false,"footnotes":""},"class_list":["post-136363","page","type-page","status-publish","hentry"],"acf":[],"yoast_head":"<!-- This site is optimized with the Yoast SEO plugin v22.4 - https:\/\/yoast.com\/wordpress\/plugins\/seo\/ -->\n<title>Mizar - Cookie-Richtlinie<\/title>\n<meta name=\"robots\" content=\"index, follow, max-snippet:-1, max-image-preview:large, max-video-preview:-1\" \/>\n<link rel=\"canonical\" href=\"https:\/\/www.mizar.it\/de\/cookie-richtlinie\/\" \/>\n<meta property=\"og:locale\" content=\"de_DE\" \/>\n<meta property=\"og:type\" content=\"article\" \/>\n<meta property=\"og:title\" content=\"Mizar - Cookie-Richtlinie\" \/>\n<meta property=\"og:url\" content=\"https:\/\/www.mizar.it\/de\/cookie-richtlinie\/\" \/>\n<meta property=\"og:site_name\" content=\"Mizar\" \/>\n<meta property=\"article:modified_time\" content=\"2026-03-10T07:54:37+00:00\" \/>\n<meta name=\"twitter:card\" content=\"summary_large_image\" \/>\n<meta name=\"twitter:label1\" content=\"Gesch\u00e4tzte Lesezeit\" \/>\n\t<meta name=\"twitter:data1\" content=\"5\u00a0Minuten\" \/>\n<script type=\"application\/ld+json\" class=\"yoast-schema-graph\">{\"@context\":\"https:\/\/schema.org\",\"@graph\":[{\"@type\":\"WebPage\",\"@id\":\"https:\/\/www.mizar.it\/de\/cookie-richtlinie\/\",\"url\":\"https:\/\/www.mizar.it\/de\/cookie-richtlinie\/\",\"name\":\"Mizar - Cookie-Richtlinie\",\"isPartOf\":{\"@id\":\"https:\/\/www.mizar.it\/de\/#website\"},\"datePublished\":\"2023-08-31T08:35:26+00:00\",\"dateModified\":\"2026-03-10T07:54:37+00:00\",\"breadcrumb\":{\"@id\":\"https:\/\/www.mizar.it\/de\/cookie-richtlinie\/#breadcrumb\"},\"inLanguage\":\"de\",\"potentialAction\":[{\"@type\":\"ReadAction\",\"target\":[\"https:\/\/www.mizar.it\/de\/cookie-richtlinie\/\"]}]},{\"@type\":\"BreadcrumbList\",\"@id\":\"https:\/\/www.mizar.it\/de\/cookie-richtlinie\/#breadcrumb\",\"itemListElement\":[{\"@type\":\"ListItem\",\"position\":1,\"name\":\"Mizar\",\"item\":\"https:\/\/www.mizar.it\/de\/\"},{\"@type\":\"ListItem\",\"position\":2,\"name\":\"Cookie-Richtlinie\"}]},{\"@type\":\"WebSite\",\"@id\":\"https:\/\/www.mizar.it\/de\/#website\",\"url\":\"https:\/\/www.mizar.it\/de\/\",\"name\":\"Mizar\",\"description\":\"Lighting your way\",\"publisher\":{\"@id\":\"https:\/\/www.mizar.it\/de\/#organization\"},\"potentialAction\":[{\"@type\":\"SearchAction\",\"target\":{\"@type\":\"EntryPoint\",\"urlTemplate\":\"https:\/\/www.mizar.it\/de\/?s={search_term_string}\"},\"query-input\":\"required name=search_term_string\"}],\"inLanguage\":\"de\"},{\"@type\":\"Organization\",\"@id\":\"https:\/\/www.mizar.it\/de\/#organization\",\"name\":\"Mizar\",\"url\":\"https:\/\/www.mizar.it\/de\/\",\"logo\":{\"@type\":\"ImageObject\",\"inLanguage\":\"de\",\"@id\":\"https:\/\/www.mizar.it\/de\/#\/schema\/logo\/image\/\",\"url\":\"https:\/\/www.mizar.it\/wp-content\/uploads\/2024\/10\/cropped-Mizar_icon_tab-1.png\",\"contentUrl\":\"https:\/\/www.mizar.it\/wp-content\/uploads\/2024\/10\/cropped-Mizar_icon_tab-1.png\",\"width\":512,\"height\":512,\"caption\":\"Mizar\"},\"image\":{\"@id\":\"https:\/\/www.mizar.it\/de\/#\/schema\/logo\/image\/\"},\"sameAs\":[\"https:\/\/www.instagram.com\/mizarluce\/\",\"https:\/\/www.linkedin.com\/company\/mizar-lighting\/\"]}]}<\/script>\n<!-- \/ Yoast SEO plugin. -->","yoast_head_json":{"title":"Mizar - Cookie-Richtlinie","robots":{"index":"index","follow":"follow","max-snippet":"max-snippet:-1","max-image-preview":"max-image-preview:large","max-video-preview":"max-video-preview:-1"},"canonical":"https:\/\/www.mizar.it\/de\/cookie-richtlinie\/","og_locale":"de_DE","og_type":"article","og_title":"Mizar - Cookie-Richtlinie","og_url":"https:\/\/www.mizar.it\/de\/cookie-richtlinie\/","og_site_name":"Mizar","article_modified_time":"2026-03-10T07:54:37+00:00","twitter_card":"summary_large_image","twitter_misc":{"Gesch\u00e4tzte Lesezeit":"5\u00a0Minuten"},"schema":{"@context":"https:\/\/schema.org","@graph":[{"@type":"WebPage","@id":"https:\/\/www.mizar.it\/de\/cookie-richtlinie\/","url":"https:\/\/www.mizar.it\/de\/cookie-richtlinie\/","name":"Mizar - Cookie-Richtlinie","isPartOf":{"@id":"https:\/\/www.mizar.it\/de\/#website"},"datePublished":"2023-08-31T08:35:26+00:00","dateModified":"2026-03-10T07:54:37+00:00","breadcrumb":{"@id":"https:\/\/www.mizar.it\/de\/cookie-richtlinie\/#breadcrumb"},"inLanguage":"de","potentialAction":[{"@type":"ReadAction","target":["https:\/\/www.mizar.it\/de\/cookie-richtlinie\/"]}]},{"@type":"BreadcrumbList","@id":"https:\/\/www.mizar.it\/de\/cookie-richtlinie\/#breadcrumb","itemListElement":[{"@type":"ListItem","position":1,"name":"Mizar","item":"https:\/\/www.mizar.it\/de\/"},{"@type":"ListItem","position":2,"name":"Cookie-Richtlinie"}]},{"@type":"WebSite","@id":"https:\/\/www.mizar.it\/de\/#website","url":"https:\/\/www.mizar.it\/de\/","name":"Mizar","description":"Lighting your way","publisher":{"@id":"https:\/\/www.mizar.it\/de\/#organization"},"potentialAction":[{"@type":"SearchAction","target":{"@type":"EntryPoint","urlTemplate":"https:\/\/www.mizar.it\/de\/?s={search_term_string}"},"query-input":"required name=search_term_string"}],"inLanguage":"de"},{"@type":"Organization","@id":"https:\/\/www.mizar.it\/de\/#organization","name":"Mizar","url":"https:\/\/www.mizar.it\/de\/","logo":{"@type":"ImageObject","inLanguage":"de","@id":"https:\/\/www.mizar.it\/de\/#\/schema\/logo\/image\/","url":"https:\/\/www.mizar.it\/wp-content\/uploads\/2024\/10\/cropped-Mizar_icon_tab-1.png","contentUrl":"https:\/\/www.mizar.it\/wp-content\/uploads\/2024\/10\/cropped-Mizar_icon_tab-1.png","width":512,"height":512,"caption":"Mizar"},"image":{"@id":"https:\/\/www.mizar.it\/de\/#\/schema\/logo\/image\/"},"sameAs":["https:\/\/www.instagram.com\/mizarluce\/","https:\/\/www.linkedin.com\/company\/mizar-lighting\/"]}]}},"_links":{"self":[{"href":"https:\/\/www.mizar.it\/de\/wp-json\/wp\/v2\/pages\/136363","targetHints":{"allow":["GET"]}}],"collection":[{"href":"https:\/\/www.mizar.it\/de\/wp-json\/wp\/v2\/pages"}],"about":[{"href":"https:\/\/www.mizar.it\/de\/wp-json\/wp\/v2\/types\/page"}],"author":[{"embeddable":true,"href":"https:\/\/www.mizar.it\/de\/wp-json\/wp\/v2\/users\/10702"}],"replies":[{"embeddable":true,"href":"https:\/\/www.mizar.it\/de\/wp-json\/wp\/v2\/comments?post=136363"}],"version-history":[{"count":1,"href":"https:\/\/www.mizar.it\/de\/wp-json\/wp\/v2\/pages\/136363\/revisions"}],"predecessor-version":[{"id":136364,"href":"https:\/\/www.mizar.it\/de\/wp-json\/wp\/v2\/pages\/136363\/revisions\/136364"}],"wp:attachment":[{"href":"https:\/\/www.mizar.it\/de\/wp-json\/wp\/v2\/media?parent=136363"}],"curies":[{"name":"wp","href":"https:\/\/api.w.org\/{rel}","templated":true}]}}