{"id":136397,"date":"2025-12-01T10:50:22","date_gmt":"2025-12-01T09:50:22","guid":{"rendered":"https:\/\/www.mizar.it\/korrosionsbestaendigkeit\/"},"modified":"2026-03-10T10:40:52","modified_gmt":"2026-03-10T09:40:52","slug":"korrosionsbestaendigkeit","status":"publish","type":"page","link":"https:\/\/www.mizar.it\/de\/korrosionsbestaendigkeit\/","title":{"rendered":"Korrosionsbest\u00e4ndigkeit"},"content":{"rendered":"\n\t<section class=\"section inner-breadcrumb\" id=\"section_480809104\">\n\t\t<div class=\"bg section-bg fill bg-fill  bg-loaded\" >\n\n\t\t\t\n\t\t\t\n\t\t\t\n\n\t\t<\/div>\n\n\t\t<div class=\"section-content relative\">\n\t\t\t\n\n<div class=\"row align-middle\"  id=\"row-787876524\">\n\n\n\t<div id=\"col-1678949764\" class=\"col breadcrumb-cnt small-12 large-12\"  >\n\t\t<div class=\"col-inner text-left\"  >\n\t\t\t\n\t\t\t\n\n<p><a class=\"gray\" href=\"\/\">Mizar<\/a><span class=\"grey\"> | <\/span><span class=\"grey\">Korrosionsbest\u00e4ndigkeit<\/span><\/p>\n\n\t\t<\/div>\n\t\t\t<\/div>\n\n\t\n\n<\/div>\n\n\t\t<\/div>\n\n\t\t\n<style>\n#section_480809104 {\n  padding-top: 10px;\n  padding-bottom: 10px;\n}\n<\/style>\n\t<\/section>\n\t\n\t<div id=\"gap-12143737\" class=\"gap-element clearfix\" style=\"display:block; height:auto;\">\n\t\t\n<style>\n#gap-12143737 {\n  padding-top: 40px;\n}\n<\/style>\n\t<\/div>\n\t\n\n\t<section class=\"section\" id=\"section_107567648\">\n\t\t<div class=\"bg section-bg fill bg-fill  bg-loaded\" >\n\n\t\t\t\n\t\t\t\n\t\t\t\n\n\t\t<\/div>\n\n\t\t<div class=\"section-content relative\">\n\t\t\t\n\n<div class=\"row align-center\"  id=\"row-43097450\">\n\n\n\t<div id=\"col-1949763326\" class=\"col small-12 large-12\"  >\n\t\t<div class=\"col-inner text-center\"  >\n\t\t\t\n\t\t\t\n\n<h2>Korrosionsbest\u00e4ndigkeit<\/h2>\n\n\t\t<\/div>\n\t\t\t<\/div>\n\n\t\n\n<\/div>\n\n\t\t<\/div>\n\n\t\t\n<style>\n#section_107567648 {\n  padding-top: 0px;\n  padding-bottom: 0px;\n}\n<\/style>\n\t<\/section>\n\t\n\t<section class=\"section\" id=\"section_1220625623\">\n\t\t<div class=\"bg section-bg fill bg-fill  bg-loaded\" >\n\n\t\t\t\n\t\t\t\n\t\t\t\n\n\t\t<\/div>\n\n\t\t<div class=\"section-content relative\">\n\t\t\t\n\n<div class=\"row\"  id=\"row-1776474648\">\n\n\n\t<div id=\"col-203132353\" class=\"col col-block-effetti medium-6 small-12 large-6\"  >\n\t\t<div class=\"col-inner\"  >\n\t\t\t\n\t\t\t\n\n\t<div class=\"img has-hover x md-x lg-x y md-y lg-y\" id=\"image_819595983\">\n\t\t\t\t\t\t\t\t<div class=\"img-inner dark\" >\n\t\t\t<img loading=\"lazy\" decoding=\"async\" width=\"1020\" height=\"412\" src=\"https:\/\/www.mizar.it\/wp-content\/uploads\/2025\/12\/C5-categoria-corrosione-1024x414.png\" class=\"attachment-large size-large\" alt=\"\" srcset=\"https:\/\/www.mizar.it\/wp-content\/uploads\/2025\/12\/C5-categoria-corrosione-1024x414.png 1024w, https:\/\/www.mizar.it\/wp-content\/uploads\/2025\/12\/C5-categoria-corrosione-300x121.png 300w, https:\/\/www.mizar.it\/wp-content\/uploads\/2025\/12\/C5-categoria-corrosione-768x310.png 768w, https:\/\/www.mizar.it\/wp-content\/uploads\/2025\/12\/C5-categoria-corrosione-1536x620.png 1536w, https:\/\/www.mizar.it\/wp-content\/uploads\/2025\/12\/C5-categoria-corrosione-2048x827.png 2048w, https:\/\/www.mizar.it\/wp-content\/uploads\/2025\/12\/C5-categoria-corrosione-600x242.png 600w\" sizes=\"auto, (max-width: 1020px) 100vw, 1020px\" \/>\t\t\t\t\t\t\n\t\t\t\t\t<\/div>\n\t\t\t\t\t\t\t\t\n<style>\n#image_819595983 {\n  width: 100%;\n}\n<\/style>\n\t<\/div>\n\t\n\n<h1><strong>C5<\/strong><\/h1>\r\n <p><strong>St\u00e4dtische oder industrielle Gebiete<\/strong><br \/>Alle Mizar-Produkte f\u00fcr den Au\u00dfenbereich erf\u00fcllen diese Anforderungen.<\/p>\n\n\t\t<\/div>\n\t\t\t<\/div>\n\n\t\n\n\t<div id=\"col-1074769969\" class=\"col col-block-effetti medium-6 small-12 large-6\"  >\n\t\t<div class=\"col-inner\"  >\n\t\t\t\n\t\t\t\n\n\t<div class=\"img has-hover x md-x lg-x y md-y lg-y\" id=\"image_426145910\">\n\t\t\t\t\t\t\t\t<div class=\"img-inner dark\" >\n\t\t\t<img loading=\"lazy\" decoding=\"async\" width=\"795\" height=\"320\" src=\"https:\/\/www.mizar.it\/wp-content\/uploads\/2025\/12\/CX-categoria-corrosione.png\" class=\"attachment-large size-large\" alt=\"\" srcset=\"https:\/\/www.mizar.it\/wp-content\/uploads\/2025\/12\/CX-categoria-corrosione.png 795w, https:\/\/www.mizar.it\/wp-content\/uploads\/2025\/12\/CX-categoria-corrosione-300x121.png 300w, https:\/\/www.mizar.it\/wp-content\/uploads\/2025\/12\/CX-categoria-corrosione-768x309.png 768w, https:\/\/www.mizar.it\/wp-content\/uploads\/2025\/12\/CX-categoria-corrosione-600x242.png 600w\" sizes=\"auto, (max-width: 795px) 100vw, 795px\" \/>\t\t\t\t\t\t\n\t\t\t\t\t<\/div>\n\t\t\t\t\t\t\t\t\n<style>\n#image_426145910 {\n  width: 100%;\n}\n<\/style>\n\t<\/div>\n\t\n\n<h1><strong>CX<\/strong><\/h1>\r\n <p><strong>Br\u00fccken oder Meeresumgebungen<\/strong><br \/>Nur Mizar-Produkte f\u00fcr den Au\u00dfenbereich, deren sichtbare Oberfl\u00e4che vollst\u00e4ndig aus\r\n Edelstahl \/ Messing \/ Glas \/ Technopolymer besteht, erf\u00fcllen die Anforderungen.<\/p>\n\n\t\t<\/div>\n\t\t\t<\/div>\n\n\t\n\n<\/div>\n<div class=\"text-center\"><div class=\"is-divider divider clearfix\" style=\"max-width:300px;height:2px;background-color:rgb(98, 98, 98);\"><\/div><\/div>\n\n\t<div id=\"gap-376122807\" class=\"gap-element clearfix\" style=\"display:block; height:auto;\">\n\t\t\n<style>\n#gap-376122807 {\n  padding-top: 40px;\n}\n<\/style>\n\t<\/div>\n\t\n\n\n\t\t<\/div>\n\n\t\t\n<style>\n#section_1220625623 {\n  padding-top: 0px;\n  padding-bottom: 0px;\n}\n<\/style>\n\t<\/section>\n\t\n\t<section class=\"section\" id=\"section_182627661\">\n\t\t<div class=\"bg section-bg fill bg-fill  bg-loaded\" >\n\n\t\t\t\n\t\t\t\n\t\t\t\n\n\t\t<\/div>\n\n\t\t<div class=\"section-content relative\">\n\t\t\t\n\n<div class=\"row\"  id=\"row-736257757\">\n\n\n\t<div id=\"col-778473042\" class=\"col col-block-effetti medium-6 small-12 large-6\"  >\n\t\t<div class=\"col-inner\"  >\n\t\t\t\n\t\t\t\n\n<p>\r\nMizar verwendet au\u00dferdem EN ISO 12944:2018 zur Validierung seiner Prozesse f\u00fcr eine Belichtungszeit von \u00fcber 1500 Stunden bei konstanter Temperatur. Alle unsere lackierten Produkte bestehen diese Pr\u00fcfung. Die Ergebnisse werden anschlie\u00dfend gem\u00e4\u00df EN ISO 9223:2012 klassifiziert (wie in der oben genannten Tabelle erw\u00e4hnt).<\/p>\n\n\t\t<\/div>\n\t\t\t<\/div>\n\n\t\n\n\t<div id=\"col-1701374532\" class=\"col col-block-effetti medium-6 small-12 large-6\"  >\n\t\t<div class=\"col-inner\"  >\n\t\t\t\n\t\t\t\n\n<p>Dieser Ansatz erm\u00f6glicht die Vorhersage der h\u00f6chstm\u00f6glichen Korrosionsklasse unter Ber\u00fccksichtigung lokaler Umweltfaktoren, einschlie\u00dflich der Wechselwirkung von Temperatur, Luftfeuchtigkeit, Schwefeldioxidbelastung und Salzgehalt.<\/p>\r\n\r\n<p>Es ist jedoch wichtig zu beachten, dass die Norm andere wichtige Faktoren wie Windgeschwindigkeit, Sandabrieb, versehentliches Versagen von Schutzschichten, Wartungsh\u00e4ufigkeit und Expositionsniveaus nicht ber\u00fccksichtigt.<\/p>\n\n\t\t<\/div>\n\t\t\t<\/div>\n\n\t\n\n<\/div>\n\n\t\t<\/div>\n\n\t\t\n<style>\n#section_182627661 {\n  padding-top: 0px;\n  padding-bottom: 0px;\n}\n<\/style>\n\t<\/section>\n\t\n\t<section class=\"section\" id=\"section_1418269874\">\n\t\t<div class=\"bg section-bg fill bg-fill  bg-loaded\" >\n\n\t\t\t\n\t\t\t\n\t\t\t\n\n\t\t<\/div>\n\n\t\t<div class=\"section-content relative\">\n\t\t\t\n\n<div class=\"row\"  id=\"row-1800201446\">\n\n\n\t<div id=\"col-326681465\" class=\"col medium-2 small-12 large-2 col-divided\"  >\n\t\t<div class=\"col-inner\"  >\n\t\t\t\n\t\t\t\n\n\t<div id=\"text-2547202506\" class=\"text\">\n\t\t\n\n<p><strong>Kategorie<\/strong><\/p>\n\t\t\n<style>\n#text-2547202506 {\n  text-align: left;\n}\n<\/style>\n\t<\/div>\n\t\n\n\t\t<\/div>\n\t\t\t<\/div>\n\n\t\n\n\t<div id=\"col-1810065933\" class=\"col medium-2 small-12 large-2 col-divided\"  >\n\t\t<div class=\"col-inner\"  >\n\t\t\t\n\t\t\t\n\n\t<div id=\"text-975629551\" class=\"text\">\n\t\t\n\n<p style=\"text-align: left;\"><strong>Korrosionsgrad<\/strong><\/p>\n\t\t\n<style>\n#text-975629551 {\n  text-align: left;\n}\n<\/style>\n\t<\/div>\n\t\n\n\t\t<\/div>\n\t\t\t<\/div>\n\n\t\n\n\t<div id=\"col-1662033591\" class=\"col medium-8 small-12 large-8\"  >\n\t\t<div class=\"col-inner\"  >\n\t\t\t\n\t\t\t\n\n\t<div id=\"text-3356640542\" class=\"text\">\n\t\t\n\n<p><strong>Umgebungstypen<\/strong><\/p>\n\t\t\n<style>\n#text-3356640542 {\n  text-align: left;\n}\n<\/style>\n\t<\/div>\n\t\n\n\t\t<\/div>\n\t\t\t<\/div>\n\n\t\n\n<\/div>\n<div class=\"row\"  id=\"row-589093616\">\n\n\n\t<div id=\"col-1454690555\" class=\"col medium-2 small-12 large-2 col-divided\"  >\n\t\t<div class=\"col-inner\"  >\n\t\t\t\n\t\t\t\n\n\t<div id=\"text-777033208\" class=\"text\">\n\t\t\n\n<p style=\"text-align: left;\"><strong>C1<\/strong><\/p>\n\t\t\n<style>\n#text-777033208 {\n  text-align: center;\n}\n<\/style>\n\t<\/div>\n\t\n\n\t\t<\/div>\n\t\t\t<\/div>\n\n\t\n\n\t<div id=\"col-396861811\" class=\"col medium-2 small-12 large-2 col-divided\"  >\n\t\t<div class=\"col-inner\"  >\n\t\t\t\n\t\t\t\n\n\t<div id=\"text-1131570839\" class=\"text\">\n\t\t\n\n<p style=\"text-align: left;\">Sehr niedrig<\/p>\n\t\t\n<style>\n#text-1131570839 {\n  text-align: center;\n}\n<\/style>\n\t<\/div>\n\t\n\n\t\t<\/div>\n\t\t\t<\/div>\n\n\t\n\n\t<div id=\"col-42474904\" class=\"col medium-8 small-12 large-8\"  >\n\t\t<div class=\"col-inner\"  >\n\t\t\t\n\t\t\t\n\n\t<div id=\"text-295578574\" class=\"text\">\n\t\t\n\n<p style=\"text-align: left;\">Trockene oder kalte Zone, atmosph\u00e4rische Umgebung mit sehr geringer Verschmutzung und kurzer Feuchtigkeitszeit, z. B. bestimmte W\u00fcsten, Zentralarktis\/Antarktis.<\/p>\n\t\t\n<style>\n#text-295578574 {\n  text-align: center;\n}\n<\/style>\n\t<\/div>\n\t\n\n\t\t<\/div>\n\t\t\t<\/div>\n\n\t\n\n<\/div>\n<div class=\"row\"  id=\"row-1945938546\">\n\n\n\t<div id=\"col-1349753611\" class=\"col medium-2 small-12 large-2 col-divided\"  >\n\t\t<div class=\"col-inner\"  >\n\t\t\t\n\t\t\t\n\n\t<div id=\"text-2860297055\" class=\"text\">\n\t\t\n\n<p style=\"text-align: left;\"><strong>C2<\/strong><\/p>\n\t\t\n<style>\n#text-2860297055 {\n  text-align: center;\n}\n<\/style>\n\t<\/div>\n\t\n\n\t\t<\/div>\n\t\t\t<\/div>\n\n\t\n\n\t<div id=\"col-211125827\" class=\"col medium-2 small-12 large-2 col-divided\"  >\n\t\t<div class=\"col-inner\"  >\n\t\t\t\n\t\t\t\n\n\t<div id=\"text-3846727238\" class=\"text\">\n\t\t\n\n<p style=\"text-align: left;\">Niedrig<\/p>\n\t\t\n<style>\n#text-3846727238 {\n  text-align: center;\n}\n<\/style>\n\t<\/div>\n\t\n\n\t\t<\/div>\n\t\t\t<\/div>\n\n\t\n\n\t<div id=\"col-2006510079\" class=\"col medium-8 small-12 large-8\"  >\n\t\t<div class=\"col-inner\"  >\n\t\t\t\n\t\t\t\n\n\t<div id=\"text-3411258507\" class=\"text\">\n\t\t\n\n<p style=\"text-align: left;\">Gem\u00e4\u00dfigte Zone, atmosph\u00e4rische Umgebung mit geringer Schadstoffbelastung (SO\u2082: < 5 \u03bcg\/m\u00b3), z. B. l\u00e4ndliche Gebiete, Kleinst\u00e4dte. Trockene oder kalte Zone, atmosph\u00e4rische Umgebung mit kurzer Feuchtigkeitsperiode, z. B. W\u00fcsten, subarktische Gebiete.<\/p>\n\t\t\n<style>\n#text-3411258507 {\n  text-align: center;\n}\n<\/style>\n\t<\/div>\n\t\n\n\t\t<\/div>\n\t\t\t<\/div>\n\n\t\n\n<\/div>\n<div class=\"row\"  id=\"row-1437120480\">\n\n\n\t<div id=\"col-1161612829\" class=\"col medium-2 small-12 large-2 col-divided\"  >\n\t\t<div class=\"col-inner\"  >\n\t\t\t\n\t\t\t\n\n\t<div id=\"text-1339460645\" class=\"text\">\n\t\t\n\n<p style=\"text-align: left;\"><strong>C3<\/strong><\/p>\n\t\t\n<style>\n#text-1339460645 {\n  text-align: center;\n}\n<\/style>\n\t<\/div>\n\t\n\n\t\t<\/div>\n\t\t\t<\/div>\n\n\t\n\n\t<div id=\"col-1068242593\" class=\"col medium-2 small-12 large-2 col-divided\"  >\n\t\t<div class=\"col-inner\"  >\n\t\t\t\n\t\t\t\n\n\t<div id=\"text-703323341\" class=\"text\">\n\t\t\n\n<p style=\"text-align: left;\">Mittel<\/p>\n\t\t\n<style>\n#text-703323341 {\n  text-align: center;\n}\n<\/style>\n\t<\/div>\n\t\n\n\t\t<\/div>\n\t\t\t<\/div>\n\n\t\n\n\t<div id=\"col-492265230\" class=\"col medium-8 small-12 large-8\"  >\n\t\t<div class=\"col-inner\"  >\n\t\t\t\n\t\t\t\n\n\t<div id=\"text-919383965\" class=\"text\">\n\t\t\n\n<p style=\"text-align: left;\">Gem\u00e4\u00dfigte Zone: Atmosph\u00e4re mit mittlerer Verschmutzung (SO\u2082: 5 \u03bcg\/m\u00b3 bis 30 \u03bcg\/m\u00b3) oder Chloridbelastung, z. B. in st\u00e4dtischen Gebieten und K\u00fcstenregionen mit geringer Chloriddeposition. Subtropische und tropische Zone: Atmosph\u00e4re mit geringer Verschmutzung.<\/p>\n\t\t\n<style>\n#text-919383965 {\n  text-align: center;\n}\n<\/style>\n\t<\/div>\n\t\n\n\t\t<\/div>\n\t\t\t<\/div>\n\n\t\n\n<\/div>\n<div class=\"row\"  id=\"row-1090428255\">\n\n\n\t<div id=\"col-1342844459\" class=\"col medium-2 small-12 large-2 col-divided\"  >\n\t\t<div class=\"col-inner\"  >\n\t\t\t\n\t\t\t\n\n\t<div id=\"text-944676761\" class=\"text\">\n\t\t\n\n<p style=\"text-align: left;\"><strong>C4<\/strong><\/p>\n\t\t\n<style>\n#text-944676761 {\n  text-align: center;\n}\n<\/style>\n\t<\/div>\n\t\n\n\t\t<\/div>\n\t\t\t<\/div>\n\n\t\n\n\t<div id=\"col-1302829162\" class=\"col medium-2 small-12 large-2 col-divided\"  >\n\t\t<div class=\"col-inner\"  >\n\t\t\t\n\t\t\t\n\n\t<div id=\"text-1178135382\" class=\"text\">\n\t\t\n\n<p style=\"text-align: left;\">Hoch<\/p>\n\t\t\n<style>\n#text-1178135382 {\n  text-align: center;\n}\n<\/style>\n\t<\/div>\n\t\n\n\t\t<\/div>\n\t\t\t<\/div>\n\n\t\n\n\t<div id=\"col-63237554\" class=\"col medium-8 small-12 large-8\"  >\n\t\t<div class=\"col-inner\"  >\n\t\t\t\n\t\t\t\n\n\t<div id=\"text-2405472140\" class=\"text\">\n\t\t\n\n<p style=\"text-align: left;\">Gem\u00e4\u00dfigte Zone: Atmosph\u00e4re mit hoher Schadstoffbelastung (SO\u2082: 30 \u03bcg\/m\u00b3 bis 90 \u03bcg\/m\u00b3) oder starker Chloridbelastung, z. B. in verschmutzten Stadtgebieten, Industriegebieten oder K\u00fcstenregionen ohne Salzwassernebel oder starker Einwirkung von Streusalzen. Subtropische und tropische Zone: Atmosph\u00e4re mit mittlerer Schadstoffbelastung.<\/p>\n\t\t\n<style>\n#text-2405472140 {\n  text-align: center;\n}\n<\/style>\n\t<\/div>\n\t\n\n\t\t<\/div>\n\t\t\t<\/div>\n\n\t\n\n<\/div>\n<div class=\"row\"  id=\"row-1134511190\">\n\n\n\t<div id=\"col-2081626239\" class=\"col medium-2 small-12 large-2 col-divided\"  >\n\t\t<div class=\"col-inner\"  >\n\t\t\t\n\t\t\t\n\n\t<div id=\"text-3254417778\" class=\"text\">\n\t\t\n\n<p style=\"text-align: left;\"><strong>C5<\/strong><\/p>\n\t\t\n<style>\n#text-3254417778 {\n  text-align: center;\n}\n<\/style>\n\t<\/div>\n\t\n\n\t\t<\/div>\n\t\t\t<\/div>\n\n\t\n\n\t<div id=\"col-441971680\" class=\"col medium-2 small-12 large-2 col-divided\"  >\n\t\t<div class=\"col-inner\"  >\n\t\t\t\n\t\t\t\n\n\t<div id=\"text-4058741021\" class=\"text\">\n\t\t\n\n<p style=\"text-align: left;\">Sehr hoch<\/p>\n\t\t\n<style>\n#text-4058741021 {\n  text-align: center;\n}\n<\/style>\n\t<\/div>\n\t\n\n\t\t<\/div>\n\t\t\t<\/div>\n\n\t\n\n\t<div id=\"col-1374982243\" class=\"col medium-8 small-12 large-8\"  >\n\t\t<div class=\"col-inner\"  >\n\t\t\t\n\t\t\t\n\n\t<div id=\"text-2589505795\" class=\"text\">\n\t\t\n\n<p style=\"text-align: left;\">Gem\u00e4\u00dfigte und subtropische Zone, atmosph\u00e4rische Umgebung mit sehr hoher Verschmutzung (SO2: 90 \u03bcg\/m\u00b3 bis 250 \u03bcg\/m\u00b3) und\/oder signifikanter Chloridbelastung, z. B. Industriegebiete, K\u00fcstengebiete, gesch\u00fctzte Lagen an der K\u00fcste.<\/p>\n\t\t\n<style>\n#text-2589505795 {\n  text-align: center;\n}\n<\/style>\n\t<\/div>\n\t\n\n\t\t<\/div>\n\t\t\t<\/div>\n\n\t\n\n<\/div>\n<div class=\"row\"  id=\"row-1192957\">\n\n\n\t<div id=\"col-510493421\" class=\"col medium-2 small-12 large-2 col-divided\"  >\n\t\t<div class=\"col-inner\"  >\n\t\t\t\n\t\t\t\n\n\t<div id=\"text-3246066770\" class=\"text\">\n\t\t\n\n<p style=\"text-align: left;\"><strong>CX<\/strong><\/p>\n\t\t\n<style>\n#text-3246066770 {\n  text-align: center;\n}\n<\/style>\n\t<\/div>\n\t\n\n\t\t<\/div>\n\t\t\t<\/div>\n\n\t\n\n\t<div id=\"col-190156447\" class=\"col medium-2 small-12 large-2 col-divided\"  >\n\t\t<div class=\"col-inner\"  >\n\t\t\t\n\t\t\t\n\n\t<div id=\"text-1580417231\" class=\"text\">\n\t\t\n\n<p style=\"text-align: left;\">Extrem<\/p>\n\t\t\n<style>\n#text-1580417231 {\n  text-align: center;\n}\n<\/style>\n\t<\/div>\n\t\n\n\t\t<\/div>\n\t\t\t<\/div>\n\n\t\n\n\t<div id=\"col-739142511\" class=\"col medium-8 small-12 large-8\"  >\n\t\t<div class=\"col-inner\"  >\n\t\t\t\n\t\t\t\n\n\t<div id=\"text-2161017860\" class=\"text\">\n\t\t\n\n<p style=text-align: left;\">Subtropische und tropische Zone (Periode mit sehr hoher Luftfeuchtigkeit), atmosph\u00e4rische Umgebung mit sehr hoher SO\u2082-Belastung (\u00fcber 250 \u03bcg\/m\u00b3), einschlie\u00dflich begleitender und verursachender Faktoren sowie der starken Wirkung von Chloriden, beispielsweise extreme Industriegebiete, K\u00fcsten- und Offshore-Standorte und gelegentlicher Kontakt mit Salznebel. Kategorie CX sollte f\u00fcr extreme Situationen in Betracht gezogen werden, in denen die Korrosionsraten die oberen Grenzwerte der Kategorie C5 \u00fcberschreiten. Tats\u00e4chlich bezieht sich CX auf spezifische maritime und maritime\/industrielle Umgebungen, wie z. B. Br\u00fccken.<\/p>\n\t\t\n<style>\n#text-2161017860 {\n  text-align: center;\n}\n<\/style>\n\t<\/div>\n\t\n\n\t\t<\/div>\n\t\t\t<\/div>\n\n\t\n\n<\/div>\n<div class=\"row\"  id=\"row-983102288\">\n\n\n\t<div id=\"col-351318241\" class=\"col small-12 large-12\"  >\n\t\t<div class=\"col-inner\"  >\n\t\t\t\n\t\t\t\n\n\t<div id=\"text-208968612\" class=\"text\">\n\t\t\n\n<p style=\"text-align: left;\"><em>* SO2: Schwefeldioxid (nicht Natriumchlorid)<\/em><\/p>\n\t\t\n<style>\n#text-208968612 {\n  text-align: center;\n}\n<\/style>\n\t<\/div>\n\t\n\n\t\t<\/div>\n\t\t\t<\/div>\n\n\t\n\n<\/div>\n\n\t\t<\/div>\n\n\t\t\n<style>\n#section_1418269874 {\n  padding-top: 0px;\n  padding-bottom: 0px;\n  min-height: 80px;\n}\n<\/style>\n\t<\/section>\n\t\n\t<section class=\"section\" id=\"section_704284489\">\n\t\t<div class=\"bg section-bg fill bg-fill  bg-loaded\" >\n\n\t\t\t\n\t\t\t\n\t\t\t\n\n\t\t<\/div>\n\n\t\t<div class=\"section-content relative\">\n\t\t\t\n\n<div class=\"row\"  id=\"row-1760052147\">\n\n\n\t<div id=\"col-280319510\" class=\"col col-block-effetti medium-6 small-12 large-6\"  >\n\t\t<div class=\"col-inner\"  >\n\t\t\t\n\t\t\t\n\n<p>Mizar verwendet die in EN ISO 9227:2017 definierte Norm zur Pr\u00fcfung seiner Produkte und Prozesse. Wir setzen ein Vorbehandlungsverfahren ein, um eine hochwertige Beschichtung zu erzielen, die eine ausgezeichnete Lackhaftung und optimalen Korrosionsschutz durch den Einsatz speziell f\u00fcr Aluminium entwickelter Chemikalien gew\u00e4hrleistet. In einem zweiten Schritt wird die Leuchte in einer Natriumchlorid-Atmosph\u00e4renkammer gepr\u00fcft. Dieser Test erm\u00f6glicht es uns, das Korrosionsverhalten des Gesamtprodukts zu \u00fcberwachen und im Detail Folgendes zu \u00fcberpr\u00fcfen:<br \/>\u2022 Die Qualit\u00e4t des Lacks<br \/>\u2022 Die Empfindlichkeit der Konstruktion<br \/>\u2022 Das Verhalten der Edelstahlschrauben und die Aluminiumqualit\u00e4t<\/p>\n\n\t\t<\/div>\n\t\t\t<\/div>\n\n\t\n\n\t<div id=\"col-865981812\" class=\"col col-block-effetti medium-6 small-12 large-6\"  >\n\t\t<div class=\"col-inner\"  >\n\t\t\t\n\t\t\t\n\n<p>\r\nMizar verwendet au\u00dferdem EN ISO 12944:2018 zur Validierung seiner Prozesse f\u00fcr eine Belichtungszeit von \u00fcber 1500 Stunden bei konstanter Temperatur. Alle unsere lackierten Produkte bestehen diese Pr\u00fcfung. Die Ergebnisse werden anschlie\u00dfend gem\u00e4\u00df EN ISO 9223:2012 klassifiziert (wie in der oben genannten Tabelle erw\u00e4hnt).\r\n<\/p>\n\n\t\t<\/div>\n\t\t\t<\/div>\n\n\t\n\n<\/div>\n\n\t\t<\/div>\n\n\t\t\n<style>\n#section_704284489 {\n  padding-top: 0px;\n  padding-bottom: 0px;\n}\n<\/style>\n\t<\/section>\n\t\n\n","protected":false},"excerpt":{"rendered":"","protected":false},"author":10706,"featured_media":0,"parent":0,"menu_order":0,"comment_status":"closed","ping_status":"closed","template":"page-blank.php","meta":{"inline_featured_image":false,"footnotes":""},"class_list":["post-136397","page","type-page","status-publish","hentry"],"acf":[],"yoast_head":"<!-- This site is optimized with the Yoast SEO plugin v22.4 - https:\/\/yoast.com\/wordpress\/plugins\/seo\/ -->\n<title>Mizar - Korrosionsbest\u00e4ndigkeit<\/title>\n<meta name=\"robots\" content=\"index, follow, max-snippet:-1, max-image-preview:large, max-video-preview:-1\" \/>\n<link rel=\"canonical\" href=\"https:\/\/www.mizar.it\/de\/korrosionsbestaendigkeit\/\" \/>\n<meta property=\"og:locale\" content=\"de_DE\" \/>\n<meta property=\"og:type\" content=\"article\" \/>\n<meta property=\"og:title\" content=\"Mizar - Korrosionsbest\u00e4ndigkeit\" \/>\n<meta property=\"og:url\" content=\"https:\/\/www.mizar.it\/de\/korrosionsbestaendigkeit\/\" \/>\n<meta property=\"og:site_name\" content=\"Mizar\" \/>\n<meta property=\"article:modified_time\" content=\"2026-03-10T09:40:52+00:00\" \/>\n<meta name=\"twitter:card\" content=\"summary_large_image\" \/>\n<meta name=\"twitter:label1\" content=\"Gesch\u00e4tzte Lesezeit\" \/>\n\t<meta name=\"twitter:data1\" content=\"4\u00a0Minuten\" \/>\n<script type=\"application\/ld+json\" class=\"yoast-schema-graph\">{\"@context\":\"https:\/\/schema.org\",\"@graph\":[{\"@type\":\"WebPage\",\"@id\":\"https:\/\/www.mizar.it\/de\/korrosionsbestaendigkeit\/\",\"url\":\"https:\/\/www.mizar.it\/de\/korrosionsbestaendigkeit\/\",\"name\":\"Mizar - Korrosionsbest\u00e4ndigkeit\",\"isPartOf\":{\"@id\":\"https:\/\/www.mizar.it\/de\/#website\"},\"datePublished\":\"2025-12-01T09:50:22+00:00\",\"dateModified\":\"2026-03-10T09:40:52+00:00\",\"breadcrumb\":{\"@id\":\"https:\/\/www.mizar.it\/de\/korrosionsbestaendigkeit\/#breadcrumb\"},\"inLanguage\":\"de\",\"potentialAction\":[{\"@type\":\"ReadAction\",\"target\":[\"https:\/\/www.mizar.it\/de\/korrosionsbestaendigkeit\/\"]}]},{\"@type\":\"BreadcrumbList\",\"@id\":\"https:\/\/www.mizar.it\/de\/korrosionsbestaendigkeit\/#breadcrumb\",\"itemListElement\":[{\"@type\":\"ListItem\",\"position\":1,\"name\":\"Mizar\",\"item\":\"https:\/\/www.mizar.it\/de\/\"},{\"@type\":\"ListItem\",\"position\":2,\"name\":\"Korrosionsbest\u00e4ndigkeit\"}]},{\"@type\":\"WebSite\",\"@id\":\"https:\/\/www.mizar.it\/de\/#website\",\"url\":\"https:\/\/www.mizar.it\/de\/\",\"name\":\"Mizar\",\"description\":\"Lighting your way\",\"publisher\":{\"@id\":\"https:\/\/www.mizar.it\/de\/#organization\"},\"potentialAction\":[{\"@type\":\"SearchAction\",\"target\":{\"@type\":\"EntryPoint\",\"urlTemplate\":\"https:\/\/www.mizar.it\/de\/?s={search_term_string}\"},\"query-input\":\"required name=search_term_string\"}],\"inLanguage\":\"de\"},{\"@type\":\"Organization\",\"@id\":\"https:\/\/www.mizar.it\/de\/#organization\",\"name\":\"Mizar\",\"url\":\"https:\/\/www.mizar.it\/de\/\",\"logo\":{\"@type\":\"ImageObject\",\"inLanguage\":\"de\",\"@id\":\"https:\/\/www.mizar.it\/de\/#\/schema\/logo\/image\/\",\"url\":\"https:\/\/www.mizar.it\/wp-content\/uploads\/2024\/10\/cropped-Mizar_icon_tab-1.png\",\"contentUrl\":\"https:\/\/www.mizar.it\/wp-content\/uploads\/2024\/10\/cropped-Mizar_icon_tab-1.png\",\"width\":512,\"height\":512,\"caption\":\"Mizar\"},\"image\":{\"@id\":\"https:\/\/www.mizar.it\/de\/#\/schema\/logo\/image\/\"},\"sameAs\":[\"https:\/\/www.instagram.com\/mizarluce\/\",\"https:\/\/www.linkedin.com\/company\/mizar-lighting\/\"]}]}<\/script>\n<!-- \/ Yoast SEO plugin. -->","yoast_head_json":{"title":"Mizar - Korrosionsbest\u00e4ndigkeit","robots":{"index":"index","follow":"follow","max-snippet":"max-snippet:-1","max-image-preview":"max-image-preview:large","max-video-preview":"max-video-preview:-1"},"canonical":"https:\/\/www.mizar.it\/de\/korrosionsbestaendigkeit\/","og_locale":"de_DE","og_type":"article","og_title":"Mizar - Korrosionsbest\u00e4ndigkeit","og_url":"https:\/\/www.mizar.it\/de\/korrosionsbestaendigkeit\/","og_site_name":"Mizar","article_modified_time":"2026-03-10T09:40:52+00:00","twitter_card":"summary_large_image","twitter_misc":{"Gesch\u00e4tzte Lesezeit":"4\u00a0Minuten"},"schema":{"@context":"https:\/\/schema.org","@graph":[{"@type":"WebPage","@id":"https:\/\/www.mizar.it\/de\/korrosionsbestaendigkeit\/","url":"https:\/\/www.mizar.it\/de\/korrosionsbestaendigkeit\/","name":"Mizar - Korrosionsbest\u00e4ndigkeit","isPartOf":{"@id":"https:\/\/www.mizar.it\/de\/#website"},"datePublished":"2025-12-01T09:50:22+00:00","dateModified":"2026-03-10T09:40:52+00:00","breadcrumb":{"@id":"https:\/\/www.mizar.it\/de\/korrosionsbestaendigkeit\/#breadcrumb"},"inLanguage":"de","potentialAction":[{"@type":"ReadAction","target":["https:\/\/www.mizar.it\/de\/korrosionsbestaendigkeit\/"]}]},{"@type":"BreadcrumbList","@id":"https:\/\/www.mizar.it\/de\/korrosionsbestaendigkeit\/#breadcrumb","itemListElement":[{"@type":"ListItem","position":1,"name":"Mizar","item":"https:\/\/www.mizar.it\/de\/"},{"@type":"ListItem","position":2,"name":"Korrosionsbest\u00e4ndigkeit"}]},{"@type":"WebSite","@id":"https:\/\/www.mizar.it\/de\/#website","url":"https:\/\/www.mizar.it\/de\/","name":"Mizar","description":"Lighting your way","publisher":{"@id":"https:\/\/www.mizar.it\/de\/#organization"},"potentialAction":[{"@type":"SearchAction","target":{"@type":"EntryPoint","urlTemplate":"https:\/\/www.mizar.it\/de\/?s={search_term_string}"},"query-input":"required name=search_term_string"}],"inLanguage":"de"},{"@type":"Organization","@id":"https:\/\/www.mizar.it\/de\/#organization","name":"Mizar","url":"https:\/\/www.mizar.it\/de\/","logo":{"@type":"ImageObject","inLanguage":"de","@id":"https:\/\/www.mizar.it\/de\/#\/schema\/logo\/image\/","url":"https:\/\/www.mizar.it\/wp-content\/uploads\/2024\/10\/cropped-Mizar_icon_tab-1.png","contentUrl":"https:\/\/www.mizar.it\/wp-content\/uploads\/2024\/10\/cropped-Mizar_icon_tab-1.png","width":512,"height":512,"caption":"Mizar"},"image":{"@id":"https:\/\/www.mizar.it\/de\/#\/schema\/logo\/image\/"},"sameAs":["https:\/\/www.instagram.com\/mizarluce\/","https:\/\/www.linkedin.com\/company\/mizar-lighting\/"]}]}},"_links":{"self":[{"href":"https:\/\/www.mizar.it\/de\/wp-json\/wp\/v2\/pages\/136397","targetHints":{"allow":["GET"]}}],"collection":[{"href":"https:\/\/www.mizar.it\/de\/wp-json\/wp\/v2\/pages"}],"about":[{"href":"https:\/\/www.mizar.it\/de\/wp-json\/wp\/v2\/types\/page"}],"author":[{"embeddable":true,"href":"https:\/\/www.mizar.it\/de\/wp-json\/wp\/v2\/users\/10706"}],"replies":[{"embeddable":true,"href":"https:\/\/www.mizar.it\/de\/wp-json\/wp\/v2\/comments?post=136397"}],"version-history":[{"count":1,"href":"https:\/\/www.mizar.it\/de\/wp-json\/wp\/v2\/pages\/136397\/revisions"}],"predecessor-version":[{"id":136398,"href":"https:\/\/www.mizar.it\/de\/wp-json\/wp\/v2\/pages\/136397\/revisions\/136398"}],"wp:attachment":[{"href":"https:\/\/www.mizar.it\/de\/wp-json\/wp\/v2\/media?parent=136397"}],"curies":[{"name":"wp","href":"https:\/\/api.w.org\/{rel}","templated":true}]}}