{"id":136437,"date":"2024-09-06T17:10:29","date_gmt":"2024-09-06T15:10:29","guid":{"rendered":"https:\/\/www.mizar.it\/technische-loesungen\/"},"modified":"2026-03-10T13:00:46","modified_gmt":"2026-03-10T12:00:46","slug":"technische-loesungen","status":"publish","type":"page","link":"https:\/\/www.mizar.it\/de\/technische-loesungen\/","title":{"rendered":"Technische L\u00f6sungen"},"content":{"rendered":"\n\t<section class=\"section inner-breadcrumb\" id=\"section_626652426\">\n\t\t<div class=\"bg section-bg fill bg-fill  bg-loaded\" >\n\n\t\t\t\n\t\t\t\n\t\t\t\n\n\t\t<\/div>\n\n\t\t<div class=\"section-content relative\">\n\t\t\t\n\n<div class=\"row align-middle\"  id=\"row-886151395\">\n\n\n\t<div id=\"col-1646497502\" class=\"col breadcrumb-cnt small-12 large-12\"  >\n\t\t<div class=\"col-inner text-left\"  >\n\t\t\t\n\t\t\t\n\n<p><a class=\"gray\" href=\"\/\">Mizar<\/a><span class=\"grey\"> | <\/span><span class=\"grey\">Firma | Technische L\u00f6sungen<\/span><\/p>\n\n\t\t<\/div>\n\t\t\t<\/div>\n\n\t\n\n<\/div>\n\n\t\t<\/div>\n\n\t\t\n<style>\n#section_626652426 {\n  padding-top: 10px;\n  padding-bottom: 10px;\n}\n<\/style>\n\t<\/section>\n\t\n\t<div id=\"gap-513114134\" class=\"gap-element clearfix\" style=\"display:block; height:auto;\">\n\t\t\n<style>\n#gap-513114134 {\n  padding-top: 40px;\n}\n<\/style>\n\t<\/div>\n\t\n\n\t<section class=\"section\" id=\"section_651510294\">\n\t\t<div class=\"bg section-bg fill bg-fill  bg-loaded\" >\n\n\t\t\t\n\t\t\t\n\t\t\t\n\n\t\t<\/div>\n\n\t\t<div class=\"section-content relative\">\n\t\t\t\n\n<div class=\"row align-center\"  id=\"row-1087598001\">\n\n\n\t<div id=\"col-1877644373\" class=\"col small-12 large-12\"  >\n\t\t<div class=\"col-inner text-center\"  >\n\t\t\t\n\t\t\t\n\n<h2>Technische L\u00f6sungen<\/h2>\n\n\t\t<\/div>\n\t\t\t<\/div>\n\n\t\n\n<\/div>\n\n\t\t<\/div>\n\n\t\t\n<style>\n#section_651510294 {\n  padding-top: 0px;\n  padding-bottom: 0px;\n}\n<\/style>\n\t<\/section>\n\t\n\t<section class=\"section\" id=\"section_455295269\">\n\t\t<div class=\"bg section-bg fill bg-fill  bg-loaded\" >\n\n\t\t\t\n\t\t\t\n\t\t\t\n\n\t\t<\/div>\n\n\t\t<div class=\"section-content relative\">\n\t\t\t\n\n<div class=\"row\"  id=\"row-959031396\">\n\n\n\t<div id=\"col-2101032603\" class=\"col col-block-effetti medium-6 small-12 large-6\"  >\n\t\t<div class=\"col-inner\"  >\n\t\t\t\n\t\t\t\n\n<h2><span style=\"font-size: 75%;\"><strong>IdroSkud\u00ae-Technologie<\/strong><\/span><\/h2>\r\n \r\n <p>Das IdroSkud\u00ae-System ist eine exklusive MIZAR-L\u00f6sung, die entwickelt wurde, um die Risiken einer falschen Verdrahtung zu vermeiden und die elektronischen Bauteile im Inneren der Leuchte vor Folgendem zu sch\u00fctzen:\r\n <br \/>\u2022 Verpolung\r\n <br \/>\u2022 Spannungsspitzen\r\n <br \/>\u2022 Wassereintritt\r\n <br \/>\r\n <br \/>Eine zus\u00e4tzliche Garantie f\u00fcr die Produktfunktionalit\u00e4t auch unter extremen Umgebungsbedingungen.<\/p>\n\n\t\t<\/div>\n\t\t\n<style>\n#col-2101032603 > .col-inner {\n  padding: 0px 0px 50px 0px;\n}\n<\/style>\n\t<\/div>\n\n\t\n\n\t<div id=\"col-1902555266\" class=\"col col-block-effetti medium-6 small-12 large-6\"  >\n\t\t<div class=\"col-inner\"  >\n\t\t\t\n\t\t\t\n\n\t<div class=\"img has-hover x md-x lg-x y md-y lg-y\" id=\"image_1447232137\">\n\t\t\t\t\t\t\t\t<div class=\"img-inner dark\" >\n\t\t\t<img loading=\"lazy\" decoding=\"async\" width=\"1020\" height=\"574\" src=\"https:\/\/www.mizar.it\/wp-content\/uploads\/2025\/10\/IDROSKUD-sfondo-bianco-1024x576.jpg\" class=\"attachment-large size-large\" alt=\"\" srcset=\"https:\/\/www.mizar.it\/wp-content\/uploads\/2025\/10\/IDROSKUD-sfondo-bianco-1024x576.jpg 1024w, https:\/\/www.mizar.it\/wp-content\/uploads\/2025\/10\/IDROSKUD-sfondo-bianco-300x169.jpg 300w, https:\/\/www.mizar.it\/wp-content\/uploads\/2025\/10\/IDROSKUD-sfondo-bianco-768x432.jpg 768w, https:\/\/www.mizar.it\/wp-content\/uploads\/2025\/10\/IDROSKUD-sfondo-bianco-1536x864.jpg 1536w, https:\/\/www.mizar.it\/wp-content\/uploads\/2025\/10\/IDROSKUD-sfondo-bianco-600x338.jpg 600w, https:\/\/www.mizar.it\/wp-content\/uploads\/2025\/10\/IDROSKUD-sfondo-bianco.jpg 1600w\" sizes=\"auto, (max-width: 1020px) 100vw, 1020px\" \/>\t\t\t\t\t\t\n\t\t\t\t\t<\/div>\n\t\t\t\t\t\t\t\t\n<style>\n#image_1447232137 {\n  width: 100%;\n}\n<\/style>\n\t<\/div>\n\t\n\n\n\t\t<\/div>\n\t\t\n<style>\n#col-1902555266 > .col-inner {\n  padding: 0px 0px 50px 0px;\n}\n<\/style>\n\t<\/div>\n\n\t\n\n<\/div>\n\n\t\t<\/div>\n\n\t\t\n<style>\n#section_455295269 {\n  padding-top: 0px;\n  padding-bottom: 0px;\n  min-height: 80px;\n}\n<\/style>\n\t<\/section>\n\t\n\t<section class=\"section\" id=\"section_1045498239\">\n\t\t<div class=\"bg section-bg fill bg-fill  bg-loaded\" >\n\n\t\t\t\n\t\t\t\n\t\t\t\n\n\t\t<\/div>\n\n\t\t<div class=\"section-content relative\">\n\t\t\t\n\n\t<div id=\"gap-764486066\" class=\"gap-element clearfix\" style=\"display:block; height:auto;\">\n\t\t\n<style>\n#gap-764486066 {\n  padding-top: 30px;\n}\n<\/style>\n\t<\/div>\n\t\n\n<div class=\"row\"  id=\"row-1726492908\">\n\n\n\t<div id=\"col-2015766813\" class=\"col col-block-effetti medium-6 small-12 large-6\"  >\n\t\t<div class=\"col-inner\"  >\n\t\t\t\n\t\t\t\n\n\t<div class=\"img has-hover x md-x lg-x y md-y lg-y\" id=\"image_2071235703\">\n\t\t\t\t\t\t\t\t<div class=\"img-inner dark\" >\n\t\t\t<img loading=\"lazy\" decoding=\"async\" width=\"1020\" height=\"574\" src=\"https:\/\/www.mizar.it\/wp-content\/uploads\/2025\/05\/ANODIZZAZIONI-OCEANO-1024x576.jpg\" class=\"attachment-large size-large\" alt=\"\" srcset=\"https:\/\/www.mizar.it\/wp-content\/uploads\/2025\/05\/ANODIZZAZIONI-OCEANO-1024x576.jpg 1024w, https:\/\/www.mizar.it\/wp-content\/uploads\/2025\/05\/ANODIZZAZIONI-OCEANO-300x169.jpg 300w, https:\/\/www.mizar.it\/wp-content\/uploads\/2025\/05\/ANODIZZAZIONI-OCEANO-768x432.jpg 768w, https:\/\/www.mizar.it\/wp-content\/uploads\/2025\/05\/ANODIZZAZIONI-OCEANO-1536x864.jpg 1536w, https:\/\/www.mizar.it\/wp-content\/uploads\/2025\/05\/ANODIZZAZIONI-OCEANO-600x338.jpg 600w, https:\/\/www.mizar.it\/wp-content\/uploads\/2025\/05\/ANODIZZAZIONI-OCEANO.jpg 1600w\" sizes=\"auto, (max-width: 1020px) 100vw, 1020px\" \/>\t\t\t\t\t\t\n\t\t\t\t\t<\/div>\n\t\t\t\t\t\t\t\t\n<style>\n#image_2071235703 {\n  width: 100%;\n}\n<\/style>\n\t<\/div>\n\t\n\n\n\t\t<\/div>\n\t\t\n<style>\n#col-2015766813 > .col-inner {\n  padding: 0px 0px 50px 0px;\n}\n<\/style>\n\t<\/div>\n\n\t\n\n\t<div id=\"col-111435857\" class=\"col col-block-effetti medium-6 small-12 large-6\"  >\n\t\t<div class=\"col-inner\"  >\n\t\t\t\n\t\t\t\n\n<h2><span style=\"font-size: 75%;\"><strong>Spezielle Anodisierungen<\/strong><\/span><\/h2>\r\n \r\n <p><span style=\"font-size: 105%;\">Bei MIZAR veredeln wir Aluminium durch fortschrittliche Anodisierung \u2013 eine chemische Behandlung, die sowohl die Haltbarkeit als auch die \u00c4sthetik verbessert. Unser Verfahren erm\u00f6glicht unz\u00e4hlige Individualisierungsm\u00f6glichkeiten und verleiht jedem Produkt ein einzigartiges und edles Aussehen.<br \/>\r\n \r\n <br \/><\/span><span style=\"font-size: 105%;\">Von der warmen Eleganz von Gold bis hin zu den raffinierten T\u00f6nen von Kupfer, Nickel und Chrom \u2013 die Oberfl\u00e4chen von MIZAR verleihen jeder Oberfl\u00e4che Charakter und Exklusivit\u00e4t.<br \/>\r\n \r\n <br \/><\/span><span style=\"font-size: 105%;\">Dank unserer Expertise wird Aluminium mehr als nur ein Material \u2013 es wird zum Designstatement.<\/span><\/p>\n<a href=\"https:\/\/www.mizar.it\/de\/spezielle-anodisierungen\/\" target=\"_self\" class=\"button primary\"  style=\"border-radius:99px;\">\n    <span>Mehr erfahren<\/span>\n  <\/a>\n\n\n\n\t\t<\/div>\n\t\t\n<style>\n#col-111435857 > .col-inner {\n  padding: 0px 0px 50px 0px;\n}\n<\/style>\n\t<\/div>\n\n\t\n\n<\/div>\n\n\t\t<\/div>\n\n\t\t\n<style>\n#section_1045498239 {\n  padding-top: 0px;\n  padding-bottom: 0px;\n  min-height: 80px;\n}\n<\/style>\n\t<\/section>\n\t\n\t<section class=\"section\" id=\"section_721754409\">\n\t\t<div class=\"bg section-bg fill bg-fill  bg-loaded\" >\n\n\t\t\t\n\t\t\t\n\t\t\t\n\n\t\t<\/div>\n\n\t\t<div class=\"section-content relative\">\n\t\t\t\n\n<div class=\"row\"  id=\"row-1139886668\">\n\n\n\t<div id=\"col-62630164\" class=\"col col-block-effetti medium-6 small-12 large-6\"  >\n\t\t<div class=\"col-inner\"  >\n\t\t\t\n\t\t\t\n\n<h2><span style=\"font-size: 75%;\"><strong>Hochzuverl\u00e4ssige Materialien<\/strong><\/span><sup><br \/><\/sup><\/h2>\r\n \r\n MIZAR hat seine Leuchten mit besonderem Fokus auf die Materialqualit\u00e4t entwickelt. Dies gew\u00e4hrleistet eine sehr hohe mechanische und chemische Best\u00e4ndigkeit jeder\r\n Leuchte und erh\u00e4lt deren Funktionalit\u00e4t.\r\n \r\n Die Zuverl\u00e4ssigkeit der Materialien, kombiniert mit den originellen L\u00f6sungen, die f\u00fcr jedes Modell zum Einsatz kommen, stellt den Wettbewerbsvorteil dar, mit dem MIZAR die Herausforderungen von Lichtplanern meistern will.\n\n\t\t<\/div>\n\t\t\n<style>\n#col-62630164 > .col-inner {\n  padding: 0px 0px 50px 0px;\n}\n<\/style>\n\t<\/div>\n\n\t\n\n\t<div id=\"col-974529444\" class=\"col col-block-effetti medium-6 small-12 large-6\"  >\n\t\t<div class=\"col-inner\"  >\n\t\t\t\n\t\t\t\n\n\t<div class=\"img has-hover x md-x lg-x y md-y lg-y\" id=\"image_1622052643\">\n\t\t\t\t\t\t\t\t<div class=\"img-inner dark\" >\n\t\t\t<img loading=\"lazy\" decoding=\"async\" width=\"1778\" height=\"1000\" src=\"https:\/\/www.mizar.it\/wp-content\/uploads\/2024\/10\/Soluzioni-tecniche-materiali-alta-affidabilita.jpg\" class=\"attachment-original size-original\" alt=\"\" srcset=\"https:\/\/www.mizar.it\/wp-content\/uploads\/2024\/10\/Soluzioni-tecniche-materiali-alta-affidabilita.jpg 1778w, https:\/\/www.mizar.it\/wp-content\/uploads\/2024\/10\/Soluzioni-tecniche-materiali-alta-affidabilita-300x169.jpg 300w, https:\/\/www.mizar.it\/wp-content\/uploads\/2024\/10\/Soluzioni-tecniche-materiali-alta-affidabilita-1024x576.jpg 1024w, https:\/\/www.mizar.it\/wp-content\/uploads\/2024\/10\/Soluzioni-tecniche-materiali-alta-affidabilita-768x432.jpg 768w, https:\/\/www.mizar.it\/wp-content\/uploads\/2024\/10\/Soluzioni-tecniche-materiali-alta-affidabilita-1536x864.jpg 1536w, https:\/\/www.mizar.it\/wp-content\/uploads\/2024\/10\/Soluzioni-tecniche-materiali-alta-affidabilita-600x337.jpg 600w\" sizes=\"auto, (max-width: 1778px) 100vw, 1778px\" \/>\t\t\t\t\t\t\n\t\t\t\t\t<\/div>\n\t\t\t\t\t\t\t\t\n<style>\n#image_1622052643 {\n  width: 100%;\n}\n<\/style>\n\t<\/div>\n\t\n\n\n\t\t<\/div>\n\t\t\n<style>\n#col-974529444 > .col-inner {\n  padding: 0px 0px 50px 0px;\n}\n<\/style>\n\t<\/div>\n\n\t\n\n<\/div>\n\n\t\t<\/div>\n\n\t\t\n<style>\n#section_721754409 {\n  padding-top: 0px;\n  padding-bottom: 0px;\n}\n<\/style>\n\t<\/section>\n\t\n\t<section class=\"section\" id=\"section_736193183\">\n\t\t<div class=\"bg section-bg fill bg-fill  bg-loaded\" >\n\n\t\t\t\n\t\t\t\n\t\t\t\n\n\t\t<\/div>\n\n\t\t<div class=\"section-content relative\">\n\t\t\t\n\n<div class=\"row\"  id=\"row-1569828486\">\n\n\n\t<div id=\"col-1363192127\" class=\"col col-block-effetti medium-6 small-12 large-6\"  >\n\t\t<div class=\"col-inner\"  >\n\t\t\t\n\t\t\t\n\n\t<div class=\"img has-hover x md-x lg-x y md-y lg-y\" id=\"image_1582370044\">\n\t\t\t\t\t\t\t\t<div class=\"img-inner dark\" >\n\t\t\t<img loading=\"lazy\" decoding=\"async\" width=\"1601\" height=\"901\" src=\"https:\/\/www.mizar.it\/wp-content\/uploads\/2024\/09\/Tavola-disegno-2.png\" class=\"attachment-original size-original\" alt=\"\" srcset=\"https:\/\/www.mizar.it\/wp-content\/uploads\/2024\/09\/Tavola-disegno-2.png 1601w, https:\/\/www.mizar.it\/wp-content\/uploads\/2024\/09\/Tavola-disegno-2-300x169.png 300w, https:\/\/www.mizar.it\/wp-content\/uploads\/2024\/09\/Tavola-disegno-2-1024x576.png 1024w, https:\/\/www.mizar.it\/wp-content\/uploads\/2024\/09\/Tavola-disegno-2-768x432.png 768w, https:\/\/www.mizar.it\/wp-content\/uploads\/2024\/09\/Tavola-disegno-2-1536x864.png 1536w, https:\/\/www.mizar.it\/wp-content\/uploads\/2024\/09\/Tavola-disegno-2-600x338.png 600w\" sizes=\"auto, (max-width: 1601px) 100vw, 1601px\" \/>\t\t\t\t\t\t\n\t\t\t\t\t<\/div>\n\t\t\t\t\t\t\t\t\n<style>\n#image_1582370044 {\n  width: 100%;\n}\n<\/style>\n\t<\/div>\n\t\n\n\n\t\t<\/div>\n\t\t\n<style>\n#col-1363192127 > .col-inner {\n  padding: 0px 0px 50px 0px;\n}\n<\/style>\n\t<\/div>\n\n\t\n\n\t<div id=\"col-1735582626\" class=\"col col-block-effetti medium-6 small-12 large-6\"  >\n\t\t<div class=\"col-inner\"  >\n\t\t\t\n\t\t\t\n\n<h2><span style=\"font-size: 75%;\"><strong>Originale interne Elektronik<\/strong><\/span><\/h2>\r\n \r\n <p>Spezielle Original-Leiterplatten von MIZAR wurden entwickelt, um die in den meisten Leuchten verwendeten einzelnen Power-LEDs und Mikrotreiber optimal anzusteuern.<\/p>\r\n \r\n <p>Jede Leiterplatte ist so konfiguriert, dass die Steuerung und Effizienz der elektronischen Komponenten auch unter extremen Umgebungsbedingungen wie Temperaturschwankungen und Wasserdruck gew\u00e4hrleistet ist.<\/p>\n\n\t\t<\/div>\n\t\t\n<style>\n#col-1735582626 > .col-inner {\n  padding: 0px 0px 50px 0px;\n}\n<\/style>\n\t<\/div>\n\n\t\n\n<\/div>\n\n\t\t<\/div>\n\n\t\t\n<style>\n#section_736193183 {\n  padding-top: 0px;\n  padding-bottom: 0px;\n  min-height: 80px;\n}\n<\/style>\n\t<\/section>\n\t\n\n","protected":false},"excerpt":{"rendered":"","protected":false},"author":10706,"featured_media":0,"parent":0,"menu_order":0,"comment_status":"closed","ping_status":"closed","template":"page-blank.php","meta":{"inline_featured_image":false,"footnotes":""},"class_list":["post-136437","page","type-page","status-publish","hentry"],"acf":[],"yoast_head":"<!-- This site is optimized with the Yoast SEO plugin v22.4 - https:\/\/yoast.com\/wordpress\/plugins\/seo\/ -->\n<title>Mizar - Technische L\u00f6sungen<\/title>\n<meta name=\"robots\" content=\"index, follow, max-snippet:-1, max-image-preview:large, max-video-preview:-1\" \/>\n<link rel=\"canonical\" href=\"https:\/\/www.mizar.it\/de\/technische-loesungen\/\" \/>\n<meta property=\"og:locale\" content=\"de_DE\" \/>\n<meta property=\"og:type\" content=\"article\" \/>\n<meta property=\"og:title\" content=\"Mizar - Technische L\u00f6sungen\" \/>\n<meta property=\"og:url\" content=\"https:\/\/www.mizar.it\/de\/technische-loesungen\/\" \/>\n<meta property=\"og:site_name\" content=\"Mizar\" \/>\n<meta property=\"article:modified_time\" content=\"2026-03-10T12:00:46+00:00\" \/>\n<meta name=\"twitter:card\" content=\"summary_large_image\" \/>\n<meta name=\"twitter:label1\" content=\"Gesch\u00e4tzte Lesezeit\" \/>\n\t<meta name=\"twitter:data1\" content=\"2\u00a0Minuten\" \/>\n<script type=\"application\/ld+json\" class=\"yoast-schema-graph\">{\"@context\":\"https:\/\/schema.org\",\"@graph\":[{\"@type\":\"WebPage\",\"@id\":\"https:\/\/www.mizar.it\/de\/technische-loesungen\/\",\"url\":\"https:\/\/www.mizar.it\/de\/technische-loesungen\/\",\"name\":\"Mizar - Technische L\u00f6sungen\",\"isPartOf\":{\"@id\":\"https:\/\/www.mizar.it\/de\/#website\"},\"datePublished\":\"2024-09-06T15:10:29+00:00\",\"dateModified\":\"2026-03-10T12:00:46+00:00\",\"breadcrumb\":{\"@id\":\"https:\/\/www.mizar.it\/de\/technische-loesungen\/#breadcrumb\"},\"inLanguage\":\"de\",\"potentialAction\":[{\"@type\":\"ReadAction\",\"target\":[\"https:\/\/www.mizar.it\/de\/technische-loesungen\/\"]}]},{\"@type\":\"BreadcrumbList\",\"@id\":\"https:\/\/www.mizar.it\/de\/technische-loesungen\/#breadcrumb\",\"itemListElement\":[{\"@type\":\"ListItem\",\"position\":1,\"name\":\"Mizar\",\"item\":\"https:\/\/www.mizar.it\/de\/\"},{\"@type\":\"ListItem\",\"position\":2,\"name\":\"Technische L\u00f6sungen\"}]},{\"@type\":\"WebSite\",\"@id\":\"https:\/\/www.mizar.it\/de\/#website\",\"url\":\"https:\/\/www.mizar.it\/de\/\",\"name\":\"Mizar\",\"description\":\"Lighting your way\",\"publisher\":{\"@id\":\"https:\/\/www.mizar.it\/de\/#organization\"},\"potentialAction\":[{\"@type\":\"SearchAction\",\"target\":{\"@type\":\"EntryPoint\",\"urlTemplate\":\"https:\/\/www.mizar.it\/de\/?s={search_term_string}\"},\"query-input\":\"required name=search_term_string\"}],\"inLanguage\":\"de\"},{\"@type\":\"Organization\",\"@id\":\"https:\/\/www.mizar.it\/de\/#organization\",\"name\":\"Mizar\",\"url\":\"https:\/\/www.mizar.it\/de\/\",\"logo\":{\"@type\":\"ImageObject\",\"inLanguage\":\"de\",\"@id\":\"https:\/\/www.mizar.it\/de\/#\/schema\/logo\/image\/\",\"url\":\"https:\/\/www.mizar.it\/wp-content\/uploads\/2024\/10\/cropped-Mizar_icon_tab-1.png\",\"contentUrl\":\"https:\/\/www.mizar.it\/wp-content\/uploads\/2024\/10\/cropped-Mizar_icon_tab-1.png\",\"width\":512,\"height\":512,\"caption\":\"Mizar\"},\"image\":{\"@id\":\"https:\/\/www.mizar.it\/de\/#\/schema\/logo\/image\/\"},\"sameAs\":[\"https:\/\/www.instagram.com\/mizarluce\/\",\"https:\/\/www.linkedin.com\/company\/mizar-lighting\/\"]}]}<\/script>\n<!-- \/ Yoast SEO plugin. -->","yoast_head_json":{"title":"Mizar - Technische L\u00f6sungen","robots":{"index":"index","follow":"follow","max-snippet":"max-snippet:-1","max-image-preview":"max-image-preview:large","max-video-preview":"max-video-preview:-1"},"canonical":"https:\/\/www.mizar.it\/de\/technische-loesungen\/","og_locale":"de_DE","og_type":"article","og_title":"Mizar - Technische L\u00f6sungen","og_url":"https:\/\/www.mizar.it\/de\/technische-loesungen\/","og_site_name":"Mizar","article_modified_time":"2026-03-10T12:00:46+00:00","twitter_card":"summary_large_image","twitter_misc":{"Gesch\u00e4tzte Lesezeit":"2\u00a0Minuten"},"schema":{"@context":"https:\/\/schema.org","@graph":[{"@type":"WebPage","@id":"https:\/\/www.mizar.it\/de\/technische-loesungen\/","url":"https:\/\/www.mizar.it\/de\/technische-loesungen\/","name":"Mizar - Technische L\u00f6sungen","isPartOf":{"@id":"https:\/\/www.mizar.it\/de\/#website"},"datePublished":"2024-09-06T15:10:29+00:00","dateModified":"2026-03-10T12:00:46+00:00","breadcrumb":{"@id":"https:\/\/www.mizar.it\/de\/technische-loesungen\/#breadcrumb"},"inLanguage":"de","potentialAction":[{"@type":"ReadAction","target":["https:\/\/www.mizar.it\/de\/technische-loesungen\/"]}]},{"@type":"BreadcrumbList","@id":"https:\/\/www.mizar.it\/de\/technische-loesungen\/#breadcrumb","itemListElement":[{"@type":"ListItem","position":1,"name":"Mizar","item":"https:\/\/www.mizar.it\/de\/"},{"@type":"ListItem","position":2,"name":"Technische L\u00f6sungen"}]},{"@type":"WebSite","@id":"https:\/\/www.mizar.it\/de\/#website","url":"https:\/\/www.mizar.it\/de\/","name":"Mizar","description":"Lighting your way","publisher":{"@id":"https:\/\/www.mizar.it\/de\/#organization"},"potentialAction":[{"@type":"SearchAction","target":{"@type":"EntryPoint","urlTemplate":"https:\/\/www.mizar.it\/de\/?s={search_term_string}"},"query-input":"required name=search_term_string"}],"inLanguage":"de"},{"@type":"Organization","@id":"https:\/\/www.mizar.it\/de\/#organization","name":"Mizar","url":"https:\/\/www.mizar.it\/de\/","logo":{"@type":"ImageObject","inLanguage":"de","@id":"https:\/\/www.mizar.it\/de\/#\/schema\/logo\/image\/","url":"https:\/\/www.mizar.it\/wp-content\/uploads\/2024\/10\/cropped-Mizar_icon_tab-1.png","contentUrl":"https:\/\/www.mizar.it\/wp-content\/uploads\/2024\/10\/cropped-Mizar_icon_tab-1.png","width":512,"height":512,"caption":"Mizar"},"image":{"@id":"https:\/\/www.mizar.it\/de\/#\/schema\/logo\/image\/"},"sameAs":["https:\/\/www.instagram.com\/mizarluce\/","https:\/\/www.linkedin.com\/company\/mizar-lighting\/"]}]}},"_links":{"self":[{"href":"https:\/\/www.mizar.it\/de\/wp-json\/wp\/v2\/pages\/136437","targetHints":{"allow":["GET"]}}],"collection":[{"href":"https:\/\/www.mizar.it\/de\/wp-json\/wp\/v2\/pages"}],"about":[{"href":"https:\/\/www.mizar.it\/de\/wp-json\/wp\/v2\/types\/page"}],"author":[{"embeddable":true,"href":"https:\/\/www.mizar.it\/de\/wp-json\/wp\/v2\/users\/10706"}],"replies":[{"embeddable":true,"href":"https:\/\/www.mizar.it\/de\/wp-json\/wp\/v2\/comments?post=136437"}],"version-history":[{"count":1,"href":"https:\/\/www.mizar.it\/de\/wp-json\/wp\/v2\/pages\/136437\/revisions"}],"predecessor-version":[{"id":136438,"href":"https:\/\/www.mizar.it\/de\/wp-json\/wp\/v2\/pages\/136437\/revisions\/136438"}],"wp:attachment":[{"href":"https:\/\/www.mizar.it\/de\/wp-json\/wp\/v2\/media?parent=136437"}],"curies":[{"name":"wp","href":"https:\/\/api.w.org\/{rel}","templated":true}]}}