{"id":136439,"date":"2024-10-23T10:13:39","date_gmt":"2024-10-23T08:13:39","guid":{"rendered":"https:\/\/www.mizar.it\/marketinginstrumente\/"},"modified":"2026-04-16T14:04:20","modified_gmt":"2026-04-16T12:04:20","slug":"marketinginstrumente","status":"publish","type":"page","link":"https:\/\/www.mizar.it\/de\/marketinginstrumente\/","title":{"rendered":"Marketinginstrumente"},"content":{"rendered":"\n\t<section class=\"section inner-breadcrumb\" id=\"section_1666584116\">\n\t\t<div class=\"bg section-bg fill bg-fill  bg-loaded\" >\n\n\t\t\t\n\t\t\t\n\t\t\t\n\n\t\t<\/div>\n\n\t\t<div class=\"section-content relative\">\n\t\t\t\n\n<div class=\"row align-middle\"  id=\"row-90142091\">\n\n\n\t<div id=\"col-949828303\" class=\"col breadcrumb-cnt small-12 large-12\"  >\n\t\t<div class=\"col-inner text-left\"  >\n\t\t\t\n\t\t\t\n\n<p><a class=\"gray\" href=\"\/\">Mizar<\/a><span class=\"grey\"> | <\/span><span class=\"grey\">MARKETINGINSTRUMENTE <\/span><\/p>\n\n\t\t<\/div>\n\t\t\t<\/div>\n\n\t\n\n<\/div>\n\n\t\t<\/div>\n\n\t\t\n<style>\n#section_1666584116 {\n  padding-top: 10px;\n  padding-bottom: 10px;\n}\n<\/style>\n\t<\/section>\n\t\n\t<div id=\"gap-1260746736\" class=\"gap-element clearfix\" style=\"display:block; height:auto;\">\n\t\t\n<style>\n#gap-1260746736 {\n  padding-top: 70px;\n}\n<\/style>\n\t<\/div>\n\t\n\n\t<section class=\"section inner-breadcrumb\" id=\"section_230311905\">\n\t\t<div class=\"bg section-bg fill bg-fill  bg-loaded\" >\n\n\t\t\t\n\t\t\t\n\t\t\t\n\n\t\t<\/div>\n\n\t\t<div class=\"section-content relative\">\n\t\t\t\n\n\t<div id=\"text-195868916\" class=\"text\">\n\t\t\n\n<h1 style=\"text-align: center;\">MARKETINGINSTRUMENTE<\/h1>\n\t\t\n<style>\n#text-195868916 {\n  text-align: center;\n}\n<\/style>\n\t<\/div>\n\t\n\n\t\t<\/div>\n\n\t\t\n<style>\n#section_230311905 {\n  padding-top: 10px;\n  padding-bottom: 10px;\n}\n<\/style>\n\t<\/section>\n\t\n\t<section class=\"section\" id=\"section_1057846383\">\n\t\t<div class=\"bg section-bg fill bg-fill  bg-loaded\" >\n\n\t\t\t\n\t\t\t\n\t\t\t\n\n\t\t<\/div>\n\n\t\t<div class=\"section-content relative\">\n\t\t\t\n\n\t<div id=\"gap-950479545\" class=\"gap-element clearfix\" style=\"display:block; height:auto;\">\n\t\t\n<style>\n#gap-950479545 {\n  padding-top: 70px;\n}\n<\/style>\n\t<\/div>\n\t\n\n<div class=\"row row-collapse align-middle align-center\"  id=\"row-1050847744\">\n\n\n\t<div id=\"col-2077015624\" class=\"col medium-6 small-12 large-6 small-col-first\"  >\n\t\t<div class=\"col-inner\"  >\n\t\t\t\n\t\t\t\n\n\t<div class=\"img has-hover x md-x lg-x y md-y lg-y\" id=\"image_1104602268\">\n\t\t<a class=\"\" href=\"https:\/\/www.mizar.it\/de\/marketinginstrumente\/musterkoffer\"  >\t\t\t\t\t\t<div class=\"img-inner image-zoom image-cover dark\" style=\"padding-top:75%;\">\n\t\t\t<img loading=\"lazy\" decoding=\"async\" width=\"1020\" height=\"680\" src=\"https:\/\/www.mizar.it\/wp-content\/uploads\/2026\/01\/Valigia-campioni_2_aperta_scontornata-1024x683.jpg\" class=\"attachment-large size-large\" alt=\"\" srcset=\"https:\/\/www.mizar.it\/wp-content\/uploads\/2026\/01\/Valigia-campioni_2_aperta_scontornata-1024x683.jpg 1024w, https:\/\/www.mizar.it\/wp-content\/uploads\/2026\/01\/Valigia-campioni_2_aperta_scontornata-300x200.jpg 300w, https:\/\/www.mizar.it\/wp-content\/uploads\/2026\/01\/Valigia-campioni_2_aperta_scontornata-768x512.jpg 768w, https:\/\/www.mizar.it\/wp-content\/uploads\/2026\/01\/Valigia-campioni_2_aperta_scontornata-1536x1024.jpg 1536w, https:\/\/www.mizar.it\/wp-content\/uploads\/2026\/01\/Valigia-campioni_2_aperta_scontornata-2048x1366.jpg 2048w, https:\/\/www.mizar.it\/wp-content\/uploads\/2026\/01\/Valigia-campioni_2_aperta_scontornata-600x400.jpg 600w\" sizes=\"auto, (max-width: 1020px) 100vw, 1020px\" \/>\t\t\t\t\t\t\n\t\t\t\t\t<\/div>\n\t\t\t\t\t\t<\/a>\t\t\n<style>\n#image_1104602268 {\n  width: 100%;\n}\n<\/style>\n\t<\/div>\n\t\n\n<h3 style=\"text-align: center;\">Musterkoffer MIZAR<\/h3>\r\n <p style=\"text-align: center;\">Ein praktisches und vielseitiges Werkzeug, mit dem Kunden die Licht- und Konstruktionsqualit\u00e4t der Mizar-Produkte selbst erleben k\u00f6nnen.<\/p>\n\n\t\t<\/div>\n\t\t\n<style>\n#col-2077015624 > .col-inner {\n  padding: 0 0px 0px 0px;\n  margin: 0 0px 0px 0px;\n}\n<\/style>\n\t<\/div>\n\n\t\n\n\t<div id=\"col-933445327\" class=\"col medium-6 small-12 large-6 small-col-first\"  >\n\t\t<div class=\"col-inner\"  >\n\t\t\t\n\t\t\t\n\n\t<div class=\"img has-hover x md-x lg-x y md-y lg-y\" id=\"image_1658384378\">\n\t\t<a class=\"\" href=\"https:\/\/www.mizar.it\/de\/marketinginstrumente\/markenhandbuch\/\"  >\t\t\t\t\t\t<div class=\"img-inner image-zoom image-cover dark\" style=\"padding-top:75%;\">\n\t\t\t<img loading=\"lazy\" decoding=\"async\" width=\"1020\" height=\"745\" src=\"https:\/\/www.mizar.it\/wp-content\/uploads\/2025\/04\/toolkit_mockup_trasparent-1024x748.png\" class=\"attachment-large size-large\" alt=\"\" srcset=\"https:\/\/www.mizar.it\/wp-content\/uploads\/2025\/04\/toolkit_mockup_trasparent-1024x748.png 1024w, https:\/\/www.mizar.it\/wp-content\/uploads\/2025\/04\/toolkit_mockup_trasparent-300x219.png 300w, https:\/\/www.mizar.it\/wp-content\/uploads\/2025\/04\/toolkit_mockup_trasparent-768x561.png 768w, https:\/\/www.mizar.it\/wp-content\/uploads\/2025\/04\/toolkit_mockup_trasparent-1536x1121.png 1536w, https:\/\/www.mizar.it\/wp-content\/uploads\/2025\/04\/toolkit_mockup_trasparent-600x438.png 600w, https:\/\/www.mizar.it\/wp-content\/uploads\/2025\/04\/toolkit_mockup_trasparent.png 1923w\" sizes=\"auto, (max-width: 1020px) 100vw, 1020px\" \/>\t\t\t\t\t\t\n\t\t\t\t\t<\/div>\n\t\t\t\t\t\t<\/a>\t\t\n<style>\n#image_1658384378 {\n  width: 100%;\n}\n<\/style>\n\t<\/div>\n\t\n\n<h3 style=\"text-align: center;\">Markenhandbuch<\/h3>\r\n <p style=\"text-align: center;\">Alles, was Sie ben\u00f6tigen, um die Marke MIZAR \u00fcber verschiedene Kommunikationskan\u00e4le im Web und in Printmedien zu bewerben.<\/p>\n\n\t\t<\/div>\n\t\t\n<style>\n#col-933445327 > .col-inner {\n  padding: 0 0px 0px 0px;\n  margin: 0 0px 0px 0px;\n}\n<\/style>\n\t<\/div>\n\n\t\n\n\n<style>\n#row-1050847744 > .col > .col-inner {\n  padding: 0 0px 0px 0px;\n}\n<\/style>\n<\/div>\n\t<div id=\"gap-1910626440\" class=\"gap-element clearfix\" style=\"display:block; height:auto;\">\n\t\t\n<style>\n#gap-1910626440 {\n  padding-top: 70px;\n}\n<\/style>\n\t<\/div>\n\t\n\n\n\t\t<\/div>\n\n\t\t\n<style>\n#section_1057846383 {\n  padding-top: 30px;\n  padding-bottom: 30px;\n}\n<\/style>\n\t<\/section>\n\t\n\n","protected":false},"excerpt":{"rendered":"","protected":false},"author":10707,"featured_media":0,"parent":0,"menu_order":0,"comment_status":"closed","ping_status":"closed","template":"page-blank.php","meta":{"inline_featured_image":false,"footnotes":""},"class_list":["post-136439","page","type-page","status-publish","hentry"],"acf":[],"yoast_head":"<!-- This site is optimized with the Yoast SEO plugin v22.4 - https:\/\/yoast.com\/wordpress\/plugins\/seo\/ -->\n<title>Mizar - Marketinginstrumente<\/title>\n<meta name=\"robots\" content=\"index, follow, max-snippet:-1, max-image-preview:large, max-video-preview:-1\" \/>\n<link rel=\"canonical\" href=\"https:\/\/www.mizar.it\/de\/marketinginstrumente\/\" \/>\n<meta property=\"og:locale\" content=\"de_DE\" \/>\n<meta property=\"og:type\" content=\"article\" \/>\n<meta property=\"og:title\" content=\"Mizar - Marketinginstrumente\" \/>\n<meta property=\"og:url\" content=\"https:\/\/www.mizar.it\/de\/marketinginstrumente\/\" \/>\n<meta property=\"og:site_name\" content=\"Mizar\" \/>\n<meta property=\"article:modified_time\" content=\"2026-04-16T12:04:20+00:00\" \/>\n<meta name=\"twitter:card\" content=\"summary_large_image\" \/>\n<meta name=\"twitter:label1\" content=\"Gesch\u00e4tzte Lesezeit\" \/>\n\t<meta name=\"twitter:data1\" content=\"1\u00a0Minute\" \/>\n<script type=\"application\/ld+json\" class=\"yoast-schema-graph\">{\"@context\":\"https:\/\/schema.org\",\"@graph\":[{\"@type\":\"WebPage\",\"@id\":\"https:\/\/www.mizar.it\/de\/marketinginstrumente\/\",\"url\":\"https:\/\/www.mizar.it\/de\/marketinginstrumente\/\",\"name\":\"Mizar - Marketinginstrumente\",\"isPartOf\":{\"@id\":\"https:\/\/www.mizar.it\/de\/#website\"},\"datePublished\":\"2024-10-23T08:13:39+00:00\",\"dateModified\":\"2026-04-16T12:04:20+00:00\",\"breadcrumb\":{\"@id\":\"https:\/\/www.mizar.it\/de\/marketinginstrumente\/#breadcrumb\"},\"inLanguage\":\"de\",\"potentialAction\":[{\"@type\":\"ReadAction\",\"target\":[\"https:\/\/www.mizar.it\/de\/marketinginstrumente\/\"]}]},{\"@type\":\"BreadcrumbList\",\"@id\":\"https:\/\/www.mizar.it\/de\/marketinginstrumente\/#breadcrumb\",\"itemListElement\":[{\"@type\":\"ListItem\",\"position\":1,\"name\":\"Mizar\",\"item\":\"https:\/\/www.mizar.it\/de\/\"},{\"@type\":\"ListItem\",\"position\":2,\"name\":\"Marketinginstrumente\"}]},{\"@type\":\"WebSite\",\"@id\":\"https:\/\/www.mizar.it\/de\/#website\",\"url\":\"https:\/\/www.mizar.it\/de\/\",\"name\":\"Mizar\",\"description\":\"Lighting your way\",\"publisher\":{\"@id\":\"https:\/\/www.mizar.it\/de\/#organization\"},\"potentialAction\":[{\"@type\":\"SearchAction\",\"target\":{\"@type\":\"EntryPoint\",\"urlTemplate\":\"https:\/\/www.mizar.it\/de\/?s={search_term_string}\"},\"query-input\":\"required name=search_term_string\"}],\"inLanguage\":\"de\"},{\"@type\":\"Organization\",\"@id\":\"https:\/\/www.mizar.it\/de\/#organization\",\"name\":\"Mizar\",\"url\":\"https:\/\/www.mizar.it\/de\/\",\"logo\":{\"@type\":\"ImageObject\",\"inLanguage\":\"de\",\"@id\":\"https:\/\/www.mizar.it\/de\/#\/schema\/logo\/image\/\",\"url\":\"https:\/\/www.mizar.it\/wp-content\/uploads\/2024\/10\/cropped-Mizar_icon_tab-1.png\",\"contentUrl\":\"https:\/\/www.mizar.it\/wp-content\/uploads\/2024\/10\/cropped-Mizar_icon_tab-1.png\",\"width\":512,\"height\":512,\"caption\":\"Mizar\"},\"image\":{\"@id\":\"https:\/\/www.mizar.it\/de\/#\/schema\/logo\/image\/\"},\"sameAs\":[\"https:\/\/www.instagram.com\/mizarluce\/\",\"https:\/\/www.linkedin.com\/company\/mizar-lighting\/\"]}]}<\/script>\n<!-- \/ Yoast SEO plugin. -->","yoast_head_json":{"title":"Mizar - Marketinginstrumente","robots":{"index":"index","follow":"follow","max-snippet":"max-snippet:-1","max-image-preview":"max-image-preview:large","max-video-preview":"max-video-preview:-1"},"canonical":"https:\/\/www.mizar.it\/de\/marketinginstrumente\/","og_locale":"de_DE","og_type":"article","og_title":"Mizar - Marketinginstrumente","og_url":"https:\/\/www.mizar.it\/de\/marketinginstrumente\/","og_site_name":"Mizar","article_modified_time":"2026-04-16T12:04:20+00:00","twitter_card":"summary_large_image","twitter_misc":{"Gesch\u00e4tzte Lesezeit":"1\u00a0Minute"},"schema":{"@context":"https:\/\/schema.org","@graph":[{"@type":"WebPage","@id":"https:\/\/www.mizar.it\/de\/marketinginstrumente\/","url":"https:\/\/www.mizar.it\/de\/marketinginstrumente\/","name":"Mizar - Marketinginstrumente","isPartOf":{"@id":"https:\/\/www.mizar.it\/de\/#website"},"datePublished":"2024-10-23T08:13:39+00:00","dateModified":"2026-04-16T12:04:20+00:00","breadcrumb":{"@id":"https:\/\/www.mizar.it\/de\/marketinginstrumente\/#breadcrumb"},"inLanguage":"de","potentialAction":[{"@type":"ReadAction","target":["https:\/\/www.mizar.it\/de\/marketinginstrumente\/"]}]},{"@type":"BreadcrumbList","@id":"https:\/\/www.mizar.it\/de\/marketinginstrumente\/#breadcrumb","itemListElement":[{"@type":"ListItem","position":1,"name":"Mizar","item":"https:\/\/www.mizar.it\/de\/"},{"@type":"ListItem","position":2,"name":"Marketinginstrumente"}]},{"@type":"WebSite","@id":"https:\/\/www.mizar.it\/de\/#website","url":"https:\/\/www.mizar.it\/de\/","name":"Mizar","description":"Lighting your way","publisher":{"@id":"https:\/\/www.mizar.it\/de\/#organization"},"potentialAction":[{"@type":"SearchAction","target":{"@type":"EntryPoint","urlTemplate":"https:\/\/www.mizar.it\/de\/?s={search_term_string}"},"query-input":"required name=search_term_string"}],"inLanguage":"de"},{"@type":"Organization","@id":"https:\/\/www.mizar.it\/de\/#organization","name":"Mizar","url":"https:\/\/www.mizar.it\/de\/","logo":{"@type":"ImageObject","inLanguage":"de","@id":"https:\/\/www.mizar.it\/de\/#\/schema\/logo\/image\/","url":"https:\/\/www.mizar.it\/wp-content\/uploads\/2024\/10\/cropped-Mizar_icon_tab-1.png","contentUrl":"https:\/\/www.mizar.it\/wp-content\/uploads\/2024\/10\/cropped-Mizar_icon_tab-1.png","width":512,"height":512,"caption":"Mizar"},"image":{"@id":"https:\/\/www.mizar.it\/de\/#\/schema\/logo\/image\/"},"sameAs":["https:\/\/www.instagram.com\/mizarluce\/","https:\/\/www.linkedin.com\/company\/mizar-lighting\/"]}]}},"_links":{"self":[{"href":"https:\/\/www.mizar.it\/de\/wp-json\/wp\/v2\/pages\/136439","targetHints":{"allow":["GET"]}}],"collection":[{"href":"https:\/\/www.mizar.it\/de\/wp-json\/wp\/v2\/pages"}],"about":[{"href":"https:\/\/www.mizar.it\/de\/wp-json\/wp\/v2\/types\/page"}],"author":[{"embeddable":true,"href":"https:\/\/www.mizar.it\/de\/wp-json\/wp\/v2\/users\/10707"}],"replies":[{"embeddable":true,"href":"https:\/\/www.mizar.it\/de\/wp-json\/wp\/v2\/comments?post=136439"}],"version-history":[{"count":6,"href":"https:\/\/www.mizar.it\/de\/wp-json\/wp\/v2\/pages\/136439\/revisions"}],"predecessor-version":[{"id":137160,"href":"https:\/\/www.mizar.it\/de\/wp-json\/wp\/v2\/pages\/136439\/revisions\/137160"}],"wp:attachment":[{"href":"https:\/\/www.mizar.it\/de\/wp-json\/wp\/v2\/media?parent=136439"}],"curies":[{"name":"wp","href":"https:\/\/api.w.org\/{rel}","templated":true}]}}