{"id":136441,"date":"2024-10-23T12:23:20","date_gmt":"2024-10-23T10:23:20","guid":{"rendered":"https:\/\/www.mizar.it\/marketinginstrumente\/markenhandbuch\/"},"modified":"2026-04-16T13:56:47","modified_gmt":"2026-04-16T11:56:47","slug":"markenhandbuch","status":"publish","type":"page","link":"https:\/\/www.mizar.it\/de\/marketinginstrumente\/markenhandbuch\/","title":{"rendered":"Markenhandbuch"},"content":{"rendered":"\n\t<section class=\"section inner-breadcrumb\" id=\"section_912934463\">\n\t\t<div class=\"bg section-bg fill bg-fill  bg-loaded\" >\n\n\t\t\t\n\t\t\t\n\t\t\t\n\n\t\t<\/div>\n\n\t\t<div class=\"section-content relative\">\n\t\t\t\n\n<div class=\"row align-middle\"  id=\"row-1978270555\">\n\n\n\t<div id=\"col-1795462058\" class=\"col breadcrumb-cnt small-12 large-12\"  >\n\t\t<div class=\"col-inner text-left\"  >\n\t\t\t\n\t\t\t\n\n<p><a class=\"gray\" href=\"\/\">Mizar<\/a><span class=\"grey\"> | <\/span><span class=\"grey\"><a href=\"https:\/\/www.mizar.it\/de\/marketinginstrumente\/\"><span style=\"color: #282828;\">MARKETINGINSTRUMENTE<\/span><\/a> | MARKENHANDBUCH<\/span><\/p>\n\n\t\t<\/div>\n\t\t\t<\/div>\n\n\t\n\n<\/div>\n\n\t\t<\/div>\n\n\t\t\n<style>\n#section_912934463 {\n  padding-top: 10px;\n  padding-bottom: 10px;\n}\n<\/style>\n\t<\/section>\n\t\n\t<div id=\"gap-259928427\" class=\"gap-element clearfix\" style=\"display:block; height:auto;\">\n\t\t\n<style>\n#gap-259928427 {\n  padding-top: 70px;\n}\n<\/style>\n\t<\/div>\n\t\n\n\t<section class=\"section intro\" id=\"section_2086522209\">\n\t\t<div class=\"bg section-bg fill bg-fill  bg-loaded\" >\n\n\t\t\t\n\t\t\t\n\t\t\t\n\n\t\t<\/div>\n\n\t\t<div class=\"section-content relative\">\n\t\t\t\n\n<div class=\"row row-collapse\" style=\"max-width:700px\" id=\"row-947522079\">\n\n\n\t<div id=\"col-121977802\" class=\"col small-12 large-12\"  >\n\t\t<div class=\"col-inner text-center\"  >\n\t\t\t\n\t\t\t\n\n\t<div id=\"text-731150570\" class=\"text\">\n\t\t\n\n<h1 style=\"text-align: center;\">MARKENHANDBUCH<\/h1>\n\t\t\n<style>\n#text-731150570 {\n  text-align: center;\n}\n<\/style>\n\t<\/div>\n\t\n\n\t\t<\/div>\n\t\t\t<\/div>\n\n\t\n\n<\/div>\n\n\t\t<\/div>\n\n\t\t\n<style>\n#section_2086522209 {\n  padding-top: 0px;\n  padding-bottom: 0px;\n}\n<\/style>\n\t<\/section>\n\t\n\t<div id=\"gap-568356552\" class=\"gap-element clearfix\" style=\"display:block; height:auto;\">\n\t\t\n<style>\n#gap-568356552 {\n  padding-top: 70px;\n}\n<\/style>\n\t<\/div>\n\t\n\n\t<section class=\"section\" id=\"section_1161135284\">\n\t\t<div class=\"bg section-bg fill bg-fill  bg-loaded\" >\n\n\t\t\t\n\t\t\t\n\t\t\t\n\n\t\t<\/div>\n\n\t\t<div class=\"section-content relative\">\n\t\t\t\n\n<div class=\"row row-collapse align-middle align-center\"  id=\"row-1936555878\">\n\n\n\t<div id=\"col-2099706350\" class=\"col medium-6 small-12 large-6\"  >\n\t\t<div class=\"col-inner\"  >\n\t\t\t\n\t\t\t\n\n<div class=\"row\"  id=\"row-891023645\">\n\n\n\t<div id=\"col-639135288\" class=\"col small-12 large-12\"  >\n\t\t<div class=\"col-inner\"  >\n\t\t\t\n\t\t\t\n\n\t<div id=\"text-2356132044\" class=\"text\">\n\t\t\n\n<p class=\"title-box-image-text\" style=\"color: #373737; margin-bottom: 15px; line-height: 1.1;\"><strong>MIZAR Marketing-Toolkit<\/strong><\/p>\r\n<p>Das Mizar Marketing-Toolkit ist eine Sammlung von Tools zur Erstellung von Webinhalten und gedruckten Werbematerialien.<\/p>\r\n<p>Das Kit enth\u00e4lt Logos im PNG-Format f\u00fcr die Webkommunikation, bearbeitbare EPS- und PDF-Dateien f\u00fcr den Druck, ein Schriftartenpaket und das Corporate Brand Manual.<\/p>\r\n<p><\/p>\r\n<p><\/p>\n\t\t\n<style>\n#text-2356132044 {\n  color: rgb(55, 55, 55);\n}\n#text-2356132044 > * {\n  color: rgb(55, 55, 55);\n}\n<\/style>\n\t<\/div>\n\t\n\n\t\t<\/div>\n\t\t\n<style>\n#col-639135288 > .col-inner {\n  padding: 40px 40px 40px 40px;\n}\n<\/style>\n\t<\/div>\n\n\t\n\n<\/div>\n\n\t\t<\/div>\n\t\t\t<\/div>\n\n\t\n\n\t<div id=\"col-1274937466\" class=\"col medium-6 small-12 large-6 small-col-first\"  >\n\t\t<div class=\"col-inner\"  >\n\t\t\t\n\t\t\t\n\n\t<div class=\"img has-hover x md-x lg-x y md-y lg-y\" id=\"image_744026601\">\n\t\t\t\t\t\t\t\t<div class=\"img-inner dark\" >\n\t\t\t<img loading=\"lazy\" decoding=\"async\" width=\"1923\" height=\"1404\" src=\"https:\/\/www.mizar.it\/wp-content\/uploads\/2024\/10\/toolkit_mockup.jpg\" class=\"attachment-original size-original\" alt=\"\" srcset=\"https:\/\/www.mizar.it\/wp-content\/uploads\/2024\/10\/toolkit_mockup.jpg 1923w, https:\/\/www.mizar.it\/wp-content\/uploads\/2024\/10\/toolkit_mockup-300x219.jpg 300w, https:\/\/www.mizar.it\/wp-content\/uploads\/2024\/10\/toolkit_mockup-1024x748.jpg 1024w, https:\/\/www.mizar.it\/wp-content\/uploads\/2024\/10\/toolkit_mockup-768x561.jpg 768w, https:\/\/www.mizar.it\/wp-content\/uploads\/2024\/10\/toolkit_mockup-1536x1121.jpg 1536w, https:\/\/www.mizar.it\/wp-content\/uploads\/2024\/10\/toolkit_mockup-600x438.jpg 600w\" sizes=\"auto, (max-width: 1923px) 100vw, 1923px\" \/>\t\t\t\t\t\t\n\t\t\t\t\t<\/div>\n\t\t\t\t\t\t\t\t\n<style>\n#image_744026601 {\n  width: 100%;\n}\n<\/style>\n\t<\/div>\n\t\n\n\n\t\t<\/div>\n\t\t\n<style>\n#col-1274937466 > .col-inner {\n  padding: 0 0px 0px 0px;\n  margin: 0 0px 0px 0px;\n}\n<\/style>\n\t<\/div>\n\n\t\n\n\n<style>\n#row-1936555878 > .col > .col-inner {\n  padding: 0 0px 0px 0px;\n}\n<\/style>\n<\/div>\n\t<div id=\"gap-2086601280\" class=\"gap-element clearfix\" style=\"display:block; height:auto;\">\n\t\t\n<style>\n#gap-2086601280 {\n  padding-top: 50px;\n}\n<\/style>\n\t<\/div>\n\t\n\n<div class=\"row row-collapse align-middle align-center\"  id=\"row-1993579793\">\n\n\n\t<div id=\"col-1984942373\" class=\"col medium-6 small-12 large-6 small-col-first\"  >\n\t\t<div class=\"col-inner\"  >\n\t\t\t\n\t\t\t\n\n\t<div class=\"img has-hover x md-x lg-x y md-y lg-y\" id=\"image_1600087424\">\n\t\t\t\t\t\t\t\t<div class=\"img-inner dark\" >\n\t\t\t<img loading=\"lazy\" decoding=\"async\" width=\"1612\" height=\"1143\" src=\"https:\/\/www.mizar.it\/wp-content\/uploads\/2024\/10\/Company-bran-manual_mockup.jpg\" class=\"attachment-original size-original\" alt=\"\" srcset=\"https:\/\/www.mizar.it\/wp-content\/uploads\/2024\/10\/Company-bran-manual_mockup.jpg 1612w, https:\/\/www.mizar.it\/wp-content\/uploads\/2024\/10\/Company-bran-manual_mockup-300x213.jpg 300w, https:\/\/www.mizar.it\/wp-content\/uploads\/2024\/10\/Company-bran-manual_mockup-1024x726.jpg 1024w, https:\/\/www.mizar.it\/wp-content\/uploads\/2024\/10\/Company-bran-manual_mockup-768x545.jpg 768w, https:\/\/www.mizar.it\/wp-content\/uploads\/2024\/10\/Company-bran-manual_mockup-1536x1089.jpg 1536w, https:\/\/www.mizar.it\/wp-content\/uploads\/2024\/10\/Company-bran-manual_mockup-600x425.jpg 600w\" sizes=\"auto, (max-width: 1612px) 100vw, 1612px\" \/>\t\t\t\t\t\t\n\t\t\t\t\t<\/div>\n\t\t\t\t\t\t\t\t\n<style>\n#image_1600087424 {\n  width: 100%;\n}\n<\/style>\n\t<\/div>\n\t\n\n\n\t\t<\/div>\n\t\t\n<style>\n#col-1984942373 > .col-inner {\n  padding: 0 0px 0px 0px;\n  margin: 0 0px 0px 0px;\n}\n<\/style>\n\t<\/div>\n\n\t\n\n\t<div id=\"col-2356374\" class=\"col medium-6 small-12 large-6\"  >\n\t\t<div class=\"col-inner\"  >\n\t\t\t\n\t\t\t\n\n<div class=\"row\"  id=\"row-1229035557\">\n\n\n\t<div id=\"col-297678257\" class=\"col small-12 large-12\"  >\n\t\t<div class=\"col-inner\"  >\n\t\t\t\n\t\t\t\n\n\t<div id=\"text-1716636233\" class=\"text\">\n\t\t\n\n<p class=\"title-box-image-text\" style=\"color: #373737; margin-bottom: 15px; line-height: 1.1;\"><strong>Markenhandbuch<\/strong><\/p>\r\n\r\n<p>Im Toolkit finden Sie eine Kurzanleitung zur korrekten Verwendung des Mizar-Logos, das Markenhandbuch.<\/p>\r\n\r\n<p>Diese Anleitung richtet sich an Agenturen, Designer und Branchenexperten. Sie enth\u00e4lt n\u00fctzliche Tipps f\u00fcr die effektive Verwendung des Logos in allen Kommunikationsmaterialien von Mizar.<\/p>\r\n\r\n<p><\/p>\n\t\t\n<style>\n#text-1716636233 {\n  color: rgb(55, 55, 55);\n}\n#text-1716636233 > * {\n  color: rgb(55, 55, 55);\n}\n<\/style>\n\t<\/div>\n\t\n\n\t\t<\/div>\n\t\t\n<style>\n#col-297678257 > .col-inner {\n  padding: 40px 40px 40px 40px;\n}\n<\/style>\n\t<\/div>\n\n\t\n\n<\/div>\n\n\t\t<\/div>\n\t\t\t<\/div>\n\n\t\n\n\n<style>\n#row-1993579793 > .col > .col-inner {\n  padding: 0 0px 0px 0px;\n}\n<\/style>\n<\/div>\n\t<div id=\"gap-1684824462\" class=\"gap-element clearfix\" style=\"display:block; height:auto;\">\n\t\t\n<style>\n#gap-1684824462 {\n  padding-top: 70px;\n}\n<\/style>\n\t<\/div>\n\t\n\n\n\t\t<\/div>\n\n\t\t\n<style>\n#section_1161135284 {\n  padding-top: 30px;\n  padding-bottom: 30px;\n}\n<\/style>\n\t<\/section>\n\t\n\t<section class=\"section section-serie-contatti\" id=\"section_1559452983\">\n\t\t<div class=\"bg section-bg fill bg-fill  bg-loaded\" >\n\n\t\t\t\n\t\t\t\n\t\t\t\n\n\t\t<\/div>\n\n\t\t<div class=\"section-content relative\">\n\t\t\t\n\n<div class=\"row\"  id=\"row-353810645\">\n\n\n\t<div id=\"col-1906395997\" class=\"col padding-bottom-0 small-12 large-12\"  >\n\t\t<div class=\"col-inner text-center\"  >\n\t\t\t\n\t\t\t\n\n<h3 style=\"text-align: center;\"><span style=\"font-size: 160%;\">M\u00f6chten Sie das Marketing-Toolkit erhalten?<\/span><\/h3>\r\n<p>Laden Sie es herunter, indem Sie auf die Schaltfl\u00e4che unten klicken.<\/p>\r\n<p>\u00a0<\/p>\n<a href=\"https:\/\/www.mizar.it\/wp-content\/uploads\/2024\/10\/MIZAR_Marketing-toolkit.zip\" target=\"_self\" class=\"button secondary contact-btn\"  >\n    <span>Download<\/span>\n  <\/a>\n\n\n\n\n\t\t<\/div>\n\t\t\t<\/div>\n\n\t\n\n<\/div>\n\n\t\t<\/div>\n\n\t\t\n<style>\n#section_1559452983 {\n  padding-top: 50px;\n  padding-bottom: 50px;\n}\n<\/style>\n\t<\/section>\n\t\n\n","protected":false},"excerpt":{"rendered":"","protected":false},"author":10707,"featured_media":0,"parent":136439,"menu_order":0,"comment_status":"closed","ping_status":"closed","template":"page-blank.php","meta":{"inline_featured_image":false,"footnotes":""},"class_list":["post-136441","page","type-page","status-publish","hentry"],"acf":[],"yoast_head":"<!-- This site is optimized with the Yoast SEO plugin v22.4 - https:\/\/yoast.com\/wordpress\/plugins\/seo\/ -->\n<title>Mizar - Markenhandbuch<\/title>\n<meta name=\"robots\" content=\"index, follow, max-snippet:-1, max-image-preview:large, max-video-preview:-1\" \/>\n<link rel=\"canonical\" href=\"https:\/\/www.mizar.it\/de\/marketinginstrumente\/markenhandbuch\/\" \/>\n<meta property=\"og:locale\" content=\"de_DE\" \/>\n<meta property=\"og:type\" content=\"article\" \/>\n<meta property=\"og:title\" content=\"Mizar - Markenhandbuch\" \/>\n<meta property=\"og:url\" content=\"https:\/\/www.mizar.it\/de\/marketinginstrumente\/markenhandbuch\/\" \/>\n<meta property=\"og:site_name\" content=\"Mizar\" \/>\n<meta property=\"article:modified_time\" content=\"2026-04-16T11:56:47+00:00\" \/>\n<meta name=\"twitter:card\" content=\"summary_large_image\" \/>\n<meta name=\"twitter:label1\" content=\"Gesch\u00e4tzte Lesezeit\" \/>\n\t<meta name=\"twitter:data1\" content=\"2\u00a0Minuten\" \/>\n<script type=\"application\/ld+json\" class=\"yoast-schema-graph\">{\"@context\":\"https:\/\/schema.org\",\"@graph\":[{\"@type\":\"WebPage\",\"@id\":\"https:\/\/www.mizar.it\/de\/marketinginstrumente\/markenhandbuch\/\",\"url\":\"https:\/\/www.mizar.it\/de\/marketinginstrumente\/markenhandbuch\/\",\"name\":\"Mizar - Markenhandbuch\",\"isPartOf\":{\"@id\":\"https:\/\/www.mizar.it\/de\/#website\"},\"datePublished\":\"2024-10-23T10:23:20+00:00\",\"dateModified\":\"2026-04-16T11:56:47+00:00\",\"breadcrumb\":{\"@id\":\"https:\/\/www.mizar.it\/de\/marketinginstrumente\/markenhandbuch\/#breadcrumb\"},\"inLanguage\":\"de\",\"potentialAction\":[{\"@type\":\"ReadAction\",\"target\":[\"https:\/\/www.mizar.it\/de\/marketinginstrumente\/markenhandbuch\/\"]}]},{\"@type\":\"BreadcrumbList\",\"@id\":\"https:\/\/www.mizar.it\/de\/marketinginstrumente\/markenhandbuch\/#breadcrumb\",\"itemListElement\":[{\"@type\":\"ListItem\",\"position\":1,\"name\":\"Mizar\",\"item\":\"https:\/\/www.mizar.it\/de\/\"},{\"@type\":\"ListItem\",\"position\":2,\"name\":\"Marketinginstrumente\",\"item\":\"https:\/\/www.mizar.it\/de\/marketinginstrumente\/\"},{\"@type\":\"ListItem\",\"position\":3,\"name\":\"Markenhandbuch\"}]},{\"@type\":\"WebSite\",\"@id\":\"https:\/\/www.mizar.it\/de\/#website\",\"url\":\"https:\/\/www.mizar.it\/de\/\",\"name\":\"Mizar\",\"description\":\"Lighting your way\",\"publisher\":{\"@id\":\"https:\/\/www.mizar.it\/de\/#organization\"},\"potentialAction\":[{\"@type\":\"SearchAction\",\"target\":{\"@type\":\"EntryPoint\",\"urlTemplate\":\"https:\/\/www.mizar.it\/de\/?s={search_term_string}\"},\"query-input\":\"required name=search_term_string\"}],\"inLanguage\":\"de\"},{\"@type\":\"Organization\",\"@id\":\"https:\/\/www.mizar.it\/de\/#organization\",\"name\":\"Mizar\",\"url\":\"https:\/\/www.mizar.it\/de\/\",\"logo\":{\"@type\":\"ImageObject\",\"inLanguage\":\"de\",\"@id\":\"https:\/\/www.mizar.it\/de\/#\/schema\/logo\/image\/\",\"url\":\"https:\/\/www.mizar.it\/wp-content\/uploads\/2024\/10\/cropped-Mizar_icon_tab-1.png\",\"contentUrl\":\"https:\/\/www.mizar.it\/wp-content\/uploads\/2024\/10\/cropped-Mizar_icon_tab-1.png\",\"width\":512,\"height\":512,\"caption\":\"Mizar\"},\"image\":{\"@id\":\"https:\/\/www.mizar.it\/de\/#\/schema\/logo\/image\/\"},\"sameAs\":[\"https:\/\/www.instagram.com\/mizarluce\/\",\"https:\/\/www.linkedin.com\/company\/mizar-lighting\/\"]}]}<\/script>\n<!-- \/ Yoast SEO plugin. -->","yoast_head_json":{"title":"Mizar - Markenhandbuch","robots":{"index":"index","follow":"follow","max-snippet":"max-snippet:-1","max-image-preview":"max-image-preview:large","max-video-preview":"max-video-preview:-1"},"canonical":"https:\/\/www.mizar.it\/de\/marketinginstrumente\/markenhandbuch\/","og_locale":"de_DE","og_type":"article","og_title":"Mizar - Markenhandbuch","og_url":"https:\/\/www.mizar.it\/de\/marketinginstrumente\/markenhandbuch\/","og_site_name":"Mizar","article_modified_time":"2026-04-16T11:56:47+00:00","twitter_card":"summary_large_image","twitter_misc":{"Gesch\u00e4tzte Lesezeit":"2\u00a0Minuten"},"schema":{"@context":"https:\/\/schema.org","@graph":[{"@type":"WebPage","@id":"https:\/\/www.mizar.it\/de\/marketinginstrumente\/markenhandbuch\/","url":"https:\/\/www.mizar.it\/de\/marketinginstrumente\/markenhandbuch\/","name":"Mizar - Markenhandbuch","isPartOf":{"@id":"https:\/\/www.mizar.it\/de\/#website"},"datePublished":"2024-10-23T10:23:20+00:00","dateModified":"2026-04-16T11:56:47+00:00","breadcrumb":{"@id":"https:\/\/www.mizar.it\/de\/marketinginstrumente\/markenhandbuch\/#breadcrumb"},"inLanguage":"de","potentialAction":[{"@type":"ReadAction","target":["https:\/\/www.mizar.it\/de\/marketinginstrumente\/markenhandbuch\/"]}]},{"@type":"BreadcrumbList","@id":"https:\/\/www.mizar.it\/de\/marketinginstrumente\/markenhandbuch\/#breadcrumb","itemListElement":[{"@type":"ListItem","position":1,"name":"Mizar","item":"https:\/\/www.mizar.it\/de\/"},{"@type":"ListItem","position":2,"name":"Marketinginstrumente","item":"https:\/\/www.mizar.it\/de\/marketinginstrumente\/"},{"@type":"ListItem","position":3,"name":"Markenhandbuch"}]},{"@type":"WebSite","@id":"https:\/\/www.mizar.it\/de\/#website","url":"https:\/\/www.mizar.it\/de\/","name":"Mizar","description":"Lighting your way","publisher":{"@id":"https:\/\/www.mizar.it\/de\/#organization"},"potentialAction":[{"@type":"SearchAction","target":{"@type":"EntryPoint","urlTemplate":"https:\/\/www.mizar.it\/de\/?s={search_term_string}"},"query-input":"required name=search_term_string"}],"inLanguage":"de"},{"@type":"Organization","@id":"https:\/\/www.mizar.it\/de\/#organization","name":"Mizar","url":"https:\/\/www.mizar.it\/de\/","logo":{"@type":"ImageObject","inLanguage":"de","@id":"https:\/\/www.mizar.it\/de\/#\/schema\/logo\/image\/","url":"https:\/\/www.mizar.it\/wp-content\/uploads\/2024\/10\/cropped-Mizar_icon_tab-1.png","contentUrl":"https:\/\/www.mizar.it\/wp-content\/uploads\/2024\/10\/cropped-Mizar_icon_tab-1.png","width":512,"height":512,"caption":"Mizar"},"image":{"@id":"https:\/\/www.mizar.it\/de\/#\/schema\/logo\/image\/"},"sameAs":["https:\/\/www.instagram.com\/mizarluce\/","https:\/\/www.linkedin.com\/company\/mizar-lighting\/"]}]}},"_links":{"self":[{"href":"https:\/\/www.mizar.it\/de\/wp-json\/wp\/v2\/pages\/136441","targetHints":{"allow":["GET"]}}],"collection":[{"href":"https:\/\/www.mizar.it\/de\/wp-json\/wp\/v2\/pages"}],"about":[{"href":"https:\/\/www.mizar.it\/de\/wp-json\/wp\/v2\/types\/page"}],"author":[{"embeddable":true,"href":"https:\/\/www.mizar.it\/de\/wp-json\/wp\/v2\/users\/10707"}],"replies":[{"embeddable":true,"href":"https:\/\/www.mizar.it\/de\/wp-json\/wp\/v2\/comments?post=136441"}],"version-history":[{"count":5,"href":"https:\/\/www.mizar.it\/de\/wp-json\/wp\/v2\/pages\/136441\/revisions"}],"predecessor-version":[{"id":137151,"href":"https:\/\/www.mizar.it\/de\/wp-json\/wp\/v2\/pages\/136441\/revisions\/137151"}],"up":[{"embeddable":true,"href":"https:\/\/www.mizar.it\/de\/wp-json\/wp\/v2\/pages\/136439"}],"wp:attachment":[{"href":"https:\/\/www.mizar.it\/de\/wp-json\/wp\/v2\/media?parent=136441"}],"curies":[{"name":"wp","href":"https:\/\/api.w.org\/{rel}","templated":true}]}}