{"id":136720,"date":"2026-03-20T18:06:29","date_gmt":"2026-03-20T17:06:29","guid":{"rendered":"https:\/\/www.mizar.it\/?page_id=136720"},"modified":"2026-03-23T15:00:59","modified_gmt":"2026-03-23T14:00:59","slug":"spannungsabfall-pruefen","status":"publish","type":"page","link":"https:\/\/www.mizar.it\/de\/spannungsabfall-pruefen\/","title":{"rendered":"Spannungsabfall pr\u00fcfen"},"content":{"rendered":"\n\t<section class=\"section inner-breadcrumb\" id=\"section_1242254339\">\n\t\t<div class=\"bg section-bg fill bg-fill  bg-loaded\" >\n\n\t\t\t\n\t\t\t\n\t\t\t\n\n\t\t<\/div>\n\n\t\t<div class=\"section-content relative\">\n\t\t\t\n\n<div class=\"row align-middle\"  id=\"row-2042179075\">\n\n\n\t<div id=\"col-2110712738\" class=\"col breadcrumb-cnt small-12 large-12\"  >\n\t\t<div class=\"col-inner text-left\"  >\n\t\t\t\n\t\t\t\n\n<p><a class=\"gray\" href=\"\/\">Mizar<\/a><span class=\"grey\"> | <\/span><span class=\"grey\">Spannungsabfall pr\u00fcfen<\/span><\/p>\n\n\t\t<\/div>\n\t\t\t<\/div>\n\n\t\n\n<\/div>\n\n\t\t<\/div>\n\n\t\t\n<style>\n#section_1242254339 {\n  padding-top: 10px;\n  padding-bottom: 10px;\n}\n<\/style>\n\t<\/section>\n\t\n\t<div id=\"gap-2007941085\" class=\"gap-element clearfix\" style=\"display:block; height:auto;\">\n\t\t\n<style>\n#gap-2007941085 {\n  padding-top: 30px;\n}\n<\/style>\n\t<\/div>\n\t\n\n\t<section class=\"section intro\" id=\"section_1809018032\">\n\t\t<div class=\"bg section-bg fill bg-fill  bg-loaded\" >\n\n\t\t\t\n\t\t\t\n\t\t\t\n\n\t\t<\/div>\n\n\t\t<div class=\"section-content relative\">\n\t\t\t\n\n<div class=\"row row-collapse\" style=\"max-width:700px\" id=\"row-1152104143\">\n\n\n\t<div id=\"col-1494207740\" class=\"col small-12 large-12\"  >\n\t\t<div class=\"col-inner text-center\"  >\n\t\t\t\n\t\t\t\n\n\t<div id=\"text-1230947978\" class=\"text\">\n\t\t\n\n<h1 style=\"text-align: center;\">Spannungsabfall pr\u00fcfen<\/h1>\n\t\t\n<style>\n#text-1230947978 {\n  text-align: center;\n}\n<\/style>\n\t<\/div>\n\t\n\n\t\t<\/div>\n\t\t\t<\/div>\n\n\t\n\n<\/div>\n\n\t\t<\/div>\n\n\t\t\n<style>\n#section_1809018032 {\n  padding-top: 0px;\n  padding-bottom: 0px;\n}\n<\/style>\n\t<\/section>\n\t\n\t<div id=\"gap-135858016\" class=\"gap-element clearfix\" style=\"display:block; height:auto;\">\n\t\t\n<style>\n#gap-135858016 {\n  padding-top: 30px;\n}\n<\/style>\n\t<\/div>\n\t\n\n\t<section class=\"section intro\" id=\"section_1126689702\">\n\t\t<div class=\"bg section-bg fill bg-fill  bg-loaded\" >\n\n\t\t\t\n\t\t\t\n\t\t\t\n\n\t\t<\/div>\n\n\t\t<div class=\"section-content relative\">\n\t\t\t\n\n<div class=\"row align-center\"  id=\"row-227913502\">\n\n\n\t<div id=\"col-1531656965\" class=\"col small-12 large-12\"  >\n\t\t<div class=\"col-inner text-center\"  >\n\t\t\t\n\t\t\t\n\n\t<div id=\"text-1723413331\" class=\"text\">\n\t\t\n\n<p>Mit diesem Tool k\u00f6nnen Sie den Spannungsabfall in <strong>Niederspannungs-Gleichstromleitungen (12 V, 24 V oder 48 V)<\/strong> schnell und einfach absch\u00e4tzen<\/strong>.<\/p>\r\n\r\n<p>Eine korrekte Bestimmung des Spannungsabfalls ist unerl\u00e4sslich f\u00fcr die einwandfreie Funktion angeschlossener Ger\u00e4te: Zu hohe Werte k\u00f6nnen zu Fehlfunktionen, Leistungseinbu\u00dfen oder vorzeitigem Verschlei\u00df f\u00fchren.<\/p>\n\t\t\n<style>\n#text-1723413331 {\n  text-align: center;\n}\n<\/style>\n\t<\/div>\n\t\n\n\t\t<\/div>\n\t\t\t<\/div>\n\n\t\n\n\t<div id=\"col-1645597187\" class=\"col medium-6 small-12 large-6\"  >\n\t\t<div class=\"col-inner\"  >\n\t\t\t\n\t\t\t\n\n<p>Um das Ergebnis zu erhalten, werden Sie aufgefordert, Folgendes einzugeben:\r\n<\/p>\r\n<ul>\r\n<li>Leitermaterial<\/li>\r\n<li>Innenquerschnitt des Kabels (ohne Isolierung)<\/li>\r\n<li>Kabell\u00e4nge (einfache Strecke)<\/li>\r\n<li>Versorgungsspannung (12 V, 24 V oder 48 V)<\/li>\r\n<li>Nennleistung des einzelnen Ger\u00e4ts<\/li>\r\n<li>Anzahl der angeschlossenen Ger\u00e4te<\/li>\r\n<\/ul>\n\n\t\t<\/div>\n\t\t\t<\/div>\n\n\t\n\n\t<div id=\"col-1380918007\" class=\"col medium-6 small-12 large-6\"  >\n\t\t<div class=\"col-inner\"  >\n\t\t\t\n\t\t\t\n\n<p>Die Berechnung gibt den gesch\u00e4tzten Spannungsabfall entlang des Kabels an und hilft Ihnen so festzustellen, ob der gew\u00e4hlte Kabelquerschnitt ausreichend ist oder ein gr\u00f6\u00dferes Kabel ben\u00f6tigt wird.<\/p>\r\n\r\n<p><strong>Hilfreiche Tipps:<\/strong><br \/>\r\nEin zu hoher Spannungsabfall kann die ordnungsgem\u00e4\u00dfe Funktion des Systems beeintr\u00e4chtigen. Im Allgemeinen empfiehlt es sich, den Spannungsabfall in einem angemessenen Rahmen zu halten (typischerweise einige Prozentpunkte der Nennspannung).\r\n<br \/><br \/><strong>Es wird empfohlen, ein Netzteil zu w\u00e4hlen, das 30 % mehr Leistung als die Gesamtlast hat.<\/strong><\/p>\n\n\t\t<\/div>\n\t\t\t<\/div>\n\n\t\n\n\t<div id=\"col-1752584244\" class=\"col small-12 large-12\"  >\n\t\t<div class=\"col-inner\"  >\n\t\t\t\n\t\t\t\n\n\t<div id=\"text-2832600037\" class=\"text\">\n\t\t\n\n<p><strong style=\"color: #ed1c24;\">Hinweis: Sind die Ger\u00e4te entlang des Kabels verteilt, geben Sie bitte die jeweilige Leistung und die Anzahl der Ger\u00e4te an.<br \/><\/strong><span style=\"color: #ed1c24;\"><strong>Sind alle Ger\u00e4te am Ende der Leitung angeschlossen, empfiehlt es sich, die Gesamtleistung anzugeben und nur ein Ger\u00e4t zu kennzeichnen.<\/strong><\/span><\/p>\n\t\t\n<style>\n#text-2832600037 {\n  text-align: center;\n}\n<\/style>\n\t<\/div>\n\t\n\n\t\t<\/div>\n\t\t\t<\/div>\n\n\t\n\n<\/div>\n\n\t\t<\/div>\n\n\t\t\n<style>\n#section_1126689702 {\n  padding-top: 0px;\n  padding-bottom: 0px;\n}\n<\/style>\n\t<\/section>\n\t\n\t<section class=\"section\" id=\"section_1124728520\">\n\t\t<div class=\"bg section-bg fill bg-fill  bg-loaded\" >\n\n\t\t\t\n\t\t\t\n\t\t\t\n\n\t\t<\/div>\n\n\t\t<div class=\"section-content relative\">\n\t\t\t<style>\r\n    \/* Tutto il CSS \u00e8 isolato dentro l'ID #vdrop-calculator *\/\r\n    #vdrop-calculator {\r\n        --dark-gray: #373c41;       \/* <-- Colore del pulsante *\/\r\n        --dark-gray-hover: #1a1a1a; \/* <-- Colore hover del pulsante *\/\r\n        --text-main: #2d3436;\r\n        --text-muted: #636e72;\r\n        --border: #dfe6e9;\r\n        \r\n        --ok-bg: #e6f4ea;\r\n        --ok-text: #1e7e34;\r\n        --warn-bg: #fff9db;\r\n        --warn-text: #856404;\r\n        --bad-bg: #fde8e8;\r\n        --bad-text: #c82333;\r\n\r\n        font-family: -apple-system, BlinkMacSystemFont, \"Segoe UI\", Roboto, sans-serif;\r\n        color: var(--text-main);\r\n        background: #ffffff;\r\n        max-width: 1000px;\r\n        width: 100%;\r\n        margin: 20px auto; \r\n        padding: 40px;\r\n        border-radius: 12px;\r\n        box-shadow: 0 4px 20px rgba(0,0,0,0.08);\r\n        box-sizing: border-box;\r\n    }\r\n\r\n    #vdrop-calculator * {\r\n        box-sizing: border-box;\r\n    }\r\n\r\n    #vdrop-calculator h2 {\r\n        margin: 0 0 30px 0;\r\n        font-size: 1.6rem;\r\n        font-weight: 700;\r\n        text-align: center;\r\n        color: var(--dark-gray);\r\n        line-height: 1.2;\r\n        border: none;\r\n        padding: 0;\r\n    }\r\n\r\n    #vdrop-calculator .form-group {\r\n        margin-bottom: 20px;\r\n    }\r\n\r\n    #vdrop-calculator label {\r\n        display: block;\r\n        font-size: 0.85rem;\r\n        font-weight: 600;\r\n        text-transform: uppercase;\r\n        letter-spacing: 0.5px;\r\n        margin-bottom: 8px;\r\n        color: var(--text-muted);\r\n    }\r\n\r\n    #vdrop-calculator input {\r\n        width: 100%;\r\n        padding: 12px;\r\n        border: 1px solid var(--border);\r\n        border-radius: 6px;\r\n        font-size: 1rem;\r\n        background: #fff;\r\n        color: var(--text-main);\r\n        transition: border-color 0.2s;\r\n        margin: 0;\r\n        box-shadow: none;\r\n        height: auto;\r\n        min-height: 48px;\r\n    }\r\n\r\n    #vdrop-calculator select {\r\n        width: 100%;\r\n        padding: 10px 12px;\r\n        border: 1px solid var(--border);\r\n        border-radius: 6px;\r\n        font-size: 1rem;\r\n        background: #fff;\r\n        color: var(--text-main);\r\n        transition: border-color 0.2s;\r\n        margin: 0;\r\n        box-shadow: none;\r\n        height: auto !important;\r\n        min-height: 48px;\r\n        line-height: 1.5 !important;\r\n        -webkit-appearance: auto;\r\n        -moz-appearance: auto;\r\n    }\r\n\r\n    #vdrop-calculator input:focus, \r\n    #vdrop-calculator select:focus {\r\n        outline: none;\r\n        border-color: var(--dark-gray);\r\n        box-shadow: 0 0 0 1px var(--dark-gray);\r\n    }\r\n\r\n    #vdrop-calculator button {\r\n        width: 100%;\r\n        padding: 15px;\r\n        background-color: var(--dark-gray);\r\n        color: white;\r\n        border: none;\r\n        border-radius: 6px;\r\n        font-size: 1rem;\r\n        font-weight: 600;\r\n        cursor: pointer;\r\n        margin-top: 10px;\r\n        transition: background 0.2s, transform 0.1s;\r\n    }\r\n\r\n    #vdrop-calculator button:hover {\r\n        background-color: var(--dark-gray-hover);\r\n    }\r\n\r\n    #vdrop-calculator button:active {\r\n        transform: scale(0.98);\r\n    }\r\n\r\n    #vdrop-calculator #vdrop-result {\r\n        margin-top: 25px;\r\n        padding: 20px;\r\n        border-radius: 8px;\r\n        display: none;\r\n        border-left: 5px solid transparent;\r\n        font-size: 0.95rem;\r\n    }\r\n\r\n    #vdrop-calculator .result-item {\r\n        display: flex;\r\n        justify-content: space-between;\r\n        padding: 6px 0;\r\n        border-bottom: 1px solid rgba(0,0,0,0.04);\r\n    }\r\n\r\n    #vdrop-calculator .result-item:last-child { \r\n        border: none; \r\n    }\r\n\r\n    #vdrop-calculator .ok { background: var(--ok-bg); color: var(--ok-text); border-left-color: var(--ok-text); }\r\n    #vdrop-calculator .warn { background: var(--warn-bg); color: var(--warn-text); border-left-color: var(--warn-text); }\r\n    #vdrop-calculator .bad { background: var(--bad-bg); color: var(--bad-text); border-left-color: var(--bad-text); }\r\n    \r\n    #vdrop-calculator .grid-2 {\r\n        display: grid; \r\n        grid-template-columns: 1fr 1fr; \r\n        gap: 15px;\r\n    }\r\n<\/style>\r\n\r\n<div id=\"vdrop-calculator\">\r\n\r\n    <div class=\"form-group\">\r\n        <label>Kabelmaterial<\/label>\r\n        <select id=\"vdrop-material\">\r\n            <option value=\"0.0175\">Kupfer<\/option>\r\n            <option value=\"0.0282\">Aluminium<\/option>\r\n            <option value=\"0.10\">Eisen<\/option>\r\n            <option value=\"0.0159\">Silber<\/option>\r\n        <\/select>\r\n    <\/div>\r\n\r\n    <div class=\"grid-2\">\r\n        <div class=\"form-group\">\r\n            <label>Querschnitt (mm\u00b2)<\/label>\r\n            <input type=\"number\" id=\"vdrop-section\" value=\"1.5\" step=\"0.5\">\r\n        <\/div>\r\n        <div class=\"form-group\">\r\n            <label>L\u00e4nge (m)<\/label>\r\n            <input type=\"number\" id=\"vdrop-length\" value=\"15\">\r\n        <\/div>\r\n    <\/div>\r\n\r\n    <div class=\"grid-2\">\r\n        <div class=\"form-group\">\r\n            <label>Spannung (V)<\/label>\r\n            <input type=\"number\" id=\"vdrop-voltage\" value=\"24\">\r\n        <\/div>\r\n        <div class=\"form-group\">\r\n            <label>Einzelleistung (W)<\/label>\r\n            <input type=\"number\" id=\"vdrop-power\" value=\"1\">\r\n        <\/div>\r\n    <\/div>\r\n\r\n    <div class=\"form-group\">\r\n        <label>Anzahl der Leuchten<\/label>\r\n        <input type=\"number\" id=\"vdrop-devices\" value=\"1\">\r\n    <\/div>\r\n\r\n    <button type=\"button\" onclick=\"calcolaCadutaTensione()\">BERECHNEN<\/button>\r\n\r\n    <div id=\"vdrop-result\"><\/div>\r\n<\/div>\r\n\r\n<script>\r\nfunction calcolaCadutaTensione() {\r\n    \/\/ Recupero i valori dai campi\r\n    const rho = parseFloat(document.getElementById(\"vdrop-material\").value);\r\n    const S = parseFloat(document.getElementById(\"vdrop-section\").value);\r\n    const L = parseFloat(document.getElementById(\"vdrop-length\").value);\r\n    const V = parseFloat(document.getElementById(\"vdrop-voltage\").value);\r\n    const P = parseFloat(document.getElementById(\"vdrop-power\").value);\r\n    const n = parseFloat(document.getElementById(\"vdrop-devices\").value);\r\n\r\n    \/\/ Recupero il div del risultato con il nuovo ID univoco\r\n    const resDiv = document.getElementById(\"vdrop-result\");\r\n\r\n    \/\/ Controllo che tutti i campi siano compilati\r\n    if (!rho || !S || !L || !V || !P || !n) {\r\n        alert(\"Bitte f\u00fcllen Sie alle Felder mit g\u00fcltigen Werten aus.\");\r\n        return;\r\n    }\r\n\r\n    \/\/ Calcoli matematici\r\n    let Ptot = P * n;\r\n    let Itot = Ptot \/ V;\r\n    let factor = (n + 1) \/ (2 * n);\r\n    let deltaV = 2 * Itot * rho * (L \/ S) * factor;\r\n    let percent = (deltaV \/ V) * 100;\r\n    let Smin = (2 * Itot * rho * L * factor) \/ (0.03 * V);\r\n    \r\n    \/\/ Calcolo alimentatore consigliato (+30%)\r\n    let alimentatoreConsigliato = Ptot * 1.30;\r\n\r\n    \/\/ Logica \"Semaforo\"\r\n    let classe = percent <= 5 ? \"ok\" : (percent <= 10 ? \"warn\" : \"bad\");\r\n    let stato = percent <= 5 ? \"Optimal\" : (percent <= 10 ? \"Akzeptabel\" : \"Kritiker\");\r\n\r\n    \/\/ Mostro il div applicando la classe CSS corretta\r\n    resDiv.style.display = \"block\";\r\n    resDiv.className = classe;\r\n    \r\n    \/\/ Scrivo i risultati nel div\r\n    resDiv.innerHTML = `\r\n        <div class=\"result-item\"><span>Spannungsabfall:<\/span> <b>${deltaV.toFixed(2)} V<\/b><\/div>\r\n        <div class=\"result-item\"><span>Prozentsatz:<\/span> <b>${percent.toFixed(2)} %<\/b><\/div>\r\n        <div class=\"result-item\"><span>Bewertung:<\/span> <b>${stato}<\/b><\/div>\r\n        <div class=\"result-item\"><span>Empfohlener Kabelquerschnitt:<\/span> <b>${Smin.toFixed(2)} mm\u00b2<\/b><\/div>\r\n        <div class=\"result-item\"><span>Empfohlenes Netzteil:<\/span> <b>${alimentatoreConsigliato.toFixed(0)} W<\/b><\/div>\r\n    `;\r\n}\r\n<\/script>\t\t<\/div>\n\n\t\t\n<style>\n#section_1124728520 {\n  padding-top: 30px;\n  padding-bottom: 30px;\n}\n<\/style>\n\t<\/section>\n\t\n\t<section class=\"section intro\" id=\"section_1687648604\">\n\t\t<div class=\"bg section-bg fill bg-fill  bg-loaded\" >\n\n\t\t\t\n\t\t\t\n\t\t\t\n\n\t\t<\/div>\n\n\t\t<div class=\"section-content relative\">\n\t\t\t\n\n<div class=\"row align-center\"  id=\"row-1798977370\">\n\n\n\t<div id=\"col-2016668662\" class=\"col medium-9 small-12 large-9\"  >\n\t\t<div class=\"col-inner\"  >\n\t\t\t\n\t\t\t\n\n\t<div id=\"text-77865716\" class=\"text\">\n\t\t\n\nDieser Rechner dient lediglich der Veranschaulichung. Er ber\u00fccksichtigt keine Faktoren wie Temperatur, Installationsmethode, Verbindungsqualit\u00e4t oder spezifische technische Normen. F\u00fcr kritische Anwendungen oder Festinstallationen wird stets die Unterst\u00fctzung eines qualifizierten Fachmanns empfohlen.\n\t\t\n<style>\n#text-77865716 {\n  text-align: center;\n}\n<\/style>\n\t<\/div>\n\t\n\n\t\t<\/div>\n\t\t\t<\/div>\n\n\t\n\n<\/div>\n\n\t\t<\/div>\n\n\t\t\n<style>\n#section_1687648604 {\n  padding-top: 0px;\n  padding-bottom: 0px;\n}\n<\/style>\n\t<\/section>\n\t\n\t<div id=\"gap-1943274633\" class=\"gap-element clearfix\" style=\"display:block; height:auto;\">\n\t\t\n<style>\n#gap-1943274633 {\n  padding-top: 30px;\n}\n<\/style>\n\t<\/div>\n\t\n\n\n","protected":false},"excerpt":{"rendered":"","protected":false},"author":10706,"featured_media":0,"parent":0,"menu_order":0,"comment_status":"closed","ping_status":"closed","template":"page-blank.php","meta":{"inline_featured_image":false,"footnotes":""},"class_list":["post-136720","page","type-page","status-publish","hentry"],"acf":[],"yoast_head":"<!-- This site is optimized with the Yoast SEO plugin v22.4 - https:\/\/yoast.com\/wordpress\/plugins\/seo\/ -->\n<title>Mizar - Spannungsabfall pr\u00fcfen<\/title>\n<meta name=\"robots\" content=\"index, follow, max-snippet:-1, max-image-preview:large, max-video-preview:-1\" \/>\n<link rel=\"canonical\" href=\"https:\/\/www.mizar.it\/de\/spannungsabfall-pruefen\/\" \/>\n<meta property=\"og:locale\" content=\"de_DE\" \/>\n<meta property=\"og:type\" content=\"article\" \/>\n<meta property=\"og:title\" content=\"Mizar - Spannungsabfall pr\u00fcfen\" \/>\n<meta property=\"og:url\" content=\"https:\/\/www.mizar.it\/de\/spannungsabfall-pruefen\/\" \/>\n<meta property=\"og:site_name\" content=\"Mizar\" \/>\n<meta property=\"article:modified_time\" content=\"2026-03-23T14:00:59+00:00\" \/>\n<meta name=\"twitter:card\" content=\"summary_large_image\" \/>\n<meta name=\"twitter:label1\" content=\"Gesch\u00e4tzte Lesezeit\" \/>\n\t<meta name=\"twitter:data1\" content=\"2\u00a0Minuten\" \/>\n<script type=\"application\/ld+json\" class=\"yoast-schema-graph\">{\"@context\":\"https:\/\/schema.org\",\"@graph\":[{\"@type\":\"WebPage\",\"@id\":\"https:\/\/www.mizar.it\/de\/spannungsabfall-pruefen\/\",\"url\":\"https:\/\/www.mizar.it\/de\/spannungsabfall-pruefen\/\",\"name\":\"Mizar - Spannungsabfall pr\u00fcfen\",\"isPartOf\":{\"@id\":\"https:\/\/www.mizar.it\/de\/#website\"},\"datePublished\":\"2026-03-20T17:06:29+00:00\",\"dateModified\":\"2026-03-23T14:00:59+00:00\",\"breadcrumb\":{\"@id\":\"https:\/\/www.mizar.it\/de\/spannungsabfall-pruefen\/#breadcrumb\"},\"inLanguage\":\"de\",\"potentialAction\":[{\"@type\":\"ReadAction\",\"target\":[\"https:\/\/www.mizar.it\/de\/spannungsabfall-pruefen\/\"]}]},{\"@type\":\"BreadcrumbList\",\"@id\":\"https:\/\/www.mizar.it\/de\/spannungsabfall-pruefen\/#breadcrumb\",\"itemListElement\":[{\"@type\":\"ListItem\",\"position\":1,\"name\":\"Mizar\",\"item\":\"https:\/\/www.mizar.it\/de\/\"},{\"@type\":\"ListItem\",\"position\":2,\"name\":\"Spannungsabfall pr\u00fcfen\"}]},{\"@type\":\"WebSite\",\"@id\":\"https:\/\/www.mizar.it\/de\/#website\",\"url\":\"https:\/\/www.mizar.it\/de\/\",\"name\":\"Mizar\",\"description\":\"Lighting your way\",\"publisher\":{\"@id\":\"https:\/\/www.mizar.it\/de\/#organization\"},\"potentialAction\":[{\"@type\":\"SearchAction\",\"target\":{\"@type\":\"EntryPoint\",\"urlTemplate\":\"https:\/\/www.mizar.it\/de\/?s={search_term_string}\"},\"query-input\":\"required name=search_term_string\"}],\"inLanguage\":\"de\"},{\"@type\":\"Organization\",\"@id\":\"https:\/\/www.mizar.it\/de\/#organization\",\"name\":\"Mizar\",\"url\":\"https:\/\/www.mizar.it\/de\/\",\"logo\":{\"@type\":\"ImageObject\",\"inLanguage\":\"de\",\"@id\":\"https:\/\/www.mizar.it\/de\/#\/schema\/logo\/image\/\",\"url\":\"https:\/\/www.mizar.it\/wp-content\/uploads\/2024\/10\/cropped-Mizar_icon_tab-1.png\",\"contentUrl\":\"https:\/\/www.mizar.it\/wp-content\/uploads\/2024\/10\/cropped-Mizar_icon_tab-1.png\",\"width\":512,\"height\":512,\"caption\":\"Mizar\"},\"image\":{\"@id\":\"https:\/\/www.mizar.it\/de\/#\/schema\/logo\/image\/\"},\"sameAs\":[\"https:\/\/www.instagram.com\/mizarluce\/\",\"https:\/\/www.linkedin.com\/company\/mizar-lighting\/\"]}]}<\/script>\n<!-- \/ Yoast SEO plugin. -->","yoast_head_json":{"title":"Mizar - Spannungsabfall pr\u00fcfen","robots":{"index":"index","follow":"follow","max-snippet":"max-snippet:-1","max-image-preview":"max-image-preview:large","max-video-preview":"max-video-preview:-1"},"canonical":"https:\/\/www.mizar.it\/de\/spannungsabfall-pruefen\/","og_locale":"de_DE","og_type":"article","og_title":"Mizar - Spannungsabfall pr\u00fcfen","og_url":"https:\/\/www.mizar.it\/de\/spannungsabfall-pruefen\/","og_site_name":"Mizar","article_modified_time":"2026-03-23T14:00:59+00:00","twitter_card":"summary_large_image","twitter_misc":{"Gesch\u00e4tzte Lesezeit":"2\u00a0Minuten"},"schema":{"@context":"https:\/\/schema.org","@graph":[{"@type":"WebPage","@id":"https:\/\/www.mizar.it\/de\/spannungsabfall-pruefen\/","url":"https:\/\/www.mizar.it\/de\/spannungsabfall-pruefen\/","name":"Mizar - Spannungsabfall pr\u00fcfen","isPartOf":{"@id":"https:\/\/www.mizar.it\/de\/#website"},"datePublished":"2026-03-20T17:06:29+00:00","dateModified":"2026-03-23T14:00:59+00:00","breadcrumb":{"@id":"https:\/\/www.mizar.it\/de\/spannungsabfall-pruefen\/#breadcrumb"},"inLanguage":"de","potentialAction":[{"@type":"ReadAction","target":["https:\/\/www.mizar.it\/de\/spannungsabfall-pruefen\/"]}]},{"@type":"BreadcrumbList","@id":"https:\/\/www.mizar.it\/de\/spannungsabfall-pruefen\/#breadcrumb","itemListElement":[{"@type":"ListItem","position":1,"name":"Mizar","item":"https:\/\/www.mizar.it\/de\/"},{"@type":"ListItem","position":2,"name":"Spannungsabfall pr\u00fcfen"}]},{"@type":"WebSite","@id":"https:\/\/www.mizar.it\/de\/#website","url":"https:\/\/www.mizar.it\/de\/","name":"Mizar","description":"Lighting your way","publisher":{"@id":"https:\/\/www.mizar.it\/de\/#organization"},"potentialAction":[{"@type":"SearchAction","target":{"@type":"EntryPoint","urlTemplate":"https:\/\/www.mizar.it\/de\/?s={search_term_string}"},"query-input":"required name=search_term_string"}],"inLanguage":"de"},{"@type":"Organization","@id":"https:\/\/www.mizar.it\/de\/#organization","name":"Mizar","url":"https:\/\/www.mizar.it\/de\/","logo":{"@type":"ImageObject","inLanguage":"de","@id":"https:\/\/www.mizar.it\/de\/#\/schema\/logo\/image\/","url":"https:\/\/www.mizar.it\/wp-content\/uploads\/2024\/10\/cropped-Mizar_icon_tab-1.png","contentUrl":"https:\/\/www.mizar.it\/wp-content\/uploads\/2024\/10\/cropped-Mizar_icon_tab-1.png","width":512,"height":512,"caption":"Mizar"},"image":{"@id":"https:\/\/www.mizar.it\/de\/#\/schema\/logo\/image\/"},"sameAs":["https:\/\/www.instagram.com\/mizarluce\/","https:\/\/www.linkedin.com\/company\/mizar-lighting\/"]}]}},"_links":{"self":[{"href":"https:\/\/www.mizar.it\/de\/wp-json\/wp\/v2\/pages\/136720","targetHints":{"allow":["GET"]}}],"collection":[{"href":"https:\/\/www.mizar.it\/de\/wp-json\/wp\/v2\/pages"}],"about":[{"href":"https:\/\/www.mizar.it\/de\/wp-json\/wp\/v2\/types\/page"}],"author":[{"embeddable":true,"href":"https:\/\/www.mizar.it\/de\/wp-json\/wp\/v2\/users\/10706"}],"replies":[{"embeddable":true,"href":"https:\/\/www.mizar.it\/de\/wp-json\/wp\/v2\/comments?post=136720"}],"version-history":[{"count":4,"href":"https:\/\/www.mizar.it\/de\/wp-json\/wp\/v2\/pages\/136720\/revisions"}],"predecessor-version":[{"id":136763,"href":"https:\/\/www.mizar.it\/de\/wp-json\/wp\/v2\/pages\/136720\/revisions\/136763"}],"wp:attachment":[{"href":"https:\/\/www.mizar.it\/de\/wp-json\/wp\/v2\/media?parent=136720"}],"curies":[{"name":"wp","href":"https:\/\/api.w.org\/{rel}","templated":true}]}}