{"id":126253,"date":"2025-05-26T16:58:32","date_gmt":"2025-05-26T14:58:32","guid":{"rendered":"https:\/\/www.mizar.it\/prodotto\/schlanke-einbaugehaeuse-mit-wasserablauf-4\/"},"modified":"2026-03-06T12:41:17","modified_gmt":"2026-03-06T11:41:17","slug":"schlanke-einbaugehaeuse-mit-wasserablauf-ceazzz011","status":"publish","type":"product","link":"https:\/\/www.mizar.it\/de\/prodotto\/schlanke-einbaugehaeuse-mit-wasserablauf-ceazzz011\/","title":{"rendered":"SCHLANKE EINBAUGEH\u00c4USE MIT WASSERABLAUF"},"content":{"rendered":"<p>Schlankes Einbaugeh\u00e4use mit Wasserablauf OCEANO 4<\/p>\n","protected":false},"excerpt":{"rendered":"<p>SCHLANKE EINBAUGEH\u00c4USE MIT WASSERABLAUF OCEANO 4<\/p>\n","protected":false},"featured_media":136261,"template":"","meta":{"inline_featured_image":false},"product_cat":[44210,44209,44236],"product_tag":[],"class_list":{"0":"post-126253","1":"product","2":"type-product","3":"status-publish","4":"has-post-thumbnail","6":"product_cat-einbaugehaeuse","7":"product_cat-zubehor","8":"product_cat-einbaugehaeuse-oceano","9":"pa_altezza-mm-145-de","10":"pa_diametro-mm-110-de","11":"pa_massimo-carico-statico-kn-500-de","13":"first","14":"instock","15":"product-type-simple","16":"berocket_lgv_grid","17":"berocket_lgv_list_grid"},"acf":[],"yoast_head":"<!-- This site is optimized with the Yoast SEO plugin v22.4 - https:\/\/yoast.com\/wordpress\/plugins\/seo\/ -->\n<title>Mizar - SCHLANKE EINBAUGEH\u00c4USE MIT WASSERABLAUF<\/title>\n<meta name=\"description\" content=\"Visita il sito Mizar.it e contattaci per scoprire di pi\u00f9 sul nostro prodotto SCHLANKE EINBAUGEH\u00c4USE MIT WASSERABLAUF.\" \/>\n<meta name=\"robots\" content=\"index, follow, max-snippet:-1, max-image-preview:large, max-video-preview:-1\" \/>\n<link rel=\"canonical\" href=\"https:\/\/www.mizar.it\/de\/prodotto\/schlanke-einbaugehaeuse-mit-wasserablauf-ceazzz011\/\" \/>\n<meta property=\"og:locale\" content=\"de_DE\" \/>\n<meta property=\"og:type\" content=\"article\" \/>\n<meta property=\"og:title\" content=\"Mizar - SCHLANKE EINBAUGEH\u00c4USE MIT WASSERABLAUF\" \/>\n<meta property=\"og:description\" content=\"Visita il sito Mizar.it e contattaci per scoprire di pi\u00f9 sul nostro prodotto SCHLANKE EINBAUGEH\u00c4USE MIT WASSERABLAUF.\" \/>\n<meta property=\"og:url\" content=\"https:\/\/www.mizar.it\/de\/prodotto\/schlanke-einbaugehaeuse-mit-wasserablauf-ceazzz011\/\" \/>\n<meta property=\"og:site_name\" content=\"Mizar\" \/>\n<meta property=\"article:modified_time\" content=\"2026-03-06T11:41:17+00:00\" \/>\n<meta property=\"og:image\" content=\"https:\/\/www.mizar.it\/wp-content\/uploads\/2025\/05\/CEAZZZ011.png\" \/>\n\t<meta property=\"og:image:width\" content=\"500\" \/>\n\t<meta property=\"og:image:height\" content=\"500\" \/>\n\t<meta property=\"og:image:type\" content=\"image\/png\" \/>\n<meta name=\"twitter:card\" content=\"summary_large_image\" \/>\n<meta name=\"twitter:label1\" content=\"Gesch\u00e4tzte Lesezeit\" \/>\n\t<meta name=\"twitter:data1\" content=\"1\u00a0Minute\" \/>\n<script type=\"application\/ld+json\" class=\"yoast-schema-graph\">{\"@context\":\"https:\/\/schema.org\",\"@graph\":[{\"@type\":\"WebPage\",\"@id\":\"https:\/\/www.mizar.it\/de\/prodotto\/schlanke-einbaugehaeuse-mit-wasserablauf-ceazzz011\/\",\"url\":\"https:\/\/www.mizar.it\/de\/prodotto\/schlanke-einbaugehaeuse-mit-wasserablauf-ceazzz011\/\",\"name\":\"Mizar - SCHLANKE EINBAUGEH\u00c4USE MIT WASSERABLAUF\",\"isPartOf\":{\"@id\":\"https:\/\/www.mizar.it\/de\/#website\"},\"primaryImageOfPage\":{\"@id\":\"https:\/\/www.mizar.it\/de\/prodotto\/schlanke-einbaugehaeuse-mit-wasserablauf-ceazzz011\/#primaryimage\"},\"image\":{\"@id\":\"https:\/\/www.mizar.it\/de\/prodotto\/schlanke-einbaugehaeuse-mit-wasserablauf-ceazzz011\/#primaryimage\"},\"thumbnailUrl\":\"https:\/\/www.mizar.it\/wp-content\/uploads\/2025\/05\/CEAZZZ011.png\",\"datePublished\":\"2025-05-26T14:58:32+00:00\",\"dateModified\":\"2026-03-06T11:41:17+00:00\",\"description\":\"Visita il sito Mizar.it e contattaci per scoprire di pi\u00f9 sul nostro prodotto SCHLANKE EINBAUGEH\u00c4USE MIT WASSERABLAUF.\",\"breadcrumb\":{\"@id\":\"https:\/\/www.mizar.it\/de\/prodotto\/schlanke-einbaugehaeuse-mit-wasserablauf-ceazzz011\/#breadcrumb\"},\"inLanguage\":\"de\",\"potentialAction\":[{\"@type\":\"ReadAction\",\"target\":[\"https:\/\/www.mizar.it\/de\/prodotto\/schlanke-einbaugehaeuse-mit-wasserablauf-ceazzz011\/\"]}]},{\"@type\":\"ImageObject\",\"inLanguage\":\"de\",\"@id\":\"https:\/\/www.mizar.it\/de\/prodotto\/schlanke-einbaugehaeuse-mit-wasserablauf-ceazzz011\/#primaryimage\",\"url\":\"https:\/\/www.mizar.it\/wp-content\/uploads\/2025\/05\/CEAZZZ011.png\",\"contentUrl\":\"https:\/\/www.mizar.it\/wp-content\/uploads\/2025\/05\/CEAZZZ011.png\",\"width\":500,\"height\":500},{\"@type\":\"BreadcrumbList\",\"@id\":\"https:\/\/www.mizar.it\/de\/prodotto\/schlanke-einbaugehaeuse-mit-wasserablauf-ceazzz011\/#breadcrumb\",\"itemListElement\":[{\"@type\":\"ListItem\",\"position\":1,\"name\":\"Mizar\",\"item\":\"https:\/\/www.mizar.it\/de\/\"},{\"@type\":\"ListItem\",\"position\":2,\"name\":\"SCHLANKE EINBAUGEH\u00c4USE MIT WASSERABLAUF\"}]},{\"@type\":\"WebSite\",\"@id\":\"https:\/\/www.mizar.it\/de\/#website\",\"url\":\"https:\/\/www.mizar.it\/de\/\",\"name\":\"Mizar\",\"description\":\"Lighting your way\",\"publisher\":{\"@id\":\"https:\/\/www.mizar.it\/de\/#organization\"},\"potentialAction\":[{\"@type\":\"SearchAction\",\"target\":{\"@type\":\"EntryPoint\",\"urlTemplate\":\"https:\/\/www.mizar.it\/de\/?s={search_term_string}\"},\"query-input\":\"required name=search_term_string\"}],\"inLanguage\":\"de\"},{\"@type\":\"Organization\",\"@id\":\"https:\/\/www.mizar.it\/de\/#organization\",\"name\":\"Mizar\",\"url\":\"https:\/\/www.mizar.it\/de\/\",\"logo\":{\"@type\":\"ImageObject\",\"inLanguage\":\"de\",\"@id\":\"https:\/\/www.mizar.it\/de\/#\/schema\/logo\/image\/\",\"url\":\"https:\/\/www.mizar.it\/wp-content\/uploads\/2024\/10\/cropped-Mizar_icon_tab-1.png\",\"contentUrl\":\"https:\/\/www.mizar.it\/wp-content\/uploads\/2024\/10\/cropped-Mizar_icon_tab-1.png\",\"width\":512,\"height\":512,\"caption\":\"Mizar\"},\"image\":{\"@id\":\"https:\/\/www.mizar.it\/de\/#\/schema\/logo\/image\/\"},\"sameAs\":[\"https:\/\/www.instagram.com\/mizarluce\/\",\"https:\/\/www.linkedin.com\/company\/mizar-lighting\/\"]}]}<\/script>\n<!-- \/ Yoast SEO plugin. -->","yoast_head_json":{"title":"Mizar - SCHLANKE EINBAUGEH\u00c4USE MIT WASSERABLAUF","description":"Visita il sito Mizar.it e contattaci per scoprire di pi\u00f9 sul nostro prodotto SCHLANKE EINBAUGEH\u00c4USE MIT WASSERABLAUF.","robots":{"index":"index","follow":"follow","max-snippet":"max-snippet:-1","max-image-preview":"max-image-preview:large","max-video-preview":"max-video-preview:-1"},"canonical":"https:\/\/www.mizar.it\/de\/prodotto\/schlanke-einbaugehaeuse-mit-wasserablauf-ceazzz011\/","og_locale":"de_DE","og_type":"article","og_title":"Mizar - SCHLANKE EINBAUGEH\u00c4USE MIT WASSERABLAUF","og_description":"Visita il sito Mizar.it e contattaci per scoprire di pi\u00f9 sul nostro prodotto SCHLANKE EINBAUGEH\u00c4USE MIT WASSERABLAUF.","og_url":"https:\/\/www.mizar.it\/de\/prodotto\/schlanke-einbaugehaeuse-mit-wasserablauf-ceazzz011\/","og_site_name":"Mizar","article_modified_time":"2026-03-06T11:41:17+00:00","og_image":[{"width":500,"height":500,"url":"https:\/\/www.mizar.it\/wp-content\/uploads\/2025\/05\/CEAZZZ011.png","type":"image\/png"}],"twitter_card":"summary_large_image","twitter_misc":{"Gesch\u00e4tzte Lesezeit":"1\u00a0Minute"},"schema":{"@context":"https:\/\/schema.org","@graph":[{"@type":"WebPage","@id":"https:\/\/www.mizar.it\/de\/prodotto\/schlanke-einbaugehaeuse-mit-wasserablauf-ceazzz011\/","url":"https:\/\/www.mizar.it\/de\/prodotto\/schlanke-einbaugehaeuse-mit-wasserablauf-ceazzz011\/","name":"Mizar - SCHLANKE EINBAUGEH\u00c4USE MIT WASSERABLAUF","isPartOf":{"@id":"https:\/\/www.mizar.it\/de\/#website"},"primaryImageOfPage":{"@id":"https:\/\/www.mizar.it\/de\/prodotto\/schlanke-einbaugehaeuse-mit-wasserablauf-ceazzz011\/#primaryimage"},"image":{"@id":"https:\/\/www.mizar.it\/de\/prodotto\/schlanke-einbaugehaeuse-mit-wasserablauf-ceazzz011\/#primaryimage"},"thumbnailUrl":"https:\/\/www.mizar.it\/wp-content\/uploads\/2025\/05\/CEAZZZ011.png","datePublished":"2025-05-26T14:58:32+00:00","dateModified":"2026-03-06T11:41:17+00:00","description":"Visita il sito Mizar.it e contattaci per scoprire di pi\u00f9 sul nostro prodotto SCHLANKE EINBAUGEH\u00c4USE MIT WASSERABLAUF.","breadcrumb":{"@id":"https:\/\/www.mizar.it\/de\/prodotto\/schlanke-einbaugehaeuse-mit-wasserablauf-ceazzz011\/#breadcrumb"},"inLanguage":"de","potentialAction":[{"@type":"ReadAction","target":["https:\/\/www.mizar.it\/de\/prodotto\/schlanke-einbaugehaeuse-mit-wasserablauf-ceazzz011\/"]}]},{"@type":"ImageObject","inLanguage":"de","@id":"https:\/\/www.mizar.it\/de\/prodotto\/schlanke-einbaugehaeuse-mit-wasserablauf-ceazzz011\/#primaryimage","url":"https:\/\/www.mizar.it\/wp-content\/uploads\/2025\/05\/CEAZZZ011.png","contentUrl":"https:\/\/www.mizar.it\/wp-content\/uploads\/2025\/05\/CEAZZZ011.png","width":500,"height":500},{"@type":"BreadcrumbList","@id":"https:\/\/www.mizar.it\/de\/prodotto\/schlanke-einbaugehaeuse-mit-wasserablauf-ceazzz011\/#breadcrumb","itemListElement":[{"@type":"ListItem","position":1,"name":"Mizar","item":"https:\/\/www.mizar.it\/de\/"},{"@type":"ListItem","position":2,"name":"SCHLANKE EINBAUGEH\u00c4USE MIT WASSERABLAUF"}]},{"@type":"WebSite","@id":"https:\/\/www.mizar.it\/de\/#website","url":"https:\/\/www.mizar.it\/de\/","name":"Mizar","description":"Lighting your way","publisher":{"@id":"https:\/\/www.mizar.it\/de\/#organization"},"potentialAction":[{"@type":"SearchAction","target":{"@type":"EntryPoint","urlTemplate":"https:\/\/www.mizar.it\/de\/?s={search_term_string}"},"query-input":"required name=search_term_string"}],"inLanguage":"de"},{"@type":"Organization","@id":"https:\/\/www.mizar.it\/de\/#organization","name":"Mizar","url":"https:\/\/www.mizar.it\/de\/","logo":{"@type":"ImageObject","inLanguage":"de","@id":"https:\/\/www.mizar.it\/de\/#\/schema\/logo\/image\/","url":"https:\/\/www.mizar.it\/wp-content\/uploads\/2024\/10\/cropped-Mizar_icon_tab-1.png","contentUrl":"https:\/\/www.mizar.it\/wp-content\/uploads\/2024\/10\/cropped-Mizar_icon_tab-1.png","width":512,"height":512,"caption":"Mizar"},"image":{"@id":"https:\/\/www.mizar.it\/de\/#\/schema\/logo\/image\/"},"sameAs":["https:\/\/www.instagram.com\/mizarluce\/","https:\/\/www.linkedin.com\/company\/mizar-lighting\/"]}]}},"df_price":"","df_sale_price":"","df_regular_price":"","df_image_link":"https:\/\/www.mizar.it\/wp-content\/uploads\/2025\/05\/CEAZZZ011-300x300.png","_links":{"self":[{"href":"https:\/\/www.mizar.it\/de\/wp-json\/wp\/v2\/product\/126253","targetHints":{"allow":["GET"]}}],"collection":[{"href":"https:\/\/www.mizar.it\/de\/wp-json\/wp\/v2\/product"}],"about":[{"href":"https:\/\/www.mizar.it\/de\/wp-json\/wp\/v2\/types\/product"}],"wp:featuredmedia":[{"embeddable":true,"href":"https:\/\/www.mizar.it\/de\/wp-json\/wp\/v2\/media\/136261"}],"wp:attachment":[{"href":"https:\/\/www.mizar.it\/de\/wp-json\/wp\/v2\/media?parent=126253"}],"wp:term":[{"taxonomy":"product_cat","embeddable":true,"href":"https:\/\/www.mizar.it\/de\/wp-json\/wp\/v2\/product_cat?post=126253"},{"taxonomy":"product_tag","embeddable":true,"href":"https:\/\/www.mizar.it\/de\/wp-json\/wp\/v2\/product_tag?post=126253"}],"curies":[{"name":"wp","href":"https:\/\/api.w.org\/{rel}","templated":true}]}}