{"id":126380,"date":"2025-04-16T10:47:13","date_gmt":"2025-04-16T08:47:13","guid":{"rendered":"https:\/\/www.mizar.it\/prodotto\/acus-1-3\/"},"modified":"2026-03-06T12:34:54","modified_gmt":"2026-03-06T11:34:54","slug":"acus-1-3-acu05pcm200z00","status":"publish","type":"product","link":"https:\/\/www.mizar.it\/de\/prodotto\/acus-1-3-acu05pcm200z00\/","title":{"rendered":"ACUS 1.3"},"content":{"rendered":"<p>Bodeneinbauleuchte befahrbar, geeignet f\u00fcr den Au\u00dfenbereich (IP66\/IP67), Betriebstemperaturbereich: -20 \u00b0C bis +50 \u00b0C. Der Produktk\u00f6rper ist aus Aluminium, der runde Rahmen aus Edelstahl, um Gewicht zu reduzieren und Korrosionsbest\u00e4ndigkeit zu gew\u00e4hrleisten. Die Lichtquelle ist eine RGBW-Multichip-LED mit 24 V Konstantspannung und einer maximalen Leistung von 13 W. Dank des hohen Lichtstroms eignet sie sich ideal zur Markierung von Fu\u00df- und Einfahrtswegen sowie zur Beleuchtung von Fassaden und architektonischen Details. Die Optik mit farbmischender TIR-Linse sorgt f\u00fcr optimale Sicht. Die LED-Quelle ist f\u00fcr mehr Sehkomfort versenkt. Acus ist mit dem IdroSkud\u00ae-System ausgestattet, das die elektronischen Komponenten vor Spannungsspitzen, Verpolung und Wassereintritt sch\u00fctzt. Optional sind Wabenfilter und Montagezubeh\u00f6r (befahr Einbaugeh\u00e4use) erh\u00e4ltlich. F\u00fcr den Betrieb ist ein Netzteil erforderlich, das separat bestellt werden muss. Die Anzahl der an ein Netzteil anschlie\u00dfbaren Leuchten variiert je nach Installationsart. Es obliegt dem Installateur, den m\u00f6glichen Spannungsabfall durch Messung des Abstands zwischen dem Produkt und der Stromversorgung zu \u00fcberpr\u00fcfen.<\/p>\n","protected":false},"excerpt":{"rendered":"<p>ACUS 1.3 13W 26\u00b0 RGBW 24V PWM WF<\/p>\n","protected":false},"featured_media":126379,"template":"","meta":{"inline_featured_image":false},"product_cat":[44252,44244,44251,44256],"product_tag":[],"class_list":{"0":"post-126380","1":"product","2":"type-product","3":"status-publish","4":"has-post-thumbnail","6":"product_cat-acus-de","7":"product_cat-aussenbereich","8":"product_cat-bodeneinbauleuchten","9":"product_cat-acus-1-3-de","10":"pa_altezza-mm-62-de","11":"pa_aree-en-60598-2-13-a1-a2-a3-a4-de","12":"pa_diametro-mm-140-de","13":"pa_flusso-apparecchio-lm-535-de","14":"pa_flusso-sorgente-lm-1040-de","15":"pa_massimo-carico-statico-kn-2000-de-2","16":"pa_peso-g-1-24-de","17":"pa_potenza-nominale-w-13-de","18":"pa_temp-operativa-minima-20-c-de","19":"pa_temp-superficiale-massima-60-c-de","21":"first","22":"instock","23":"product-type-simple","24":"berocket_lgv_grid","25":"berocket_lgv_list_grid"},"acf":[],"yoast_head":"<!-- This site is optimized with the Yoast SEO plugin v22.4 - https:\/\/yoast.com\/wordpress\/plugins\/seo\/ -->\n<title>Mizar - ACUS 1.3<\/title>\n<meta name=\"description\" content=\"Visita il sito Mizar.it e contattaci per scoprire di pi\u00f9 sul nostro prodotto ACUS 1.3.\" \/>\n<meta name=\"robots\" content=\"index, follow, max-snippet:-1, max-image-preview:large, max-video-preview:-1\" \/>\n<link rel=\"canonical\" href=\"https:\/\/www.mizar.it\/de\/prodotto\/acus-1-3-acu05pcm200z00\/\" \/>\n<meta property=\"og:locale\" content=\"de_DE\" \/>\n<meta property=\"og:type\" content=\"article\" \/>\n<meta property=\"og:title\" content=\"Mizar - ACUS 1.3\" \/>\n<meta property=\"og:description\" content=\"Visita il sito Mizar.it e contattaci per scoprire di pi\u00f9 sul nostro prodotto ACUS 1.3.\" \/>\n<meta property=\"og:url\" content=\"https:\/\/www.mizar.it\/de\/prodotto\/acus-1-3-acu05pcm200z00\/\" \/>\n<meta property=\"og:site_name\" content=\"Mizar\" \/>\n<meta property=\"article:modified_time\" content=\"2026-03-06T11:34:54+00:00\" \/>\n<meta property=\"og:image\" content=\"https:\/\/www.mizar.it\/wp-content\/uploads\/2025\/11\/ACUS_1.3_RGBW_img1-1.jpg\" \/>\n\t<meta property=\"og:image:width\" content=\"1000\" \/>\n\t<meta property=\"og:image:height\" content=\"1000\" \/>\n\t<meta property=\"og:image:type\" content=\"image\/jpeg\" \/>\n<meta name=\"twitter:card\" content=\"summary_large_image\" \/>\n<meta name=\"twitter:label1\" content=\"Gesch\u00e4tzte Lesezeit\" \/>\n\t<meta name=\"twitter:data1\" content=\"1\u00a0Minute\" \/>\n<script type=\"application\/ld+json\" class=\"yoast-schema-graph\">{\"@context\":\"https:\/\/schema.org\",\"@graph\":[{\"@type\":\"WebPage\",\"@id\":\"https:\/\/www.mizar.it\/de\/prodotto\/acus-1-3-acu05pcm200z00\/\",\"url\":\"https:\/\/www.mizar.it\/de\/prodotto\/acus-1-3-acu05pcm200z00\/\",\"name\":\"Mizar - ACUS 1.3\",\"isPartOf\":{\"@id\":\"https:\/\/www.mizar.it\/de\/#website\"},\"primaryImageOfPage\":{\"@id\":\"https:\/\/www.mizar.it\/de\/prodotto\/acus-1-3-acu05pcm200z00\/#primaryimage\"},\"image\":{\"@id\":\"https:\/\/www.mizar.it\/de\/prodotto\/acus-1-3-acu05pcm200z00\/#primaryimage\"},\"thumbnailUrl\":\"https:\/\/www.mizar.it\/wp-content\/uploads\/2025\/11\/ACUS_1.3_RGBW_img1-1.jpg\",\"datePublished\":\"2025-04-16T08:47:13+00:00\",\"dateModified\":\"2026-03-06T11:34:54+00:00\",\"description\":\"Visita il sito Mizar.it e contattaci per scoprire di pi\u00f9 sul nostro prodotto ACUS 1.3.\",\"breadcrumb\":{\"@id\":\"https:\/\/www.mizar.it\/de\/prodotto\/acus-1-3-acu05pcm200z00\/#breadcrumb\"},\"inLanguage\":\"de\",\"potentialAction\":[{\"@type\":\"ReadAction\",\"target\":[\"https:\/\/www.mizar.it\/de\/prodotto\/acus-1-3-acu05pcm200z00\/\"]}]},{\"@type\":\"ImageObject\",\"inLanguage\":\"de\",\"@id\":\"https:\/\/www.mizar.it\/de\/prodotto\/acus-1-3-acu05pcm200z00\/#primaryimage\",\"url\":\"https:\/\/www.mizar.it\/wp-content\/uploads\/2025\/11\/ACUS_1.3_RGBW_img1-1.jpg\",\"contentUrl\":\"https:\/\/www.mizar.it\/wp-content\/uploads\/2025\/11\/ACUS_1.3_RGBW_img1-1.jpg\",\"width\":1000,\"height\":1000},{\"@type\":\"BreadcrumbList\",\"@id\":\"https:\/\/www.mizar.it\/de\/prodotto\/acus-1-3-acu05pcm200z00\/#breadcrumb\",\"itemListElement\":[{\"@type\":\"ListItem\",\"position\":1,\"name\":\"Mizar\",\"item\":\"https:\/\/www.mizar.it\/de\/\"},{\"@type\":\"ListItem\",\"position\":2,\"name\":\"ACUS 1.3\"}]},{\"@type\":\"WebSite\",\"@id\":\"https:\/\/www.mizar.it\/de\/#website\",\"url\":\"https:\/\/www.mizar.it\/de\/\",\"name\":\"Mizar\",\"description\":\"Lighting your way\",\"publisher\":{\"@id\":\"https:\/\/www.mizar.it\/de\/#organization\"},\"potentialAction\":[{\"@type\":\"SearchAction\",\"target\":{\"@type\":\"EntryPoint\",\"urlTemplate\":\"https:\/\/www.mizar.it\/de\/?s={search_term_string}\"},\"query-input\":\"required name=search_term_string\"}],\"inLanguage\":\"de\"},{\"@type\":\"Organization\",\"@id\":\"https:\/\/www.mizar.it\/de\/#organization\",\"name\":\"Mizar\",\"url\":\"https:\/\/www.mizar.it\/de\/\",\"logo\":{\"@type\":\"ImageObject\",\"inLanguage\":\"de\",\"@id\":\"https:\/\/www.mizar.it\/de\/#\/schema\/logo\/image\/\",\"url\":\"https:\/\/www.mizar.it\/wp-content\/uploads\/2024\/10\/cropped-Mizar_icon_tab-1.png\",\"contentUrl\":\"https:\/\/www.mizar.it\/wp-content\/uploads\/2024\/10\/cropped-Mizar_icon_tab-1.png\",\"width\":512,\"height\":512,\"caption\":\"Mizar\"},\"image\":{\"@id\":\"https:\/\/www.mizar.it\/de\/#\/schema\/logo\/image\/\"},\"sameAs\":[\"https:\/\/www.instagram.com\/mizarluce\/\",\"https:\/\/www.linkedin.com\/company\/mizar-lighting\/\"]}]}<\/script>\n<!-- \/ Yoast SEO plugin. -->","yoast_head_json":{"title":"Mizar - ACUS 1.3","description":"Visita il sito Mizar.it e contattaci per scoprire di pi\u00f9 sul nostro prodotto ACUS 1.3.","robots":{"index":"index","follow":"follow","max-snippet":"max-snippet:-1","max-image-preview":"max-image-preview:large","max-video-preview":"max-video-preview:-1"},"canonical":"https:\/\/www.mizar.it\/de\/prodotto\/acus-1-3-acu05pcm200z00\/","og_locale":"de_DE","og_type":"article","og_title":"Mizar - ACUS 1.3","og_description":"Visita il sito Mizar.it e contattaci per scoprire di pi\u00f9 sul nostro prodotto ACUS 1.3.","og_url":"https:\/\/www.mizar.it\/de\/prodotto\/acus-1-3-acu05pcm200z00\/","og_site_name":"Mizar","article_modified_time":"2026-03-06T11:34:54+00:00","og_image":[{"width":1000,"height":1000,"url":"https:\/\/www.mizar.it\/wp-content\/uploads\/2025\/11\/ACUS_1.3_RGBW_img1-1.jpg","type":"image\/jpeg"}],"twitter_card":"summary_large_image","twitter_misc":{"Gesch\u00e4tzte Lesezeit":"1\u00a0Minute"},"schema":{"@context":"https:\/\/schema.org","@graph":[{"@type":"WebPage","@id":"https:\/\/www.mizar.it\/de\/prodotto\/acus-1-3-acu05pcm200z00\/","url":"https:\/\/www.mizar.it\/de\/prodotto\/acus-1-3-acu05pcm200z00\/","name":"Mizar - ACUS 1.3","isPartOf":{"@id":"https:\/\/www.mizar.it\/de\/#website"},"primaryImageOfPage":{"@id":"https:\/\/www.mizar.it\/de\/prodotto\/acus-1-3-acu05pcm200z00\/#primaryimage"},"image":{"@id":"https:\/\/www.mizar.it\/de\/prodotto\/acus-1-3-acu05pcm200z00\/#primaryimage"},"thumbnailUrl":"https:\/\/www.mizar.it\/wp-content\/uploads\/2025\/11\/ACUS_1.3_RGBW_img1-1.jpg","datePublished":"2025-04-16T08:47:13+00:00","dateModified":"2026-03-06T11:34:54+00:00","description":"Visita il sito Mizar.it e contattaci per scoprire di pi\u00f9 sul nostro prodotto ACUS 1.3.","breadcrumb":{"@id":"https:\/\/www.mizar.it\/de\/prodotto\/acus-1-3-acu05pcm200z00\/#breadcrumb"},"inLanguage":"de","potentialAction":[{"@type":"ReadAction","target":["https:\/\/www.mizar.it\/de\/prodotto\/acus-1-3-acu05pcm200z00\/"]}]},{"@type":"ImageObject","inLanguage":"de","@id":"https:\/\/www.mizar.it\/de\/prodotto\/acus-1-3-acu05pcm200z00\/#primaryimage","url":"https:\/\/www.mizar.it\/wp-content\/uploads\/2025\/11\/ACUS_1.3_RGBW_img1-1.jpg","contentUrl":"https:\/\/www.mizar.it\/wp-content\/uploads\/2025\/11\/ACUS_1.3_RGBW_img1-1.jpg","width":1000,"height":1000},{"@type":"BreadcrumbList","@id":"https:\/\/www.mizar.it\/de\/prodotto\/acus-1-3-acu05pcm200z00\/#breadcrumb","itemListElement":[{"@type":"ListItem","position":1,"name":"Mizar","item":"https:\/\/www.mizar.it\/de\/"},{"@type":"ListItem","position":2,"name":"ACUS 1.3"}]},{"@type":"WebSite","@id":"https:\/\/www.mizar.it\/de\/#website","url":"https:\/\/www.mizar.it\/de\/","name":"Mizar","description":"Lighting your way","publisher":{"@id":"https:\/\/www.mizar.it\/de\/#organization"},"potentialAction":[{"@type":"SearchAction","target":{"@type":"EntryPoint","urlTemplate":"https:\/\/www.mizar.it\/de\/?s={search_term_string}"},"query-input":"required name=search_term_string"}],"inLanguage":"de"},{"@type":"Organization","@id":"https:\/\/www.mizar.it\/de\/#organization","name":"Mizar","url":"https:\/\/www.mizar.it\/de\/","logo":{"@type":"ImageObject","inLanguage":"de","@id":"https:\/\/www.mizar.it\/de\/#\/schema\/logo\/image\/","url":"https:\/\/www.mizar.it\/wp-content\/uploads\/2024\/10\/cropped-Mizar_icon_tab-1.png","contentUrl":"https:\/\/www.mizar.it\/wp-content\/uploads\/2024\/10\/cropped-Mizar_icon_tab-1.png","width":512,"height":512,"caption":"Mizar"},"image":{"@id":"https:\/\/www.mizar.it\/de\/#\/schema\/logo\/image\/"},"sameAs":["https:\/\/www.instagram.com\/mizarluce\/","https:\/\/www.linkedin.com\/company\/mizar-lighting\/"]}]}},"df_price":"","df_sale_price":"","df_regular_price":"","df_image_link":"https:\/\/www.mizar.it\/wp-content\/uploads\/2025\/11\/ACUS_1.3_RGBW_img1-1-300x300.jpg","_links":{"self":[{"href":"https:\/\/www.mizar.it\/de\/wp-json\/wp\/v2\/product\/126380","targetHints":{"allow":["GET"]}}],"collection":[{"href":"https:\/\/www.mizar.it\/de\/wp-json\/wp\/v2\/product"}],"about":[{"href":"https:\/\/www.mizar.it\/de\/wp-json\/wp\/v2\/types\/product"}],"wp:featuredmedia":[{"embeddable":true,"href":"https:\/\/www.mizar.it\/de\/wp-json\/wp\/v2\/media\/126379"}],"wp:attachment":[{"href":"https:\/\/www.mizar.it\/de\/wp-json\/wp\/v2\/media?parent=126380"}],"wp:term":[{"taxonomy":"product_cat","embeddable":true,"href":"https:\/\/www.mizar.it\/de\/wp-json\/wp\/v2\/product_cat?post=126380"},{"taxonomy":"product_tag","embeddable":true,"href":"https:\/\/www.mizar.it\/de\/wp-json\/wp\/v2\/product_tag?post=126380"}],"curies":[{"name":"wp","href":"https:\/\/api.w.org\/{rel}","templated":true}]}}