{"id":127194,"date":"2025-04-17T09:31:36","date_gmt":"2025-04-17T07:31:36","guid":{"rendered":"https:\/\/www.mizar.it\/prodotto\/egeo-4-1-rgbw\/"},"modified":"2026-03-09T12:52:02","modified_gmt":"2026-03-09T11:52:02","slug":"oceano-8-rgbw-cea15pcm100c00","status":"publish","type":"product","link":"https:\/\/www.mizar.it\/de\/prodotto\/oceano-8-rgbw-cea15pcm100c00\/","title":{"rendered":"EGEO 4.1 RGBW"},"content":{"rendered":"<p>Scheinwerfer f\u00fcr den Au\u00dfen- und Unterwasserbereich bis 10 m (IP66\/IP68) mit einem Betriebstemperaturbereich von -20 \u00b0C bis +50 \u00b0C. F\u00fcr maximale Flexibilit\u00e4t ist das Geh\u00e4use wahlweise aus Aluminium oder Stahl gefertigt; die bei beiden Modellen aus Edelstahl gefertigte Halterung erm\u00f6glicht die Einstellung des Neigungswinkels. Die Lichtquelle ist eine RGBW-Multichip-LED mit einer Konstantspannung von 24 V und einer maximalen Leistung von 8 W, kombiniert mit einer speziellen Farbmisch-TIR-Linse. Dank des Lichtstroms und der verschiedenen Abstrahlwinkel eignet sich der Strahler ideal zur Beleuchtung von architektonischen Details, Gartenpflanzen oder Wasserspielen. Die zur\u00fcckgesetzte Lichtquelle sorgt f\u00fcr hohen Sehkomfort. Farbwiedergabeindex (CRI) > 90. EGEO ist mit dem IdroSkud\u00ae-System ausgestattet, das die elektronischen Komponenten vor Spannungsspitzen, Verpolung und Wassereintritt sch\u00fctzt. Optional sind ein Wabenfilter und ein Erdspie\u00df erh\u00e4ltlich. F\u00fcr den Betrieb ist ein Netzteil erforderlich. Das Netzteil muss separat bestellt werden. Die Anzahl der Leuchten, die an ein Netzteil angeschlossen werden k\u00f6nnen, h\u00e4ngt von der Art der Installation ab. Der Installateur muss den m\u00f6glichen Spannungsabfall durch Messung des Abstands zwischen Produkt und Netzteil ermitteln.<\/p>\n","protected":false},"excerpt":{"rendered":"<p>EGEO 4.1 8W AL 26\u00b0 RGBW 24V PWM WF 1,5M<\/p>\n","protected":false},"featured_media":127188,"template":"","meta":{"inline_featured_image":false},"product_cat":[44244,44305,44304,44310],"product_tag":[],"class_list":{"0":"post-127194","1":"product","2":"type-product","3":"status-publish","4":"has-post-thumbnail","6":"product_cat-aussenbereich","7":"product_cat-egeo-de","8":"product_cat-scheinwerfer","9":"product_cat-egeo-4-1-rgbw-de","10":"pa_altezza-mm-117-de","11":"pa_flusso-apparecchio-lm-329-de","12":"pa_flusso-sorgente-lm-640-de","13":"pa_larghezza-mm-86-de","14":"pa_lunghezza-mm-114-de","15":"pa_peso-g-0-748-de","16":"pa_potenza-nominale-w-8-de","17":"pa_temp-operativa-minima-20-c-de","19":"first","20":"instock","21":"product-type-simple","22":"berocket_lgv_grid","23":"berocket_lgv_list_grid"},"acf":[],"yoast_head":"<!-- This site is optimized with the Yoast SEO plugin v22.4 - https:\/\/yoast.com\/wordpress\/plugins\/seo\/ -->\n<title>Mizar - EGEO 4.1 RGBW<\/title>\n<meta name=\"description\" content=\"Visita il sito Mizar.it e contattaci per scoprire di pi\u00f9 sul nostro prodotto EGEO 4.1 RGBW.\" \/>\n<meta name=\"robots\" content=\"index, follow, max-snippet:-1, max-image-preview:large, max-video-preview:-1\" \/>\n<link rel=\"canonical\" href=\"https:\/\/www.mizar.it\/de\/prodotto\/oceano-8-rgbw-cea15pcm100c00\/\" \/>\n<meta property=\"og:locale\" content=\"de_DE\" \/>\n<meta property=\"og:type\" content=\"article\" \/>\n<meta property=\"og:title\" content=\"Mizar - EGEO 4.1 RGBW\" \/>\n<meta property=\"og:description\" content=\"Visita il sito Mizar.it e contattaci per scoprire di pi\u00f9 sul nostro prodotto EGEO 4.1 RGBW.\" \/>\n<meta property=\"og:url\" content=\"https:\/\/www.mizar.it\/de\/prodotto\/oceano-8-rgbw-cea15pcm100c00\/\" \/>\n<meta property=\"og:site_name\" content=\"Mizar\" \/>\n<meta property=\"article:modified_time\" content=\"2026-03-09T11:52:02+00:00\" \/>\n<meta property=\"og:image\" content=\"https:\/\/www.mizar.it\/wp-content\/uploads\/2025\/11\/EGEO_4.1_RGBW_AL_img1-1.jpg\" \/>\n\t<meta property=\"og:image:width\" content=\"1000\" \/>\n\t<meta property=\"og:image:height\" content=\"1000\" \/>\n\t<meta property=\"og:image:type\" content=\"image\/jpeg\" \/>\n<meta name=\"twitter:card\" content=\"summary_large_image\" \/>\n<meta name=\"twitter:label1\" content=\"Gesch\u00e4tzte Lesezeit\" \/>\n\t<meta name=\"twitter:data1\" content=\"1\u00a0Minute\" \/>\n<script type=\"application\/ld+json\" class=\"yoast-schema-graph\">{\"@context\":\"https:\/\/schema.org\",\"@graph\":[{\"@type\":\"WebPage\",\"@id\":\"https:\/\/www.mizar.it\/de\/prodotto\/oceano-8-rgbw-cea15pcm100c00\/\",\"url\":\"https:\/\/www.mizar.it\/de\/prodotto\/oceano-8-rgbw-cea15pcm100c00\/\",\"name\":\"Mizar - EGEO 4.1 RGBW\",\"isPartOf\":{\"@id\":\"https:\/\/www.mizar.it\/de\/#website\"},\"primaryImageOfPage\":{\"@id\":\"https:\/\/www.mizar.it\/de\/prodotto\/oceano-8-rgbw-cea15pcm100c00\/#primaryimage\"},\"image\":{\"@id\":\"https:\/\/www.mizar.it\/de\/prodotto\/oceano-8-rgbw-cea15pcm100c00\/#primaryimage\"},\"thumbnailUrl\":\"https:\/\/www.mizar.it\/wp-content\/uploads\/2025\/11\/EGEO_4.1_RGBW_AL_img1-1.jpg\",\"datePublished\":\"2025-04-17T07:31:36+00:00\",\"dateModified\":\"2026-03-09T11:52:02+00:00\",\"description\":\"Visita il sito Mizar.it e contattaci per scoprire di pi\u00f9 sul nostro prodotto EGEO 4.1 RGBW.\",\"breadcrumb\":{\"@id\":\"https:\/\/www.mizar.it\/de\/prodotto\/oceano-8-rgbw-cea15pcm100c00\/#breadcrumb\"},\"inLanguage\":\"de\",\"potentialAction\":[{\"@type\":\"ReadAction\",\"target\":[\"https:\/\/www.mizar.it\/de\/prodotto\/oceano-8-rgbw-cea15pcm100c00\/\"]}]},{\"@type\":\"ImageObject\",\"inLanguage\":\"de\",\"@id\":\"https:\/\/www.mizar.it\/de\/prodotto\/oceano-8-rgbw-cea15pcm100c00\/#primaryimage\",\"url\":\"https:\/\/www.mizar.it\/wp-content\/uploads\/2025\/11\/EGEO_4.1_RGBW_AL_img1-1.jpg\",\"contentUrl\":\"https:\/\/www.mizar.it\/wp-content\/uploads\/2025\/11\/EGEO_4.1_RGBW_AL_img1-1.jpg\",\"width\":1000,\"height\":1000},{\"@type\":\"BreadcrumbList\",\"@id\":\"https:\/\/www.mizar.it\/de\/prodotto\/oceano-8-rgbw-cea15pcm100c00\/#breadcrumb\",\"itemListElement\":[{\"@type\":\"ListItem\",\"position\":1,\"name\":\"Mizar\",\"item\":\"https:\/\/www.mizar.it\/de\/\"},{\"@type\":\"ListItem\",\"position\":2,\"name\":\"EGEO 4.1 RGBW\"}]},{\"@type\":\"WebSite\",\"@id\":\"https:\/\/www.mizar.it\/de\/#website\",\"url\":\"https:\/\/www.mizar.it\/de\/\",\"name\":\"Mizar\",\"description\":\"Lighting your way\",\"publisher\":{\"@id\":\"https:\/\/www.mizar.it\/de\/#organization\"},\"potentialAction\":[{\"@type\":\"SearchAction\",\"target\":{\"@type\":\"EntryPoint\",\"urlTemplate\":\"https:\/\/www.mizar.it\/de\/?s={search_term_string}\"},\"query-input\":\"required name=search_term_string\"}],\"inLanguage\":\"de\"},{\"@type\":\"Organization\",\"@id\":\"https:\/\/www.mizar.it\/de\/#organization\",\"name\":\"Mizar\",\"url\":\"https:\/\/www.mizar.it\/de\/\",\"logo\":{\"@type\":\"ImageObject\",\"inLanguage\":\"de\",\"@id\":\"https:\/\/www.mizar.it\/de\/#\/schema\/logo\/image\/\",\"url\":\"https:\/\/www.mizar.it\/wp-content\/uploads\/2024\/10\/cropped-Mizar_icon_tab-1.png\",\"contentUrl\":\"https:\/\/www.mizar.it\/wp-content\/uploads\/2024\/10\/cropped-Mizar_icon_tab-1.png\",\"width\":512,\"height\":512,\"caption\":\"Mizar\"},\"image\":{\"@id\":\"https:\/\/www.mizar.it\/de\/#\/schema\/logo\/image\/\"},\"sameAs\":[\"https:\/\/www.instagram.com\/mizarluce\/\",\"https:\/\/www.linkedin.com\/company\/mizar-lighting\/\"]}]}<\/script>\n<!-- \/ Yoast SEO plugin. -->","yoast_head_json":{"title":"Mizar - EGEO 4.1 RGBW","description":"Visita il sito Mizar.it e contattaci per scoprire di pi\u00f9 sul nostro prodotto EGEO 4.1 RGBW.","robots":{"index":"index","follow":"follow","max-snippet":"max-snippet:-1","max-image-preview":"max-image-preview:large","max-video-preview":"max-video-preview:-1"},"canonical":"https:\/\/www.mizar.it\/de\/prodotto\/oceano-8-rgbw-cea15pcm100c00\/","og_locale":"de_DE","og_type":"article","og_title":"Mizar - EGEO 4.1 RGBW","og_description":"Visita il sito Mizar.it e contattaci per scoprire di pi\u00f9 sul nostro prodotto EGEO 4.1 RGBW.","og_url":"https:\/\/www.mizar.it\/de\/prodotto\/oceano-8-rgbw-cea15pcm100c00\/","og_site_name":"Mizar","article_modified_time":"2026-03-09T11:52:02+00:00","og_image":[{"width":1000,"height":1000,"url":"https:\/\/www.mizar.it\/wp-content\/uploads\/2025\/11\/EGEO_4.1_RGBW_AL_img1-1.jpg","type":"image\/jpeg"}],"twitter_card":"summary_large_image","twitter_misc":{"Gesch\u00e4tzte Lesezeit":"1\u00a0Minute"},"schema":{"@context":"https:\/\/schema.org","@graph":[{"@type":"WebPage","@id":"https:\/\/www.mizar.it\/de\/prodotto\/oceano-8-rgbw-cea15pcm100c00\/","url":"https:\/\/www.mizar.it\/de\/prodotto\/oceano-8-rgbw-cea15pcm100c00\/","name":"Mizar - EGEO 4.1 RGBW","isPartOf":{"@id":"https:\/\/www.mizar.it\/de\/#website"},"primaryImageOfPage":{"@id":"https:\/\/www.mizar.it\/de\/prodotto\/oceano-8-rgbw-cea15pcm100c00\/#primaryimage"},"image":{"@id":"https:\/\/www.mizar.it\/de\/prodotto\/oceano-8-rgbw-cea15pcm100c00\/#primaryimage"},"thumbnailUrl":"https:\/\/www.mizar.it\/wp-content\/uploads\/2025\/11\/EGEO_4.1_RGBW_AL_img1-1.jpg","datePublished":"2025-04-17T07:31:36+00:00","dateModified":"2026-03-09T11:52:02+00:00","description":"Visita il sito Mizar.it e contattaci per scoprire di pi\u00f9 sul nostro prodotto EGEO 4.1 RGBW.","breadcrumb":{"@id":"https:\/\/www.mizar.it\/de\/prodotto\/oceano-8-rgbw-cea15pcm100c00\/#breadcrumb"},"inLanguage":"de","potentialAction":[{"@type":"ReadAction","target":["https:\/\/www.mizar.it\/de\/prodotto\/oceano-8-rgbw-cea15pcm100c00\/"]}]},{"@type":"ImageObject","inLanguage":"de","@id":"https:\/\/www.mizar.it\/de\/prodotto\/oceano-8-rgbw-cea15pcm100c00\/#primaryimage","url":"https:\/\/www.mizar.it\/wp-content\/uploads\/2025\/11\/EGEO_4.1_RGBW_AL_img1-1.jpg","contentUrl":"https:\/\/www.mizar.it\/wp-content\/uploads\/2025\/11\/EGEO_4.1_RGBW_AL_img1-1.jpg","width":1000,"height":1000},{"@type":"BreadcrumbList","@id":"https:\/\/www.mizar.it\/de\/prodotto\/oceano-8-rgbw-cea15pcm100c00\/#breadcrumb","itemListElement":[{"@type":"ListItem","position":1,"name":"Mizar","item":"https:\/\/www.mizar.it\/de\/"},{"@type":"ListItem","position":2,"name":"EGEO 4.1 RGBW"}]},{"@type":"WebSite","@id":"https:\/\/www.mizar.it\/de\/#website","url":"https:\/\/www.mizar.it\/de\/","name":"Mizar","description":"Lighting your way","publisher":{"@id":"https:\/\/www.mizar.it\/de\/#organization"},"potentialAction":[{"@type":"SearchAction","target":{"@type":"EntryPoint","urlTemplate":"https:\/\/www.mizar.it\/de\/?s={search_term_string}"},"query-input":"required name=search_term_string"}],"inLanguage":"de"},{"@type":"Organization","@id":"https:\/\/www.mizar.it\/de\/#organization","name":"Mizar","url":"https:\/\/www.mizar.it\/de\/","logo":{"@type":"ImageObject","inLanguage":"de","@id":"https:\/\/www.mizar.it\/de\/#\/schema\/logo\/image\/","url":"https:\/\/www.mizar.it\/wp-content\/uploads\/2024\/10\/cropped-Mizar_icon_tab-1.png","contentUrl":"https:\/\/www.mizar.it\/wp-content\/uploads\/2024\/10\/cropped-Mizar_icon_tab-1.png","width":512,"height":512,"caption":"Mizar"},"image":{"@id":"https:\/\/www.mizar.it\/de\/#\/schema\/logo\/image\/"},"sameAs":["https:\/\/www.instagram.com\/mizarluce\/","https:\/\/www.linkedin.com\/company\/mizar-lighting\/"]}]}},"df_price":"","df_sale_price":"","df_regular_price":"","df_image_link":"https:\/\/www.mizar.it\/wp-content\/uploads\/2025\/11\/EGEO_4.1_RGBW_AL_img1-1-300x300.jpg","_links":{"self":[{"href":"https:\/\/www.mizar.it\/de\/wp-json\/wp\/v2\/product\/127194","targetHints":{"allow":["GET"]}}],"collection":[{"href":"https:\/\/www.mizar.it\/de\/wp-json\/wp\/v2\/product"}],"about":[{"href":"https:\/\/www.mizar.it\/de\/wp-json\/wp\/v2\/types\/product"}],"wp:featuredmedia":[{"embeddable":true,"href":"https:\/\/www.mizar.it\/de\/wp-json\/wp\/v2\/media\/127188"}],"wp:attachment":[{"href":"https:\/\/www.mizar.it\/de\/wp-json\/wp\/v2\/media?parent=127194"}],"wp:term":[{"taxonomy":"product_cat","embeddable":true,"href":"https:\/\/www.mizar.it\/de\/wp-json\/wp\/v2\/product_cat?post=127194"},{"taxonomy":"product_tag","embeddable":true,"href":"https:\/\/www.mizar.it\/de\/wp-json\/wp\/v2\/product_tag?post=127194"}],"curies":[{"name":"wp","href":"https:\/\/api.w.org\/{rel}","templated":true}]}}