{"id":127291,"date":"2025-04-16T11:01:32","date_gmt":"2025-04-16T09:01:32","guid":{"rendered":"https:\/\/www.mizar.it\/prodotto\/elios-1-0\/"},"modified":"2026-03-09T15:38:04","modified_gmt":"2026-03-09T14:38:04","slug":"elios-1-0-els00ccs0ctc00","status":"publish","type":"product","link":"https:\/\/www.mizar.it\/de\/prodotto\/elios-1-0-els00ccs0ctc00\/","title":{"rendered":"ELIOS 1.0"},"content":{"rendered":"<p>Scheinwerfer f\u00fcr den Au\u00dfenbereich (IP66\/IP67) mit einem Betriebstemperaturbereich von -20 \u00b0C bis +50 \u00b0C. Der Produktk\u00f6rper ist aus Aluminium, um Gewicht zu reduzieren und Korrosionsbest\u00e4ndigkeit zu gew\u00e4hrleisten. Die Polyester-Epoxid-Lackierung sch\u00fctzt das Aluminiumgeh\u00e4use und garantiert eine Korrosionsbest\u00e4ndigkeit von 1500 Stunden im Salzspr\u00fchtest. Die COB-LED-Lichtquelle wird mit einer Konstantspannung von 48 V betrieben und liefert eine maximale Leistung von 20 W. Dank des hohen Lichtstroms eignet sich der Strahler ideal zur Markierung von Fu\u00df- und Einfahrtswegen sowie zur Beleuchtung von Fassaden und architektonischen Details. Die Optik mit TIR-Linse sorgt f\u00fcr hohen Sehkomfort. Die LED-Lichtquelle ist f\u00fcr optimale Sichtverh\u00e4ltnisse versenkt. Farbwiedergabeindex (CRI) > 90. Elios ist mit dem IdroSkud\u00ae-System ausgestattet, das die elektronischen Bauteile vor Spannungsspitzen, Verpolung und Wassereintritt sch\u00fctzt. Optional sind Wabenfilter und ein Erdspie\u00df erh\u00e4ltlich. F\u00fcr den Betrieb des Produkts ist ein Netzteil erforderlich. Das Netzteil muss separat bestellt werden. Die Anzahl der Leuchten, die an eine einzelne Stromversorgung angeschlossen werden k\u00f6nnen, variiert je nach Installationsart. Der Installateur ist daf\u00fcr verantwortlich, den m\u00f6glichen Spannungsabfall durch Messung des Abstands zwischen Produkt und Stromversorgung zu ermitteln.<\/p>\n","protected":false},"excerpt":{"rendered":"<p>ELIOS 1.0 20W CORTEN 14\u00b0 2700K 48V 1,5M<\/p>\n","protected":false},"featured_media":127292,"template":"","meta":{"inline_featured_image":false},"product_cat":[44312,44244,44311,44304],"product_tag":[],"class_list":{"0":"post-127291","1":"product","2":"type-product","3":"status-publish","4":"has-post-thumbnail","6":"product_cat-elios-1-0-de","7":"product_cat-aussenbereich","8":"product_cat-elios-de","9":"product_cat-scheinwerfer","10":"pa_altezza-mm-160-de","11":"pa_efficienza-energetica-dieses-produkt-enthalt-eine-lichtquelle-der-energieeffizienzklasse-eu-2019-2015-f","12":"pa_flusso-apparecchio-lm-1556-de","13":"pa_flusso-sorgente-lm-2372-de","14":"pa_larghezza-mm-130-de","15":"pa_lunghezza-mm-127-de","16":"pa_peso-g-2-89-de","17":"pa_potenza-nominale-w-20-de","18":"pa_temp-operativa-minima-20-c-de","20":"first","21":"instock","22":"product-type-simple","23":"berocket_lgv_grid","24":"berocket_lgv_list_grid"},"acf":[],"yoast_head":"<!-- This site is optimized with the Yoast SEO plugin v22.4 - https:\/\/yoast.com\/wordpress\/plugins\/seo\/ -->\n<title>Mizar - ELIOS 1.0<\/title>\n<meta name=\"description\" content=\"Visita il sito Mizar.it e contattaci per scoprire di pi\u00f9 sul nostro prodotto ELIOS 1.0.\" \/>\n<meta name=\"robots\" content=\"index, follow, max-snippet:-1, max-image-preview:large, max-video-preview:-1\" \/>\n<link rel=\"canonical\" href=\"https:\/\/www.mizar.it\/de\/prodotto\/elios-1-0-els00ccs0ctc00\/\" \/>\n<meta property=\"og:locale\" content=\"de_DE\" \/>\n<meta property=\"og:type\" content=\"article\" \/>\n<meta property=\"og:title\" content=\"Mizar - ELIOS 1.0\" \/>\n<meta property=\"og:description\" content=\"Visita il sito Mizar.it e contattaci per scoprire di pi\u00f9 sul nostro prodotto ELIOS 1.0.\" \/>\n<meta property=\"og:url\" content=\"https:\/\/www.mizar.it\/de\/prodotto\/elios-1-0-els00ccs0ctc00\/\" \/>\n<meta property=\"og:site_name\" content=\"Mizar\" \/>\n<meta property=\"article:modified_time\" content=\"2026-03-09T14:38:04+00:00\" \/>\n<meta property=\"og:image\" content=\"https:\/\/www.mizar.it\/wp-content\/uploads\/2025\/11\/ELIOS_1.0_CORTEN_img1-1.jpg\" \/>\n\t<meta property=\"og:image:width\" content=\"1000\" \/>\n\t<meta property=\"og:image:height\" content=\"1000\" \/>\n\t<meta property=\"og:image:type\" content=\"image\/jpeg\" \/>\n<meta name=\"twitter:card\" content=\"summary_large_image\" \/>\n<meta name=\"twitter:label1\" content=\"Gesch\u00e4tzte Lesezeit\" \/>\n\t<meta name=\"twitter:data1\" content=\"1\u00a0Minute\" \/>\n<script type=\"application\/ld+json\" class=\"yoast-schema-graph\">{\"@context\":\"https:\/\/schema.org\",\"@graph\":[{\"@type\":\"WebPage\",\"@id\":\"https:\/\/www.mizar.it\/de\/prodotto\/elios-1-0-els00ccs0ctc00\/\",\"url\":\"https:\/\/www.mizar.it\/de\/prodotto\/elios-1-0-els00ccs0ctc00\/\",\"name\":\"Mizar - ELIOS 1.0\",\"isPartOf\":{\"@id\":\"https:\/\/www.mizar.it\/de\/#website\"},\"primaryImageOfPage\":{\"@id\":\"https:\/\/www.mizar.it\/de\/prodotto\/elios-1-0-els00ccs0ctc00\/#primaryimage\"},\"image\":{\"@id\":\"https:\/\/www.mizar.it\/de\/prodotto\/elios-1-0-els00ccs0ctc00\/#primaryimage\"},\"thumbnailUrl\":\"https:\/\/www.mizar.it\/wp-content\/uploads\/2025\/11\/ELIOS_1.0_CORTEN_img1-1.jpg\",\"datePublished\":\"2025-04-16T09:01:32+00:00\",\"dateModified\":\"2026-03-09T14:38:04+00:00\",\"description\":\"Visita il sito Mizar.it e contattaci per scoprire di pi\u00f9 sul nostro prodotto ELIOS 1.0.\",\"breadcrumb\":{\"@id\":\"https:\/\/www.mizar.it\/de\/prodotto\/elios-1-0-els00ccs0ctc00\/#breadcrumb\"},\"inLanguage\":\"de\",\"potentialAction\":[{\"@type\":\"ReadAction\",\"target\":[\"https:\/\/www.mizar.it\/de\/prodotto\/elios-1-0-els00ccs0ctc00\/\"]}]},{\"@type\":\"ImageObject\",\"inLanguage\":\"de\",\"@id\":\"https:\/\/www.mizar.it\/de\/prodotto\/elios-1-0-els00ccs0ctc00\/#primaryimage\",\"url\":\"https:\/\/www.mizar.it\/wp-content\/uploads\/2025\/11\/ELIOS_1.0_CORTEN_img1-1.jpg\",\"contentUrl\":\"https:\/\/www.mizar.it\/wp-content\/uploads\/2025\/11\/ELIOS_1.0_CORTEN_img1-1.jpg\",\"width\":1000,\"height\":1000},{\"@type\":\"BreadcrumbList\",\"@id\":\"https:\/\/www.mizar.it\/de\/prodotto\/elios-1-0-els00ccs0ctc00\/#breadcrumb\",\"itemListElement\":[{\"@type\":\"ListItem\",\"position\":1,\"name\":\"Mizar\",\"item\":\"https:\/\/www.mizar.it\/de\/\"},{\"@type\":\"ListItem\",\"position\":2,\"name\":\"ELIOS 1.0\"}]},{\"@type\":\"WebSite\",\"@id\":\"https:\/\/www.mizar.it\/de\/#website\",\"url\":\"https:\/\/www.mizar.it\/de\/\",\"name\":\"Mizar\",\"description\":\"Lighting your way\",\"publisher\":{\"@id\":\"https:\/\/www.mizar.it\/de\/#organization\"},\"potentialAction\":[{\"@type\":\"SearchAction\",\"target\":{\"@type\":\"EntryPoint\",\"urlTemplate\":\"https:\/\/www.mizar.it\/de\/?s={search_term_string}\"},\"query-input\":\"required name=search_term_string\"}],\"inLanguage\":\"de\"},{\"@type\":\"Organization\",\"@id\":\"https:\/\/www.mizar.it\/de\/#organization\",\"name\":\"Mizar\",\"url\":\"https:\/\/www.mizar.it\/de\/\",\"logo\":{\"@type\":\"ImageObject\",\"inLanguage\":\"de\",\"@id\":\"https:\/\/www.mizar.it\/de\/#\/schema\/logo\/image\/\",\"url\":\"https:\/\/www.mizar.it\/wp-content\/uploads\/2024\/10\/cropped-Mizar_icon_tab-1.png\",\"contentUrl\":\"https:\/\/www.mizar.it\/wp-content\/uploads\/2024\/10\/cropped-Mizar_icon_tab-1.png\",\"width\":512,\"height\":512,\"caption\":\"Mizar\"},\"image\":{\"@id\":\"https:\/\/www.mizar.it\/de\/#\/schema\/logo\/image\/\"},\"sameAs\":[\"https:\/\/www.instagram.com\/mizarluce\/\",\"https:\/\/www.linkedin.com\/company\/mizar-lighting\/\"]}]}<\/script>\n<!-- \/ Yoast SEO plugin. -->","yoast_head_json":{"title":"Mizar - ELIOS 1.0","description":"Visita il sito Mizar.it e contattaci per scoprire di pi\u00f9 sul nostro prodotto ELIOS 1.0.","robots":{"index":"index","follow":"follow","max-snippet":"max-snippet:-1","max-image-preview":"max-image-preview:large","max-video-preview":"max-video-preview:-1"},"canonical":"https:\/\/www.mizar.it\/de\/prodotto\/elios-1-0-els00ccs0ctc00\/","og_locale":"de_DE","og_type":"article","og_title":"Mizar - ELIOS 1.0","og_description":"Visita il sito Mizar.it e contattaci per scoprire di pi\u00f9 sul nostro prodotto ELIOS 1.0.","og_url":"https:\/\/www.mizar.it\/de\/prodotto\/elios-1-0-els00ccs0ctc00\/","og_site_name":"Mizar","article_modified_time":"2026-03-09T14:38:04+00:00","og_image":[{"width":1000,"height":1000,"url":"https:\/\/www.mizar.it\/wp-content\/uploads\/2025\/11\/ELIOS_1.0_CORTEN_img1-1.jpg","type":"image\/jpeg"}],"twitter_card":"summary_large_image","twitter_misc":{"Gesch\u00e4tzte Lesezeit":"1\u00a0Minute"},"schema":{"@context":"https:\/\/schema.org","@graph":[{"@type":"WebPage","@id":"https:\/\/www.mizar.it\/de\/prodotto\/elios-1-0-els00ccs0ctc00\/","url":"https:\/\/www.mizar.it\/de\/prodotto\/elios-1-0-els00ccs0ctc00\/","name":"Mizar - ELIOS 1.0","isPartOf":{"@id":"https:\/\/www.mizar.it\/de\/#website"},"primaryImageOfPage":{"@id":"https:\/\/www.mizar.it\/de\/prodotto\/elios-1-0-els00ccs0ctc00\/#primaryimage"},"image":{"@id":"https:\/\/www.mizar.it\/de\/prodotto\/elios-1-0-els00ccs0ctc00\/#primaryimage"},"thumbnailUrl":"https:\/\/www.mizar.it\/wp-content\/uploads\/2025\/11\/ELIOS_1.0_CORTEN_img1-1.jpg","datePublished":"2025-04-16T09:01:32+00:00","dateModified":"2026-03-09T14:38:04+00:00","description":"Visita il sito Mizar.it e contattaci per scoprire di pi\u00f9 sul nostro prodotto ELIOS 1.0.","breadcrumb":{"@id":"https:\/\/www.mizar.it\/de\/prodotto\/elios-1-0-els00ccs0ctc00\/#breadcrumb"},"inLanguage":"de","potentialAction":[{"@type":"ReadAction","target":["https:\/\/www.mizar.it\/de\/prodotto\/elios-1-0-els00ccs0ctc00\/"]}]},{"@type":"ImageObject","inLanguage":"de","@id":"https:\/\/www.mizar.it\/de\/prodotto\/elios-1-0-els00ccs0ctc00\/#primaryimage","url":"https:\/\/www.mizar.it\/wp-content\/uploads\/2025\/11\/ELIOS_1.0_CORTEN_img1-1.jpg","contentUrl":"https:\/\/www.mizar.it\/wp-content\/uploads\/2025\/11\/ELIOS_1.0_CORTEN_img1-1.jpg","width":1000,"height":1000},{"@type":"BreadcrumbList","@id":"https:\/\/www.mizar.it\/de\/prodotto\/elios-1-0-els00ccs0ctc00\/#breadcrumb","itemListElement":[{"@type":"ListItem","position":1,"name":"Mizar","item":"https:\/\/www.mizar.it\/de\/"},{"@type":"ListItem","position":2,"name":"ELIOS 1.0"}]},{"@type":"WebSite","@id":"https:\/\/www.mizar.it\/de\/#website","url":"https:\/\/www.mizar.it\/de\/","name":"Mizar","description":"Lighting your way","publisher":{"@id":"https:\/\/www.mizar.it\/de\/#organization"},"potentialAction":[{"@type":"SearchAction","target":{"@type":"EntryPoint","urlTemplate":"https:\/\/www.mizar.it\/de\/?s={search_term_string}"},"query-input":"required name=search_term_string"}],"inLanguage":"de"},{"@type":"Organization","@id":"https:\/\/www.mizar.it\/de\/#organization","name":"Mizar","url":"https:\/\/www.mizar.it\/de\/","logo":{"@type":"ImageObject","inLanguage":"de","@id":"https:\/\/www.mizar.it\/de\/#\/schema\/logo\/image\/","url":"https:\/\/www.mizar.it\/wp-content\/uploads\/2024\/10\/cropped-Mizar_icon_tab-1.png","contentUrl":"https:\/\/www.mizar.it\/wp-content\/uploads\/2024\/10\/cropped-Mizar_icon_tab-1.png","width":512,"height":512,"caption":"Mizar"},"image":{"@id":"https:\/\/www.mizar.it\/de\/#\/schema\/logo\/image\/"},"sameAs":["https:\/\/www.instagram.com\/mizarluce\/","https:\/\/www.linkedin.com\/company\/mizar-lighting\/"]}]}},"df_price":"","df_sale_price":"","df_regular_price":"","df_image_link":"https:\/\/www.mizar.it\/wp-content\/uploads\/2025\/11\/ELIOS_1.0_CORTEN_img1-1-300x300.jpg","_links":{"self":[{"href":"https:\/\/www.mizar.it\/de\/wp-json\/wp\/v2\/product\/127291","targetHints":{"allow":["GET"]}}],"collection":[{"href":"https:\/\/www.mizar.it\/de\/wp-json\/wp\/v2\/product"}],"about":[{"href":"https:\/\/www.mizar.it\/de\/wp-json\/wp\/v2\/types\/product"}],"wp:featuredmedia":[{"embeddable":true,"href":"https:\/\/www.mizar.it\/de\/wp-json\/wp\/v2\/media\/127292"}],"wp:attachment":[{"href":"https:\/\/www.mizar.it\/de\/wp-json\/wp\/v2\/media?parent=127291"}],"wp:term":[{"taxonomy":"product_cat","embeddable":true,"href":"https:\/\/www.mizar.it\/de\/wp-json\/wp\/v2\/product_cat?post=127291"},{"taxonomy":"product_tag","embeddable":true,"href":"https:\/\/www.mizar.it\/de\/wp-json\/wp\/v2\/product_tag?post=127291"}],"curies":[{"name":"wp","href":"https:\/\/api.w.org\/{rel}","templated":true}]}}