{"id":127882,"date":"2025-04-16T14:10:30","date_gmt":"2025-04-16T12:10:30","guid":{"rendered":"https:\/\/www.mizar.it\/prodotto\/forma-1-0\/"},"modified":"2026-03-09T17:07:09","modified_gmt":"2026-03-09T16:07:09","slug":"forma-1-0-frm01dcz0w0a00","status":"publish","type":"product","link":"https:\/\/www.mizar.it\/de\/prodotto\/forma-1-0-frm01dcz0w0a00\/","title":{"rendered":"FORMA 1.0"},"content":{"rendered":"<p>Modulare Treppenleuchte zur Wandmontage, geeignet f\u00fcr den Au\u00dfenbereich (IP65), mit einem breiten Betriebstemperaturbereich von -20 \u00b0C bis +50 \u00b0C. Der Produktk\u00f6rper ist aus Aluminium mit Polyester-Epoxid-Lackierung f\u00fcr 1500 Stunden Salzspr\u00fchnebeltest. Die Lichtquelle ist eine 5-W-SMD-LED-Platine mit 24 V Betriebsspannung. Abdeckung und Reflektor sind modular und abnehmbar, ohne die Leuchte von der Wand zu demontieren. Dies erm\u00f6glicht eine einfache Wartung (nur ein Bauteil muss ausgetauscht werden) und gleichzeitig hohe Flexibilit\u00e4t bei der Anpassung. Die drei FORMA-Komponenten sind auch einzeln erh\u00e4ltlich. Lichtstrom und Design machen die Leuchte ideal als Wegmarkierungsleuchte f\u00fcr Fu\u00dfwege oder Treppen. Farbwiedergabeindex (CRI) > 90. Die FORMA ist mit dem IdroSkud\u00ae-System ausgestattet, das die elektronischen Bauteile vor Spannungsspitzen, Verpolung und Wassereintritt sch\u00fctzt. F\u00fcr den Betrieb ist ein Netzteil erforderlich. Das Netzteil muss separat bestellt werden. Die Anzahl der Leuchten, die an eine einzelne Stromversorgung angeschlossen werden k\u00f6nnen, variiert je nach Installationsart. Der Installateur ist daf\u00fcr verantwortlich, den m\u00f6glichen Spannungsabfall durch Messung des Abstands zwischen Produkt und Stromversorgung zu ermitteln.<\/p>\n","protected":false},"excerpt":{"rendered":"<p>FORMA 1.0 5W WS9003 A25\u00b0 3000K 24V<\/p>\n","protected":false},"featured_media":127881,"template":"","meta":{"inline_featured_image":false},"product_cat":[44244,44322,44323,44321],"product_tag":[],"class_list":{"0":"post-127882","1":"product","2":"type-product","3":"status-publish","4":"has-post-thumbnail","6":"product_cat-aussenbereich","7":"product_cat-forma-de","8":"product_cat-forma-1-0-de","9":"product_cat-treppenleuchten","10":"pa_altezza-mm-135-de","11":"pa_flusso-apparecchio-lm-381-de","12":"pa_flusso-sorgente-lm-828-de","13":"pa_larghezza-mm-135-de","14":"pa_lunghezza-mm-25-de","15":"pa_peso-g-0-348-de","16":"pa_potenza-nominale-w-5-de","17":"pa_temp-operativa-minima-20-c-de","19":"first","20":"instock","21":"product-type-simple","22":"berocket_lgv_grid","23":"berocket_lgv_list_grid"},"acf":[],"yoast_head":"<!-- This site is optimized with the Yoast SEO plugin v22.4 - https:\/\/yoast.com\/wordpress\/plugins\/seo\/ -->\n<title>Mizar - FORMA 1.0<\/title>\n<meta name=\"description\" content=\"Visita il sito Mizar.it e contattaci per scoprire di pi\u00f9 sul nostro prodotto FORMA 1.0.\" \/>\n<meta name=\"robots\" content=\"index, follow, max-snippet:-1, max-image-preview:large, max-video-preview:-1\" \/>\n<link rel=\"canonical\" href=\"https:\/\/www.mizar.it\/de\/prodotto\/forma-1-0-frm01dcz0w0a00\/\" \/>\n<meta property=\"og:locale\" content=\"de_DE\" \/>\n<meta property=\"og:type\" content=\"article\" \/>\n<meta property=\"og:title\" content=\"Mizar - FORMA 1.0\" \/>\n<meta property=\"og:description\" content=\"Visita il sito Mizar.it e contattaci per scoprire di pi\u00f9 sul nostro prodotto FORMA 1.0.\" \/>\n<meta property=\"og:url\" content=\"https:\/\/www.mizar.it\/de\/prodotto\/forma-1-0-frm01dcz0w0a00\/\" \/>\n<meta property=\"og:site_name\" content=\"Mizar\" \/>\n<meta property=\"article:modified_time\" content=\"2026-03-09T16:07:09+00:00\" \/>\n<meta property=\"og:image\" content=\"https:\/\/www.mizar.it\/wp-content\/uploads\/2025\/11\/FORMA_1.0_WH9003_img1-1.jpg\" \/>\n\t<meta property=\"og:image:width\" content=\"1000\" \/>\n\t<meta property=\"og:image:height\" content=\"1000\" \/>\n\t<meta property=\"og:image:type\" content=\"image\/jpeg\" \/>\n<meta name=\"twitter:card\" content=\"summary_large_image\" \/>\n<meta name=\"twitter:label1\" content=\"Gesch\u00e4tzte Lesezeit\" \/>\n\t<meta name=\"twitter:data1\" content=\"1\u00a0Minute\" \/>\n<script type=\"application\/ld+json\" class=\"yoast-schema-graph\">{\"@context\":\"https:\/\/schema.org\",\"@graph\":[{\"@type\":\"WebPage\",\"@id\":\"https:\/\/www.mizar.it\/de\/prodotto\/forma-1-0-frm01dcz0w0a00\/\",\"url\":\"https:\/\/www.mizar.it\/de\/prodotto\/forma-1-0-frm01dcz0w0a00\/\",\"name\":\"Mizar - FORMA 1.0\",\"isPartOf\":{\"@id\":\"https:\/\/www.mizar.it\/de\/#website\"},\"primaryImageOfPage\":{\"@id\":\"https:\/\/www.mizar.it\/de\/prodotto\/forma-1-0-frm01dcz0w0a00\/#primaryimage\"},\"image\":{\"@id\":\"https:\/\/www.mizar.it\/de\/prodotto\/forma-1-0-frm01dcz0w0a00\/#primaryimage\"},\"thumbnailUrl\":\"https:\/\/www.mizar.it\/wp-content\/uploads\/2025\/11\/FORMA_1.0_WH9003_img1-1.jpg\",\"datePublished\":\"2025-04-16T12:10:30+00:00\",\"dateModified\":\"2026-03-09T16:07:09+00:00\",\"description\":\"Visita il sito Mizar.it e contattaci per scoprire di pi\u00f9 sul nostro prodotto FORMA 1.0.\",\"breadcrumb\":{\"@id\":\"https:\/\/www.mizar.it\/de\/prodotto\/forma-1-0-frm01dcz0w0a00\/#breadcrumb\"},\"inLanguage\":\"de\",\"potentialAction\":[{\"@type\":\"ReadAction\",\"target\":[\"https:\/\/www.mizar.it\/de\/prodotto\/forma-1-0-frm01dcz0w0a00\/\"]}]},{\"@type\":\"ImageObject\",\"inLanguage\":\"de\",\"@id\":\"https:\/\/www.mizar.it\/de\/prodotto\/forma-1-0-frm01dcz0w0a00\/#primaryimage\",\"url\":\"https:\/\/www.mizar.it\/wp-content\/uploads\/2025\/11\/FORMA_1.0_WH9003_img1-1.jpg\",\"contentUrl\":\"https:\/\/www.mizar.it\/wp-content\/uploads\/2025\/11\/FORMA_1.0_WH9003_img1-1.jpg\",\"width\":1000,\"height\":1000},{\"@type\":\"BreadcrumbList\",\"@id\":\"https:\/\/www.mizar.it\/de\/prodotto\/forma-1-0-frm01dcz0w0a00\/#breadcrumb\",\"itemListElement\":[{\"@type\":\"ListItem\",\"position\":1,\"name\":\"Mizar\",\"item\":\"https:\/\/www.mizar.it\/de\/\"},{\"@type\":\"ListItem\",\"position\":2,\"name\":\"FORMA 1.0\"}]},{\"@type\":\"WebSite\",\"@id\":\"https:\/\/www.mizar.it\/de\/#website\",\"url\":\"https:\/\/www.mizar.it\/de\/\",\"name\":\"Mizar\",\"description\":\"Lighting your way\",\"publisher\":{\"@id\":\"https:\/\/www.mizar.it\/de\/#organization\"},\"potentialAction\":[{\"@type\":\"SearchAction\",\"target\":{\"@type\":\"EntryPoint\",\"urlTemplate\":\"https:\/\/www.mizar.it\/de\/?s={search_term_string}\"},\"query-input\":\"required name=search_term_string\"}],\"inLanguage\":\"de\"},{\"@type\":\"Organization\",\"@id\":\"https:\/\/www.mizar.it\/de\/#organization\",\"name\":\"Mizar\",\"url\":\"https:\/\/www.mizar.it\/de\/\",\"logo\":{\"@type\":\"ImageObject\",\"inLanguage\":\"de\",\"@id\":\"https:\/\/www.mizar.it\/de\/#\/schema\/logo\/image\/\",\"url\":\"https:\/\/www.mizar.it\/wp-content\/uploads\/2024\/10\/cropped-Mizar_icon_tab-1.png\",\"contentUrl\":\"https:\/\/www.mizar.it\/wp-content\/uploads\/2024\/10\/cropped-Mizar_icon_tab-1.png\",\"width\":512,\"height\":512,\"caption\":\"Mizar\"},\"image\":{\"@id\":\"https:\/\/www.mizar.it\/de\/#\/schema\/logo\/image\/\"},\"sameAs\":[\"https:\/\/www.instagram.com\/mizarluce\/\",\"https:\/\/www.linkedin.com\/company\/mizar-lighting\/\"]}]}<\/script>\n<!-- \/ Yoast SEO plugin. -->","yoast_head_json":{"title":"Mizar - FORMA 1.0","description":"Visita il sito Mizar.it e contattaci per scoprire di pi\u00f9 sul nostro prodotto FORMA 1.0.","robots":{"index":"index","follow":"follow","max-snippet":"max-snippet:-1","max-image-preview":"max-image-preview:large","max-video-preview":"max-video-preview:-1"},"canonical":"https:\/\/www.mizar.it\/de\/prodotto\/forma-1-0-frm01dcz0w0a00\/","og_locale":"de_DE","og_type":"article","og_title":"Mizar - FORMA 1.0","og_description":"Visita il sito Mizar.it e contattaci per scoprire di pi\u00f9 sul nostro prodotto FORMA 1.0.","og_url":"https:\/\/www.mizar.it\/de\/prodotto\/forma-1-0-frm01dcz0w0a00\/","og_site_name":"Mizar","article_modified_time":"2026-03-09T16:07:09+00:00","og_image":[{"width":1000,"height":1000,"url":"https:\/\/www.mizar.it\/wp-content\/uploads\/2025\/11\/FORMA_1.0_WH9003_img1-1.jpg","type":"image\/jpeg"}],"twitter_card":"summary_large_image","twitter_misc":{"Gesch\u00e4tzte Lesezeit":"1\u00a0Minute"},"schema":{"@context":"https:\/\/schema.org","@graph":[{"@type":"WebPage","@id":"https:\/\/www.mizar.it\/de\/prodotto\/forma-1-0-frm01dcz0w0a00\/","url":"https:\/\/www.mizar.it\/de\/prodotto\/forma-1-0-frm01dcz0w0a00\/","name":"Mizar - FORMA 1.0","isPartOf":{"@id":"https:\/\/www.mizar.it\/de\/#website"},"primaryImageOfPage":{"@id":"https:\/\/www.mizar.it\/de\/prodotto\/forma-1-0-frm01dcz0w0a00\/#primaryimage"},"image":{"@id":"https:\/\/www.mizar.it\/de\/prodotto\/forma-1-0-frm01dcz0w0a00\/#primaryimage"},"thumbnailUrl":"https:\/\/www.mizar.it\/wp-content\/uploads\/2025\/11\/FORMA_1.0_WH9003_img1-1.jpg","datePublished":"2025-04-16T12:10:30+00:00","dateModified":"2026-03-09T16:07:09+00:00","description":"Visita il sito Mizar.it e contattaci per scoprire di pi\u00f9 sul nostro prodotto FORMA 1.0.","breadcrumb":{"@id":"https:\/\/www.mizar.it\/de\/prodotto\/forma-1-0-frm01dcz0w0a00\/#breadcrumb"},"inLanguage":"de","potentialAction":[{"@type":"ReadAction","target":["https:\/\/www.mizar.it\/de\/prodotto\/forma-1-0-frm01dcz0w0a00\/"]}]},{"@type":"ImageObject","inLanguage":"de","@id":"https:\/\/www.mizar.it\/de\/prodotto\/forma-1-0-frm01dcz0w0a00\/#primaryimage","url":"https:\/\/www.mizar.it\/wp-content\/uploads\/2025\/11\/FORMA_1.0_WH9003_img1-1.jpg","contentUrl":"https:\/\/www.mizar.it\/wp-content\/uploads\/2025\/11\/FORMA_1.0_WH9003_img1-1.jpg","width":1000,"height":1000},{"@type":"BreadcrumbList","@id":"https:\/\/www.mizar.it\/de\/prodotto\/forma-1-0-frm01dcz0w0a00\/#breadcrumb","itemListElement":[{"@type":"ListItem","position":1,"name":"Mizar","item":"https:\/\/www.mizar.it\/de\/"},{"@type":"ListItem","position":2,"name":"FORMA 1.0"}]},{"@type":"WebSite","@id":"https:\/\/www.mizar.it\/de\/#website","url":"https:\/\/www.mizar.it\/de\/","name":"Mizar","description":"Lighting your way","publisher":{"@id":"https:\/\/www.mizar.it\/de\/#organization"},"potentialAction":[{"@type":"SearchAction","target":{"@type":"EntryPoint","urlTemplate":"https:\/\/www.mizar.it\/de\/?s={search_term_string}"},"query-input":"required name=search_term_string"}],"inLanguage":"de"},{"@type":"Organization","@id":"https:\/\/www.mizar.it\/de\/#organization","name":"Mizar","url":"https:\/\/www.mizar.it\/de\/","logo":{"@type":"ImageObject","inLanguage":"de","@id":"https:\/\/www.mizar.it\/de\/#\/schema\/logo\/image\/","url":"https:\/\/www.mizar.it\/wp-content\/uploads\/2024\/10\/cropped-Mizar_icon_tab-1.png","contentUrl":"https:\/\/www.mizar.it\/wp-content\/uploads\/2024\/10\/cropped-Mizar_icon_tab-1.png","width":512,"height":512,"caption":"Mizar"},"image":{"@id":"https:\/\/www.mizar.it\/de\/#\/schema\/logo\/image\/"},"sameAs":["https:\/\/www.instagram.com\/mizarluce\/","https:\/\/www.linkedin.com\/company\/mizar-lighting\/"]}]}},"df_price":"","df_sale_price":"","df_regular_price":"","df_image_link":"https:\/\/www.mizar.it\/wp-content\/uploads\/2025\/11\/FORMA_1.0_WH9003_img1-1-300x300.jpg","_links":{"self":[{"href":"https:\/\/www.mizar.it\/de\/wp-json\/wp\/v2\/product\/127882","targetHints":{"allow":["GET"]}}],"collection":[{"href":"https:\/\/www.mizar.it\/de\/wp-json\/wp\/v2\/product"}],"about":[{"href":"https:\/\/www.mizar.it\/de\/wp-json\/wp\/v2\/types\/product"}],"wp:featuredmedia":[{"embeddable":true,"href":"https:\/\/www.mizar.it\/de\/wp-json\/wp\/v2\/media\/127881"}],"wp:attachment":[{"href":"https:\/\/www.mizar.it\/de\/wp-json\/wp\/v2\/media?parent=127882"}],"wp:term":[{"taxonomy":"product_cat","embeddable":true,"href":"https:\/\/www.mizar.it\/de\/wp-json\/wp\/v2\/product_cat?post=127882"},{"taxonomy":"product_tag","embeddable":true,"href":"https:\/\/www.mizar.it\/de\/wp-json\/wp\/v2\/product_tag?post=127882"}],"curies":[{"name":"wp","href":"https:\/\/api.w.org\/{rel}","templated":true}]}}