{"id":127994,"date":"2024-09-23T10:21:54","date_gmt":"2024-09-23T08:21:54","guid":{"rendered":"https:\/\/www.mizar.it\/prodotto\/lineo-1-1\/"},"modified":"2026-03-09T12:23:11","modified_gmt":"2026-03-09T11:23:11","slug":"lineo-1-1-lne01dbk000a00","status":"publish","type":"product","link":"https:\/\/www.mizar.it\/de\/prodotto\/lineo-1-1-lne01dbk000a00\/","title":{"rendered":"LINEO 1.1"},"content":{"rendered":"<p>Lineare Bodeneinbauleuchte, befahrbar, geeignet f\u00fcr den Au\u00dfenbereich (IP66\/IP67), Betriebstemperaturbereich: -20 \u00b0C bis +50 \u00b0C. Der Produktk\u00f6rper ist aus PMMA, transparent und opal auf der Oberseite; die Endkappen sind aus Edelstahl 316L gefertigt. Die Lichtquelle ist eine 24-V-LED SMD3014 mit integriertem Treiber. Der hohe Lichtstrom macht die Leuchte ideal zur Markierung von Fu\u00df- und Einfahrtswegen oder zur Lichtakzentbeleuchtung an B\u00f6den, W\u00e4nden und Decken. Farbwiedergabeindex (CRI) > 80. Lineo ist mit dem IdroSkud\u00ae-System ausgestattet, das die elektronischen Bauteile vor Spannungsspitzen, Verpolung und Wassereintritt sch\u00fctzt. Installationszubeh\u00f6r ist im Lieferumfang enthalten (Boden- und Gipskarton-Einbaugeh\u00e4use; Kabelverl\u00e4ngerungen bis zu 15 m). F\u00fcr den Betrieb ist ein Netzteil erforderlich. Das Netzteil muss separat bestellt werden. Die Anzahl der an ein Netzteil anschlie\u00dfbaren Leuchten variiert je nach Installationsart. Es obliegt dem Installateur, den m\u00f6glichen Spannungsabfall durch Messung des Abstands zwischen dem Produkt und der Stromversorgung zu \u00fcberpr\u00fcfen.<\/p>\n","protected":false},"excerpt":{"rendered":"<p>LINEO 1.1 1010mm 12W Opal 3000K 24V<\/p>\n","protected":false},"featured_media":127986,"template":"","meta":{"inline_featured_image":false},"product_cat":[44244,44286,44288,44291],"product_tag":[],"class_list":{"0":"post-127994","1":"product","2":"type-product","3":"status-publish","4":"has-post-thumbnail","6":"product_cat-aussenbereich","7":"product_cat-lineo-de","8":"product_cat-lineo-1-1-de","9":"product_cat-lineare-bodeneinbauleuchten","10":"pa_altezza-mm-49-de","11":"pa_aree-en-60598-2-13-a1-a2-a3-a4-de","12":"pa_efficienza-energetica-dieses-produkt-enthalt-eine-lichtquelle-der-energieeffizienzklasse-eu-2019-2015-f","13":"pa_flusso-apparecchio-lm-301-de","14":"pa_flusso-sorgente-lm-1320-de","15":"pa_larghezza-mm-27-de","16":"pa_lunghezza-mm-1010-de","17":"pa_massimo-carico-statico-kn-2000-de-2","18":"pa_peso-g-1-de","19":"pa_potenza-nominale-w-12-de","20":"pa_temp-operativa-minima-20-c-de","21":"pa_temp-superficiale-massima-50-c-de","23":"first","24":"instock","25":"product-type-simple","26":"berocket_lgv_grid","27":"berocket_lgv_list_grid"},"acf":[],"yoast_head":"<!-- This site is optimized with the Yoast SEO plugin v22.4 - https:\/\/yoast.com\/wordpress\/plugins\/seo\/ -->\n<title>Mizar - LINEO 1.1<\/title>\n<meta name=\"description\" content=\"Visita il sito Mizar.it e contattaci per scoprire di pi\u00f9 sul nostro prodotto LINEO 1.1.\" \/>\n<meta name=\"robots\" content=\"index, follow, max-snippet:-1, max-image-preview:large, max-video-preview:-1\" \/>\n<link rel=\"canonical\" href=\"https:\/\/www.mizar.it\/de\/prodotto\/lineo-1-1-lne01dbk000a00\/\" \/>\n<meta property=\"og:locale\" content=\"de_DE\" \/>\n<meta property=\"og:type\" content=\"article\" \/>\n<meta property=\"og:title\" content=\"Mizar - LINEO 1.1\" \/>\n<meta property=\"og:description\" content=\"Visita il sito Mizar.it e contattaci per scoprire di pi\u00f9 sul nostro prodotto LINEO 1.1.\" \/>\n<meta property=\"og:url\" content=\"https:\/\/www.mizar.it\/de\/prodotto\/lineo-1-1-lne01dbk000a00\/\" \/>\n<meta property=\"og:site_name\" content=\"Mizar\" \/>\n<meta property=\"article:modified_time\" content=\"2026-03-09T11:23:11+00:00\" \/>\n<meta property=\"og:image\" content=\"https:\/\/www.mizar.it\/wp-content\/uploads\/2025\/11\/LINEO_img1-1.jpg\" \/>\n\t<meta property=\"og:image:width\" content=\"1000\" \/>\n\t<meta property=\"og:image:height\" content=\"1000\" \/>\n\t<meta property=\"og:image:type\" content=\"image\/jpeg\" \/>\n<meta name=\"twitter:card\" content=\"summary_large_image\" \/>\n<meta name=\"twitter:label1\" content=\"Gesch\u00e4tzte Lesezeit\" \/>\n\t<meta name=\"twitter:data1\" content=\"1\u00a0Minute\" \/>\n<script type=\"application\/ld+json\" class=\"yoast-schema-graph\">{\"@context\":\"https:\/\/schema.org\",\"@graph\":[{\"@type\":\"WebPage\",\"@id\":\"https:\/\/www.mizar.it\/de\/prodotto\/lineo-1-1-lne01dbk000a00\/\",\"url\":\"https:\/\/www.mizar.it\/de\/prodotto\/lineo-1-1-lne01dbk000a00\/\",\"name\":\"Mizar - LINEO 1.1\",\"isPartOf\":{\"@id\":\"https:\/\/www.mizar.it\/de\/#website\"},\"primaryImageOfPage\":{\"@id\":\"https:\/\/www.mizar.it\/de\/prodotto\/lineo-1-1-lne01dbk000a00\/#primaryimage\"},\"image\":{\"@id\":\"https:\/\/www.mizar.it\/de\/prodotto\/lineo-1-1-lne01dbk000a00\/#primaryimage\"},\"thumbnailUrl\":\"https:\/\/www.mizar.it\/wp-content\/uploads\/2025\/11\/LINEO_img1-1.jpg\",\"datePublished\":\"2024-09-23T08:21:54+00:00\",\"dateModified\":\"2026-03-09T11:23:11+00:00\",\"description\":\"Visita il sito Mizar.it e contattaci per scoprire di pi\u00f9 sul nostro prodotto LINEO 1.1.\",\"breadcrumb\":{\"@id\":\"https:\/\/www.mizar.it\/de\/prodotto\/lineo-1-1-lne01dbk000a00\/#breadcrumb\"},\"inLanguage\":\"de\",\"potentialAction\":[{\"@type\":\"ReadAction\",\"target\":[\"https:\/\/www.mizar.it\/de\/prodotto\/lineo-1-1-lne01dbk000a00\/\"]}]},{\"@type\":\"ImageObject\",\"inLanguage\":\"de\",\"@id\":\"https:\/\/www.mizar.it\/de\/prodotto\/lineo-1-1-lne01dbk000a00\/#primaryimage\",\"url\":\"https:\/\/www.mizar.it\/wp-content\/uploads\/2025\/11\/LINEO_img1-1.jpg\",\"contentUrl\":\"https:\/\/www.mizar.it\/wp-content\/uploads\/2025\/11\/LINEO_img1-1.jpg\",\"width\":1000,\"height\":1000},{\"@type\":\"BreadcrumbList\",\"@id\":\"https:\/\/www.mizar.it\/de\/prodotto\/lineo-1-1-lne01dbk000a00\/#breadcrumb\",\"itemListElement\":[{\"@type\":\"ListItem\",\"position\":1,\"name\":\"Mizar\",\"item\":\"https:\/\/www.mizar.it\/de\/\"},{\"@type\":\"ListItem\",\"position\":2,\"name\":\"LINEO 1.1\"}]},{\"@type\":\"WebSite\",\"@id\":\"https:\/\/www.mizar.it\/de\/#website\",\"url\":\"https:\/\/www.mizar.it\/de\/\",\"name\":\"Mizar\",\"description\":\"Lighting your way\",\"publisher\":{\"@id\":\"https:\/\/www.mizar.it\/de\/#organization\"},\"potentialAction\":[{\"@type\":\"SearchAction\",\"target\":{\"@type\":\"EntryPoint\",\"urlTemplate\":\"https:\/\/www.mizar.it\/de\/?s={search_term_string}\"},\"query-input\":\"required name=search_term_string\"}],\"inLanguage\":\"de\"},{\"@type\":\"Organization\",\"@id\":\"https:\/\/www.mizar.it\/de\/#organization\",\"name\":\"Mizar\",\"url\":\"https:\/\/www.mizar.it\/de\/\",\"logo\":{\"@type\":\"ImageObject\",\"inLanguage\":\"de\",\"@id\":\"https:\/\/www.mizar.it\/de\/#\/schema\/logo\/image\/\",\"url\":\"https:\/\/www.mizar.it\/wp-content\/uploads\/2024\/10\/cropped-Mizar_icon_tab-1.png\",\"contentUrl\":\"https:\/\/www.mizar.it\/wp-content\/uploads\/2024\/10\/cropped-Mizar_icon_tab-1.png\",\"width\":512,\"height\":512,\"caption\":\"Mizar\"},\"image\":{\"@id\":\"https:\/\/www.mizar.it\/de\/#\/schema\/logo\/image\/\"},\"sameAs\":[\"https:\/\/www.instagram.com\/mizarluce\/\",\"https:\/\/www.linkedin.com\/company\/mizar-lighting\/\"]}]}<\/script>\n<!-- \/ Yoast SEO plugin. -->","yoast_head_json":{"title":"Mizar - LINEO 1.1","description":"Visita il sito Mizar.it e contattaci per scoprire di pi\u00f9 sul nostro prodotto LINEO 1.1.","robots":{"index":"index","follow":"follow","max-snippet":"max-snippet:-1","max-image-preview":"max-image-preview:large","max-video-preview":"max-video-preview:-1"},"canonical":"https:\/\/www.mizar.it\/de\/prodotto\/lineo-1-1-lne01dbk000a00\/","og_locale":"de_DE","og_type":"article","og_title":"Mizar - LINEO 1.1","og_description":"Visita il sito Mizar.it e contattaci per scoprire di pi\u00f9 sul nostro prodotto LINEO 1.1.","og_url":"https:\/\/www.mizar.it\/de\/prodotto\/lineo-1-1-lne01dbk000a00\/","og_site_name":"Mizar","article_modified_time":"2026-03-09T11:23:11+00:00","og_image":[{"width":1000,"height":1000,"url":"https:\/\/www.mizar.it\/wp-content\/uploads\/2025\/11\/LINEO_img1-1.jpg","type":"image\/jpeg"}],"twitter_card":"summary_large_image","twitter_misc":{"Gesch\u00e4tzte Lesezeit":"1\u00a0Minute"},"schema":{"@context":"https:\/\/schema.org","@graph":[{"@type":"WebPage","@id":"https:\/\/www.mizar.it\/de\/prodotto\/lineo-1-1-lne01dbk000a00\/","url":"https:\/\/www.mizar.it\/de\/prodotto\/lineo-1-1-lne01dbk000a00\/","name":"Mizar - LINEO 1.1","isPartOf":{"@id":"https:\/\/www.mizar.it\/de\/#website"},"primaryImageOfPage":{"@id":"https:\/\/www.mizar.it\/de\/prodotto\/lineo-1-1-lne01dbk000a00\/#primaryimage"},"image":{"@id":"https:\/\/www.mizar.it\/de\/prodotto\/lineo-1-1-lne01dbk000a00\/#primaryimage"},"thumbnailUrl":"https:\/\/www.mizar.it\/wp-content\/uploads\/2025\/11\/LINEO_img1-1.jpg","datePublished":"2024-09-23T08:21:54+00:00","dateModified":"2026-03-09T11:23:11+00:00","description":"Visita il sito Mizar.it e contattaci per scoprire di pi\u00f9 sul nostro prodotto LINEO 1.1.","breadcrumb":{"@id":"https:\/\/www.mizar.it\/de\/prodotto\/lineo-1-1-lne01dbk000a00\/#breadcrumb"},"inLanguage":"de","potentialAction":[{"@type":"ReadAction","target":["https:\/\/www.mizar.it\/de\/prodotto\/lineo-1-1-lne01dbk000a00\/"]}]},{"@type":"ImageObject","inLanguage":"de","@id":"https:\/\/www.mizar.it\/de\/prodotto\/lineo-1-1-lne01dbk000a00\/#primaryimage","url":"https:\/\/www.mizar.it\/wp-content\/uploads\/2025\/11\/LINEO_img1-1.jpg","contentUrl":"https:\/\/www.mizar.it\/wp-content\/uploads\/2025\/11\/LINEO_img1-1.jpg","width":1000,"height":1000},{"@type":"BreadcrumbList","@id":"https:\/\/www.mizar.it\/de\/prodotto\/lineo-1-1-lne01dbk000a00\/#breadcrumb","itemListElement":[{"@type":"ListItem","position":1,"name":"Mizar","item":"https:\/\/www.mizar.it\/de\/"},{"@type":"ListItem","position":2,"name":"LINEO 1.1"}]},{"@type":"WebSite","@id":"https:\/\/www.mizar.it\/de\/#website","url":"https:\/\/www.mizar.it\/de\/","name":"Mizar","description":"Lighting your way","publisher":{"@id":"https:\/\/www.mizar.it\/de\/#organization"},"potentialAction":[{"@type":"SearchAction","target":{"@type":"EntryPoint","urlTemplate":"https:\/\/www.mizar.it\/de\/?s={search_term_string}"},"query-input":"required name=search_term_string"}],"inLanguage":"de"},{"@type":"Organization","@id":"https:\/\/www.mizar.it\/de\/#organization","name":"Mizar","url":"https:\/\/www.mizar.it\/de\/","logo":{"@type":"ImageObject","inLanguage":"de","@id":"https:\/\/www.mizar.it\/de\/#\/schema\/logo\/image\/","url":"https:\/\/www.mizar.it\/wp-content\/uploads\/2024\/10\/cropped-Mizar_icon_tab-1.png","contentUrl":"https:\/\/www.mizar.it\/wp-content\/uploads\/2024\/10\/cropped-Mizar_icon_tab-1.png","width":512,"height":512,"caption":"Mizar"},"image":{"@id":"https:\/\/www.mizar.it\/de\/#\/schema\/logo\/image\/"},"sameAs":["https:\/\/www.instagram.com\/mizarluce\/","https:\/\/www.linkedin.com\/company\/mizar-lighting\/"]}]}},"df_price":"","df_sale_price":"","df_regular_price":"","df_image_link":"https:\/\/www.mizar.it\/wp-content\/uploads\/2025\/11\/LINEO_img1-1-300x300.jpg","_links":{"self":[{"href":"https:\/\/www.mizar.it\/de\/wp-json\/wp\/v2\/product\/127994","targetHints":{"allow":["GET"]}}],"collection":[{"href":"https:\/\/www.mizar.it\/de\/wp-json\/wp\/v2\/product"}],"about":[{"href":"https:\/\/www.mizar.it\/de\/wp-json\/wp\/v2\/types\/product"}],"wp:featuredmedia":[{"embeddable":true,"href":"https:\/\/www.mizar.it\/de\/wp-json\/wp\/v2\/media\/127986"}],"wp:attachment":[{"href":"https:\/\/www.mizar.it\/de\/wp-json\/wp\/v2\/media?parent=127994"}],"wp:term":[{"taxonomy":"product_cat","embeddable":true,"href":"https:\/\/www.mizar.it\/de\/wp-json\/wp\/v2\/product_cat?post=127994"},{"taxonomy":"product_tag","embeddable":true,"href":"https:\/\/www.mizar.it\/de\/wp-json\/wp\/v2\/product_tag?post=127994"}],"curies":[{"name":"wp","href":"https:\/\/api.w.org\/{rel}","templated":true}]}}