{"id":128118,"date":"2025-04-16T15:04:00","date_gmt":"2025-04-16T13:04:00","guid":{"rendered":"https:\/\/www.mizar.it\/prodotto\/lucis-bollard-1-1\/"},"modified":"2026-03-09T12:34:19","modified_gmt":"2026-03-09T11:34:19","slug":"lucis-bollard-1-1-luc05fcz0g0a00","status":"publish","type":"product","link":"https:\/\/www.mizar.it\/de\/prodotto\/lucis-bollard-1-1-luc05fcz0g0a00\/","title":{"rendered":"LUCIS BOLLARD 1.1"},"content":{"rendered":"<p>Pollerleuchte f\u00fcr den Au\u00dfenbereich (IP65) mit einem breiten Betriebstemperaturbereich von -20 \u00b0C bis +50 \u00b0C. Der Produktk\u00f6rper ist aus stranggepresstem Aluminium und ist mit Polyester-Epoxidharz lackiert, um eine Korrosionsbest\u00e4ndigkeit von 1500 Stunden im Salzspr\u00fchtest zu gew\u00e4hrleisten. Die Lichtquelle ist ein einzelner 2-W-LED-Chip. Die ovale Blende mit ovaler \u00d6ffnung erzeugt einen kreisf\u00f6rmigen, diffusen Lichtstrahl, der zum Boden gerichtet ist. Lichtstrom und Design machen die Leuchte ideal als Wegmarkierungsleuchte f\u00fcr Fu\u00dfwege oder Treppen. Farbwiedergabeindex (CRI) > 90. Die Lucis ist mit dem IdroSkud\u00ae-System ausgestattet, das die elektronischen Bauteile vor Spannungsspitzen, Verpolung und Wassereintritt sch\u00fctzt. Befestigungsmaterial f\u00fcr die Bodenmontage (Stahlbefestigungsstangen) ist im Lieferumfang enthalten. Das Produkt verf\u00fcgt \u00fcber ein integriertes 220-V-Netzteil.<\/p>\n","protected":false},"excerpt":{"rendered":"<p>LUCIS BOLLARD 1.1 400mm 2W AN7016 A35\u00b0 4000K 220V<\/p>\n","protected":false},"featured_media":128107,"template":"","meta":{"inline_featured_image":false},"product_cat":[44244,44295,44297,44294],"product_tag":[],"class_list":{"0":"post-128118","1":"product","2":"type-product","3":"status-publish","4":"has-post-thumbnail","6":"product_cat-aussenbereich","7":"product_cat-lucis-bollard-de","8":"product_cat-lucis-bollard-1-1-de","9":"product_cat-pollerleuchten","10":"pa_altezza-mm-400-de","11":"pa_efficienza-energetica-dieses-produkt-enthalt-eine-lichtquelle-der-energieeffizienzklasse-eu-2019-2015-f","12":"pa_flusso-apparecchio-lm-22-de","13":"pa_flusso-sorgente-lm-157-de","14":"pa_larghezza-mm-34-de","15":"pa_lunghezza-mm-77-de","16":"pa_peso-g-3-de","17":"pa_potenza-nominale-w-2-de","18":"pa_temp-operativa-minima-20-c-de","20":"first","21":"instock","22":"product-type-simple","23":"berocket_lgv_grid","24":"berocket_lgv_list_grid"},"acf":[],"yoast_head":"<!-- This site is optimized with the Yoast SEO plugin v22.4 - https:\/\/yoast.com\/wordpress\/plugins\/seo\/ -->\n<title>Mizar - LUCIS BOLLARD 1.1<\/title>\n<meta name=\"description\" content=\"Visita il sito Mizar.it e contattaci per scoprire di pi\u00f9 sul nostro prodotto LUCIS BOLLARD 1.1.\" \/>\n<meta name=\"robots\" content=\"index, follow, max-snippet:-1, max-image-preview:large, max-video-preview:-1\" \/>\n<link rel=\"canonical\" href=\"https:\/\/www.mizar.it\/de\/prodotto\/lucis-bollard-1-1-luc05fcz0g0a00\/\" \/>\n<meta property=\"og:locale\" content=\"de_DE\" \/>\n<meta property=\"og:type\" content=\"article\" \/>\n<meta property=\"og:title\" content=\"Mizar - LUCIS BOLLARD 1.1\" \/>\n<meta property=\"og:description\" content=\"Visita il sito Mizar.it e contattaci per scoprire di pi\u00f9 sul nostro prodotto LUCIS BOLLARD 1.1.\" \/>\n<meta property=\"og:url\" content=\"https:\/\/www.mizar.it\/de\/prodotto\/lucis-bollard-1-1-luc05fcz0g0a00\/\" \/>\n<meta property=\"og:site_name\" content=\"Mizar\" \/>\n<meta property=\"article:modified_time\" content=\"2026-03-09T11:34:19+00:00\" \/>\n<meta property=\"og:image\" content=\"https:\/\/www.mizar.it\/wp-content\/uploads\/2025\/11\/LUCIS_BOLLARD_1.1_AN7016_img1-1.jpg\" \/>\n\t<meta property=\"og:image:width\" content=\"1000\" \/>\n\t<meta property=\"og:image:height\" content=\"1000\" \/>\n\t<meta property=\"og:image:type\" content=\"image\/jpeg\" \/>\n<meta name=\"twitter:card\" content=\"summary_large_image\" \/>\n<meta name=\"twitter:label1\" content=\"Gesch\u00e4tzte Lesezeit\" \/>\n\t<meta name=\"twitter:data1\" content=\"1\u00a0Minute\" \/>\n<script type=\"application\/ld+json\" class=\"yoast-schema-graph\">{\"@context\":\"https:\/\/schema.org\",\"@graph\":[{\"@type\":\"WebPage\",\"@id\":\"https:\/\/www.mizar.it\/de\/prodotto\/lucis-bollard-1-1-luc05fcz0g0a00\/\",\"url\":\"https:\/\/www.mizar.it\/de\/prodotto\/lucis-bollard-1-1-luc05fcz0g0a00\/\",\"name\":\"Mizar - LUCIS BOLLARD 1.1\",\"isPartOf\":{\"@id\":\"https:\/\/www.mizar.it\/de\/#website\"},\"primaryImageOfPage\":{\"@id\":\"https:\/\/www.mizar.it\/de\/prodotto\/lucis-bollard-1-1-luc05fcz0g0a00\/#primaryimage\"},\"image\":{\"@id\":\"https:\/\/www.mizar.it\/de\/prodotto\/lucis-bollard-1-1-luc05fcz0g0a00\/#primaryimage\"},\"thumbnailUrl\":\"https:\/\/www.mizar.it\/wp-content\/uploads\/2025\/11\/LUCIS_BOLLARD_1.1_AN7016_img1-1.jpg\",\"datePublished\":\"2025-04-16T13:04:00+00:00\",\"dateModified\":\"2026-03-09T11:34:19+00:00\",\"description\":\"Visita il sito Mizar.it e contattaci per scoprire di pi\u00f9 sul nostro prodotto LUCIS BOLLARD 1.1.\",\"breadcrumb\":{\"@id\":\"https:\/\/www.mizar.it\/de\/prodotto\/lucis-bollard-1-1-luc05fcz0g0a00\/#breadcrumb\"},\"inLanguage\":\"de\",\"potentialAction\":[{\"@type\":\"ReadAction\",\"target\":[\"https:\/\/www.mizar.it\/de\/prodotto\/lucis-bollard-1-1-luc05fcz0g0a00\/\"]}]},{\"@type\":\"ImageObject\",\"inLanguage\":\"de\",\"@id\":\"https:\/\/www.mizar.it\/de\/prodotto\/lucis-bollard-1-1-luc05fcz0g0a00\/#primaryimage\",\"url\":\"https:\/\/www.mizar.it\/wp-content\/uploads\/2025\/11\/LUCIS_BOLLARD_1.1_AN7016_img1-1.jpg\",\"contentUrl\":\"https:\/\/www.mizar.it\/wp-content\/uploads\/2025\/11\/LUCIS_BOLLARD_1.1_AN7016_img1-1.jpg\",\"width\":1000,\"height\":1000},{\"@type\":\"BreadcrumbList\",\"@id\":\"https:\/\/www.mizar.it\/de\/prodotto\/lucis-bollard-1-1-luc05fcz0g0a00\/#breadcrumb\",\"itemListElement\":[{\"@type\":\"ListItem\",\"position\":1,\"name\":\"Mizar\",\"item\":\"https:\/\/www.mizar.it\/de\/\"},{\"@type\":\"ListItem\",\"position\":2,\"name\":\"LUCIS BOLLARD 1.1\"}]},{\"@type\":\"WebSite\",\"@id\":\"https:\/\/www.mizar.it\/de\/#website\",\"url\":\"https:\/\/www.mizar.it\/de\/\",\"name\":\"Mizar\",\"description\":\"Lighting your way\",\"publisher\":{\"@id\":\"https:\/\/www.mizar.it\/de\/#organization\"},\"potentialAction\":[{\"@type\":\"SearchAction\",\"target\":{\"@type\":\"EntryPoint\",\"urlTemplate\":\"https:\/\/www.mizar.it\/de\/?s={search_term_string}\"},\"query-input\":\"required name=search_term_string\"}],\"inLanguage\":\"de\"},{\"@type\":\"Organization\",\"@id\":\"https:\/\/www.mizar.it\/de\/#organization\",\"name\":\"Mizar\",\"url\":\"https:\/\/www.mizar.it\/de\/\",\"logo\":{\"@type\":\"ImageObject\",\"inLanguage\":\"de\",\"@id\":\"https:\/\/www.mizar.it\/de\/#\/schema\/logo\/image\/\",\"url\":\"https:\/\/www.mizar.it\/wp-content\/uploads\/2024\/10\/cropped-Mizar_icon_tab-1.png\",\"contentUrl\":\"https:\/\/www.mizar.it\/wp-content\/uploads\/2024\/10\/cropped-Mizar_icon_tab-1.png\",\"width\":512,\"height\":512,\"caption\":\"Mizar\"},\"image\":{\"@id\":\"https:\/\/www.mizar.it\/de\/#\/schema\/logo\/image\/\"},\"sameAs\":[\"https:\/\/www.instagram.com\/mizarluce\/\",\"https:\/\/www.linkedin.com\/company\/mizar-lighting\/\"]}]}<\/script>\n<!-- \/ Yoast SEO plugin. -->","yoast_head_json":{"title":"Mizar - LUCIS BOLLARD 1.1","description":"Visita il sito Mizar.it e contattaci per scoprire di pi\u00f9 sul nostro prodotto LUCIS BOLLARD 1.1.","robots":{"index":"index","follow":"follow","max-snippet":"max-snippet:-1","max-image-preview":"max-image-preview:large","max-video-preview":"max-video-preview:-1"},"canonical":"https:\/\/www.mizar.it\/de\/prodotto\/lucis-bollard-1-1-luc05fcz0g0a00\/","og_locale":"de_DE","og_type":"article","og_title":"Mizar - LUCIS BOLLARD 1.1","og_description":"Visita il sito Mizar.it e contattaci per scoprire di pi\u00f9 sul nostro prodotto LUCIS BOLLARD 1.1.","og_url":"https:\/\/www.mizar.it\/de\/prodotto\/lucis-bollard-1-1-luc05fcz0g0a00\/","og_site_name":"Mizar","article_modified_time":"2026-03-09T11:34:19+00:00","og_image":[{"width":1000,"height":1000,"url":"https:\/\/www.mizar.it\/wp-content\/uploads\/2025\/11\/LUCIS_BOLLARD_1.1_AN7016_img1-1.jpg","type":"image\/jpeg"}],"twitter_card":"summary_large_image","twitter_misc":{"Gesch\u00e4tzte Lesezeit":"1\u00a0Minute"},"schema":{"@context":"https:\/\/schema.org","@graph":[{"@type":"WebPage","@id":"https:\/\/www.mizar.it\/de\/prodotto\/lucis-bollard-1-1-luc05fcz0g0a00\/","url":"https:\/\/www.mizar.it\/de\/prodotto\/lucis-bollard-1-1-luc05fcz0g0a00\/","name":"Mizar - LUCIS BOLLARD 1.1","isPartOf":{"@id":"https:\/\/www.mizar.it\/de\/#website"},"primaryImageOfPage":{"@id":"https:\/\/www.mizar.it\/de\/prodotto\/lucis-bollard-1-1-luc05fcz0g0a00\/#primaryimage"},"image":{"@id":"https:\/\/www.mizar.it\/de\/prodotto\/lucis-bollard-1-1-luc05fcz0g0a00\/#primaryimage"},"thumbnailUrl":"https:\/\/www.mizar.it\/wp-content\/uploads\/2025\/11\/LUCIS_BOLLARD_1.1_AN7016_img1-1.jpg","datePublished":"2025-04-16T13:04:00+00:00","dateModified":"2026-03-09T11:34:19+00:00","description":"Visita il sito Mizar.it e contattaci per scoprire di pi\u00f9 sul nostro prodotto LUCIS BOLLARD 1.1.","breadcrumb":{"@id":"https:\/\/www.mizar.it\/de\/prodotto\/lucis-bollard-1-1-luc05fcz0g0a00\/#breadcrumb"},"inLanguage":"de","potentialAction":[{"@type":"ReadAction","target":["https:\/\/www.mizar.it\/de\/prodotto\/lucis-bollard-1-1-luc05fcz0g0a00\/"]}]},{"@type":"ImageObject","inLanguage":"de","@id":"https:\/\/www.mizar.it\/de\/prodotto\/lucis-bollard-1-1-luc05fcz0g0a00\/#primaryimage","url":"https:\/\/www.mizar.it\/wp-content\/uploads\/2025\/11\/LUCIS_BOLLARD_1.1_AN7016_img1-1.jpg","contentUrl":"https:\/\/www.mizar.it\/wp-content\/uploads\/2025\/11\/LUCIS_BOLLARD_1.1_AN7016_img1-1.jpg","width":1000,"height":1000},{"@type":"BreadcrumbList","@id":"https:\/\/www.mizar.it\/de\/prodotto\/lucis-bollard-1-1-luc05fcz0g0a00\/#breadcrumb","itemListElement":[{"@type":"ListItem","position":1,"name":"Mizar","item":"https:\/\/www.mizar.it\/de\/"},{"@type":"ListItem","position":2,"name":"LUCIS BOLLARD 1.1"}]},{"@type":"WebSite","@id":"https:\/\/www.mizar.it\/de\/#website","url":"https:\/\/www.mizar.it\/de\/","name":"Mizar","description":"Lighting your way","publisher":{"@id":"https:\/\/www.mizar.it\/de\/#organization"},"potentialAction":[{"@type":"SearchAction","target":{"@type":"EntryPoint","urlTemplate":"https:\/\/www.mizar.it\/de\/?s={search_term_string}"},"query-input":"required name=search_term_string"}],"inLanguage":"de"},{"@type":"Organization","@id":"https:\/\/www.mizar.it\/de\/#organization","name":"Mizar","url":"https:\/\/www.mizar.it\/de\/","logo":{"@type":"ImageObject","inLanguage":"de","@id":"https:\/\/www.mizar.it\/de\/#\/schema\/logo\/image\/","url":"https:\/\/www.mizar.it\/wp-content\/uploads\/2024\/10\/cropped-Mizar_icon_tab-1.png","contentUrl":"https:\/\/www.mizar.it\/wp-content\/uploads\/2024\/10\/cropped-Mizar_icon_tab-1.png","width":512,"height":512,"caption":"Mizar"},"image":{"@id":"https:\/\/www.mizar.it\/de\/#\/schema\/logo\/image\/"},"sameAs":["https:\/\/www.instagram.com\/mizarluce\/","https:\/\/www.linkedin.com\/company\/mizar-lighting\/"]}]}},"df_price":"","df_sale_price":"","df_regular_price":"","df_image_link":"https:\/\/www.mizar.it\/wp-content\/uploads\/2025\/11\/LUCIS_BOLLARD_1.1_AN7016_img1-1-300x300.jpg","_links":{"self":[{"href":"https:\/\/www.mizar.it\/de\/wp-json\/wp\/v2\/product\/128118","targetHints":{"allow":["GET"]}}],"collection":[{"href":"https:\/\/www.mizar.it\/de\/wp-json\/wp\/v2\/product"}],"about":[{"href":"https:\/\/www.mizar.it\/de\/wp-json\/wp\/v2\/types\/product"}],"wp:featuredmedia":[{"embeddable":true,"href":"https:\/\/www.mizar.it\/de\/wp-json\/wp\/v2\/media\/128107"}],"wp:attachment":[{"href":"https:\/\/www.mizar.it\/de\/wp-json\/wp\/v2\/media?parent=128118"}],"wp:term":[{"taxonomy":"product_cat","embeddable":true,"href":"https:\/\/www.mizar.it\/de\/wp-json\/wp\/v2\/product_cat?post=128118"},{"taxonomy":"product_tag","embeddable":true,"href":"https:\/\/www.mizar.it\/de\/wp-json\/wp\/v2\/product_tag?post=128118"}],"curies":[{"name":"wp","href":"https:\/\/api.w.org\/{rel}","templated":true}]}}