{"id":132583,"date":"2024-09-27T04:39:05","date_gmt":"2024-09-27T02:39:05","guid":{"rendered":"https:\/\/www.mizar.it\/prodotto\/oceano-4-2-31\/"},"modified":"2026-03-06T16:07:34","modified_gmt":"2026-03-06T15:07:34","slug":"oceano-4-2-cea10fcm000a00","status":"publish","type":"product","link":"https:\/\/www.mizar.it\/de\/prodotto\/oceano-4-2-cea10fcm000a00\/","title":{"rendered":"OCEANO 4.2"},"content":{"rendered":"<p>Die befahrbare Bodeneinbauleuchte Oceano ist f\u00fcr den Einsatz im Au\u00dfenbereich und unter Wasser bis zu 10 m Tiefe (IP66\/IP68) geeignet und hat einen Betriebstemperaturbereich von -20 \u00b0C bis +50 \u00b0C. F\u00fcr maximale Flexibilit\u00e4t bei der Anwendung sind Geh\u00e4use und Rahmen wahlweise aus Aluminium oder Stahl gefertigt. Die Lichtquelle besteht aus einem 7-W-LED-Chip mit 24 V Konstantspannung und integriertem Treiber. Dank des hohen Lichtstroms eignet sie sich ideal zur Markierung von Fu\u00dfwegen oder zur Beleuchtung architektonischer Details. Die versenkte Lichtquelle sorgt f\u00fcr hohen Sehkomfort. Der Farbwiedergabeindex (CRI) liegt \u00fcber 90. Oceano ist mit dem IdroSkud\u00ae-System ausgestattet, das die elektronischen Komponenten vor Spannungsspitzen, Verpolung und Wassereintritt sch\u00fctzt. Optional sind Wabenfilter und Lichtblende und Montagezubeh\u00f6r (befahr Einbaugeh\u00e4use) erh\u00e4ltlich. F\u00fcr den Betrieb der Leuchte ist ein Netzteil erforderlich, das separat bestellt werden muss. Die Anzahl der an ein Netzteil anschlie\u00dfbaren Leuchten variiert je nach Installationsart. Es obliegt dem Installateur, den m\u00f6glichen Spannungsabfall durch Messung des Abstands zwischen dem Produkt und der Stromversorgung zu \u00fcberpr\u00fcfen.<\/p>\n","protected":false},"excerpt":{"rendered":"<p>OCEANO 4.2 7W AL-AL 20\u00b0 4000K 24V 0.4M<\/p>\n","protected":false},"featured_media":132553,"template":"","meta":{"inline_featured_image":false},"product_cat":[44244,44251,44258,44280],"product_tag":[],"class_list":{"0":"post-132583","1":"product","2":"type-product","3":"status-publish","4":"has-post-thumbnail","6":"product_cat-aussenbereich","7":"product_cat-bodeneinbauleuchten","8":"product_cat-oceano-de","9":"product_cat-oceano-4-2-de","10":"pa_altezza-mm-114-de","11":"pa_aree-en-60598-2-13-a1-a2-a3-a4-de","12":"pa_diametro-mm-125-de","13":"pa_efficienza-energetica-dieses-produkt-enthalt-eine-lichtquelle-der-energieeffizienzklasse-eu-2019-2015-g","14":"pa_flusso-apparecchio-lm-370-de","15":"pa_flusso-sorgente-lm-445-de","16":"pa_massimo-carico-statico-kn-2000-de-2","17":"pa_peso-g-0-72-de","18":"pa_potenza-nominale-w-7-de","19":"pa_temp-operativa-minima-20-c-de","20":"pa_temp-superficiale-massima-50-c-de","22":"first","23":"instock","24":"product-type-simple","25":"berocket_lgv_grid","26":"berocket_lgv_list_grid"},"acf":[],"yoast_head":"<!-- This site is optimized with the Yoast SEO plugin v22.4 - https:\/\/yoast.com\/wordpress\/plugins\/seo\/ -->\n<title>Mizar - OCEANO 4.2<\/title>\n<meta name=\"description\" content=\"Visita il sito Mizar.it e contattaci per scoprire di pi\u00f9 sul nostro prodotto OCEANO 4.2.\" \/>\n<meta name=\"robots\" content=\"index, follow, max-snippet:-1, max-image-preview:large, max-video-preview:-1\" \/>\n<link rel=\"canonical\" href=\"https:\/\/www.mizar.it\/de\/prodotto\/oceano-4-2-cea10fcm000a00\/\" \/>\n<meta property=\"og:locale\" content=\"de_DE\" \/>\n<meta property=\"og:type\" content=\"article\" \/>\n<meta property=\"og:title\" content=\"Mizar - OCEANO 4.2\" \/>\n<meta property=\"og:description\" content=\"Visita il sito Mizar.it e contattaci per scoprire di pi\u00f9 sul nostro prodotto OCEANO 4.2.\" \/>\n<meta property=\"og:url\" content=\"https:\/\/www.mizar.it\/de\/prodotto\/oceano-4-2-cea10fcm000a00\/\" \/>\n<meta property=\"og:site_name\" content=\"Mizar\" \/>\n<meta property=\"article:modified_time\" content=\"2026-03-06T15:07:34+00:00\" \/>\n<meta property=\"og:image\" content=\"https:\/\/www.mizar.it\/wp-content\/uploads\/2025\/11\/OCEANO_4.2_AL_img1-1.jpg\" \/>\n\t<meta property=\"og:image:width\" content=\"1000\" \/>\n\t<meta property=\"og:image:height\" content=\"1000\" \/>\n\t<meta property=\"og:image:type\" content=\"image\/jpeg\" \/>\n<meta name=\"twitter:card\" content=\"summary_large_image\" \/>\n<meta name=\"twitter:label1\" content=\"Gesch\u00e4tzte Lesezeit\" \/>\n\t<meta name=\"twitter:data1\" content=\"1\u00a0Minute\" \/>\n<script type=\"application\/ld+json\" class=\"yoast-schema-graph\">{\"@context\":\"https:\/\/schema.org\",\"@graph\":[{\"@type\":\"WebPage\",\"@id\":\"https:\/\/www.mizar.it\/de\/prodotto\/oceano-4-2-cea10fcm000a00\/\",\"url\":\"https:\/\/www.mizar.it\/de\/prodotto\/oceano-4-2-cea10fcm000a00\/\",\"name\":\"Mizar - OCEANO 4.2\",\"isPartOf\":{\"@id\":\"https:\/\/www.mizar.it\/de\/#website\"},\"primaryImageOfPage\":{\"@id\":\"https:\/\/www.mizar.it\/de\/prodotto\/oceano-4-2-cea10fcm000a00\/#primaryimage\"},\"image\":{\"@id\":\"https:\/\/www.mizar.it\/de\/prodotto\/oceano-4-2-cea10fcm000a00\/#primaryimage\"},\"thumbnailUrl\":\"https:\/\/www.mizar.it\/wp-content\/uploads\/2025\/11\/OCEANO_4.2_AL_img1-1.jpg\",\"datePublished\":\"2024-09-27T02:39:05+00:00\",\"dateModified\":\"2026-03-06T15:07:34+00:00\",\"description\":\"Visita il sito Mizar.it e contattaci per scoprire di pi\u00f9 sul nostro prodotto OCEANO 4.2.\",\"breadcrumb\":{\"@id\":\"https:\/\/www.mizar.it\/de\/prodotto\/oceano-4-2-cea10fcm000a00\/#breadcrumb\"},\"inLanguage\":\"de\",\"potentialAction\":[{\"@type\":\"ReadAction\",\"target\":[\"https:\/\/www.mizar.it\/de\/prodotto\/oceano-4-2-cea10fcm000a00\/\"]}]},{\"@type\":\"ImageObject\",\"inLanguage\":\"de\",\"@id\":\"https:\/\/www.mizar.it\/de\/prodotto\/oceano-4-2-cea10fcm000a00\/#primaryimage\",\"url\":\"https:\/\/www.mizar.it\/wp-content\/uploads\/2025\/11\/OCEANO_4.2_AL_img1-1.jpg\",\"contentUrl\":\"https:\/\/www.mizar.it\/wp-content\/uploads\/2025\/11\/OCEANO_4.2_AL_img1-1.jpg\",\"width\":1000,\"height\":1000},{\"@type\":\"BreadcrumbList\",\"@id\":\"https:\/\/www.mizar.it\/de\/prodotto\/oceano-4-2-cea10fcm000a00\/#breadcrumb\",\"itemListElement\":[{\"@type\":\"ListItem\",\"position\":1,\"name\":\"Mizar\",\"item\":\"https:\/\/www.mizar.it\/de\/\"},{\"@type\":\"ListItem\",\"position\":2,\"name\":\"OCEANO 4.2\"}]},{\"@type\":\"WebSite\",\"@id\":\"https:\/\/www.mizar.it\/de\/#website\",\"url\":\"https:\/\/www.mizar.it\/de\/\",\"name\":\"Mizar\",\"description\":\"Lighting your way\",\"publisher\":{\"@id\":\"https:\/\/www.mizar.it\/de\/#organization\"},\"potentialAction\":[{\"@type\":\"SearchAction\",\"target\":{\"@type\":\"EntryPoint\",\"urlTemplate\":\"https:\/\/www.mizar.it\/de\/?s={search_term_string}\"},\"query-input\":\"required name=search_term_string\"}],\"inLanguage\":\"de\"},{\"@type\":\"Organization\",\"@id\":\"https:\/\/www.mizar.it\/de\/#organization\",\"name\":\"Mizar\",\"url\":\"https:\/\/www.mizar.it\/de\/\",\"logo\":{\"@type\":\"ImageObject\",\"inLanguage\":\"de\",\"@id\":\"https:\/\/www.mizar.it\/de\/#\/schema\/logo\/image\/\",\"url\":\"https:\/\/www.mizar.it\/wp-content\/uploads\/2024\/10\/cropped-Mizar_icon_tab-1.png\",\"contentUrl\":\"https:\/\/www.mizar.it\/wp-content\/uploads\/2024\/10\/cropped-Mizar_icon_tab-1.png\",\"width\":512,\"height\":512,\"caption\":\"Mizar\"},\"image\":{\"@id\":\"https:\/\/www.mizar.it\/de\/#\/schema\/logo\/image\/\"},\"sameAs\":[\"https:\/\/www.instagram.com\/mizarluce\/\",\"https:\/\/www.linkedin.com\/company\/mizar-lighting\/\"]}]}<\/script>\n<!-- \/ Yoast SEO plugin. -->","yoast_head_json":{"title":"Mizar - OCEANO 4.2","description":"Visita il sito Mizar.it e contattaci per scoprire di pi\u00f9 sul nostro prodotto OCEANO 4.2.","robots":{"index":"index","follow":"follow","max-snippet":"max-snippet:-1","max-image-preview":"max-image-preview:large","max-video-preview":"max-video-preview:-1"},"canonical":"https:\/\/www.mizar.it\/de\/prodotto\/oceano-4-2-cea10fcm000a00\/","og_locale":"de_DE","og_type":"article","og_title":"Mizar - OCEANO 4.2","og_description":"Visita il sito Mizar.it e contattaci per scoprire di pi\u00f9 sul nostro prodotto OCEANO 4.2.","og_url":"https:\/\/www.mizar.it\/de\/prodotto\/oceano-4-2-cea10fcm000a00\/","og_site_name":"Mizar","article_modified_time":"2026-03-06T15:07:34+00:00","og_image":[{"width":1000,"height":1000,"url":"https:\/\/www.mizar.it\/wp-content\/uploads\/2025\/11\/OCEANO_4.2_AL_img1-1.jpg","type":"image\/jpeg"}],"twitter_card":"summary_large_image","twitter_misc":{"Gesch\u00e4tzte Lesezeit":"1\u00a0Minute"},"schema":{"@context":"https:\/\/schema.org","@graph":[{"@type":"WebPage","@id":"https:\/\/www.mizar.it\/de\/prodotto\/oceano-4-2-cea10fcm000a00\/","url":"https:\/\/www.mizar.it\/de\/prodotto\/oceano-4-2-cea10fcm000a00\/","name":"Mizar - OCEANO 4.2","isPartOf":{"@id":"https:\/\/www.mizar.it\/de\/#website"},"primaryImageOfPage":{"@id":"https:\/\/www.mizar.it\/de\/prodotto\/oceano-4-2-cea10fcm000a00\/#primaryimage"},"image":{"@id":"https:\/\/www.mizar.it\/de\/prodotto\/oceano-4-2-cea10fcm000a00\/#primaryimage"},"thumbnailUrl":"https:\/\/www.mizar.it\/wp-content\/uploads\/2025\/11\/OCEANO_4.2_AL_img1-1.jpg","datePublished":"2024-09-27T02:39:05+00:00","dateModified":"2026-03-06T15:07:34+00:00","description":"Visita il sito Mizar.it e contattaci per scoprire di pi\u00f9 sul nostro prodotto OCEANO 4.2.","breadcrumb":{"@id":"https:\/\/www.mizar.it\/de\/prodotto\/oceano-4-2-cea10fcm000a00\/#breadcrumb"},"inLanguage":"de","potentialAction":[{"@type":"ReadAction","target":["https:\/\/www.mizar.it\/de\/prodotto\/oceano-4-2-cea10fcm000a00\/"]}]},{"@type":"ImageObject","inLanguage":"de","@id":"https:\/\/www.mizar.it\/de\/prodotto\/oceano-4-2-cea10fcm000a00\/#primaryimage","url":"https:\/\/www.mizar.it\/wp-content\/uploads\/2025\/11\/OCEANO_4.2_AL_img1-1.jpg","contentUrl":"https:\/\/www.mizar.it\/wp-content\/uploads\/2025\/11\/OCEANO_4.2_AL_img1-1.jpg","width":1000,"height":1000},{"@type":"BreadcrumbList","@id":"https:\/\/www.mizar.it\/de\/prodotto\/oceano-4-2-cea10fcm000a00\/#breadcrumb","itemListElement":[{"@type":"ListItem","position":1,"name":"Mizar","item":"https:\/\/www.mizar.it\/de\/"},{"@type":"ListItem","position":2,"name":"OCEANO 4.2"}]},{"@type":"WebSite","@id":"https:\/\/www.mizar.it\/de\/#website","url":"https:\/\/www.mizar.it\/de\/","name":"Mizar","description":"Lighting your way","publisher":{"@id":"https:\/\/www.mizar.it\/de\/#organization"},"potentialAction":[{"@type":"SearchAction","target":{"@type":"EntryPoint","urlTemplate":"https:\/\/www.mizar.it\/de\/?s={search_term_string}"},"query-input":"required name=search_term_string"}],"inLanguage":"de"},{"@type":"Organization","@id":"https:\/\/www.mizar.it\/de\/#organization","name":"Mizar","url":"https:\/\/www.mizar.it\/de\/","logo":{"@type":"ImageObject","inLanguage":"de","@id":"https:\/\/www.mizar.it\/de\/#\/schema\/logo\/image\/","url":"https:\/\/www.mizar.it\/wp-content\/uploads\/2024\/10\/cropped-Mizar_icon_tab-1.png","contentUrl":"https:\/\/www.mizar.it\/wp-content\/uploads\/2024\/10\/cropped-Mizar_icon_tab-1.png","width":512,"height":512,"caption":"Mizar"},"image":{"@id":"https:\/\/www.mizar.it\/de\/#\/schema\/logo\/image\/"},"sameAs":["https:\/\/www.instagram.com\/mizarluce\/","https:\/\/www.linkedin.com\/company\/mizar-lighting\/"]}]}},"df_price":"","df_sale_price":"","df_regular_price":"","df_image_link":"https:\/\/www.mizar.it\/wp-content\/uploads\/2025\/11\/OCEANO_4.2_AL_img1-1-300x300.jpg","_links":{"self":[{"href":"https:\/\/www.mizar.it\/de\/wp-json\/wp\/v2\/product\/132583","targetHints":{"allow":["GET"]}}],"collection":[{"href":"https:\/\/www.mizar.it\/de\/wp-json\/wp\/v2\/product"}],"about":[{"href":"https:\/\/www.mizar.it\/de\/wp-json\/wp\/v2\/types\/product"}],"wp:featuredmedia":[{"embeddable":true,"href":"https:\/\/www.mizar.it\/de\/wp-json\/wp\/v2\/media\/132553"}],"wp:attachment":[{"href":"https:\/\/www.mizar.it\/de\/wp-json\/wp\/v2\/media?parent=132583"}],"wp:term":[{"taxonomy":"product_cat","embeddable":true,"href":"https:\/\/www.mizar.it\/de\/wp-json\/wp\/v2\/product_cat?post=132583"},{"taxonomy":"product_tag","embeddable":true,"href":"https:\/\/www.mizar.it\/de\/wp-json\/wp\/v2\/product_tag?post=132583"}],"curies":[{"name":"wp","href":"https:\/\/api.w.org\/{rel}","templated":true}]}}