{"id":133329,"date":"2024-09-26T14:31:36","date_gmt":"2024-09-26T12:31:36","guid":{"rendered":"https:\/\/www.mizar.it\/prodotto\/oceano-9-3\/"},"modified":"2026-03-09T09:06:17","modified_gmt":"2026-03-09T08:06:17","slug":"oceano-9-3-cea18dcr001h00","status":"publish","type":"product","link":"https:\/\/www.mizar.it\/de\/prodotto\/oceano-9-3-cea18dcr001h00\/","title":{"rendered":"OCEANO 9.3"},"content":{"rendered":"<p>Begehbare Bodeneinbauleuchte, geeignet f\u00fcr den Au\u00dfenbereich und Unterwasseranwendungen bis 10 m Tiefe (IP66\/IP68), Betriebstemperaturbereich: -20 \u00b0C bis +50 \u00b0C. Die Lichtquelle besteht aus einem 3-W-LED-Chip mit 24 V Konstantspannung und integriertem Treiber. Dank des variablen Abstrahlwinkels eignet sie sich ideal zur Markierung von Fu\u00dfwegen oder zur Beleuchtung. Die zur\u00fcckgesetzte Lichtquelle sorgt f\u00fcr hohen Sehkomfort. Farbwiedergabeindex (CRI) > 90. Oceano ist mit dem IdroSkud\u00ae-System ausgestattet, das die elektronischen Komponenten vor Spannungsspitzen, Verpolung und Wassereintritt sch\u00fctzt. Installationszubeh\u00f6r (Entw\u00e4sserung und wasserdichtes Einbaugeh\u00e4use) ist im Lieferumfang enthalten. F\u00fcr den Betrieb ist ein Netzteil erforderlich. Das Netzteil muss separat bestellt werden. Die Anzahl der an ein Netzteil anschlie\u00dfbaren Leuchten variiert je nach Installationsart. Der Installateur ist verpflichtet, den m\u00f6glichen Spannungsabfall durch Messung des Abstands zwischen Produkt und Netzteil zu ermitteln.<\/p>\n","protected":false},"excerpt":{"rendered":"<p>OCEANO 9.3 3W ED 3RAD 3000K 24V 5M<\/p>\n","protected":false},"featured_media":133318,"template":"","meta":{"inline_featured_image":false},"product_cat":[44244,44251,44258,44275],"product_tag":[],"class_list":{"0":"post-133329","1":"product","2":"type-product","3":"status-publish","4":"has-post-thumbnail","6":"product_cat-aussenbereich","7":"product_cat-bodeneinbauleuchten","8":"product_cat-oceano-de","9":"product_cat-oceano-9-3-de","10":"pa_altezza-mm-105-de","11":"pa_aree-en-60598-2-13-a1-a2-de","12":"pa_diametro-mm-60-de","13":"pa_efficienza-energetica-dieses-produkt-enthalt-eine-lichtquelle-der-energieeffizienzklasse-eu-2019-2015-f","14":"pa_flusso-apparecchio-lm-74-de","15":"pa_flusso-sorgente-lm-236-de","16":"pa_massimo-carico-statico-kn-500-de-2","17":"pa_peso-g-0-625-de","18":"pa_potenza-nominale-w-3-de","19":"pa_temp-operativa-minima-20-c-de","20":"pa_temp-superficiale-massima-50-c-de","22":"first","23":"instock","24":"product-type-simple","25":"berocket_lgv_grid","26":"berocket_lgv_list_grid"},"acf":[],"yoast_head":"<!-- This site is optimized with the Yoast SEO plugin v22.4 - https:\/\/yoast.com\/wordpress\/plugins\/seo\/ -->\n<title>Mizar - OCEANO 9.3<\/title>\n<meta name=\"description\" content=\"Visita il sito Mizar.it e contattaci per scoprire di pi\u00f9 sul nostro prodotto OCEANO 9.3.\" \/>\n<meta name=\"robots\" content=\"index, follow, max-snippet:-1, max-image-preview:large, max-video-preview:-1\" \/>\n<link rel=\"canonical\" href=\"https:\/\/www.mizar.it\/de\/prodotto\/oceano-9-3-cea18dcr001h00\/\" \/>\n<meta property=\"og:locale\" content=\"de_DE\" \/>\n<meta property=\"og:type\" content=\"article\" \/>\n<meta property=\"og:title\" content=\"Mizar - OCEANO 9.3\" \/>\n<meta property=\"og:description\" content=\"Visita il sito Mizar.it e contattaci per scoprire di pi\u00f9 sul nostro prodotto OCEANO 9.3.\" \/>\n<meta property=\"og:url\" content=\"https:\/\/www.mizar.it\/de\/prodotto\/oceano-9-3-cea18dcr001h00\/\" \/>\n<meta property=\"og:site_name\" content=\"Mizar\" \/>\n<meta property=\"article:modified_time\" content=\"2026-03-09T08:06:17+00:00\" \/>\n<meta property=\"og:image\" content=\"https:\/\/www.mizar.it\/wp-content\/uploads\/2025\/11\/OCEANO_9.3_img1-1.jpg\" \/>\n\t<meta property=\"og:image:width\" content=\"1000\" \/>\n\t<meta property=\"og:image:height\" content=\"1000\" \/>\n\t<meta property=\"og:image:type\" content=\"image\/jpeg\" \/>\n<meta name=\"twitter:card\" content=\"summary_large_image\" \/>\n<meta name=\"twitter:label1\" content=\"Gesch\u00e4tzte Lesezeit\" \/>\n\t<meta name=\"twitter:data1\" content=\"1\u00a0Minute\" \/>\n<script type=\"application\/ld+json\" class=\"yoast-schema-graph\">{\"@context\":\"https:\/\/schema.org\",\"@graph\":[{\"@type\":\"WebPage\",\"@id\":\"https:\/\/www.mizar.it\/de\/prodotto\/oceano-9-3-cea18dcr001h00\/\",\"url\":\"https:\/\/www.mizar.it\/de\/prodotto\/oceano-9-3-cea18dcr001h00\/\",\"name\":\"Mizar - OCEANO 9.3\",\"isPartOf\":{\"@id\":\"https:\/\/www.mizar.it\/de\/#website\"},\"primaryImageOfPage\":{\"@id\":\"https:\/\/www.mizar.it\/de\/prodotto\/oceano-9-3-cea18dcr001h00\/#primaryimage\"},\"image\":{\"@id\":\"https:\/\/www.mizar.it\/de\/prodotto\/oceano-9-3-cea18dcr001h00\/#primaryimage\"},\"thumbnailUrl\":\"https:\/\/www.mizar.it\/wp-content\/uploads\/2025\/11\/OCEANO_9.3_img1-1.jpg\",\"datePublished\":\"2024-09-26T12:31:36+00:00\",\"dateModified\":\"2026-03-09T08:06:17+00:00\",\"description\":\"Visita il sito Mizar.it e contattaci per scoprire di pi\u00f9 sul nostro prodotto OCEANO 9.3.\",\"breadcrumb\":{\"@id\":\"https:\/\/www.mizar.it\/de\/prodotto\/oceano-9-3-cea18dcr001h00\/#breadcrumb\"},\"inLanguage\":\"de\",\"potentialAction\":[{\"@type\":\"ReadAction\",\"target\":[\"https:\/\/www.mizar.it\/de\/prodotto\/oceano-9-3-cea18dcr001h00\/\"]}]},{\"@type\":\"ImageObject\",\"inLanguage\":\"de\",\"@id\":\"https:\/\/www.mizar.it\/de\/prodotto\/oceano-9-3-cea18dcr001h00\/#primaryimage\",\"url\":\"https:\/\/www.mizar.it\/wp-content\/uploads\/2025\/11\/OCEANO_9.3_img1-1.jpg\",\"contentUrl\":\"https:\/\/www.mizar.it\/wp-content\/uploads\/2025\/11\/OCEANO_9.3_img1-1.jpg\",\"width\":1000,\"height\":1000},{\"@type\":\"BreadcrumbList\",\"@id\":\"https:\/\/www.mizar.it\/de\/prodotto\/oceano-9-3-cea18dcr001h00\/#breadcrumb\",\"itemListElement\":[{\"@type\":\"ListItem\",\"position\":1,\"name\":\"Mizar\",\"item\":\"https:\/\/www.mizar.it\/de\/\"},{\"@type\":\"ListItem\",\"position\":2,\"name\":\"OCEANO 9.3\"}]},{\"@type\":\"WebSite\",\"@id\":\"https:\/\/www.mizar.it\/de\/#website\",\"url\":\"https:\/\/www.mizar.it\/de\/\",\"name\":\"Mizar\",\"description\":\"Lighting your way\",\"publisher\":{\"@id\":\"https:\/\/www.mizar.it\/de\/#organization\"},\"potentialAction\":[{\"@type\":\"SearchAction\",\"target\":{\"@type\":\"EntryPoint\",\"urlTemplate\":\"https:\/\/www.mizar.it\/de\/?s={search_term_string}\"},\"query-input\":\"required name=search_term_string\"}],\"inLanguage\":\"de\"},{\"@type\":\"Organization\",\"@id\":\"https:\/\/www.mizar.it\/de\/#organization\",\"name\":\"Mizar\",\"url\":\"https:\/\/www.mizar.it\/de\/\",\"logo\":{\"@type\":\"ImageObject\",\"inLanguage\":\"de\",\"@id\":\"https:\/\/www.mizar.it\/de\/#\/schema\/logo\/image\/\",\"url\":\"https:\/\/www.mizar.it\/wp-content\/uploads\/2024\/10\/cropped-Mizar_icon_tab-1.png\",\"contentUrl\":\"https:\/\/www.mizar.it\/wp-content\/uploads\/2024\/10\/cropped-Mizar_icon_tab-1.png\",\"width\":512,\"height\":512,\"caption\":\"Mizar\"},\"image\":{\"@id\":\"https:\/\/www.mizar.it\/de\/#\/schema\/logo\/image\/\"},\"sameAs\":[\"https:\/\/www.instagram.com\/mizarluce\/\",\"https:\/\/www.linkedin.com\/company\/mizar-lighting\/\"]}]}<\/script>\n<!-- \/ Yoast SEO plugin. -->","yoast_head_json":{"title":"Mizar - OCEANO 9.3","description":"Visita il sito Mizar.it e contattaci per scoprire di pi\u00f9 sul nostro prodotto OCEANO 9.3.","robots":{"index":"index","follow":"follow","max-snippet":"max-snippet:-1","max-image-preview":"max-image-preview:large","max-video-preview":"max-video-preview:-1"},"canonical":"https:\/\/www.mizar.it\/de\/prodotto\/oceano-9-3-cea18dcr001h00\/","og_locale":"de_DE","og_type":"article","og_title":"Mizar - OCEANO 9.3","og_description":"Visita il sito Mizar.it e contattaci per scoprire di pi\u00f9 sul nostro prodotto OCEANO 9.3.","og_url":"https:\/\/www.mizar.it\/de\/prodotto\/oceano-9-3-cea18dcr001h00\/","og_site_name":"Mizar","article_modified_time":"2026-03-09T08:06:17+00:00","og_image":[{"width":1000,"height":1000,"url":"https:\/\/www.mizar.it\/wp-content\/uploads\/2025\/11\/OCEANO_9.3_img1-1.jpg","type":"image\/jpeg"}],"twitter_card":"summary_large_image","twitter_misc":{"Gesch\u00e4tzte Lesezeit":"1\u00a0Minute"},"schema":{"@context":"https:\/\/schema.org","@graph":[{"@type":"WebPage","@id":"https:\/\/www.mizar.it\/de\/prodotto\/oceano-9-3-cea18dcr001h00\/","url":"https:\/\/www.mizar.it\/de\/prodotto\/oceano-9-3-cea18dcr001h00\/","name":"Mizar - OCEANO 9.3","isPartOf":{"@id":"https:\/\/www.mizar.it\/de\/#website"},"primaryImageOfPage":{"@id":"https:\/\/www.mizar.it\/de\/prodotto\/oceano-9-3-cea18dcr001h00\/#primaryimage"},"image":{"@id":"https:\/\/www.mizar.it\/de\/prodotto\/oceano-9-3-cea18dcr001h00\/#primaryimage"},"thumbnailUrl":"https:\/\/www.mizar.it\/wp-content\/uploads\/2025\/11\/OCEANO_9.3_img1-1.jpg","datePublished":"2024-09-26T12:31:36+00:00","dateModified":"2026-03-09T08:06:17+00:00","description":"Visita il sito Mizar.it e contattaci per scoprire di pi\u00f9 sul nostro prodotto OCEANO 9.3.","breadcrumb":{"@id":"https:\/\/www.mizar.it\/de\/prodotto\/oceano-9-3-cea18dcr001h00\/#breadcrumb"},"inLanguage":"de","potentialAction":[{"@type":"ReadAction","target":["https:\/\/www.mizar.it\/de\/prodotto\/oceano-9-3-cea18dcr001h00\/"]}]},{"@type":"ImageObject","inLanguage":"de","@id":"https:\/\/www.mizar.it\/de\/prodotto\/oceano-9-3-cea18dcr001h00\/#primaryimage","url":"https:\/\/www.mizar.it\/wp-content\/uploads\/2025\/11\/OCEANO_9.3_img1-1.jpg","contentUrl":"https:\/\/www.mizar.it\/wp-content\/uploads\/2025\/11\/OCEANO_9.3_img1-1.jpg","width":1000,"height":1000},{"@type":"BreadcrumbList","@id":"https:\/\/www.mizar.it\/de\/prodotto\/oceano-9-3-cea18dcr001h00\/#breadcrumb","itemListElement":[{"@type":"ListItem","position":1,"name":"Mizar","item":"https:\/\/www.mizar.it\/de\/"},{"@type":"ListItem","position":2,"name":"OCEANO 9.3"}]},{"@type":"WebSite","@id":"https:\/\/www.mizar.it\/de\/#website","url":"https:\/\/www.mizar.it\/de\/","name":"Mizar","description":"Lighting your way","publisher":{"@id":"https:\/\/www.mizar.it\/de\/#organization"},"potentialAction":[{"@type":"SearchAction","target":{"@type":"EntryPoint","urlTemplate":"https:\/\/www.mizar.it\/de\/?s={search_term_string}"},"query-input":"required name=search_term_string"}],"inLanguage":"de"},{"@type":"Organization","@id":"https:\/\/www.mizar.it\/de\/#organization","name":"Mizar","url":"https:\/\/www.mizar.it\/de\/","logo":{"@type":"ImageObject","inLanguage":"de","@id":"https:\/\/www.mizar.it\/de\/#\/schema\/logo\/image\/","url":"https:\/\/www.mizar.it\/wp-content\/uploads\/2024\/10\/cropped-Mizar_icon_tab-1.png","contentUrl":"https:\/\/www.mizar.it\/wp-content\/uploads\/2024\/10\/cropped-Mizar_icon_tab-1.png","width":512,"height":512,"caption":"Mizar"},"image":{"@id":"https:\/\/www.mizar.it\/de\/#\/schema\/logo\/image\/"},"sameAs":["https:\/\/www.instagram.com\/mizarluce\/","https:\/\/www.linkedin.com\/company\/mizar-lighting\/"]}]}},"df_price":"","df_sale_price":"","df_regular_price":"","df_image_link":"https:\/\/www.mizar.it\/wp-content\/uploads\/2025\/11\/OCEANO_9.3_img1-1-300x300.jpg","_links":{"self":[{"href":"https:\/\/www.mizar.it\/de\/wp-json\/wp\/v2\/product\/133329","targetHints":{"allow":["GET"]}}],"collection":[{"href":"https:\/\/www.mizar.it\/de\/wp-json\/wp\/v2\/product"}],"about":[{"href":"https:\/\/www.mizar.it\/de\/wp-json\/wp\/v2\/types\/product"}],"wp:featuredmedia":[{"embeddable":true,"href":"https:\/\/www.mizar.it\/de\/wp-json\/wp\/v2\/media\/133318"}],"wp:attachment":[{"href":"https:\/\/www.mizar.it\/de\/wp-json\/wp\/v2\/media?parent=133329"}],"wp:term":[{"taxonomy":"product_cat","embeddable":true,"href":"https:\/\/www.mizar.it\/de\/wp-json\/wp\/v2\/product_cat?post=133329"},{"taxonomy":"product_tag","embeddable":true,"href":"https:\/\/www.mizar.it\/de\/wp-json\/wp\/v2\/product_tag?post=133329"}],"curies":[{"name":"wp","href":"https:\/\/api.w.org\/{rel}","templated":true}]}}