{"id":134927,"date":"2025-05-13T09:08:04","date_gmt":"2025-05-13T07:08:04","guid":{"rendered":"https:\/\/www.mizar.it\/prodotto\/quantum-tige-2-1\/"},"modified":"2026-03-09T10:24:24","modified_gmt":"2026-03-09T09:24:24","slug":"quantum-tige-2-1-qua10ccm0b0z01","status":"publish","type":"product","link":"https:\/\/www.mizar.it\/de\/prodotto\/quantum-tige-2-1-qua10ccm0b0z01\/","title":{"rendered":"QUANTUM TIGE 2.1"},"content":{"rendered":"<p>Diese Leuchte zur Deckenmontage mit starrer Aufh\u00e4ngung (\u201etige\u201c) ist f\u00fcr den Au\u00dfenbereich geeignet (Schutzart IP65) und verf\u00fcgt \u00fcber einen breiten Betriebstemperaturbereich von -20 \u00b0C bis +50 \u00b0C. Die Aluminium-Strangpressstange ist in verschiedenen L\u00e4ngen erh\u00e4ltlich und kann auf Anfrage individuell angepasst werden. Der Produktk\u00f6rper ist aus Aluminium-Druckguss und ist mit Polyester-Epoxidharz lackiert, um eine Korrosionsbest\u00e4ndigkeit von 1500 Stunden im Salzspr\u00fchtest zu gew\u00e4hrleisten. Die Lichtquelle ist ein 7-W-LED-Chip mit integriertem Netzteil (220 V AC). Dank des hohen Lichtstroms und des markanten Designs eignet sich die Leuchte ideal zur Beleuchtung von Terrassen oder \u00fcberdachten Wegen. Der Farbwiedergabeindex (CRI) liegt \u00fcber 90. Eine optionale Blendschutzabdeckung (Wabenstruktur) ist erh\u00e4ltlich.<\/p>\n","protected":false},"excerpt":{"rendered":"<p>QUANTUM TIGE 2.1 900mm 7W SW9005 20\u00b0 2700K 220V<\/p>\n","protected":false},"featured_media":134818,"template":"","meta":{"inline_featured_image":false},"product_cat":[44244,44336,44332,44340],"product_tag":[],"class_list":{"0":"post-134927","1":"product","2":"type-product","3":"status-publish","4":"has-post-thumbnail","6":"product_cat-aussenbereich","7":"product_cat-quantum-tige-de","8":"product_cat-deckenleuchten","9":"product_cat-quantum-tige-2-1-de","10":"pa_altezza-mm-900-de","11":"pa_diametro-mm-78-de","12":"pa_efficienza-energetica-dieses-produkt-enthalt-eine-lichtquelle-der-energieeffizienzklasse-eu-2019-2015-g","13":"pa_flusso-apparecchio-lm-333-de","14":"pa_flusso-sorgente-lm-445-de","15":"pa_peso-g-0-55-de","16":"pa_potenza-nominale-w-7-de","17":"pa_temp-operativa-minima-20-c-de","19":"first","20":"instock","21":"product-type-simple","22":"berocket_lgv_grid","23":"berocket_lgv_list_grid"},"acf":[],"yoast_head":"<!-- This site is optimized with the Yoast SEO plugin v22.4 - https:\/\/yoast.com\/wordpress\/plugins\/seo\/ -->\n<title>Mizar - QUANTUM TIGE 2.1<\/title>\n<meta name=\"description\" content=\"Visita il sito Mizar.it e contattaci per scoprire di pi\u00f9 sul nostro prodotto QUANTUM TIGE 2.1.\" \/>\n<meta name=\"robots\" content=\"index, follow, max-snippet:-1, max-image-preview:large, max-video-preview:-1\" \/>\n<link rel=\"canonical\" href=\"https:\/\/www.mizar.it\/de\/prodotto\/quantum-tige-2-1-qua10ccm0b0z01\/\" \/>\n<meta property=\"og:locale\" content=\"de_DE\" \/>\n<meta property=\"og:type\" content=\"article\" \/>\n<meta property=\"og:title\" content=\"Mizar - QUANTUM TIGE 2.1\" \/>\n<meta property=\"og:description\" content=\"Visita il sito Mizar.it e contattaci per scoprire di pi\u00f9 sul nostro prodotto QUANTUM TIGE 2.1.\" \/>\n<meta property=\"og:url\" content=\"https:\/\/www.mizar.it\/de\/prodotto\/quantum-tige-2-1-qua10ccm0b0z01\/\" \/>\n<meta property=\"og:site_name\" content=\"Mizar\" \/>\n<meta property=\"article:modified_time\" content=\"2026-03-09T09:24:24+00:00\" \/>\n<meta property=\"og:image\" content=\"https:\/\/www.mizar.it\/wp-content\/uploads\/2025\/11\/QUANTUM_TIGE_2.0_BK9005_img1-1.jpg\" \/>\n\t<meta property=\"og:image:width\" content=\"1000\" \/>\n\t<meta property=\"og:image:height\" content=\"1000\" \/>\n\t<meta property=\"og:image:type\" content=\"image\/jpeg\" \/>\n<meta name=\"twitter:card\" content=\"summary_large_image\" \/>\n<meta name=\"twitter:label1\" content=\"Gesch\u00e4tzte Lesezeit\" \/>\n\t<meta name=\"twitter:data1\" content=\"1\u00a0Minute\" \/>\n<script type=\"application\/ld+json\" class=\"yoast-schema-graph\">{\"@context\":\"https:\/\/schema.org\",\"@graph\":[{\"@type\":\"WebPage\",\"@id\":\"https:\/\/www.mizar.it\/de\/prodotto\/quantum-tige-2-1-qua10ccm0b0z01\/\",\"url\":\"https:\/\/www.mizar.it\/de\/prodotto\/quantum-tige-2-1-qua10ccm0b0z01\/\",\"name\":\"Mizar - QUANTUM TIGE 2.1\",\"isPartOf\":{\"@id\":\"https:\/\/www.mizar.it\/de\/#website\"},\"primaryImageOfPage\":{\"@id\":\"https:\/\/www.mizar.it\/de\/prodotto\/quantum-tige-2-1-qua10ccm0b0z01\/#primaryimage\"},\"image\":{\"@id\":\"https:\/\/www.mizar.it\/de\/prodotto\/quantum-tige-2-1-qua10ccm0b0z01\/#primaryimage\"},\"thumbnailUrl\":\"https:\/\/www.mizar.it\/wp-content\/uploads\/2025\/11\/QUANTUM_TIGE_2.0_BK9005_img1-1.jpg\",\"datePublished\":\"2025-05-13T07:08:04+00:00\",\"dateModified\":\"2026-03-09T09:24:24+00:00\",\"description\":\"Visita il sito Mizar.it e contattaci per scoprire di pi\u00f9 sul nostro prodotto QUANTUM TIGE 2.1.\",\"breadcrumb\":{\"@id\":\"https:\/\/www.mizar.it\/de\/prodotto\/quantum-tige-2-1-qua10ccm0b0z01\/#breadcrumb\"},\"inLanguage\":\"de\",\"potentialAction\":[{\"@type\":\"ReadAction\",\"target\":[\"https:\/\/www.mizar.it\/de\/prodotto\/quantum-tige-2-1-qua10ccm0b0z01\/\"]}]},{\"@type\":\"ImageObject\",\"inLanguage\":\"de\",\"@id\":\"https:\/\/www.mizar.it\/de\/prodotto\/quantum-tige-2-1-qua10ccm0b0z01\/#primaryimage\",\"url\":\"https:\/\/www.mizar.it\/wp-content\/uploads\/2025\/11\/QUANTUM_TIGE_2.0_BK9005_img1-1.jpg\",\"contentUrl\":\"https:\/\/www.mizar.it\/wp-content\/uploads\/2025\/11\/QUANTUM_TIGE_2.0_BK9005_img1-1.jpg\",\"width\":1000,\"height\":1000},{\"@type\":\"BreadcrumbList\",\"@id\":\"https:\/\/www.mizar.it\/de\/prodotto\/quantum-tige-2-1-qua10ccm0b0z01\/#breadcrumb\",\"itemListElement\":[{\"@type\":\"ListItem\",\"position\":1,\"name\":\"Mizar\",\"item\":\"https:\/\/www.mizar.it\/de\/\"},{\"@type\":\"ListItem\",\"position\":2,\"name\":\"QUANTUM TIGE 2.1\"}]},{\"@type\":\"WebSite\",\"@id\":\"https:\/\/www.mizar.it\/de\/#website\",\"url\":\"https:\/\/www.mizar.it\/de\/\",\"name\":\"Mizar\",\"description\":\"Lighting your way\",\"publisher\":{\"@id\":\"https:\/\/www.mizar.it\/de\/#organization\"},\"potentialAction\":[{\"@type\":\"SearchAction\",\"target\":{\"@type\":\"EntryPoint\",\"urlTemplate\":\"https:\/\/www.mizar.it\/de\/?s={search_term_string}\"},\"query-input\":\"required name=search_term_string\"}],\"inLanguage\":\"de\"},{\"@type\":\"Organization\",\"@id\":\"https:\/\/www.mizar.it\/de\/#organization\",\"name\":\"Mizar\",\"url\":\"https:\/\/www.mizar.it\/de\/\",\"logo\":{\"@type\":\"ImageObject\",\"inLanguage\":\"de\",\"@id\":\"https:\/\/www.mizar.it\/de\/#\/schema\/logo\/image\/\",\"url\":\"https:\/\/www.mizar.it\/wp-content\/uploads\/2024\/10\/cropped-Mizar_icon_tab-1.png\",\"contentUrl\":\"https:\/\/www.mizar.it\/wp-content\/uploads\/2024\/10\/cropped-Mizar_icon_tab-1.png\",\"width\":512,\"height\":512,\"caption\":\"Mizar\"},\"image\":{\"@id\":\"https:\/\/www.mizar.it\/de\/#\/schema\/logo\/image\/\"},\"sameAs\":[\"https:\/\/www.instagram.com\/mizarluce\/\",\"https:\/\/www.linkedin.com\/company\/mizar-lighting\/\"]}]}<\/script>\n<!-- \/ Yoast SEO plugin. -->","yoast_head_json":{"title":"Mizar - QUANTUM TIGE 2.1","description":"Visita il sito Mizar.it e contattaci per scoprire di pi\u00f9 sul nostro prodotto QUANTUM TIGE 2.1.","robots":{"index":"index","follow":"follow","max-snippet":"max-snippet:-1","max-image-preview":"max-image-preview:large","max-video-preview":"max-video-preview:-1"},"canonical":"https:\/\/www.mizar.it\/de\/prodotto\/quantum-tige-2-1-qua10ccm0b0z01\/","og_locale":"de_DE","og_type":"article","og_title":"Mizar - QUANTUM TIGE 2.1","og_description":"Visita il sito Mizar.it e contattaci per scoprire di pi\u00f9 sul nostro prodotto QUANTUM TIGE 2.1.","og_url":"https:\/\/www.mizar.it\/de\/prodotto\/quantum-tige-2-1-qua10ccm0b0z01\/","og_site_name":"Mizar","article_modified_time":"2026-03-09T09:24:24+00:00","og_image":[{"width":1000,"height":1000,"url":"https:\/\/www.mizar.it\/wp-content\/uploads\/2025\/11\/QUANTUM_TIGE_2.0_BK9005_img1-1.jpg","type":"image\/jpeg"}],"twitter_card":"summary_large_image","twitter_misc":{"Gesch\u00e4tzte Lesezeit":"1\u00a0Minute"},"schema":{"@context":"https:\/\/schema.org","@graph":[{"@type":"WebPage","@id":"https:\/\/www.mizar.it\/de\/prodotto\/quantum-tige-2-1-qua10ccm0b0z01\/","url":"https:\/\/www.mizar.it\/de\/prodotto\/quantum-tige-2-1-qua10ccm0b0z01\/","name":"Mizar - QUANTUM TIGE 2.1","isPartOf":{"@id":"https:\/\/www.mizar.it\/de\/#website"},"primaryImageOfPage":{"@id":"https:\/\/www.mizar.it\/de\/prodotto\/quantum-tige-2-1-qua10ccm0b0z01\/#primaryimage"},"image":{"@id":"https:\/\/www.mizar.it\/de\/prodotto\/quantum-tige-2-1-qua10ccm0b0z01\/#primaryimage"},"thumbnailUrl":"https:\/\/www.mizar.it\/wp-content\/uploads\/2025\/11\/QUANTUM_TIGE_2.0_BK9005_img1-1.jpg","datePublished":"2025-05-13T07:08:04+00:00","dateModified":"2026-03-09T09:24:24+00:00","description":"Visita il sito Mizar.it e contattaci per scoprire di pi\u00f9 sul nostro prodotto QUANTUM TIGE 2.1.","breadcrumb":{"@id":"https:\/\/www.mizar.it\/de\/prodotto\/quantum-tige-2-1-qua10ccm0b0z01\/#breadcrumb"},"inLanguage":"de","potentialAction":[{"@type":"ReadAction","target":["https:\/\/www.mizar.it\/de\/prodotto\/quantum-tige-2-1-qua10ccm0b0z01\/"]}]},{"@type":"ImageObject","inLanguage":"de","@id":"https:\/\/www.mizar.it\/de\/prodotto\/quantum-tige-2-1-qua10ccm0b0z01\/#primaryimage","url":"https:\/\/www.mizar.it\/wp-content\/uploads\/2025\/11\/QUANTUM_TIGE_2.0_BK9005_img1-1.jpg","contentUrl":"https:\/\/www.mizar.it\/wp-content\/uploads\/2025\/11\/QUANTUM_TIGE_2.0_BK9005_img1-1.jpg","width":1000,"height":1000},{"@type":"BreadcrumbList","@id":"https:\/\/www.mizar.it\/de\/prodotto\/quantum-tige-2-1-qua10ccm0b0z01\/#breadcrumb","itemListElement":[{"@type":"ListItem","position":1,"name":"Mizar","item":"https:\/\/www.mizar.it\/de\/"},{"@type":"ListItem","position":2,"name":"QUANTUM TIGE 2.1"}]},{"@type":"WebSite","@id":"https:\/\/www.mizar.it\/de\/#website","url":"https:\/\/www.mizar.it\/de\/","name":"Mizar","description":"Lighting your way","publisher":{"@id":"https:\/\/www.mizar.it\/de\/#organization"},"potentialAction":[{"@type":"SearchAction","target":{"@type":"EntryPoint","urlTemplate":"https:\/\/www.mizar.it\/de\/?s={search_term_string}"},"query-input":"required name=search_term_string"}],"inLanguage":"de"},{"@type":"Organization","@id":"https:\/\/www.mizar.it\/de\/#organization","name":"Mizar","url":"https:\/\/www.mizar.it\/de\/","logo":{"@type":"ImageObject","inLanguage":"de","@id":"https:\/\/www.mizar.it\/de\/#\/schema\/logo\/image\/","url":"https:\/\/www.mizar.it\/wp-content\/uploads\/2024\/10\/cropped-Mizar_icon_tab-1.png","contentUrl":"https:\/\/www.mizar.it\/wp-content\/uploads\/2024\/10\/cropped-Mizar_icon_tab-1.png","width":512,"height":512,"caption":"Mizar"},"image":{"@id":"https:\/\/www.mizar.it\/de\/#\/schema\/logo\/image\/"},"sameAs":["https:\/\/www.instagram.com\/mizarluce\/","https:\/\/www.linkedin.com\/company\/mizar-lighting\/"]}]}},"df_price":"","df_sale_price":"","df_regular_price":"","df_image_link":"https:\/\/www.mizar.it\/wp-content\/uploads\/2025\/11\/QUANTUM_TIGE_2.0_BK9005_img1-1-300x300.jpg","_links":{"self":[{"href":"https:\/\/www.mizar.it\/de\/wp-json\/wp\/v2\/product\/134927","targetHints":{"allow":["GET"]}}],"collection":[{"href":"https:\/\/www.mizar.it\/de\/wp-json\/wp\/v2\/product"}],"about":[{"href":"https:\/\/www.mizar.it\/de\/wp-json\/wp\/v2\/types\/product"}],"wp:featuredmedia":[{"embeddable":true,"href":"https:\/\/www.mizar.it\/de\/wp-json\/wp\/v2\/media\/134818"}],"wp:attachment":[{"href":"https:\/\/www.mizar.it\/de\/wp-json\/wp\/v2\/media?parent=134927"}],"wp:term":[{"taxonomy":"product_cat","embeddable":true,"href":"https:\/\/www.mizar.it\/de\/wp-json\/wp\/v2\/product_cat?post=134927"},{"taxonomy":"product_tag","embeddable":true,"href":"https:\/\/www.mizar.it\/de\/wp-json\/wp\/v2\/product_tag?post=134927"}],"curies":[{"name":"wp","href":"https:\/\/api.w.org\/{rel}","templated":true}]}}