{"id":125320,"date":"2024-10-23T10:13:39","date_gmt":"2024-10-23T08:13:39","guid":{"rendered":"https:\/\/www.mizar.it\/marketing-tools\/"},"modified":"2026-04-16T14:01:26","modified_gmt":"2026-04-16T12:01:26","slug":"herramientas-de-marketing","status":"publish","type":"page","link":"https:\/\/www.mizar.it\/es\/herramientas-de-marketing\/","title":{"rendered":"Herramientas de marketing"},"content":{"rendered":"\n\t<section class=\"section inner-breadcrumb\" id=\"section_1578208779\">\n\t\t<div class=\"bg section-bg fill bg-fill  bg-loaded\" >\n\n\t\t\t\n\t\t\t\n\t\t\t\n\n\t\t<\/div>\n\n\t\t<div class=\"section-content relative\">\n\t\t\t\n\n<div class=\"row align-middle\"  id=\"row-1692111790\">\n\n\n\t<div id=\"col-1648733522\" class=\"col breadcrumb-cnt small-12 large-12\"  >\n\t\t<div class=\"col-inner text-left\"  >\n\t\t\t\n\t\t\t\n\n<a class=\"gray\" href=\"\/\">Mizar<\/a><span class=\"grey\"> | HERRAMIENTAS DE MARKETING<\/span>\n\n\t\t<\/div>\n\t\t\t<\/div>\n\n\t\n\n<\/div>\n\n\t\t<\/div>\n\n\t\t\n<style>\n#section_1578208779 {\n  padding-top: 10px;\n  padding-bottom: 10px;\n}\n<\/style>\n\t<\/section>\n\t\n\t<div id=\"gap-1288371462\" class=\"gap-element clearfix\" style=\"display:block; height:auto;\">\n\t\t\n<style>\n#gap-1288371462 {\n  padding-top: 70px;\n}\n<\/style>\n\t<\/div>\n\t\n\n\t<section class=\"section inner-breadcrumb\" id=\"section_1480581883\">\n\t\t<div class=\"bg section-bg fill bg-fill  bg-loaded\" >\n\n\t\t\t\n\t\t\t\n\t\t\t\n\n\t\t<\/div>\n\n\t\t<div class=\"section-content relative\">\n\t\t\t\n\n\t<div id=\"text-1878003721\" class=\"text\">\n\t\t\n\n<h1 style=\"text-align: center;\">HERRAMIENTAS DE MARKETING<\/h1>\n\t\t\n<style>\n#text-1878003721 {\n  text-align: center;\n}\n<\/style>\n\t<\/div>\n\t\n\n\t\t<\/div>\n\n\t\t\n<style>\n#section_1480581883 {\n  padding-top: 10px;\n  padding-bottom: 10px;\n}\n<\/style>\n\t<\/section>\n\t\n\t<section class=\"section\" id=\"section_899623931\">\n\t\t<div class=\"bg section-bg fill bg-fill  bg-loaded\" >\n\n\t\t\t\n\t\t\t\n\t\t\t\n\n\t\t<\/div>\n\n\t\t<div class=\"section-content relative\">\n\t\t\t\n\n\t<div id=\"gap-1966634428\" class=\"gap-element clearfix\" style=\"display:block; height:auto;\">\n\t\t\n<style>\n#gap-1966634428 {\n  padding-top: 70px;\n}\n<\/style>\n\t<\/div>\n\t\n\n<div class=\"row row-collapse align-middle align-center\"  id=\"row-1480271930\">\n\n\n\t<div id=\"col-1902797042\" class=\"col medium-6 small-12 large-6 small-col-first\"  >\n\t\t<div class=\"col-inner\"  >\n\t\t\t\n\t\t\t\n\n\t<div class=\"img has-hover x md-x lg-x y md-y lg-y\" id=\"image_1391845745\">\n\t\t<a class=\"\" href=\"https:\/\/www.mizar.it\/es\/herramientas-de-marketing\/maleta-de-muestra\/\"  >\t\t\t\t\t\t<div class=\"img-inner image-zoom image-cover dark\" style=\"padding-top:75%;\">\n\t\t\t<img loading=\"lazy\" decoding=\"async\" width=\"1020\" height=\"680\" src=\"https:\/\/www.mizar.it\/wp-content\/uploads\/2026\/01\/Valigia-campioni_2_aperta_scontornata-1024x683.jpg\" class=\"attachment-large size-large\" alt=\"\" srcset=\"https:\/\/www.mizar.it\/wp-content\/uploads\/2026\/01\/Valigia-campioni_2_aperta_scontornata-1024x683.jpg 1024w, https:\/\/www.mizar.it\/wp-content\/uploads\/2026\/01\/Valigia-campioni_2_aperta_scontornata-300x200.jpg 300w, https:\/\/www.mizar.it\/wp-content\/uploads\/2026\/01\/Valigia-campioni_2_aperta_scontornata-768x512.jpg 768w, https:\/\/www.mizar.it\/wp-content\/uploads\/2026\/01\/Valigia-campioni_2_aperta_scontornata-1536x1024.jpg 1536w, https:\/\/www.mizar.it\/wp-content\/uploads\/2026\/01\/Valigia-campioni_2_aperta_scontornata-2048x1366.jpg 2048w, https:\/\/www.mizar.it\/wp-content\/uploads\/2026\/01\/Valigia-campioni_2_aperta_scontornata-600x400.jpg 600w\" sizes=\"auto, (max-width: 1020px) 100vw, 1020px\" \/>\t\t\t\t\t\t\n\t\t\t\t\t<\/div>\n\t\t\t\t\t\t<\/a>\t\t\n<style>\n#image_1391845745 {\n  width: 100%;\n}\n<\/style>\n\t<\/div>\n\t\n\n<h3 style=\"text-align: center;\">Maleta de muestra MIZAR<\/h3>\r\n<p style=\"text-align: center;\">Una herramienta pr\u00e1ctica y vers\u00e1til que permite a los clientes experimentar de primera mano la calidad de iluminaci\u00f3n y construcci\u00f3n de los productos Mizar.<\/p>\n\n\t\t<\/div>\n\t\t\n<style>\n#col-1902797042 > .col-inner {\n  padding: 0 0px 0px 0px;\n  margin: 0 0px 0px 0px;\n}\n<\/style>\n\t<\/div>\n\n\t\n\n\t<div id=\"col-1839890936\" class=\"col medium-6 small-12 large-6 small-col-first\"  >\n\t\t<div class=\"col-inner\"  >\n\t\t\t\n\t\t\t\n\n\t<div class=\"img has-hover x md-x lg-x y md-y lg-y\" id=\"image_175430910\">\n\t\t<a class=\"\" href=\"https:\/\/www.mizar.it\/es\/herramientas-de-marketing\/marketing-toolkit\/\"  >\t\t\t\t\t\t<div class=\"img-inner image-zoom image-cover dark\" style=\"padding-top:75%;\">\n\t\t\t<img loading=\"lazy\" decoding=\"async\" width=\"1020\" height=\"745\" src=\"https:\/\/www.mizar.it\/wp-content\/uploads\/2025\/04\/toolkit_mockup_trasparent-1024x748.png\" class=\"attachment-large size-large\" alt=\"\" srcset=\"https:\/\/www.mizar.it\/wp-content\/uploads\/2025\/04\/toolkit_mockup_trasparent-1024x748.png 1024w, https:\/\/www.mizar.it\/wp-content\/uploads\/2025\/04\/toolkit_mockup_trasparent-300x219.png 300w, https:\/\/www.mizar.it\/wp-content\/uploads\/2025\/04\/toolkit_mockup_trasparent-768x561.png 768w, https:\/\/www.mizar.it\/wp-content\/uploads\/2025\/04\/toolkit_mockup_trasparent-1536x1121.png 1536w, https:\/\/www.mizar.it\/wp-content\/uploads\/2025\/04\/toolkit_mockup_trasparent-600x438.png 600w, https:\/\/www.mizar.it\/wp-content\/uploads\/2025\/04\/toolkit_mockup_trasparent.png 1923w\" sizes=\"auto, (max-width: 1020px) 100vw, 1020px\" \/>\t\t\t\t\t\t\n\t\t\t\t\t<\/div>\n\t\t\t\t\t\t<\/a>\t\t\n<style>\n#image_175430910 {\n  width: 100%;\n}\n<\/style>\n\t<\/div>\n\t\n\n<h3 style=\"text-align: center;\">Kit de herramientas de marketing<\/h3> <p style=\"text-align: center;\">Todo lo que necesita para promocionar la marca MIZAR a trav\u00e9s de diversos canales de comunicaci\u00f3n, tanto online como impresos.<\/p>\n\n\t\t<\/div>\n\t\t\n<style>\n#col-1839890936 > .col-inner {\n  padding: 0 0px 0px 0px;\n  margin: 0 0px 0px 0px;\n}\n<\/style>\n\t<\/div>\n\n\t\n\n\n<style>\n#row-1480271930 > .col > .col-inner {\n  padding: 0 0px 0px 0px;\n}\n<\/style>\n<\/div>\n\t<div id=\"gap-1910309935\" class=\"gap-element clearfix\" style=\"display:block; height:auto;\">\n\t\t\n<style>\n#gap-1910309935 {\n  padding-top: 70px;\n}\n<\/style>\n\t<\/div>\n\t\n\n\n\t\t<\/div>\n\n\t\t\n<style>\n#section_899623931 {\n  padding-top: 30px;\n  padding-bottom: 30px;\n}\n<\/style>\n\t<\/section>\n\t\n\n","protected":false},"excerpt":{"rendered":"","protected":false},"author":10707,"featured_media":0,"parent":0,"menu_order":0,"comment_status":"closed","ping_status":"closed","template":"page-blank.php","meta":{"inline_featured_image":false,"footnotes":""},"class_list":["post-125320","page","type-page","status-publish","hentry"],"acf":[],"yoast_head":"<!-- This site is optimized with the Yoast SEO plugin v22.4 - https:\/\/yoast.com\/wordpress\/plugins\/seo\/ -->\n<title>Mizar - Herramientas de marketing<\/title>\n<meta name=\"robots\" content=\"index, follow, max-snippet:-1, max-image-preview:large, max-video-preview:-1\" \/>\n<link rel=\"canonical\" href=\"https:\/\/www.mizar.it\/es\/herramientas-de-marketing\/\" \/>\n<meta property=\"og:locale\" content=\"es_ES\" \/>\n<meta property=\"og:type\" content=\"article\" \/>\n<meta property=\"og:title\" content=\"Mizar - Herramientas de marketing\" \/>\n<meta property=\"og:url\" content=\"https:\/\/www.mizar.it\/es\/herramientas-de-marketing\/\" \/>\n<meta property=\"og:site_name\" content=\"Mizar\" \/>\n<meta property=\"article:modified_time\" content=\"2026-04-16T12:01:26+00:00\" \/>\n<meta name=\"twitter:card\" content=\"summary_large_image\" \/>\n<meta name=\"twitter:label1\" content=\"Tiempo de lectura\" \/>\n\t<meta name=\"twitter:data1\" content=\"1 minuto\" \/>\n<script type=\"application\/ld+json\" class=\"yoast-schema-graph\">{\"@context\":\"https:\/\/schema.org\",\"@graph\":[{\"@type\":\"WebPage\",\"@id\":\"https:\/\/www.mizar.it\/es\/herramientas-de-marketing\/\",\"url\":\"https:\/\/www.mizar.it\/es\/herramientas-de-marketing\/\",\"name\":\"Mizar - Herramientas de marketing\",\"isPartOf\":{\"@id\":\"https:\/\/www.mizar.it\/es\/#website\"},\"datePublished\":\"2024-10-23T08:13:39+00:00\",\"dateModified\":\"2026-04-16T12:01:26+00:00\",\"breadcrumb\":{\"@id\":\"https:\/\/www.mizar.it\/es\/herramientas-de-marketing\/#breadcrumb\"},\"inLanguage\":\"es\",\"potentialAction\":[{\"@type\":\"ReadAction\",\"target\":[\"https:\/\/www.mizar.it\/es\/herramientas-de-marketing\/\"]}]},{\"@type\":\"BreadcrumbList\",\"@id\":\"https:\/\/www.mizar.it\/es\/herramientas-de-marketing\/#breadcrumb\",\"itemListElement\":[{\"@type\":\"ListItem\",\"position\":1,\"name\":\"Mizar\",\"item\":\"https:\/\/www.mizar.it\/es\/\"},{\"@type\":\"ListItem\",\"position\":2,\"name\":\"Herramientas de marketing\"}]},{\"@type\":\"WebSite\",\"@id\":\"https:\/\/www.mizar.it\/es\/#website\",\"url\":\"https:\/\/www.mizar.it\/es\/\",\"name\":\"Mizar\",\"description\":\"Lighting your way\",\"publisher\":{\"@id\":\"https:\/\/www.mizar.it\/es\/#organization\"},\"potentialAction\":[{\"@type\":\"SearchAction\",\"target\":{\"@type\":\"EntryPoint\",\"urlTemplate\":\"https:\/\/www.mizar.it\/es\/?s={search_term_string}\"},\"query-input\":\"required name=search_term_string\"}],\"inLanguage\":\"es\"},{\"@type\":\"Organization\",\"@id\":\"https:\/\/www.mizar.it\/es\/#organization\",\"name\":\"Mizar\",\"url\":\"https:\/\/www.mizar.it\/es\/\",\"logo\":{\"@type\":\"ImageObject\",\"inLanguage\":\"es\",\"@id\":\"https:\/\/www.mizar.it\/es\/#\/schema\/logo\/image\/\",\"url\":\"https:\/\/www.mizar.it\/wp-content\/uploads\/2024\/10\/cropped-Mizar_icon_tab-1.png\",\"contentUrl\":\"https:\/\/www.mizar.it\/wp-content\/uploads\/2024\/10\/cropped-Mizar_icon_tab-1.png\",\"width\":512,\"height\":512,\"caption\":\"Mizar\"},\"image\":{\"@id\":\"https:\/\/www.mizar.it\/es\/#\/schema\/logo\/image\/\"},\"sameAs\":[\"https:\/\/www.instagram.com\/mizarluce\/\",\"https:\/\/www.linkedin.com\/company\/mizar-lighting\/\"]}]}<\/script>\n<!-- \/ Yoast SEO plugin. -->","yoast_head_json":{"title":"Mizar - Herramientas de marketing","robots":{"index":"index","follow":"follow","max-snippet":"max-snippet:-1","max-image-preview":"max-image-preview:large","max-video-preview":"max-video-preview:-1"},"canonical":"https:\/\/www.mizar.it\/es\/herramientas-de-marketing\/","og_locale":"es_ES","og_type":"article","og_title":"Mizar - Herramientas de marketing","og_url":"https:\/\/www.mizar.it\/es\/herramientas-de-marketing\/","og_site_name":"Mizar","article_modified_time":"2026-04-16T12:01:26+00:00","twitter_card":"summary_large_image","twitter_misc":{"Tiempo de lectura":"1 minuto"},"schema":{"@context":"https:\/\/schema.org","@graph":[{"@type":"WebPage","@id":"https:\/\/www.mizar.it\/es\/herramientas-de-marketing\/","url":"https:\/\/www.mizar.it\/es\/herramientas-de-marketing\/","name":"Mizar - Herramientas de marketing","isPartOf":{"@id":"https:\/\/www.mizar.it\/es\/#website"},"datePublished":"2024-10-23T08:13:39+00:00","dateModified":"2026-04-16T12:01:26+00:00","breadcrumb":{"@id":"https:\/\/www.mizar.it\/es\/herramientas-de-marketing\/#breadcrumb"},"inLanguage":"es","potentialAction":[{"@type":"ReadAction","target":["https:\/\/www.mizar.it\/es\/herramientas-de-marketing\/"]}]},{"@type":"BreadcrumbList","@id":"https:\/\/www.mizar.it\/es\/herramientas-de-marketing\/#breadcrumb","itemListElement":[{"@type":"ListItem","position":1,"name":"Mizar","item":"https:\/\/www.mizar.it\/es\/"},{"@type":"ListItem","position":2,"name":"Herramientas de marketing"}]},{"@type":"WebSite","@id":"https:\/\/www.mizar.it\/es\/#website","url":"https:\/\/www.mizar.it\/es\/","name":"Mizar","description":"Lighting your way","publisher":{"@id":"https:\/\/www.mizar.it\/es\/#organization"},"potentialAction":[{"@type":"SearchAction","target":{"@type":"EntryPoint","urlTemplate":"https:\/\/www.mizar.it\/es\/?s={search_term_string}"},"query-input":"required name=search_term_string"}],"inLanguage":"es"},{"@type":"Organization","@id":"https:\/\/www.mizar.it\/es\/#organization","name":"Mizar","url":"https:\/\/www.mizar.it\/es\/","logo":{"@type":"ImageObject","inLanguage":"es","@id":"https:\/\/www.mizar.it\/es\/#\/schema\/logo\/image\/","url":"https:\/\/www.mizar.it\/wp-content\/uploads\/2024\/10\/cropped-Mizar_icon_tab-1.png","contentUrl":"https:\/\/www.mizar.it\/wp-content\/uploads\/2024\/10\/cropped-Mizar_icon_tab-1.png","width":512,"height":512,"caption":"Mizar"},"image":{"@id":"https:\/\/www.mizar.it\/es\/#\/schema\/logo\/image\/"},"sameAs":["https:\/\/www.instagram.com\/mizarluce\/","https:\/\/www.linkedin.com\/company\/mizar-lighting\/"]}]}},"_links":{"self":[{"href":"https:\/\/www.mizar.it\/es\/wp-json\/wp\/v2\/pages\/125320","targetHints":{"allow":["GET"]}}],"collection":[{"href":"https:\/\/www.mizar.it\/es\/wp-json\/wp\/v2\/pages"}],"about":[{"href":"https:\/\/www.mizar.it\/es\/wp-json\/wp\/v2\/types\/page"}],"author":[{"embeddable":true,"href":"https:\/\/www.mizar.it\/es\/wp-json\/wp\/v2\/users\/10707"}],"replies":[{"embeddable":true,"href":"https:\/\/www.mizar.it\/es\/wp-json\/wp\/v2\/comments?post=125320"}],"version-history":[{"count":6,"href":"https:\/\/www.mizar.it\/es\/wp-json\/wp\/v2\/pages\/125320\/revisions"}],"predecessor-version":[{"id":137157,"href":"https:\/\/www.mizar.it\/es\/wp-json\/wp\/v2\/pages\/125320\/revisions\/137157"}],"wp:attachment":[{"href":"https:\/\/www.mizar.it\/es\/wp-json\/wp\/v2\/media?parent=125320"}],"curies":[{"name":"wp","href":"https:\/\/api.w.org\/{rel}","templated":true}]}}