{"id":125326,"date":"2024-10-23T12:23:20","date_gmt":"2024-10-23T10:23:20","guid":{"rendered":"https:\/\/www.mizar.it\/marketing-tools\/marketing-toolkit\/"},"modified":"2026-02-04T14:53:47","modified_gmt":"2026-02-04T13:53:47","slug":"marketing-toolkit","status":"publish","type":"page","link":"https:\/\/www.mizar.it\/es\/herramientas-de-marketing\/marketing-toolkit\/","title":{"rendered":"Marketing Toolkit"},"content":{"rendered":"\n\t<section class=\"section inner-breadcrumb\" id=\"section_694730558\">\n\t\t<div class=\"bg section-bg fill bg-fill  bg-loaded\" >\n\n\t\t\t\n\t\t\t\n\t\t\t\n\n\t\t<\/div>\n\n\t\t<div class=\"section-content relative\">\n\t\t\t\n\n<div class=\"row align-middle\"  id=\"row-1688329291\">\n\n\n\t<div id=\"col-1937584052\" class=\"col breadcrumb-cnt small-12 large-12\"  >\n\t\t<div class=\"col-inner text-left\"  >\n\t\t\t\n\t\t\t\n\n<p><a class=\"gray\" href=\"\/\">Mizar<\/a><span class=\"grey\"> | <\/span><span class=\"grey\"><a href=\"https:\/\/www.mizar.it\/es\/strumenti-marketing\"><span style=\"color: #282828;\">HERRAMIENTAS DE MARKETING<\/span><\/a> | KIT DE HERRAMIENTAS DE MARKETING<\/span><\/p>\n\n\t\t<\/div>\n\t\t\t<\/div>\n\n\t\n\n<\/div>\n\n\t\t<\/div>\n\n\t\t\n<style>\n#section_694730558 {\n  padding-top: 10px;\n  padding-bottom: 10px;\n}\n<\/style>\n\t<\/section>\n\t\n\t<div id=\"gap-358510465\" class=\"gap-element clearfix\" style=\"display:block; height:auto;\">\n\t\t\n<style>\n#gap-358510465 {\n  padding-top: 70px;\n}\n<\/style>\n\t<\/div>\n\t\n\n\t<section class=\"section intro\" id=\"section_1767788072\">\n\t\t<div class=\"bg section-bg fill bg-fill  bg-loaded\" >\n\n\t\t\t\n\t\t\t\n\t\t\t\n\n\t\t<\/div>\n\n\t\t<div class=\"section-content relative\">\n\t\t\t\n\n<div class=\"row row-collapse\" style=\"max-width:700px\" id=\"row-811060995\">\n\n\n\t<div id=\"col-1203126069\" class=\"col small-12 large-12\"  >\n\t\t<div class=\"col-inner text-center\"  >\n\t\t\t\n\t\t\t\n\n\t<div id=\"text-1067866354\" class=\"text\">\n\t\t\n\n<h1 style=\"text-align: center;\">MARKETING TOOLKIT<\/h1>\n\t\t\n<style>\n#text-1067866354 {\n  text-align: center;\n}\n<\/style>\n\t<\/div>\n\t\n\n\t\t<\/div>\n\t\t\t<\/div>\n\n\t\n\n<\/div>\n\n\t\t<\/div>\n\n\t\t\n<style>\n#section_1767788072 {\n  padding-top: 0px;\n  padding-bottom: 0px;\n}\n<\/style>\n\t<\/section>\n\t\n\t<div id=\"gap-2076539575\" class=\"gap-element clearfix\" style=\"display:block; height:auto;\">\n\t\t\n<style>\n#gap-2076539575 {\n  padding-top: 70px;\n}\n<\/style>\n\t<\/div>\n\t\n\n\t<section class=\"section\" id=\"section_500447488\">\n\t\t<div class=\"bg section-bg fill bg-fill  bg-loaded\" >\n\n\t\t\t\n\t\t\t\n\t\t\t\n\n\t\t<\/div>\n\n\t\t<div class=\"section-content relative\">\n\t\t\t\n\n<div class=\"row row-collapse align-middle align-center\"  id=\"row-1961928901\">\n\n\n\t<div id=\"col-349337245\" class=\"col medium-6 small-12 large-6\"  >\n\t\t<div class=\"col-inner\"  >\n\t\t\t\n\t\t\t\n\n<div class=\"row\"  id=\"row-1521054894\">\n\n\n\t<div id=\"col-1251204950\" class=\"col small-12 large-12\"  >\n\t\t<div class=\"col-inner\"  >\n\t\t\t\n\t\t\t\n\n\t<div id=\"text-209523984\" class=\"text\">\n\t\t\n\n<p class=\"title-box-image-text\" style=\"color: #373737; margin-bottom: 15px; line-height: 1.1;\"><strong>Kit de herramientas de marketing MIZAR<\/strong><\/p> <p>El kit de herramientas de marketing Mizar es un paquete de herramientas para crear contenido web y material promocional impreso.<\/p> <p>El kit contiene logotipos en formato PNG para comunicaciones web, EPS y PDF editables para impresi\u00f3n, el paquete de fuentes y el manual de marca corporativa.<\/p>\r\n<p> <\/p>\r\n<p> <\/p>\n\t\t\n<style>\n#text-209523984 {\n  color: rgb(55, 55, 55);\n}\n#text-209523984 > * {\n  color: rgb(55, 55, 55);\n}\n<\/style>\n\t<\/div>\n\t\n\n\t\t<\/div>\n\t\t\n<style>\n#col-1251204950 > .col-inner {\n  padding: 40px 40px 40px 40px;\n}\n<\/style>\n\t<\/div>\n\n\t\n\n<\/div>\n\n\t\t<\/div>\n\t\t\t<\/div>\n\n\t\n\n\t<div id=\"col-670174227\" class=\"col medium-6 small-12 large-6 small-col-first\"  >\n\t\t<div class=\"col-inner\"  >\n\t\t\t\n\t\t\t\n\n\t<div class=\"img has-hover x md-x lg-x y md-y lg-y\" id=\"image_1661774454\">\n\t\t\t\t\t\t\t\t<div class=\"img-inner dark\" >\n\t\t\t<img loading=\"lazy\" decoding=\"async\" width=\"1923\" height=\"1404\" src=\"https:\/\/www.mizar.it\/wp-content\/uploads\/2024\/10\/toolkit_mockup.jpg\" class=\"attachment-original size-original\" alt=\"\" srcset=\"https:\/\/www.mizar.it\/wp-content\/uploads\/2024\/10\/toolkit_mockup.jpg 1923w, https:\/\/www.mizar.it\/wp-content\/uploads\/2024\/10\/toolkit_mockup-300x219.jpg 300w, https:\/\/www.mizar.it\/wp-content\/uploads\/2024\/10\/toolkit_mockup-1024x748.jpg 1024w, https:\/\/www.mizar.it\/wp-content\/uploads\/2024\/10\/toolkit_mockup-768x561.jpg 768w, https:\/\/www.mizar.it\/wp-content\/uploads\/2024\/10\/toolkit_mockup-1536x1121.jpg 1536w, https:\/\/www.mizar.it\/wp-content\/uploads\/2024\/10\/toolkit_mockup-600x438.jpg 600w\" sizes=\"auto, (max-width: 1923px) 100vw, 1923px\" \/>\t\t\t\t\t\t\n\t\t\t\t\t<\/div>\n\t\t\t\t\t\t\t\t\n<style>\n#image_1661774454 {\n  width: 100%;\n}\n<\/style>\n\t<\/div>\n\t\n\n\n\t\t<\/div>\n\t\t\n<style>\n#col-670174227 > .col-inner {\n  padding: 0 0px 0px 0px;\n  margin: 0 0px 0px 0px;\n}\n<\/style>\n\t<\/div>\n\n\t\n\n\n<style>\n#row-1961928901 > .col > .col-inner {\n  padding: 0 0px 0px 0px;\n}\n<\/style>\n<\/div>\n\t<div id=\"gap-1887165915\" class=\"gap-element clearfix\" style=\"display:block; height:auto;\">\n\t\t\n<style>\n#gap-1887165915 {\n  padding-top: 50px;\n}\n<\/style>\n\t<\/div>\n\t\n\n<div class=\"row row-collapse align-middle align-center\"  id=\"row-2083920627\">\n\n\n\t<div id=\"col-1692677429\" class=\"col medium-6 small-12 large-6 small-col-first\"  >\n\t\t<div class=\"col-inner\"  >\n\t\t\t\n\t\t\t\n\n\t<div class=\"img has-hover x md-x lg-x y md-y lg-y\" id=\"image_2084410001\">\n\t\t\t\t\t\t\t\t<div class=\"img-inner dark\" >\n\t\t\t<img loading=\"lazy\" decoding=\"async\" width=\"1612\" height=\"1143\" src=\"https:\/\/www.mizar.it\/wp-content\/uploads\/2024\/10\/Company-bran-manual_mockup.jpg\" class=\"attachment-original size-original\" alt=\"\" srcset=\"https:\/\/www.mizar.it\/wp-content\/uploads\/2024\/10\/Company-bran-manual_mockup.jpg 1612w, https:\/\/www.mizar.it\/wp-content\/uploads\/2024\/10\/Company-bran-manual_mockup-300x213.jpg 300w, https:\/\/www.mizar.it\/wp-content\/uploads\/2024\/10\/Company-bran-manual_mockup-1024x726.jpg 1024w, https:\/\/www.mizar.it\/wp-content\/uploads\/2024\/10\/Company-bran-manual_mockup-768x545.jpg 768w, https:\/\/www.mizar.it\/wp-content\/uploads\/2024\/10\/Company-bran-manual_mockup-1536x1089.jpg 1536w, https:\/\/www.mizar.it\/wp-content\/uploads\/2024\/10\/Company-bran-manual_mockup-600x425.jpg 600w\" sizes=\"auto, (max-width: 1612px) 100vw, 1612px\" \/>\t\t\t\t\t\t\n\t\t\t\t\t<\/div>\n\t\t\t\t\t\t\t\t\n<style>\n#image_2084410001 {\n  width: 100%;\n}\n<\/style>\n\t<\/div>\n\t\n\n\n\t\t<\/div>\n\t\t\n<style>\n#col-1692677429 > .col-inner {\n  padding: 0 0px 0px 0px;\n  margin: 0 0px 0px 0px;\n}\n<\/style>\n\t<\/div>\n\n\t\n\n\t<div id=\"col-687485884\" class=\"col medium-6 small-12 large-6\"  >\n\t\t<div class=\"col-inner\"  >\n\t\t\t\n\t\t\t\n\n<div class=\"row\"  id=\"row-1283090343\">\n\n\n\t<div id=\"col-1141885699\" class=\"col small-12 large-12\"  >\n\t\t<div class=\"col-inner\"  >\n\t\t\t\n\t\t\t\n\n\t<div id=\"text-3006588320\" class=\"text\">\n\t\t\n\n<p class=\"title-box-image-text\" style=\"color: #373737; margin-bottom: 15px; line-height: 1.1;\"><strong>Manual de marca corporativa<\/strong><\/p> <p>Dentro del kit de herramientas encontrar\u00e1 una breve gu\u00eda para el uso correcto del logotipo de Mizar, el Manual de marca corporativa.<\/p> <p>Esta gu\u00eda fue dise\u00f1ada para agencias, dise\u00f1adores y operadores del sector, y contiene informaci\u00f3n \u00fatil para usar el logotipo de manera efectiva en cualquier material de comunicaci\u00f3n de Mizar.<\/p>\n\t\t\n<style>\n#text-3006588320 {\n  color: rgb(55, 55, 55);\n}\n#text-3006588320 > * {\n  color: rgb(55, 55, 55);\n}\n<\/style>\n\t<\/div>\n\t\n\n\t\t<\/div>\n\t\t\n<style>\n#col-1141885699 > .col-inner {\n  padding: 40px 40px 40px 40px;\n}\n<\/style>\n\t<\/div>\n\n\t\n\n<\/div>\n\n\t\t<\/div>\n\t\t\t<\/div>\n\n\t\n\n\n<style>\n#row-2083920627 > .col > .col-inner {\n  padding: 0 0px 0px 0px;\n}\n<\/style>\n<\/div>\n\t<div id=\"gap-1351326045\" class=\"gap-element clearfix\" style=\"display:block; height:auto;\">\n\t\t\n<style>\n#gap-1351326045 {\n  padding-top: 70px;\n}\n<\/style>\n\t<\/div>\n\t\n\n\n\t\t<\/div>\n\n\t\t\n<style>\n#section_500447488 {\n  padding-top: 30px;\n  padding-bottom: 30px;\n}\n<\/style>\n\t<\/section>\n\t\n\t<section class=\"section section-serie-contatti\" id=\"section_1356056465\">\n\t\t<div class=\"bg section-bg fill bg-fill  bg-loaded\" >\n\n\t\t\t\n\t\t\t\n\t\t\t\n\n\t\t<\/div>\n\n\t\t<div class=\"section-content relative\">\n\t\t\t\n\n<div class=\"row\"  id=\"row-2144032944\">\n\n\n\t<div id=\"col-70958527\" class=\"col padding-bottom-0 small-12 large-12\"  >\n\t\t<div class=\"col-inner text-center\"  >\n\t\t\t\n\t\t\t\n\n<h3 style=\"text-align: center;\"><span style=\"font-size: 160%;\">\u00bfQuieres obtener el Kit de Herramientas de Marketing?<\/span><\/h3> <p>Desc\u00e1rgalo haciendo clic en el bot\u00f3n de abajo<\/p> <p> <\/p>\n<a href=\"https:\/\/www.mizar.it\/wp-content\/uploads\/2024\/10\/MIZAR_Kit-de-herramientas-de-marketing.zip\" target=\"_self\" class=\"button secondary contact-btn\"  >\n    <span>Descargar<\/span>\n  <\/a>\n\n\n\n\n\t\t<\/div>\n\t\t\t<\/div>\n\n\t\n\n<\/div>\n\n\t\t<\/div>\n\n\t\t\n<style>\n#section_1356056465 {\n  padding-top: 50px;\n  padding-bottom: 50px;\n}\n<\/style>\n\t<\/section>\n\t\n\n","protected":false},"excerpt":{"rendered":"","protected":false},"author":10707,"featured_media":0,"parent":125320,"menu_order":0,"comment_status":"closed","ping_status":"closed","template":"page-blank.php","meta":{"inline_featured_image":false,"footnotes":""},"class_list":["post-125326","page","type-page","status-publish","hentry"],"acf":[],"yoast_head":"<!-- This site is optimized with the Yoast SEO plugin v22.4 - https:\/\/yoast.com\/wordpress\/plugins\/seo\/ -->\n<title>Mizar - Marketing Toolkit<\/title>\n<meta name=\"robots\" content=\"index, follow, max-snippet:-1, max-image-preview:large, max-video-preview:-1\" \/>\n<link rel=\"canonical\" href=\"https:\/\/www.mizar.it\/es\/herramientas-de-marketing\/marketing-toolkit\/\" \/>\n<meta property=\"og:locale\" content=\"es_ES\" \/>\n<meta property=\"og:type\" content=\"article\" \/>\n<meta property=\"og:title\" content=\"Mizar - Marketing Toolkit\" \/>\n<meta property=\"og:url\" content=\"https:\/\/www.mizar.it\/es\/herramientas-de-marketing\/marketing-toolkit\/\" \/>\n<meta property=\"og:site_name\" content=\"Mizar\" \/>\n<meta property=\"article:modified_time\" content=\"2026-02-04T13:53:47+00:00\" \/>\n<meta name=\"twitter:card\" content=\"summary_large_image\" \/>\n<meta name=\"twitter:label1\" content=\"Tiempo de lectura\" \/>\n\t<meta name=\"twitter:data1\" content=\"2 minutos\" \/>\n<script type=\"application\/ld+json\" class=\"yoast-schema-graph\">{\"@context\":\"https:\/\/schema.org\",\"@graph\":[{\"@type\":\"WebPage\",\"@id\":\"https:\/\/www.mizar.it\/es\/herramientas-de-marketing\/marketing-toolkit\/\",\"url\":\"https:\/\/www.mizar.it\/es\/herramientas-de-marketing\/marketing-toolkit\/\",\"name\":\"Mizar - Marketing Toolkit\",\"isPartOf\":{\"@id\":\"https:\/\/www.mizar.it\/es\/#website\"},\"datePublished\":\"2024-10-23T10:23:20+00:00\",\"dateModified\":\"2026-02-04T13:53:47+00:00\",\"breadcrumb\":{\"@id\":\"https:\/\/www.mizar.it\/es\/herramientas-de-marketing\/marketing-toolkit\/#breadcrumb\"},\"inLanguage\":\"es\",\"potentialAction\":[{\"@type\":\"ReadAction\",\"target\":[\"https:\/\/www.mizar.it\/es\/herramientas-de-marketing\/marketing-toolkit\/\"]}]},{\"@type\":\"BreadcrumbList\",\"@id\":\"https:\/\/www.mizar.it\/es\/herramientas-de-marketing\/marketing-toolkit\/#breadcrumb\",\"itemListElement\":[{\"@type\":\"ListItem\",\"position\":1,\"name\":\"Mizar\",\"item\":\"https:\/\/www.mizar.it\/es\/\"},{\"@type\":\"ListItem\",\"position\":2,\"name\":\"Herramientas de marketing\",\"item\":\"https:\/\/www.mizar.it\/es\/herramientas-de-marketing\/\"},{\"@type\":\"ListItem\",\"position\":3,\"name\":\"Marketing Toolkit\"}]},{\"@type\":\"WebSite\",\"@id\":\"https:\/\/www.mizar.it\/es\/#website\",\"url\":\"https:\/\/www.mizar.it\/es\/\",\"name\":\"Mizar\",\"description\":\"Lighting your way\",\"publisher\":{\"@id\":\"https:\/\/www.mizar.it\/es\/#organization\"},\"potentialAction\":[{\"@type\":\"SearchAction\",\"target\":{\"@type\":\"EntryPoint\",\"urlTemplate\":\"https:\/\/www.mizar.it\/es\/?s={search_term_string}\"},\"query-input\":\"required name=search_term_string\"}],\"inLanguage\":\"es\"},{\"@type\":\"Organization\",\"@id\":\"https:\/\/www.mizar.it\/es\/#organization\",\"name\":\"Mizar\",\"url\":\"https:\/\/www.mizar.it\/es\/\",\"logo\":{\"@type\":\"ImageObject\",\"inLanguage\":\"es\",\"@id\":\"https:\/\/www.mizar.it\/es\/#\/schema\/logo\/image\/\",\"url\":\"https:\/\/www.mizar.it\/wp-content\/uploads\/2024\/10\/cropped-Mizar_icon_tab-1.png\",\"contentUrl\":\"https:\/\/www.mizar.it\/wp-content\/uploads\/2024\/10\/cropped-Mizar_icon_tab-1.png\",\"width\":512,\"height\":512,\"caption\":\"Mizar\"},\"image\":{\"@id\":\"https:\/\/www.mizar.it\/es\/#\/schema\/logo\/image\/\"},\"sameAs\":[\"https:\/\/www.instagram.com\/mizarluce\/\",\"https:\/\/www.linkedin.com\/company\/mizar-lighting\/\"]}]}<\/script>\n<!-- \/ Yoast SEO plugin. -->","yoast_head_json":{"title":"Mizar - Marketing Toolkit","robots":{"index":"index","follow":"follow","max-snippet":"max-snippet:-1","max-image-preview":"max-image-preview:large","max-video-preview":"max-video-preview:-1"},"canonical":"https:\/\/www.mizar.it\/es\/herramientas-de-marketing\/marketing-toolkit\/","og_locale":"es_ES","og_type":"article","og_title":"Mizar - Marketing Toolkit","og_url":"https:\/\/www.mizar.it\/es\/herramientas-de-marketing\/marketing-toolkit\/","og_site_name":"Mizar","article_modified_time":"2026-02-04T13:53:47+00:00","twitter_card":"summary_large_image","twitter_misc":{"Tiempo de lectura":"2 minutos"},"schema":{"@context":"https:\/\/schema.org","@graph":[{"@type":"WebPage","@id":"https:\/\/www.mizar.it\/es\/herramientas-de-marketing\/marketing-toolkit\/","url":"https:\/\/www.mizar.it\/es\/herramientas-de-marketing\/marketing-toolkit\/","name":"Mizar - Marketing Toolkit","isPartOf":{"@id":"https:\/\/www.mizar.it\/es\/#website"},"datePublished":"2024-10-23T10:23:20+00:00","dateModified":"2026-02-04T13:53:47+00:00","breadcrumb":{"@id":"https:\/\/www.mizar.it\/es\/herramientas-de-marketing\/marketing-toolkit\/#breadcrumb"},"inLanguage":"es","potentialAction":[{"@type":"ReadAction","target":["https:\/\/www.mizar.it\/es\/herramientas-de-marketing\/marketing-toolkit\/"]}]},{"@type":"BreadcrumbList","@id":"https:\/\/www.mizar.it\/es\/herramientas-de-marketing\/marketing-toolkit\/#breadcrumb","itemListElement":[{"@type":"ListItem","position":1,"name":"Mizar","item":"https:\/\/www.mizar.it\/es\/"},{"@type":"ListItem","position":2,"name":"Herramientas de marketing","item":"https:\/\/www.mizar.it\/es\/herramientas-de-marketing\/"},{"@type":"ListItem","position":3,"name":"Marketing Toolkit"}]},{"@type":"WebSite","@id":"https:\/\/www.mizar.it\/es\/#website","url":"https:\/\/www.mizar.it\/es\/","name":"Mizar","description":"Lighting your way","publisher":{"@id":"https:\/\/www.mizar.it\/es\/#organization"},"potentialAction":[{"@type":"SearchAction","target":{"@type":"EntryPoint","urlTemplate":"https:\/\/www.mizar.it\/es\/?s={search_term_string}"},"query-input":"required name=search_term_string"}],"inLanguage":"es"},{"@type":"Organization","@id":"https:\/\/www.mizar.it\/es\/#organization","name":"Mizar","url":"https:\/\/www.mizar.it\/es\/","logo":{"@type":"ImageObject","inLanguage":"es","@id":"https:\/\/www.mizar.it\/es\/#\/schema\/logo\/image\/","url":"https:\/\/www.mizar.it\/wp-content\/uploads\/2024\/10\/cropped-Mizar_icon_tab-1.png","contentUrl":"https:\/\/www.mizar.it\/wp-content\/uploads\/2024\/10\/cropped-Mizar_icon_tab-1.png","width":512,"height":512,"caption":"Mizar"},"image":{"@id":"https:\/\/www.mizar.it\/es\/#\/schema\/logo\/image\/"},"sameAs":["https:\/\/www.instagram.com\/mizarluce\/","https:\/\/www.linkedin.com\/company\/mizar-lighting\/"]}]}},"_links":{"self":[{"href":"https:\/\/www.mizar.it\/es\/wp-json\/wp\/v2\/pages\/125326","targetHints":{"allow":["GET"]}}],"collection":[{"href":"https:\/\/www.mizar.it\/es\/wp-json\/wp\/v2\/pages"}],"about":[{"href":"https:\/\/www.mizar.it\/es\/wp-json\/wp\/v2\/types\/page"}],"author":[{"embeddable":true,"href":"https:\/\/www.mizar.it\/es\/wp-json\/wp\/v2\/users\/10707"}],"replies":[{"embeddable":true,"href":"https:\/\/www.mizar.it\/es\/wp-json\/wp\/v2\/comments?post=125326"}],"version-history":[{"count":1,"href":"https:\/\/www.mizar.it\/es\/wp-json\/wp\/v2\/pages\/125326\/revisions"}],"predecessor-version":[{"id":125327,"href":"https:\/\/www.mizar.it\/es\/wp-json\/wp\/v2\/pages\/125326\/revisions\/125327"}],"up":[{"embeddable":true,"href":"https:\/\/www.mizar.it\/es\/wp-json\/wp\/v2\/pages\/125320"}],"wp:attachment":[{"href":"https:\/\/www.mizar.it\/es\/wp-json\/wp\/v2\/media?parent=125326"}],"curies":[{"name":"wp","href":"https:\/\/api.w.org\/{rel}","templated":true}]}}