{"id":125506,"date":"2025-12-01T10:50:22","date_gmt":"2025-12-01T09:50:22","guid":{"rendered":"https:\/\/www.mizar.it\/resistencia-a-la-corrosion\/"},"modified":"2026-02-10T12:42:26","modified_gmt":"2026-02-10T11:42:26","slug":"resistencia-a-la-corrosion","status":"publish","type":"page","link":"https:\/\/www.mizar.it\/es\/resistencia-a-la-corrosion\/","title":{"rendered":"Resistencia a la corrosi\u00f3n"},"content":{"rendered":"\n\t<section class=\"section inner-breadcrumb\" id=\"section_1435753573\">\n\t\t<div class=\"bg section-bg fill bg-fill  bg-loaded\" >\n\n\t\t\t\n\t\t\t\n\t\t\t\n\n\t\t<\/div>\n\n\t\t<div class=\"section-content relative\">\n\t\t\t\n\n<div class=\"row align-middle\"  id=\"row-86405067\">\n\n\n\t<div id=\"col-121767047\" class=\"col breadcrumb-cnt small-12 large-12\"  >\n\t\t<div class=\"col-inner text-left\"  >\n\t\t\t\n\t\t\t\n\n<p><a class=\"gray\" href=\"\/\">Mizar<\/a><span class=\"grey\"> | <\/span><span class=\"grey\">Resistencia a la corrosi\u00f3n<\/span><\/p>\n\n\t\t<\/div>\n\t\t\t<\/div>\n\n\t\n\n<\/div>\n\n\t\t<\/div>\n\n\t\t\n<style>\n#section_1435753573 {\n  padding-top: 10px;\n  padding-bottom: 10px;\n}\n<\/style>\n\t<\/section>\n\t\n\t<div id=\"gap-1749284580\" class=\"gap-element clearfix\" style=\"display:block; height:auto;\">\n\t\t\n<style>\n#gap-1749284580 {\n  padding-top: 40px;\n}\n<\/style>\n\t<\/div>\n\t\n\n\t<section class=\"section\" id=\"section_994188071\">\n\t\t<div class=\"bg section-bg fill bg-fill  bg-loaded\" >\n\n\t\t\t\n\t\t\t\n\t\t\t\n\n\t\t<\/div>\n\n\t\t<div class=\"section-content relative\">\n\t\t\t\n\n<div class=\"row align-center\"  id=\"row-697225310\">\n\n\n\t<div id=\"col-1133992439\" class=\"col small-12 large-12\"  >\n\t\t<div class=\"col-inner text-center\"  >\n\t\t\t\n\t\t\t\n\n<h2>Resistencia a la corrosi\u00f3n<\/h2>\n\n\t\t<\/div>\n\t\t\t<\/div>\n\n\t\n\n<\/div>\n\n\t\t<\/div>\n\n\t\t\n<style>\n#section_994188071 {\n  padding-top: 0px;\n  padding-bottom: 0px;\n}\n<\/style>\n\t<\/section>\n\t\n\t<section class=\"section\" id=\"section_1884866074\">\n\t\t<div class=\"bg section-bg fill bg-fill  bg-loaded\" >\n\n\t\t\t\n\t\t\t\n\t\t\t\n\n\t\t<\/div>\n\n\t\t<div class=\"section-content relative\">\n\t\t\t\n\n<div class=\"row\"  id=\"row-2124080778\">\n\n\n\t<div id=\"col-225146747\" class=\"col col-block-effetti medium-6 small-12 large-6\"  >\n\t\t<div class=\"col-inner\"  >\n\t\t\t\n\t\t\t\n\n\t<div class=\"img has-hover x md-x lg-x y md-y lg-y\" id=\"image_379447289\">\n\t\t\t\t\t\t\t\t<div class=\"img-inner dark\" >\n\t\t\t<img loading=\"lazy\" decoding=\"async\" width=\"1020\" height=\"412\" src=\"https:\/\/www.mizar.it\/wp-content\/uploads\/2025\/12\/C5-categoria-corrosione-1024x414.png\" class=\"attachment-large size-large\" alt=\"\" srcset=\"https:\/\/www.mizar.it\/wp-content\/uploads\/2025\/12\/C5-categoria-corrosione-1024x414.png 1024w, https:\/\/www.mizar.it\/wp-content\/uploads\/2025\/12\/C5-categoria-corrosione-300x121.png 300w, https:\/\/www.mizar.it\/wp-content\/uploads\/2025\/12\/C5-categoria-corrosione-768x310.png 768w, https:\/\/www.mizar.it\/wp-content\/uploads\/2025\/12\/C5-categoria-corrosione-1536x620.png 1536w, https:\/\/www.mizar.it\/wp-content\/uploads\/2025\/12\/C5-categoria-corrosione-2048x827.png 2048w, https:\/\/www.mizar.it\/wp-content\/uploads\/2025\/12\/C5-categoria-corrosione-600x242.png 600w\" sizes=\"auto, (max-width: 1020px) 100vw, 1020px\" \/>\t\t\t\t\t\t\n\t\t\t\t\t<\/div>\n\t\t\t\t\t\t\t\t\n<style>\n#image_379447289 {\n  width: 100%;\n}\n<\/style>\n\t<\/div>\n\t\n\n<h1><strong>C5<\/strong><\/h1>\r\n<p><strong>\u00c1reas urbanas o industriales<\/strong><br \/>Todos los productos Mizar cumplen con las normas.<\/p>\n\n\t\t<\/div>\n\t\t\t<\/div>\n\n\t\n\n\t<div id=\"col-1336518791\" class=\"col col-block-effetti medium-6 small-12 large-6\"  >\n\t\t<div class=\"col-inner\"  >\n\t\t\t\n\t\t\t\n\n\t<div class=\"img has-hover x md-x lg-x y md-y lg-y\" id=\"image_763818039\">\n\t\t\t\t\t\t\t\t<div class=\"img-inner dark\" >\n\t\t\t<img loading=\"lazy\" decoding=\"async\" width=\"795\" height=\"320\" src=\"https:\/\/www.mizar.it\/wp-content\/uploads\/2025\/12\/CX-categoria-corrosione.png\" class=\"attachment-large size-large\" alt=\"\" srcset=\"https:\/\/www.mizar.it\/wp-content\/uploads\/2025\/12\/CX-categoria-corrosione.png 795w, https:\/\/www.mizar.it\/wp-content\/uploads\/2025\/12\/CX-categoria-corrosione-300x121.png 300w, https:\/\/www.mizar.it\/wp-content\/uploads\/2025\/12\/CX-categoria-corrosione-768x309.png 768w, https:\/\/www.mizar.it\/wp-content\/uploads\/2025\/12\/CX-categoria-corrosione-600x242.png 600w\" sizes=\"auto, (max-width: 795px) 100vw, 795px\" \/>\t\t\t\t\t\t\n\t\t\t\t\t<\/div>\n\t\t\t\t\t\t\t\t\n<style>\n#image_763818039 {\n  width: 100%;\n}\n<\/style>\n\t<\/div>\n\t\n\n<h1><strong>CX<\/strong><\/h1>\r\n<p><strong>Puentes o ambientes marinos<\/strong><br \/>Solo los productos Mizar para uso exterior, con superficies expuestas fabricadas \u00edntegramente en acero inoxidable \/ lat\u00f3n \/ vidrio \/ tecnopol\u00edmero, son conformes.<\/p>\n\n\t\t<\/div>\n\t\t\t<\/div>\n\n\t\n\n<\/div>\n<div class=\"text-center\"><div class=\"is-divider divider clearfix\" style=\"max-width:300px;height:2px;background-color:rgb(98, 98, 98);\"><\/div><\/div>\n\n\t<div id=\"gap-1314737972\" class=\"gap-element clearfix\" style=\"display:block; height:auto;\">\n\t\t\n<style>\n#gap-1314737972 {\n  padding-top: 40px;\n}\n<\/style>\n\t<\/div>\n\t\n\n\n\t\t<\/div>\n\n\t\t\n<style>\n#section_1884866074 {\n  padding-top: 0px;\n  padding-bottom: 0px;\n}\n<\/style>\n\t<\/section>\n\t\n\t<section class=\"section\" id=\"section_1482445594\">\n\t\t<div class=\"bg section-bg fill bg-fill  bg-loaded\" >\n\n\t\t\t\n\t\t\t\n\t\t\t\n\n\t\t<\/div>\n\n\t\t<div class=\"section-content relative\">\n\t\t\t\n\n<div class=\"row\"  id=\"row-390156245\">\n\n\n\t<div id=\"col-1009624830\" class=\"col col-block-effetti medium-6 small-12 large-6\"  >\n\t\t<div class=\"col-inner\"  >\n\t\t\t\n\t\t\t\n\n<p>La norma EN ISO 9223:2012 define un sistema para clasificar la corrosi\u00f3n atmosf\u00e9rica de metales y aleaciones en diversas condiciones ambientales.<\/p>\r\n<p>Esta norma especifica las clases de corrosi\u00f3n seg\u00fan las tasas de corrosi\u00f3n observadas en muestras estandarizadas expuestas a estos entornos durante un a\u00f1o. Tambi\u00e9n proporciona funciones dosis-respuesta para estimar el nivel de corrosividad, determinado por la p\u00e9rdida anual normalizada de metal debido a los agentes atmosf\u00e9ricos.<\/p>\n\n\t\t<\/div>\n\t\t\t<\/div>\n\n\t\n\n\t<div id=\"col-1918375520\" class=\"col col-block-effetti medium-6 small-12 large-6\"  >\n\t\t<div class=\"col-inner\"  >\n\t\t\t\n\t\t\t\n\n<p>Este enfoque permite predecir la clase de corrosi\u00f3n m\u00e1s alta posible, teniendo en cuenta factores ambientales locales, incluida la interacci\u00f3n entre la temperatura, la humedad, la contaminaci\u00f3n por di\u00f3xido de azufre y la salinidad.<\/p> <p>Sin embargo, es importante se\u00f1alar que la norma no considera otros factores significativos como la velocidad del viento, la abrasi\u00f3n por arena, el da\u00f1o accidental a las capas protectoras, la frecuencia de mantenimiento y los niveles de exposici\u00f3n.<\/p>\n\n\t\t<\/div>\n\t\t\t<\/div>\n\n\t\n\n<\/div>\n\n\t\t<\/div>\n\n\t\t\n<style>\n#section_1482445594 {\n  padding-top: 0px;\n  padding-bottom: 0px;\n}\n<\/style>\n\t<\/section>\n\t\n\t<section class=\"section\" id=\"section_1508785420\">\n\t\t<div class=\"bg section-bg fill bg-fill  bg-loaded\" >\n\n\t\t\t\n\t\t\t\n\t\t\t\n\n\t\t<\/div>\n\n\t\t<div class=\"section-content relative\">\n\t\t\t\n\n<div class=\"row\"  id=\"row-1039697225\">\n\n\n\t<div id=\"col-1898149452\" class=\"col medium-2 small-12 large-2 col-divided\"  >\n\t\t<div class=\"col-inner\"  >\n\t\t\t\n\t\t\t\n\n\t<div id=\"text-2711814714\" class=\"text\">\n\t\t\n\n<p><strong>Categor\u00eda<\/strong><\/p>\n\t\t\n<style>\n#text-2711814714 {\n  text-align: left;\n}\n<\/style>\n\t<\/div>\n\t\n\n\t\t<\/div>\n\t\t\t<\/div>\n\n\t\n\n\t<div id=\"col-1737226030\" class=\"col medium-2 small-12 large-2 col-divided\"  >\n\t\t<div class=\"col-inner\"  >\n\t\t\t\n\t\t\t\n\n\t<div id=\"text-3394915415\" class=\"text\">\n\t\t\n\n<p style=\"text-align: left;\"><strong>Nivel de corrosi\u00f3n<\/strong><\/p>\n\t\t\n<style>\n#text-3394915415 {\n  text-align: left;\n}\n<\/style>\n\t<\/div>\n\t\n\n\t\t<\/div>\n\t\t\t<\/div>\n\n\t\n\n\t<div id=\"col-1271954192\" class=\"col medium-8 small-12 large-8\"  >\n\t\t<div class=\"col-inner\"  >\n\t\t\t\n\t\t\t\n\n\t<div id=\"text-375619835\" class=\"text\">\n\t\t\n\n<p><strong>Tipo de entorno<\/strong><\/p>\n\t\t\n<style>\n#text-375619835 {\n  text-align: left;\n}\n<\/style>\n\t<\/div>\n\t\n\n\t\t<\/div>\n\t\t\t<\/div>\n\n\t\n\n<\/div>\n<div class=\"row\"  id=\"row-1934258123\">\n\n\n\t<div id=\"col-1220650473\" class=\"col medium-2 small-12 large-2 col-divided\"  >\n\t\t<div class=\"col-inner\"  >\n\t\t\t\n\t\t\t\n\n\t<div id=\"text-3291472963\" class=\"text\">\n\t\t\n\n<p style=\"text-align: left;\"><strong>C1<\/strong><\/p>\n\t\t\n<style>\n#text-3291472963 {\n  text-align: center;\n}\n<\/style>\n\t<\/div>\n\t\n\n\t\t<\/div>\n\t\t\t<\/div>\n\n\t\n\n\t<div id=\"col-706821099\" class=\"col medium-2 small-12 large-2 col-divided\"  >\n\t\t<div class=\"col-inner\"  >\n\t\t\t\n\t\t\t\n\n\t<div id=\"text-550290014\" class=\"text\">\n\t\t\n\n<p style=\"text-align: left;\">Muy bajo<\/p>\n\t\t\n<style>\n#text-550290014 {\n  text-align: center;\n}\n<\/style>\n\t<\/div>\n\t\n\n\t\t<\/div>\n\t\t\t<\/div>\n\n\t\n\n\t<div id=\"col-1697742378\" class=\"col medium-8 small-12 large-8\"  >\n\t\t<div class=\"col-inner\"  >\n\t\t\t\n\t\t\t\n\n\t<div id=\"text-3673912280\" class=\"text\">\n\t\t\n\n<p style=\"text-align: left;\">Un ambiente atmosf\u00e9rico seco o fr\u00edo con muy baja contaminaci\u00f3n y humedad, por ejemplo, algunos desiertos, el \u00c1rtico central y la Ant\u00e1rtida.<\/p>\n\t\t\n<style>\n#text-3673912280 {\n  text-align: center;\n}\n<\/style>\n\t<\/div>\n\t\n\n\t\t<\/div>\n\t\t\t<\/div>\n\n\t\n\n<\/div>\n<div class=\"row\"  id=\"row-1478051129\">\n\n\n\t<div id=\"col-1076287170\" class=\"col medium-2 small-12 large-2 col-divided\"  >\n\t\t<div class=\"col-inner\"  >\n\t\t\t\n\t\t\t\n\n\t<div id=\"text-2937940395\" class=\"text\">\n\t\t\n\n<p style=\"text-align: left;\"><strong>C2<\/strong><\/p>\n\t\t\n<style>\n#text-2937940395 {\n  text-align: center;\n}\n<\/style>\n\t<\/div>\n\t\n\n\t\t<\/div>\n\t\t\t<\/div>\n\n\t\n\n\t<div id=\"col-1896308175\" class=\"col medium-2 small-12 large-2 col-divided\"  >\n\t\t<div class=\"col-inner\"  >\n\t\t\t\n\t\t\t\n\n\t<div id=\"text-4270818789\" class=\"text\">\n\t\t\n\n<p style=\"text-align: left;\">Bajo<\/p>\n\t\t\n<style>\n#text-4270818789 {\n  text-align: center;\n}\n<\/style>\n\t<\/div>\n\t\n\n\t\t<\/div>\n\t\t\t<\/div>\n\n\t\n\n\t<div id=\"col-1851861063\" class=\"col medium-8 small-12 large-8\"  >\n\t\t<div class=\"col-inner\"  >\n\t\t\t\n\t\t\t\n\n\t<div id=\"text-2060653486\" class=\"text\">\n\t\t\n\n<p style=\"text-align: left;\">Zona de baja temperatura, ambiente atmosf\u00e9rico con baja contaminaci\u00f3n (SO\u2082: <5 \u03bcg\/m\u00b3), zonas rurales y peque\u00f1as localidades. Ubicaci\u00f3n seca o fr\u00eda, ambiente atmosf\u00e9rico con breves periodos de humedad, p. ej., desiertos, zonas sub\u00e1rticas.<\/p>\n\t\t\n<style>\n#text-2060653486 {\n  text-align: center;\n}\n<\/style>\n\t<\/div>\n\t\n\n\t\t<\/div>\n\t\t\t<\/div>\n\n\t\n\n<\/div>\n<div class=\"row\"  id=\"row-996697922\">\n\n\n\t<div id=\"col-1193920257\" class=\"col medium-2 small-12 large-2 col-divided\"  >\n\t\t<div class=\"col-inner\"  >\n\t\t\t\n\t\t\t\n\n\t<div id=\"text-3783514188\" class=\"text\">\n\t\t\n\n<p style=\"text-align: left;\"><strong>C3<\/strong><\/p>\n\t\t\n<style>\n#text-3783514188 {\n  text-align: center;\n}\n<\/style>\n\t<\/div>\n\t\n\n\t\t<\/div>\n\t\t\t<\/div>\n\n\t\n\n\t<div id=\"col-778495138\" class=\"col medium-2 small-12 large-2 col-divided\"  >\n\t\t<div class=\"col-inner\"  >\n\t\t\t\n\t\t\t\n\n\t<div id=\"text-4150171803\" class=\"text\">\n\t\t\n\n<p style=\"text-align: left;\">Promedio<\/p>\n\t\t\n<style>\n#text-4150171803 {\n  text-align: center;\n}\n<\/style>\n\t<\/div>\n\t\n\n\t\t<\/div>\n\t\t\t<\/div>\n\n\t\n\n\t<div id=\"col-1253586489\" class=\"col medium-8 small-12 large-8\"  >\n\t\t<div class=\"col-inner\"  >\n\t\t\t\n\t\t\t\n\n\t<div id=\"text-1549651316\" class=\"text\">\n\t\t\n\n<p style=\"text-align: left;\">Zona templada, atm\u00f3sfera con contaminaci\u00f3n media (SO\u2082: 5 \u03bcg\/m\u00b3 a 30 \u03bcg\/m\u00b3) o algunos cloruros, p. ej., zonas urbanas y zonas costeras con baja deposici\u00f3n de cloruros. Zona subtropical y tropical, atm\u00f3sfera con contaminaci\u00f3n moderada.<\/p>\n\t\t\n<style>\n#text-1549651316 {\n  text-align: center;\n}\n<\/style>\n\t<\/div>\n\t\n\n\t\t<\/div>\n\t\t\t<\/div>\n\n\t\n\n<\/div>\n<div class=\"row\"  id=\"row-528062457\">\n\n\n\t<div id=\"col-1487900878\" class=\"col medium-2 small-12 large-2 col-divided\"  >\n\t\t<div class=\"col-inner\"  >\n\t\t\t\n\t\t\t\n\n\t<div id=\"text-463278170\" class=\"text\">\n\t\t\n\n<p style=\"text-align: left;\"><strong>C4<\/strong><\/p>\n\t\t\n<style>\n#text-463278170 {\n  text-align: center;\n}\n<\/style>\n\t<\/div>\n\t\n\n\t\t<\/div>\n\t\t\t<\/div>\n\n\t\n\n\t<div id=\"col-1971196111\" class=\"col medium-2 small-12 large-2 col-divided\"  >\n\t\t<div class=\"col-inner\"  >\n\t\t\t\n\t\t\t\n\n\t<div id=\"text-639242344\" class=\"text\">\n\t\t\n\n<p style=\"text-align: left;\">Alto<\/p>\n\t\t\n<style>\n#text-639242344 {\n  text-align: center;\n}\n<\/style>\n\t<\/div>\n\t\n\n\t\t<\/div>\n\t\t\t<\/div>\n\n\t\n\n\t<div id=\"col-1001395914\" class=\"col medium-8 small-12 large-8\"  >\n\t\t<div class=\"col-inner\"  >\n\t\t\t\n\t\t\t\n\n\t<div id=\"text-3245532520\" class=\"text\">\n\t\t\n\n<p style=\"text-align: left;\">Zona templada, atm\u00f3sfera altamente contaminada (SO2: 30 \u03bcg\/m\u00b3 a 90 \u03bcg\/m\u00b3) o exposici\u00f3n significativa al cloruro, por ejemplo, \u00e1reas urbanas contaminadas, \u00e1reas industriales, \u00e1reas costeras sin niebla salina o exposici\u00f3n a sales de deshielo intensas &#8211; zona subtropical y tropical, atm\u00f3sfera moderadamente contaminada.<\/p>\n\t\t\n<style>\n#text-3245532520 {\n  text-align: center;\n}\n<\/style>\n\t<\/div>\n\t\n\n\t\t<\/div>\n\t\t\t<\/div>\n\n\t\n\n<\/div>\n<div class=\"row\"  id=\"row-2114807988\">\n\n\n\t<div id=\"col-226543313\" class=\"col medium-2 small-12 large-2 col-divided\"  >\n\t\t<div class=\"col-inner\"  >\n\t\t\t\n\t\t\t\n\n\t<div id=\"text-1658953525\" class=\"text\">\n\t\t\n\n<p style=\"text-align: left;\"><strong>C5<\/strong><\/p>\n\t\t\n<style>\n#text-1658953525 {\n  text-align: center;\n}\n<\/style>\n\t<\/div>\n\t\n\n\t\t<\/div>\n\t\t\t<\/div>\n\n\t\n\n\t<div id=\"col-440516139\" class=\"col medium-2 small-12 large-2 col-divided\"  >\n\t\t<div class=\"col-inner\"  >\n\t\t\t\n\t\t\t\n\n\t<div id=\"text-2210075649\" class=\"text\">\n\t\t\n\n<p style=\"text-align: left;\">Muy alto<\/p>\n\t\t\n<style>\n#text-2210075649 {\n  text-align: center;\n}\n<\/style>\n\t<\/div>\n\t\n\n\t\t<\/div>\n\t\t\t<\/div>\n\n\t\n\n\t<div id=\"col-2016935665\" class=\"col medium-8 small-12 large-8\"  >\n\t\t<div class=\"col-inner\"  >\n\t\t\t\n\t\t\t\n\n\t<div id=\"text-818220573\" class=\"text\">\n\t\t\n\n<p style=\"text-align: left;\">Zona templada y subtropical, ambiente atmosf\u00e9rico con muy alta contaminaci\u00f3n (SO2: 90 \u03bcg\/m\u00b3 a 250 \u03bcg\/m\u00b3) y significativo efecto de cloruro, por ejemplo, \u00e1reas industriales, \u00e1reas costeras en general, lugares costeros protegidos.<\/p>\n\t\t\n<style>\n#text-818220573 {\n  text-align: center;\n}\n<\/style>\n\t<\/div>\n\t\n\n\t\t<\/div>\n\t\t\t<\/div>\n\n\t\n\n<\/div>\n<div class=\"row\"  id=\"row-2096749773\">\n\n\n\t<div id=\"col-693617904\" class=\"col medium-2 small-12 large-2 col-divided\"  >\n\t\t<div class=\"col-inner\"  >\n\t\t\t\n\t\t\t\n\n\t<div id=\"text-2595447816\" class=\"text\">\n\t\t\n\n<p style=\"text-align: left;\"><strong>CX<\/strong><\/p>\n\t\t\n<style>\n#text-2595447816 {\n  text-align: center;\n}\n<\/style>\n\t<\/div>\n\t\n\n\t\t<\/div>\n\t\t\t<\/div>\n\n\t\n\n\t<div id=\"col-331658327\" class=\"col medium-2 small-12 large-2 col-divided\"  >\n\t\t<div class=\"col-inner\"  >\n\t\t\t\n\t\t\t\n\n\t<div id=\"text-2076873574\" class=\"text\">\n\t\t\n\n<p style=\"text-align: left;\">Extremo<\/p>\n\t\t\n<style>\n#text-2076873574 {\n  text-align: center;\n}\n<\/style>\n\t<\/div>\n\t\n\n\t\t<\/div>\n\t\t\t<\/div>\n\n\t\n\n\t<div id=\"col-1891878284\" class=\"col medium-8 small-12 large-8\"  >\n\t\t<div class=\"col-inner\"  >\n\t\t\t\n\t\t\t\n\n\t<div id=\"text-296145139\" class=\"text\">\n\t\t\n\n<p style=\"text-align: left;\">Zona subtropical y tropical (periodos de humedad muy alta), ambiente atmosf\u00e9rico con alta contaminaci\u00f3n por SO\u2082 (superior a 250 \u03bcg\/m\u00b3), incluyendo factores acompa\u00f1antes y productores, y el fuerte efecto de los cloruros, por ejemplo, zonas industriales extremas, ubicaciones costeras y marinas, y contacto ocasional con niebla salina. La categor\u00eda CX debe considerarse para situaciones extremas donde las tasas de corrosi\u00f3n superan los l\u00edmites superiores de la categor\u00eda C5. De hecho, CX se refiere a entornos marinos y marino-industriales espec\u00edficos, como los puentes.<\/p>\n\t\t\n<style>\n#text-296145139 {\n  text-align: center;\n}\n<\/style>\n\t<\/div>\n\t\n\n\t\t<\/div>\n\t\t\t<\/div>\n\n\t\n\n<\/div>\n<div class=\"row\"  id=\"row-391317791\">\n\n\n\t<div id=\"col-1416051283\" class=\"col small-12 large-12\"  >\n\t\t<div class=\"col-inner\"  >\n\t\t\t\n\t\t\t\n\n\t<div id=\"text-3099178580\" class=\"text\">\n\t\t\n\n<p style=\"text-align: left;\"><em>* SO2: Di\u00f3xido de azufre (no cloruro de sodio)<\/em><\/p>\n\t\t\n<style>\n#text-3099178580 {\n  text-align: center;\n}\n<\/style>\n\t<\/div>\n\t\n\n\t\t<\/div>\n\t\t\t<\/div>\n\n\t\n\n<\/div>\n\n\t\t<\/div>\n\n\t\t\n<style>\n#section_1508785420 {\n  padding-top: 0px;\n  padding-bottom: 0px;\n  min-height: 80px;\n}\n<\/style>\n\t<\/section>\n\t\n\t<section class=\"section\" id=\"section_1702112270\">\n\t\t<div class=\"bg section-bg fill bg-fill  bg-loaded\" >\n\n\t\t\t\n\t\t\t\n\t\t\t\n\n\t\t<\/div>\n\n\t\t<div class=\"section-content relative\">\n\t\t\t\n\n<div class=\"row\"  id=\"row-1272181495\">\n\n\n\t<div id=\"col-41204730\" class=\"col col-block-effetti medium-6 small-12 large-6\"  >\n\t\t<div class=\"col-inner\"  >\n\t\t\t\n\t\t\t\n\n<p>Mizar utiliza la norma EN ISO 9227:2017 para probar sus productos y procesos. Implementamos un proceso de pretratamiento para producir recubrimientos de alta calidad, garantizando una perfecta adhesi\u00f3n de la pintura y una protecci\u00f3n \u00f3ptima contra la corrosi\u00f3n mediante el uso de productos qu\u00edmicos dise\u00f1ados espec\u00edficamente para el aluminio. En una segunda fase, la luminaria se prueba en una c\u00e1mara atmosf\u00e9rica con cloruro de sodio. Esta prueba nos permite monitorear el comportamiento de la corrosi\u00f3n de todo el producto, verificando en detalle:<br \/>\u2022 La calidad de la pintura<br \/>\u2022 La sensibilidad del dise\u00f1o<br \/>\u2022 El comportamiento de los tornillos de acero inoxidable y la calidad del aluminio<\/p>\n\n\t\t<\/div>\n\t\t\t<\/div>\n\n\t\n\n\t<div id=\"col-1283009516\" class=\"col col-block-effetti medium-6 small-12 large-6\"  >\n\t\t<div class=\"col-inner\"  >\n\t\t\t\n\t\t\t\n\n<p>Mizar tambi\u00e9n utiliza la norma EN ISO 12944:2018 para validar sus procesos para tiempos de exposici\u00f3n superiores a 1500 horas a temperatura constante. Todos nuestros productos pintados superan esta norma de prueba. Los resultados se clasifican para cumplir con la norma EN ISO 9223:2012 (como se muestra en la tabla anterior).<\/p>\n\n\t\t<\/div>\n\t\t\t<\/div>\n\n\t\n\n<\/div>\n\n\t\t<\/div>\n\n\t\t\n<style>\n#section_1702112270 {\n  padding-top: 0px;\n  padding-bottom: 0px;\n}\n<\/style>\n\t<\/section>\n\t\n\n","protected":false},"excerpt":{"rendered":"","protected":false},"author":10706,"featured_media":0,"parent":0,"menu_order":0,"comment_status":"closed","ping_status":"closed","template":"page-blank.php","meta":{"inline_featured_image":false,"footnotes":""},"class_list":["post-125506","page","type-page","status-publish","hentry"],"acf":[],"yoast_head":"<!-- This site is optimized with the Yoast SEO plugin v22.4 - https:\/\/yoast.com\/wordpress\/plugins\/seo\/ -->\n<title>Mizar - Resistencia a la corrosi\u00f3n<\/title>\n<meta name=\"robots\" content=\"index, follow, max-snippet:-1, max-image-preview:large, max-video-preview:-1\" \/>\n<link rel=\"canonical\" href=\"https:\/\/www.mizar.it\/es\/resistencia-a-la-corrosion\/\" \/>\n<meta property=\"og:locale\" content=\"es_ES\" \/>\n<meta property=\"og:type\" content=\"article\" \/>\n<meta property=\"og:title\" content=\"Mizar - Resistencia a la corrosi\u00f3n\" \/>\n<meta property=\"og:url\" content=\"https:\/\/www.mizar.it\/es\/resistencia-a-la-corrosion\/\" \/>\n<meta property=\"og:site_name\" content=\"Mizar\" \/>\n<meta property=\"article:modified_time\" content=\"2026-02-10T11:42:26+00:00\" \/>\n<meta name=\"twitter:card\" content=\"summary_large_image\" \/>\n<meta name=\"twitter:label1\" content=\"Tiempo de lectura\" \/>\n\t<meta name=\"twitter:data1\" content=\"2 minutos\" \/>\n<script type=\"application\/ld+json\" class=\"yoast-schema-graph\">{\"@context\":\"https:\/\/schema.org\",\"@graph\":[{\"@type\":\"WebPage\",\"@id\":\"https:\/\/www.mizar.it\/es\/resistencia-a-la-corrosion\/\",\"url\":\"https:\/\/www.mizar.it\/es\/resistencia-a-la-corrosion\/\",\"name\":\"Mizar - Resistencia a la corrosi\u00f3n\",\"isPartOf\":{\"@id\":\"https:\/\/www.mizar.it\/es\/#website\"},\"datePublished\":\"2025-12-01T09:50:22+00:00\",\"dateModified\":\"2026-02-10T11:42:26+00:00\",\"breadcrumb\":{\"@id\":\"https:\/\/www.mizar.it\/es\/resistencia-a-la-corrosion\/#breadcrumb\"},\"inLanguage\":\"es\",\"potentialAction\":[{\"@type\":\"ReadAction\",\"target\":[\"https:\/\/www.mizar.it\/es\/resistencia-a-la-corrosion\/\"]}]},{\"@type\":\"BreadcrumbList\",\"@id\":\"https:\/\/www.mizar.it\/es\/resistencia-a-la-corrosion\/#breadcrumb\",\"itemListElement\":[{\"@type\":\"ListItem\",\"position\":1,\"name\":\"Mizar\",\"item\":\"https:\/\/www.mizar.it\/es\/\"},{\"@type\":\"ListItem\",\"position\":2,\"name\":\"Resistencia a la corrosi\u00f3n\"}]},{\"@type\":\"WebSite\",\"@id\":\"https:\/\/www.mizar.it\/es\/#website\",\"url\":\"https:\/\/www.mizar.it\/es\/\",\"name\":\"Mizar\",\"description\":\"Lighting your way\",\"publisher\":{\"@id\":\"https:\/\/www.mizar.it\/es\/#organization\"},\"potentialAction\":[{\"@type\":\"SearchAction\",\"target\":{\"@type\":\"EntryPoint\",\"urlTemplate\":\"https:\/\/www.mizar.it\/es\/?s={search_term_string}\"},\"query-input\":\"required name=search_term_string\"}],\"inLanguage\":\"es\"},{\"@type\":\"Organization\",\"@id\":\"https:\/\/www.mizar.it\/es\/#organization\",\"name\":\"Mizar\",\"url\":\"https:\/\/www.mizar.it\/es\/\",\"logo\":{\"@type\":\"ImageObject\",\"inLanguage\":\"es\",\"@id\":\"https:\/\/www.mizar.it\/es\/#\/schema\/logo\/image\/\",\"url\":\"https:\/\/www.mizar.it\/wp-content\/uploads\/2024\/10\/cropped-Mizar_icon_tab-1.png\",\"contentUrl\":\"https:\/\/www.mizar.it\/wp-content\/uploads\/2024\/10\/cropped-Mizar_icon_tab-1.png\",\"width\":512,\"height\":512,\"caption\":\"Mizar\"},\"image\":{\"@id\":\"https:\/\/www.mizar.it\/es\/#\/schema\/logo\/image\/\"},\"sameAs\":[\"https:\/\/www.instagram.com\/mizarluce\/\",\"https:\/\/www.linkedin.com\/company\/mizar-lighting\/\"]}]}<\/script>\n<!-- \/ Yoast SEO plugin. -->","yoast_head_json":{"title":"Mizar - Resistencia a la corrosi\u00f3n","robots":{"index":"index","follow":"follow","max-snippet":"max-snippet:-1","max-image-preview":"max-image-preview:large","max-video-preview":"max-video-preview:-1"},"canonical":"https:\/\/www.mizar.it\/es\/resistencia-a-la-corrosion\/","og_locale":"es_ES","og_type":"article","og_title":"Mizar - Resistencia a la corrosi\u00f3n","og_url":"https:\/\/www.mizar.it\/es\/resistencia-a-la-corrosion\/","og_site_name":"Mizar","article_modified_time":"2026-02-10T11:42:26+00:00","twitter_card":"summary_large_image","twitter_misc":{"Tiempo de lectura":"2 minutos"},"schema":{"@context":"https:\/\/schema.org","@graph":[{"@type":"WebPage","@id":"https:\/\/www.mizar.it\/es\/resistencia-a-la-corrosion\/","url":"https:\/\/www.mizar.it\/es\/resistencia-a-la-corrosion\/","name":"Mizar - Resistencia a la corrosi\u00f3n","isPartOf":{"@id":"https:\/\/www.mizar.it\/es\/#website"},"datePublished":"2025-12-01T09:50:22+00:00","dateModified":"2026-02-10T11:42:26+00:00","breadcrumb":{"@id":"https:\/\/www.mizar.it\/es\/resistencia-a-la-corrosion\/#breadcrumb"},"inLanguage":"es","potentialAction":[{"@type":"ReadAction","target":["https:\/\/www.mizar.it\/es\/resistencia-a-la-corrosion\/"]}]},{"@type":"BreadcrumbList","@id":"https:\/\/www.mizar.it\/es\/resistencia-a-la-corrosion\/#breadcrumb","itemListElement":[{"@type":"ListItem","position":1,"name":"Mizar","item":"https:\/\/www.mizar.it\/es\/"},{"@type":"ListItem","position":2,"name":"Resistencia a la corrosi\u00f3n"}]},{"@type":"WebSite","@id":"https:\/\/www.mizar.it\/es\/#website","url":"https:\/\/www.mizar.it\/es\/","name":"Mizar","description":"Lighting your way","publisher":{"@id":"https:\/\/www.mizar.it\/es\/#organization"},"potentialAction":[{"@type":"SearchAction","target":{"@type":"EntryPoint","urlTemplate":"https:\/\/www.mizar.it\/es\/?s={search_term_string}"},"query-input":"required name=search_term_string"}],"inLanguage":"es"},{"@type":"Organization","@id":"https:\/\/www.mizar.it\/es\/#organization","name":"Mizar","url":"https:\/\/www.mizar.it\/es\/","logo":{"@type":"ImageObject","inLanguage":"es","@id":"https:\/\/www.mizar.it\/es\/#\/schema\/logo\/image\/","url":"https:\/\/www.mizar.it\/wp-content\/uploads\/2024\/10\/cropped-Mizar_icon_tab-1.png","contentUrl":"https:\/\/www.mizar.it\/wp-content\/uploads\/2024\/10\/cropped-Mizar_icon_tab-1.png","width":512,"height":512,"caption":"Mizar"},"image":{"@id":"https:\/\/www.mizar.it\/es\/#\/schema\/logo\/image\/"},"sameAs":["https:\/\/www.instagram.com\/mizarluce\/","https:\/\/www.linkedin.com\/company\/mizar-lighting\/"]}]}},"_links":{"self":[{"href":"https:\/\/www.mizar.it\/es\/wp-json\/wp\/v2\/pages\/125506","targetHints":{"allow":["GET"]}}],"collection":[{"href":"https:\/\/www.mizar.it\/es\/wp-json\/wp\/v2\/pages"}],"about":[{"href":"https:\/\/www.mizar.it\/es\/wp-json\/wp\/v2\/types\/page"}],"author":[{"embeddable":true,"href":"https:\/\/www.mizar.it\/es\/wp-json\/wp\/v2\/users\/10706"}],"replies":[{"embeddable":true,"href":"https:\/\/www.mizar.it\/es\/wp-json\/wp\/v2\/comments?post=125506"}],"version-history":[{"count":1,"href":"https:\/\/www.mizar.it\/es\/wp-json\/wp\/v2\/pages\/125506\/revisions"}],"predecessor-version":[{"id":125507,"href":"https:\/\/www.mizar.it\/es\/wp-json\/wp\/v2\/pages\/125506\/revisions\/125507"}],"wp:attachment":[{"href":"https:\/\/www.mizar.it\/es\/wp-json\/wp\/v2\/media?parent=125506"}],"curies":[{"name":"wp","href":"https:\/\/api.w.org\/{rel}","templated":true}]}}