{"id":116029,"date":"2024-09-25T12:14:00","date_gmt":"2024-09-25T10:14:00","guid":{"rendered":"https:\/\/www.mizar.it\/prodotto\/egeo-2-0\/"},"modified":"2026-02-02T10:46:40","modified_gmt":"2026-02-02T09:46:40","slug":"oceano-6-cea13fcl101c00","status":"publish","type":"product","link":"https:\/\/www.mizar.it\/es\/prodotto\/oceano-6-cea13fcl101c00\/","title":{"rendered":"EGEO 2.0"},"content":{"rendered":"<p>Proyector para exteriores y sumergible (IP66\/IP68) con un rango de temperatura de funcionamiento de -20 \u00b0C a +50 \u00b0C. Para ofrecer la m\u00e1xima versatilidad, el cuerpo puede ser de aluminio o acero; el soporte, de acero en ambos modelos, permite ajustar la inclinaci\u00f3n del dispositivo. La fuente de luz consta de un chip LED de 2 W de potencia, alimentado a 24 V de tensi\u00f3n constante con un controlador integrado. Su flujo luminoso lo hace ideal para iluminar detalles arquitect\u00f3nicos, plantas de jard\u00edn o fuentes de agua, gracias a sus diferentes \u00e1ngulos de emisi\u00f3n. La fuente est\u00e1 retranqueada para un mayor confort visual. \u00cdndice de reproducci\u00f3n crom\u00e1tica (CRI) > 90. EGEO est\u00e1 equipado con el sistema IdroSkud\u00ae para proteger los componentes electr\u00f3nicos de picos de tensi\u00f3n, inversi\u00f3n de polaridad e infiltraciones de agua. Opcionalmente, se encuentran disponibles un antideslumbrante (panal) y un accesorio para instalaci\u00f3n en el suelo (pica). El producto debe combinarse con una fuente de alimentaci\u00f3n para garantizar su funcionamiento. La fuente de alimentaci\u00f3n debe pedirse por separado. La cantidad de dispositivos que se pueden conectar a una sola fuente de alimentaci\u00f3n var\u00eda seg\u00fan el tipo de instalaci\u00f3n. Es responsabilidad del instalador verificar posibles ca\u00eddas de tensi\u00f3n evaluando la distancia entre el producto y la fuente de alimentaci\u00f3n.<\/p>\n","protected":false},"excerpt":{"rendered":"<p>EGEO 2.0 2W AC 60\u00b0 4000K 24V PA<\/p>\n","protected":false},"featured_media":114643,"template":"","meta":{"inline_featured_image":false},"product_cat":[41314,41253,41316,41313],"product_tag":[],"class_list":{"0":"post-116029","1":"product","2":"type-product","3":"status-publish","4":"has-post-thumbnail","6":"product_cat-egeo-es","7":"product_cat-exteriores","8":"product_cat-egeo-2-0-es","9":"product_cat-proyectores","10":"pa_altezza-mm-62-es","11":"pa_efficienza-energetica-contiene-una-fuente-de-luz-de-clase-de-eficiencia-energetica-ue2019-2015-f","12":"pa_flusso-apparecchio-lm-95-es","13":"pa_flusso-sorgente-lm-157-es","14":"pa_larghezza-mm-30-es","15":"pa_lunghezza-mm-76-3-es","16":"pa_peso-g-0-226-es","17":"pa_potenza-nominale-w-2-es","18":"pa_temp-operativa-minima-20-c-es","20":"first","21":"instock","22":"product-type-simple","23":"berocket_lgv_grid","24":"berocket_lgv_list_grid"},"acf":[],"yoast_head":"<!-- This site is optimized with the Yoast SEO plugin v22.4 - https:\/\/yoast.com\/wordpress\/plugins\/seo\/ -->\n<title>Mizar - EGEO 2.0<\/title>\n<meta name=\"description\" content=\"Visita il sito Mizar.it e contattaci per scoprire di pi\u00f9 sul nostro prodotto EGEO 2.0.\" \/>\n<meta name=\"robots\" content=\"index, follow, max-snippet:-1, max-image-preview:large, max-video-preview:-1\" \/>\n<link rel=\"canonical\" href=\"https:\/\/www.mizar.it\/es\/prodotto\/oceano-6-cea13fcl101c00\/\" \/>\n<meta property=\"og:locale\" content=\"es_ES\" \/>\n<meta property=\"og:type\" content=\"article\" \/>\n<meta property=\"og:title\" content=\"Mizar - EGEO 2.0\" \/>\n<meta property=\"og:description\" content=\"Visita il sito Mizar.it e contattaci per scoprire di pi\u00f9 sul nostro prodotto EGEO 2.0.\" \/>\n<meta property=\"og:url\" content=\"https:\/\/www.mizar.it\/es\/prodotto\/oceano-6-cea13fcl101c00\/\" \/>\n<meta property=\"og:site_name\" content=\"Mizar\" \/>\n<meta property=\"article:modified_time\" content=\"2026-02-02T09:46:40+00:00\" \/>\n<meta property=\"og:image\" content=\"https:\/\/www.mizar.it\/wp-content\/uploads\/2025\/11\/EGEO_2.0_AC_img1-1.jpg\" \/>\n\t<meta property=\"og:image:width\" content=\"1000\" \/>\n\t<meta property=\"og:image:height\" content=\"1000\" \/>\n\t<meta property=\"og:image:type\" content=\"image\/jpeg\" \/>\n<meta name=\"twitter:card\" content=\"summary_large_image\" \/>\n<meta name=\"twitter:label1\" content=\"Tiempo de lectura\" \/>\n\t<meta name=\"twitter:data1\" content=\"1 minuto\" \/>\n<script type=\"application\/ld+json\" class=\"yoast-schema-graph\">{\"@context\":\"https:\/\/schema.org\",\"@graph\":[{\"@type\":\"WebPage\",\"@id\":\"https:\/\/www.mizar.it\/es\/prodotto\/oceano-6-cea13fcl101c00\/\",\"url\":\"https:\/\/www.mizar.it\/es\/prodotto\/oceano-6-cea13fcl101c00\/\",\"name\":\"Mizar - EGEO 2.0\",\"isPartOf\":{\"@id\":\"https:\/\/www.mizar.it\/es\/#website\"},\"primaryImageOfPage\":{\"@id\":\"https:\/\/www.mizar.it\/es\/prodotto\/oceano-6-cea13fcl101c00\/#primaryimage\"},\"image\":{\"@id\":\"https:\/\/www.mizar.it\/es\/prodotto\/oceano-6-cea13fcl101c00\/#primaryimage\"},\"thumbnailUrl\":\"https:\/\/www.mizar.it\/wp-content\/uploads\/2025\/11\/EGEO_2.0_AC_img1-1.jpg\",\"datePublished\":\"2024-09-25T10:14:00+00:00\",\"dateModified\":\"2026-02-02T09:46:40+00:00\",\"description\":\"Visita il sito Mizar.it e contattaci per scoprire di pi\u00f9 sul nostro prodotto EGEO 2.0.\",\"breadcrumb\":{\"@id\":\"https:\/\/www.mizar.it\/es\/prodotto\/oceano-6-cea13fcl101c00\/#breadcrumb\"},\"inLanguage\":\"es\",\"potentialAction\":[{\"@type\":\"ReadAction\",\"target\":[\"https:\/\/www.mizar.it\/es\/prodotto\/oceano-6-cea13fcl101c00\/\"]}]},{\"@type\":\"ImageObject\",\"inLanguage\":\"es\",\"@id\":\"https:\/\/www.mizar.it\/es\/prodotto\/oceano-6-cea13fcl101c00\/#primaryimage\",\"url\":\"https:\/\/www.mizar.it\/wp-content\/uploads\/2025\/11\/EGEO_2.0_AC_img1-1.jpg\",\"contentUrl\":\"https:\/\/www.mizar.it\/wp-content\/uploads\/2025\/11\/EGEO_2.0_AC_img1-1.jpg\",\"width\":1000,\"height\":1000},{\"@type\":\"BreadcrumbList\",\"@id\":\"https:\/\/www.mizar.it\/es\/prodotto\/oceano-6-cea13fcl101c00\/#breadcrumb\",\"itemListElement\":[{\"@type\":\"ListItem\",\"position\":1,\"name\":\"Mizar\",\"item\":\"https:\/\/www.mizar.it\/es\/\"},{\"@type\":\"ListItem\",\"position\":2,\"name\":\"EGEO 2.0\"}]},{\"@type\":\"WebSite\",\"@id\":\"https:\/\/www.mizar.it\/es\/#website\",\"url\":\"https:\/\/www.mizar.it\/es\/\",\"name\":\"Mizar\",\"description\":\"Lighting your way\",\"publisher\":{\"@id\":\"https:\/\/www.mizar.it\/es\/#organization\"},\"potentialAction\":[{\"@type\":\"SearchAction\",\"target\":{\"@type\":\"EntryPoint\",\"urlTemplate\":\"https:\/\/www.mizar.it\/es\/?s={search_term_string}\"},\"query-input\":\"required name=search_term_string\"}],\"inLanguage\":\"es\"},{\"@type\":\"Organization\",\"@id\":\"https:\/\/www.mizar.it\/es\/#organization\",\"name\":\"Mizar\",\"url\":\"https:\/\/www.mizar.it\/es\/\",\"logo\":{\"@type\":\"ImageObject\",\"inLanguage\":\"es\",\"@id\":\"https:\/\/www.mizar.it\/es\/#\/schema\/logo\/image\/\",\"url\":\"https:\/\/www.mizar.it\/wp-content\/uploads\/2024\/10\/cropped-Mizar_icon_tab-1.png\",\"contentUrl\":\"https:\/\/www.mizar.it\/wp-content\/uploads\/2024\/10\/cropped-Mizar_icon_tab-1.png\",\"width\":512,\"height\":512,\"caption\":\"Mizar\"},\"image\":{\"@id\":\"https:\/\/www.mizar.it\/es\/#\/schema\/logo\/image\/\"},\"sameAs\":[\"https:\/\/www.instagram.com\/mizarluce\/\",\"https:\/\/www.linkedin.com\/company\/mizar-lighting\/\"]}]}<\/script>\n<!-- \/ Yoast SEO plugin. -->","yoast_head_json":{"title":"Mizar - EGEO 2.0","description":"Visita il sito Mizar.it e contattaci per scoprire di pi\u00f9 sul nostro prodotto EGEO 2.0.","robots":{"index":"index","follow":"follow","max-snippet":"max-snippet:-1","max-image-preview":"max-image-preview:large","max-video-preview":"max-video-preview:-1"},"canonical":"https:\/\/www.mizar.it\/es\/prodotto\/oceano-6-cea13fcl101c00\/","og_locale":"es_ES","og_type":"article","og_title":"Mizar - EGEO 2.0","og_description":"Visita il sito Mizar.it e contattaci per scoprire di pi\u00f9 sul nostro prodotto EGEO 2.0.","og_url":"https:\/\/www.mizar.it\/es\/prodotto\/oceano-6-cea13fcl101c00\/","og_site_name":"Mizar","article_modified_time":"2026-02-02T09:46:40+00:00","og_image":[{"width":1000,"height":1000,"url":"https:\/\/www.mizar.it\/wp-content\/uploads\/2025\/11\/EGEO_2.0_AC_img1-1.jpg","type":"image\/jpeg"}],"twitter_card":"summary_large_image","twitter_misc":{"Tiempo de lectura":"1 minuto"},"schema":{"@context":"https:\/\/schema.org","@graph":[{"@type":"WebPage","@id":"https:\/\/www.mizar.it\/es\/prodotto\/oceano-6-cea13fcl101c00\/","url":"https:\/\/www.mizar.it\/es\/prodotto\/oceano-6-cea13fcl101c00\/","name":"Mizar - EGEO 2.0","isPartOf":{"@id":"https:\/\/www.mizar.it\/es\/#website"},"primaryImageOfPage":{"@id":"https:\/\/www.mizar.it\/es\/prodotto\/oceano-6-cea13fcl101c00\/#primaryimage"},"image":{"@id":"https:\/\/www.mizar.it\/es\/prodotto\/oceano-6-cea13fcl101c00\/#primaryimage"},"thumbnailUrl":"https:\/\/www.mizar.it\/wp-content\/uploads\/2025\/11\/EGEO_2.0_AC_img1-1.jpg","datePublished":"2024-09-25T10:14:00+00:00","dateModified":"2026-02-02T09:46:40+00:00","description":"Visita il sito Mizar.it e contattaci per scoprire di pi\u00f9 sul nostro prodotto EGEO 2.0.","breadcrumb":{"@id":"https:\/\/www.mizar.it\/es\/prodotto\/oceano-6-cea13fcl101c00\/#breadcrumb"},"inLanguage":"es","potentialAction":[{"@type":"ReadAction","target":["https:\/\/www.mizar.it\/es\/prodotto\/oceano-6-cea13fcl101c00\/"]}]},{"@type":"ImageObject","inLanguage":"es","@id":"https:\/\/www.mizar.it\/es\/prodotto\/oceano-6-cea13fcl101c00\/#primaryimage","url":"https:\/\/www.mizar.it\/wp-content\/uploads\/2025\/11\/EGEO_2.0_AC_img1-1.jpg","contentUrl":"https:\/\/www.mizar.it\/wp-content\/uploads\/2025\/11\/EGEO_2.0_AC_img1-1.jpg","width":1000,"height":1000},{"@type":"BreadcrumbList","@id":"https:\/\/www.mizar.it\/es\/prodotto\/oceano-6-cea13fcl101c00\/#breadcrumb","itemListElement":[{"@type":"ListItem","position":1,"name":"Mizar","item":"https:\/\/www.mizar.it\/es\/"},{"@type":"ListItem","position":2,"name":"EGEO 2.0"}]},{"@type":"WebSite","@id":"https:\/\/www.mizar.it\/es\/#website","url":"https:\/\/www.mizar.it\/es\/","name":"Mizar","description":"Lighting your way","publisher":{"@id":"https:\/\/www.mizar.it\/es\/#organization"},"potentialAction":[{"@type":"SearchAction","target":{"@type":"EntryPoint","urlTemplate":"https:\/\/www.mizar.it\/es\/?s={search_term_string}"},"query-input":"required name=search_term_string"}],"inLanguage":"es"},{"@type":"Organization","@id":"https:\/\/www.mizar.it\/es\/#organization","name":"Mizar","url":"https:\/\/www.mizar.it\/es\/","logo":{"@type":"ImageObject","inLanguage":"es","@id":"https:\/\/www.mizar.it\/es\/#\/schema\/logo\/image\/","url":"https:\/\/www.mizar.it\/wp-content\/uploads\/2024\/10\/cropped-Mizar_icon_tab-1.png","contentUrl":"https:\/\/www.mizar.it\/wp-content\/uploads\/2024\/10\/cropped-Mizar_icon_tab-1.png","width":512,"height":512,"caption":"Mizar"},"image":{"@id":"https:\/\/www.mizar.it\/es\/#\/schema\/logo\/image\/"},"sameAs":["https:\/\/www.instagram.com\/mizarluce\/","https:\/\/www.linkedin.com\/company\/mizar-lighting\/"]}]}},"df_price":"","df_sale_price":"","df_regular_price":"","df_image_link":"https:\/\/www.mizar.it\/wp-content\/uploads\/2025\/11\/EGEO_2.0_AC_img1-1-300x300.jpg","_links":{"self":[{"href":"https:\/\/www.mizar.it\/es\/wp-json\/wp\/v2\/product\/116029","targetHints":{"allow":["GET"]}}],"collection":[{"href":"https:\/\/www.mizar.it\/es\/wp-json\/wp\/v2\/product"}],"about":[{"href":"https:\/\/www.mizar.it\/es\/wp-json\/wp\/v2\/types\/product"}],"wp:featuredmedia":[{"embeddable":true,"href":"https:\/\/www.mizar.it\/es\/wp-json\/wp\/v2\/media\/114643"}],"wp:attachment":[{"href":"https:\/\/www.mizar.it\/es\/wp-json\/wp\/v2\/media?parent=116029"}],"wp:term":[{"taxonomy":"product_cat","embeddable":true,"href":"https:\/\/www.mizar.it\/es\/wp-json\/wp\/v2\/product_cat?post=116029"},{"taxonomy":"product_tag","embeddable":true,"href":"https:\/\/www.mizar.it\/es\/wp-json\/wp\/v2\/product_tag?post=116029"}],"curies":[{"name":"wp","href":"https:\/\/api.w.org\/{rel}","templated":true}]}}