{"id":116730,"date":"2025-04-16T11:36:28","date_gmt":"2025-04-16T09:36:28","guid":{"rendered":"https:\/\/www.mizar.it\/prodotto\/elios-1-1-rgbw\/"},"modified":"2026-02-02T10:27:15","modified_gmt":"2026-02-02T09:27:15","slug":"elios-1-1-rgbw-els01pcs1ctc00","status":"publish","type":"product","link":"https:\/\/www.mizar.it\/es\/prodotto\/elios-1-1-rgbw-els01pcs1ctc00\/","title":{"rendered":"ELIOS 1.1 RGBW"},"content":{"rendered":"<p>Proyector de exterior (IP66\/IP67), con un rango de temperatura de funcionamiento de -20 \u00b0C a +50 \u00b0C. Para reducir el peso y garantizar la resistencia al desgaste, el cuerpo est\u00e1 fabricado en aluminio. Este est\u00e1 protegido por un revestimiento de epoxi poli\u00e9ster que garantiza una resistencia a la corrosi\u00f3n de 1500 horas en niebla salina. La fuente de luz consiste en un Multi-Chip RGBW alimentado a una tensi\u00f3n constante de 24 V, con una potencia m\u00e1xima de 13 W. Su alto flujo luminoso lo hace ideal para la se\u00f1alizaci\u00f3n de caminos peatonales y de acceso, o para la iluminaci\u00f3n de fachadas y detalles arquitect\u00f3nicos gracias a su \u00f3ptica con lente TIR de mezcla de colores. La fuente LED est\u00e1 empotrada para un mayor confort visual. Elios est\u00e1 equipado con el sistema IdroSkud\u00ae para proteger los componentes electr\u00f3nicos de picos de tensi\u00f3n, inversi\u00f3n de polaridad e infiltraciones de agua. Est\u00e1n disponibles opcionalmente un antideslumbrante (panal) y un accesorio para instalaci\u00f3n en el suelo (pica). El producto debe conectarse a una fuente de alimentaci\u00f3n para garantizar su funcionamiento. La fuente de alimentaci\u00f3n debe pedirse por separado. El n\u00famero de dispositivos que se pueden conectar a una sola fuente de alimentaci\u00f3n var\u00eda seg\u00fan el tipo de instalaci\u00f3n. Es responsabilidad del instalador comprobar si hay posibles ca\u00eddas de tensi\u00f3n evaluando la distancia entre el producto y la fuente de alimentaci\u00f3n.<\/p>\n","protected":false},"excerpt":{"rendered":"<p>ELIOS 1.1 13W CORTEN 5\u00b0 RGBW 24V PWM PA 1,5M<\/p>\n","protected":false},"featured_media":114748,"template":"","meta":{"inline_featured_image":false},"product_cat":[41253,41320,41322,41313],"product_tag":[],"class_list":{"0":"post-116730","1":"product","2":"type-product","3":"status-publish","4":"has-post-thumbnail","6":"product_cat-exteriores","7":"product_cat-elios-es","8":"product_cat-elios-1-1-rgbw-es","9":"product_cat-proyectores","10":"pa_altezza-mm-160-es","11":"pa_flusso-apparecchio-lm-504-es","12":"pa_flusso-sorgente-lm-1142-es","13":"pa_larghezza-mm-130-es","14":"pa_lunghezza-mm-127-es","15":"pa_peso-g-2-99-es","16":"pa_potenza-nominale-w-13-es","17":"pa_temp-operativa-minima-20-c-es","19":"first","20":"instock","21":"product-type-simple","22":"berocket_lgv_grid","23":"berocket_lgv_list_grid"},"acf":[],"yoast_head":"<!-- This site is optimized with the Yoast SEO plugin v22.4 - https:\/\/yoast.com\/wordpress\/plugins\/seo\/ -->\n<title>Mizar - ELIOS 1.1 RGBW<\/title>\n<meta name=\"description\" content=\"Visita il sito Mizar.it e contattaci per scoprire di pi\u00f9 sul nostro prodotto ELIOS 1.1 RGBW.\" \/>\n<meta name=\"robots\" content=\"index, follow, max-snippet:-1, max-image-preview:large, max-video-preview:-1\" \/>\n<link rel=\"canonical\" href=\"https:\/\/www.mizar.it\/es\/prodotto\/elios-1-1-rgbw-els01pcs1ctc00\/\" \/>\n<meta property=\"og:locale\" content=\"es_ES\" \/>\n<meta property=\"og:type\" content=\"article\" \/>\n<meta property=\"og:title\" content=\"Mizar - ELIOS 1.1 RGBW\" \/>\n<meta property=\"og:description\" content=\"Visita il sito Mizar.it e contattaci per scoprire di pi\u00f9 sul nostro prodotto ELIOS 1.1 RGBW.\" \/>\n<meta property=\"og:url\" content=\"https:\/\/www.mizar.it\/es\/prodotto\/elios-1-1-rgbw-els01pcs1ctc00\/\" \/>\n<meta property=\"og:site_name\" content=\"Mizar\" \/>\n<meta property=\"article:modified_time\" content=\"2026-02-02T09:27:15+00:00\" \/>\n<meta property=\"og:image\" content=\"https:\/\/www.mizar.it\/wp-content\/uploads\/2025\/11\/ELIOS_1.1_CORTEN_img1-1.jpg\" \/>\n\t<meta property=\"og:image:width\" content=\"1000\" \/>\n\t<meta property=\"og:image:height\" content=\"1000\" \/>\n\t<meta property=\"og:image:type\" content=\"image\/jpeg\" \/>\n<meta name=\"twitter:card\" content=\"summary_large_image\" \/>\n<meta name=\"twitter:label1\" content=\"Tiempo de lectura\" \/>\n\t<meta name=\"twitter:data1\" content=\"1 minuto\" \/>\n<script type=\"application\/ld+json\" class=\"yoast-schema-graph\">{\"@context\":\"https:\/\/schema.org\",\"@graph\":[{\"@type\":\"WebPage\",\"@id\":\"https:\/\/www.mizar.it\/es\/prodotto\/elios-1-1-rgbw-els01pcs1ctc00\/\",\"url\":\"https:\/\/www.mizar.it\/es\/prodotto\/elios-1-1-rgbw-els01pcs1ctc00\/\",\"name\":\"Mizar - ELIOS 1.1 RGBW\",\"isPartOf\":{\"@id\":\"https:\/\/www.mizar.it\/es\/#website\"},\"primaryImageOfPage\":{\"@id\":\"https:\/\/www.mizar.it\/es\/prodotto\/elios-1-1-rgbw-els01pcs1ctc00\/#primaryimage\"},\"image\":{\"@id\":\"https:\/\/www.mizar.it\/es\/prodotto\/elios-1-1-rgbw-els01pcs1ctc00\/#primaryimage\"},\"thumbnailUrl\":\"https:\/\/www.mizar.it\/wp-content\/uploads\/2025\/11\/ELIOS_1.1_CORTEN_img1-1.jpg\",\"datePublished\":\"2025-04-16T09:36:28+00:00\",\"dateModified\":\"2026-02-02T09:27:15+00:00\",\"description\":\"Visita il sito Mizar.it e contattaci per scoprire di pi\u00f9 sul nostro prodotto ELIOS 1.1 RGBW.\",\"breadcrumb\":{\"@id\":\"https:\/\/www.mizar.it\/es\/prodotto\/elios-1-1-rgbw-els01pcs1ctc00\/#breadcrumb\"},\"inLanguage\":\"es\",\"potentialAction\":[{\"@type\":\"ReadAction\",\"target\":[\"https:\/\/www.mizar.it\/es\/prodotto\/elios-1-1-rgbw-els01pcs1ctc00\/\"]}]},{\"@type\":\"ImageObject\",\"inLanguage\":\"es\",\"@id\":\"https:\/\/www.mizar.it\/es\/prodotto\/elios-1-1-rgbw-els01pcs1ctc00\/#primaryimage\",\"url\":\"https:\/\/www.mizar.it\/wp-content\/uploads\/2025\/11\/ELIOS_1.1_CORTEN_img1-1.jpg\",\"contentUrl\":\"https:\/\/www.mizar.it\/wp-content\/uploads\/2025\/11\/ELIOS_1.1_CORTEN_img1-1.jpg\",\"width\":1000,\"height\":1000},{\"@type\":\"BreadcrumbList\",\"@id\":\"https:\/\/www.mizar.it\/es\/prodotto\/elios-1-1-rgbw-els01pcs1ctc00\/#breadcrumb\",\"itemListElement\":[{\"@type\":\"ListItem\",\"position\":1,\"name\":\"Mizar\",\"item\":\"https:\/\/www.mizar.it\/es\/\"},{\"@type\":\"ListItem\",\"position\":2,\"name\":\"ELIOS 1.1 RGBW\"}]},{\"@type\":\"WebSite\",\"@id\":\"https:\/\/www.mizar.it\/es\/#website\",\"url\":\"https:\/\/www.mizar.it\/es\/\",\"name\":\"Mizar\",\"description\":\"Lighting your way\",\"publisher\":{\"@id\":\"https:\/\/www.mizar.it\/es\/#organization\"},\"potentialAction\":[{\"@type\":\"SearchAction\",\"target\":{\"@type\":\"EntryPoint\",\"urlTemplate\":\"https:\/\/www.mizar.it\/es\/?s={search_term_string}\"},\"query-input\":\"required name=search_term_string\"}],\"inLanguage\":\"es\"},{\"@type\":\"Organization\",\"@id\":\"https:\/\/www.mizar.it\/es\/#organization\",\"name\":\"Mizar\",\"url\":\"https:\/\/www.mizar.it\/es\/\",\"logo\":{\"@type\":\"ImageObject\",\"inLanguage\":\"es\",\"@id\":\"https:\/\/www.mizar.it\/es\/#\/schema\/logo\/image\/\",\"url\":\"https:\/\/www.mizar.it\/wp-content\/uploads\/2024\/10\/cropped-Mizar_icon_tab-1.png\",\"contentUrl\":\"https:\/\/www.mizar.it\/wp-content\/uploads\/2024\/10\/cropped-Mizar_icon_tab-1.png\",\"width\":512,\"height\":512,\"caption\":\"Mizar\"},\"image\":{\"@id\":\"https:\/\/www.mizar.it\/es\/#\/schema\/logo\/image\/\"},\"sameAs\":[\"https:\/\/www.instagram.com\/mizarluce\/\",\"https:\/\/www.linkedin.com\/company\/mizar-lighting\/\"]}]}<\/script>\n<!-- \/ Yoast SEO plugin. -->","yoast_head_json":{"title":"Mizar - ELIOS 1.1 RGBW","description":"Visita il sito Mizar.it e contattaci per scoprire di pi\u00f9 sul nostro prodotto ELIOS 1.1 RGBW.","robots":{"index":"index","follow":"follow","max-snippet":"max-snippet:-1","max-image-preview":"max-image-preview:large","max-video-preview":"max-video-preview:-1"},"canonical":"https:\/\/www.mizar.it\/es\/prodotto\/elios-1-1-rgbw-els01pcs1ctc00\/","og_locale":"es_ES","og_type":"article","og_title":"Mizar - ELIOS 1.1 RGBW","og_description":"Visita il sito Mizar.it e contattaci per scoprire di pi\u00f9 sul nostro prodotto ELIOS 1.1 RGBW.","og_url":"https:\/\/www.mizar.it\/es\/prodotto\/elios-1-1-rgbw-els01pcs1ctc00\/","og_site_name":"Mizar","article_modified_time":"2026-02-02T09:27:15+00:00","og_image":[{"width":1000,"height":1000,"url":"https:\/\/www.mizar.it\/wp-content\/uploads\/2025\/11\/ELIOS_1.1_CORTEN_img1-1.jpg","type":"image\/jpeg"}],"twitter_card":"summary_large_image","twitter_misc":{"Tiempo de lectura":"1 minuto"},"schema":{"@context":"https:\/\/schema.org","@graph":[{"@type":"WebPage","@id":"https:\/\/www.mizar.it\/es\/prodotto\/elios-1-1-rgbw-els01pcs1ctc00\/","url":"https:\/\/www.mizar.it\/es\/prodotto\/elios-1-1-rgbw-els01pcs1ctc00\/","name":"Mizar - ELIOS 1.1 RGBW","isPartOf":{"@id":"https:\/\/www.mizar.it\/es\/#website"},"primaryImageOfPage":{"@id":"https:\/\/www.mizar.it\/es\/prodotto\/elios-1-1-rgbw-els01pcs1ctc00\/#primaryimage"},"image":{"@id":"https:\/\/www.mizar.it\/es\/prodotto\/elios-1-1-rgbw-els01pcs1ctc00\/#primaryimage"},"thumbnailUrl":"https:\/\/www.mizar.it\/wp-content\/uploads\/2025\/11\/ELIOS_1.1_CORTEN_img1-1.jpg","datePublished":"2025-04-16T09:36:28+00:00","dateModified":"2026-02-02T09:27:15+00:00","description":"Visita il sito Mizar.it e contattaci per scoprire di pi\u00f9 sul nostro prodotto ELIOS 1.1 RGBW.","breadcrumb":{"@id":"https:\/\/www.mizar.it\/es\/prodotto\/elios-1-1-rgbw-els01pcs1ctc00\/#breadcrumb"},"inLanguage":"es","potentialAction":[{"@type":"ReadAction","target":["https:\/\/www.mizar.it\/es\/prodotto\/elios-1-1-rgbw-els01pcs1ctc00\/"]}]},{"@type":"ImageObject","inLanguage":"es","@id":"https:\/\/www.mizar.it\/es\/prodotto\/elios-1-1-rgbw-els01pcs1ctc00\/#primaryimage","url":"https:\/\/www.mizar.it\/wp-content\/uploads\/2025\/11\/ELIOS_1.1_CORTEN_img1-1.jpg","contentUrl":"https:\/\/www.mizar.it\/wp-content\/uploads\/2025\/11\/ELIOS_1.1_CORTEN_img1-1.jpg","width":1000,"height":1000},{"@type":"BreadcrumbList","@id":"https:\/\/www.mizar.it\/es\/prodotto\/elios-1-1-rgbw-els01pcs1ctc00\/#breadcrumb","itemListElement":[{"@type":"ListItem","position":1,"name":"Mizar","item":"https:\/\/www.mizar.it\/es\/"},{"@type":"ListItem","position":2,"name":"ELIOS 1.1 RGBW"}]},{"@type":"WebSite","@id":"https:\/\/www.mizar.it\/es\/#website","url":"https:\/\/www.mizar.it\/es\/","name":"Mizar","description":"Lighting your way","publisher":{"@id":"https:\/\/www.mizar.it\/es\/#organization"},"potentialAction":[{"@type":"SearchAction","target":{"@type":"EntryPoint","urlTemplate":"https:\/\/www.mizar.it\/es\/?s={search_term_string}"},"query-input":"required name=search_term_string"}],"inLanguage":"es"},{"@type":"Organization","@id":"https:\/\/www.mizar.it\/es\/#organization","name":"Mizar","url":"https:\/\/www.mizar.it\/es\/","logo":{"@type":"ImageObject","inLanguage":"es","@id":"https:\/\/www.mizar.it\/es\/#\/schema\/logo\/image\/","url":"https:\/\/www.mizar.it\/wp-content\/uploads\/2024\/10\/cropped-Mizar_icon_tab-1.png","contentUrl":"https:\/\/www.mizar.it\/wp-content\/uploads\/2024\/10\/cropped-Mizar_icon_tab-1.png","width":512,"height":512,"caption":"Mizar"},"image":{"@id":"https:\/\/www.mizar.it\/es\/#\/schema\/logo\/image\/"},"sameAs":["https:\/\/www.instagram.com\/mizarluce\/","https:\/\/www.linkedin.com\/company\/mizar-lighting\/"]}]}},"df_price":"","df_sale_price":"","df_regular_price":"","df_image_link":"https:\/\/www.mizar.it\/wp-content\/uploads\/2025\/11\/ELIOS_1.1_CORTEN_img1-1-300x300.jpg","_links":{"self":[{"href":"https:\/\/www.mizar.it\/es\/wp-json\/wp\/v2\/product\/116730","targetHints":{"allow":["GET"]}}],"collection":[{"href":"https:\/\/www.mizar.it\/es\/wp-json\/wp\/v2\/product"}],"about":[{"href":"https:\/\/www.mizar.it\/es\/wp-json\/wp\/v2\/types\/product"}],"wp:featuredmedia":[{"embeddable":true,"href":"https:\/\/www.mizar.it\/es\/wp-json\/wp\/v2\/media\/114748"}],"wp:attachment":[{"href":"https:\/\/www.mizar.it\/es\/wp-json\/wp\/v2\/media?parent=116730"}],"wp:term":[{"taxonomy":"product_cat","embeddable":true,"href":"https:\/\/www.mizar.it\/es\/wp-json\/wp\/v2\/product_cat?post=116730"},{"taxonomy":"product_tag","embeddable":true,"href":"https:\/\/www.mizar.it\/es\/wp-json\/wp\/v2\/product_tag?post=116730"}],"curies":[{"name":"wp","href":"https:\/\/api.w.org\/{rel}","templated":true}]}}