{"id":117226,"date":"2025-04-16T14:23:10","date_gmt":"2025-04-16T12:23:10","guid":{"rendered":"https:\/\/www.mizar.it\/prodotto\/forma-2-0\/"},"modified":"2026-02-02T10:32:57","modified_gmt":"2026-02-02T09:32:57","slug":"forma-2-0-frm04dcz0e0a00","status":"publish","type":"product","link":"https:\/\/www.mizar.it\/es\/prodotto\/forma-2-0-frm04dcz0e0a00\/","title":{"rendered":"FORMA 2.0"},"content":{"rendered":"<p>Luz de paso modular de pared, apto para exteriores (IP65), con un amplio rango de temperatura de funcionamiento: -20 \u00b0C \/ +50 \u00b0C. El cuerpo est\u00e1 fabricado en aluminio protegido con un revestimiento de epoxi poli\u00e9ster que garantiza una resistencia a la corrosi\u00f3n de 1500 horas en niebla salina. La fuente de luz consiste en una placa LED SMD de 10 W alimentada por 24 V. La cubierta y el reflector son modulares y se pueden extraer del motor LED sin necesidad de desmontarlo de la pared. Esto facilita el mantenimiento, con la posibilidad de sustituir un solo componente y, al mismo tiempo, ofrece una gran libertad de personalizaci\u00f3n. Las tres piezas de FORMA tambi\u00e9n se pueden pedir por separado. Su flujo luminoso y dise\u00f1o lo hacen ideal como ba\u00f1ador de suelo para caminos peatonales o escaleras. \u00cdndice de reproducci\u00f3n crom\u00e1tica CRI > 90. FORMA est\u00e1 equipada con el sistema IdroSkud\u00ae para proteger los componentes electr\u00f3nicos de picos de tensi\u00f3n, inversi\u00f3n de polaridad e infiltraciones de agua. El producto debe conectarse a una fuente de alimentaci\u00f3n para garantizar su funcionamiento. La fuente de alimentaci\u00f3n se pide por separado. El n\u00famero de dispositivos que se pueden conectar a una sola fuente de alimentaci\u00f3n var\u00eda seg\u00fan el tipo de instalaci\u00f3n. Es responsabilidad del instalador comprobar si hay posibles ca\u00eddas de tensi\u00f3n evaluando la distancia entre el producto y la fuente de alimentaci\u00f3n.<\/p>\n","protected":false},"excerpt":{"rendered":"<p>FORMA 2.0 10W VE6009 A25\u00b0 3000K 24V<\/p>\n","protected":false},"featured_media":114880,"template":"","meta":{"inline_featured_image":false},"product_cat":[41253,41331,41334,41330],"product_tag":[],"class_list":{"0":"post-117226","1":"product","2":"type-product","3":"status-publish","4":"has-post-thumbnail","6":"product_cat-exteriores","7":"product_cat-forma-es","8":"product_cat-forma-2-0-es","9":"product_cat-luz-de-paso","10":"pa_altezza-mm-235-es","11":"pa_flusso-apparecchio-lm-743-es","12":"pa_flusso-sorgente-lm-1651-es","13":"pa_larghezza-mm-235-es","14":"pa_lunghezza-mm-32-es","15":"pa_peso-g-0-967-es","16":"pa_potenza-nominale-w-10-es","17":"pa_temp-operativa-minima-20-c-es","19":"first","20":"instock","21":"product-type-simple","22":"berocket_lgv_grid","23":"berocket_lgv_list_grid"},"acf":[],"yoast_head":"<!-- This site is optimized with the Yoast SEO plugin v22.4 - https:\/\/yoast.com\/wordpress\/plugins\/seo\/ -->\n<title>Mizar - FORMA 2.0<\/title>\n<meta name=\"description\" content=\"Visita il sito Mizar.it e contattaci per scoprire di pi\u00f9 sul nostro prodotto FORMA 2.0.\" \/>\n<meta name=\"robots\" content=\"index, follow, max-snippet:-1, max-image-preview:large, max-video-preview:-1\" \/>\n<link rel=\"canonical\" href=\"https:\/\/www.mizar.it\/es\/prodotto\/forma-2-0-frm04dcz0e0a00\/\" \/>\n<meta property=\"og:locale\" content=\"es_ES\" \/>\n<meta property=\"og:type\" content=\"article\" \/>\n<meta property=\"og:title\" content=\"Mizar - FORMA 2.0\" \/>\n<meta property=\"og:description\" content=\"Visita il sito Mizar.it e contattaci per scoprire di pi\u00f9 sul nostro prodotto FORMA 2.0.\" \/>\n<meta property=\"og:url\" content=\"https:\/\/www.mizar.it\/es\/prodotto\/forma-2-0-frm04dcz0e0a00\/\" \/>\n<meta property=\"og:site_name\" content=\"Mizar\" \/>\n<meta property=\"article:modified_time\" content=\"2026-02-02T09:32:57+00:00\" \/>\n<meta property=\"og:image\" content=\"https:\/\/www.mizar.it\/wp-content\/uploads\/2025\/11\/FORMA_2.0_GN6009_img1-1.jpg\" \/>\n\t<meta property=\"og:image:width\" content=\"1000\" \/>\n\t<meta property=\"og:image:height\" content=\"1000\" \/>\n\t<meta property=\"og:image:type\" content=\"image\/jpeg\" \/>\n<meta name=\"twitter:card\" content=\"summary_large_image\" \/>\n<meta name=\"twitter:label1\" content=\"Tiempo de lectura\" \/>\n\t<meta name=\"twitter:data1\" content=\"1 minuto\" \/>\n<script type=\"application\/ld+json\" class=\"yoast-schema-graph\">{\"@context\":\"https:\/\/schema.org\",\"@graph\":[{\"@type\":\"WebPage\",\"@id\":\"https:\/\/www.mizar.it\/es\/prodotto\/forma-2-0-frm04dcz0e0a00\/\",\"url\":\"https:\/\/www.mizar.it\/es\/prodotto\/forma-2-0-frm04dcz0e0a00\/\",\"name\":\"Mizar - FORMA 2.0\",\"isPartOf\":{\"@id\":\"https:\/\/www.mizar.it\/es\/#website\"},\"primaryImageOfPage\":{\"@id\":\"https:\/\/www.mizar.it\/es\/prodotto\/forma-2-0-frm04dcz0e0a00\/#primaryimage\"},\"image\":{\"@id\":\"https:\/\/www.mizar.it\/es\/prodotto\/forma-2-0-frm04dcz0e0a00\/#primaryimage\"},\"thumbnailUrl\":\"https:\/\/www.mizar.it\/wp-content\/uploads\/2025\/11\/FORMA_2.0_GN6009_img1-1.jpg\",\"datePublished\":\"2025-04-16T12:23:10+00:00\",\"dateModified\":\"2026-02-02T09:32:57+00:00\",\"description\":\"Visita il sito Mizar.it e contattaci per scoprire di pi\u00f9 sul nostro prodotto FORMA 2.0.\",\"breadcrumb\":{\"@id\":\"https:\/\/www.mizar.it\/es\/prodotto\/forma-2-0-frm04dcz0e0a00\/#breadcrumb\"},\"inLanguage\":\"es\",\"potentialAction\":[{\"@type\":\"ReadAction\",\"target\":[\"https:\/\/www.mizar.it\/es\/prodotto\/forma-2-0-frm04dcz0e0a00\/\"]}]},{\"@type\":\"ImageObject\",\"inLanguage\":\"es\",\"@id\":\"https:\/\/www.mizar.it\/es\/prodotto\/forma-2-0-frm04dcz0e0a00\/#primaryimage\",\"url\":\"https:\/\/www.mizar.it\/wp-content\/uploads\/2025\/11\/FORMA_2.0_GN6009_img1-1.jpg\",\"contentUrl\":\"https:\/\/www.mizar.it\/wp-content\/uploads\/2025\/11\/FORMA_2.0_GN6009_img1-1.jpg\",\"width\":1000,\"height\":1000},{\"@type\":\"BreadcrumbList\",\"@id\":\"https:\/\/www.mizar.it\/es\/prodotto\/forma-2-0-frm04dcz0e0a00\/#breadcrumb\",\"itemListElement\":[{\"@type\":\"ListItem\",\"position\":1,\"name\":\"Mizar\",\"item\":\"https:\/\/www.mizar.it\/es\/\"},{\"@type\":\"ListItem\",\"position\":2,\"name\":\"FORMA 2.0\"}]},{\"@type\":\"WebSite\",\"@id\":\"https:\/\/www.mizar.it\/es\/#website\",\"url\":\"https:\/\/www.mizar.it\/es\/\",\"name\":\"Mizar\",\"description\":\"Lighting your way\",\"publisher\":{\"@id\":\"https:\/\/www.mizar.it\/es\/#organization\"},\"potentialAction\":[{\"@type\":\"SearchAction\",\"target\":{\"@type\":\"EntryPoint\",\"urlTemplate\":\"https:\/\/www.mizar.it\/es\/?s={search_term_string}\"},\"query-input\":\"required name=search_term_string\"}],\"inLanguage\":\"es\"},{\"@type\":\"Organization\",\"@id\":\"https:\/\/www.mizar.it\/es\/#organization\",\"name\":\"Mizar\",\"url\":\"https:\/\/www.mizar.it\/es\/\",\"logo\":{\"@type\":\"ImageObject\",\"inLanguage\":\"es\",\"@id\":\"https:\/\/www.mizar.it\/es\/#\/schema\/logo\/image\/\",\"url\":\"https:\/\/www.mizar.it\/wp-content\/uploads\/2024\/10\/cropped-Mizar_icon_tab-1.png\",\"contentUrl\":\"https:\/\/www.mizar.it\/wp-content\/uploads\/2024\/10\/cropped-Mizar_icon_tab-1.png\",\"width\":512,\"height\":512,\"caption\":\"Mizar\"},\"image\":{\"@id\":\"https:\/\/www.mizar.it\/es\/#\/schema\/logo\/image\/\"},\"sameAs\":[\"https:\/\/www.instagram.com\/mizarluce\/\",\"https:\/\/www.linkedin.com\/company\/mizar-lighting\/\"]}]}<\/script>\n<!-- \/ Yoast SEO plugin. -->","yoast_head_json":{"title":"Mizar - FORMA 2.0","description":"Visita il sito Mizar.it e contattaci per scoprire di pi\u00f9 sul nostro prodotto FORMA 2.0.","robots":{"index":"index","follow":"follow","max-snippet":"max-snippet:-1","max-image-preview":"max-image-preview:large","max-video-preview":"max-video-preview:-1"},"canonical":"https:\/\/www.mizar.it\/es\/prodotto\/forma-2-0-frm04dcz0e0a00\/","og_locale":"es_ES","og_type":"article","og_title":"Mizar - FORMA 2.0","og_description":"Visita il sito Mizar.it e contattaci per scoprire di pi\u00f9 sul nostro prodotto FORMA 2.0.","og_url":"https:\/\/www.mizar.it\/es\/prodotto\/forma-2-0-frm04dcz0e0a00\/","og_site_name":"Mizar","article_modified_time":"2026-02-02T09:32:57+00:00","og_image":[{"width":1000,"height":1000,"url":"https:\/\/www.mizar.it\/wp-content\/uploads\/2025\/11\/FORMA_2.0_GN6009_img1-1.jpg","type":"image\/jpeg"}],"twitter_card":"summary_large_image","twitter_misc":{"Tiempo de lectura":"1 minuto"},"schema":{"@context":"https:\/\/schema.org","@graph":[{"@type":"WebPage","@id":"https:\/\/www.mizar.it\/es\/prodotto\/forma-2-0-frm04dcz0e0a00\/","url":"https:\/\/www.mizar.it\/es\/prodotto\/forma-2-0-frm04dcz0e0a00\/","name":"Mizar - FORMA 2.0","isPartOf":{"@id":"https:\/\/www.mizar.it\/es\/#website"},"primaryImageOfPage":{"@id":"https:\/\/www.mizar.it\/es\/prodotto\/forma-2-0-frm04dcz0e0a00\/#primaryimage"},"image":{"@id":"https:\/\/www.mizar.it\/es\/prodotto\/forma-2-0-frm04dcz0e0a00\/#primaryimage"},"thumbnailUrl":"https:\/\/www.mizar.it\/wp-content\/uploads\/2025\/11\/FORMA_2.0_GN6009_img1-1.jpg","datePublished":"2025-04-16T12:23:10+00:00","dateModified":"2026-02-02T09:32:57+00:00","description":"Visita il sito Mizar.it e contattaci per scoprire di pi\u00f9 sul nostro prodotto FORMA 2.0.","breadcrumb":{"@id":"https:\/\/www.mizar.it\/es\/prodotto\/forma-2-0-frm04dcz0e0a00\/#breadcrumb"},"inLanguage":"es","potentialAction":[{"@type":"ReadAction","target":["https:\/\/www.mizar.it\/es\/prodotto\/forma-2-0-frm04dcz0e0a00\/"]}]},{"@type":"ImageObject","inLanguage":"es","@id":"https:\/\/www.mizar.it\/es\/prodotto\/forma-2-0-frm04dcz0e0a00\/#primaryimage","url":"https:\/\/www.mizar.it\/wp-content\/uploads\/2025\/11\/FORMA_2.0_GN6009_img1-1.jpg","contentUrl":"https:\/\/www.mizar.it\/wp-content\/uploads\/2025\/11\/FORMA_2.0_GN6009_img1-1.jpg","width":1000,"height":1000},{"@type":"BreadcrumbList","@id":"https:\/\/www.mizar.it\/es\/prodotto\/forma-2-0-frm04dcz0e0a00\/#breadcrumb","itemListElement":[{"@type":"ListItem","position":1,"name":"Mizar","item":"https:\/\/www.mizar.it\/es\/"},{"@type":"ListItem","position":2,"name":"FORMA 2.0"}]},{"@type":"WebSite","@id":"https:\/\/www.mizar.it\/es\/#website","url":"https:\/\/www.mizar.it\/es\/","name":"Mizar","description":"Lighting your way","publisher":{"@id":"https:\/\/www.mizar.it\/es\/#organization"},"potentialAction":[{"@type":"SearchAction","target":{"@type":"EntryPoint","urlTemplate":"https:\/\/www.mizar.it\/es\/?s={search_term_string}"},"query-input":"required name=search_term_string"}],"inLanguage":"es"},{"@type":"Organization","@id":"https:\/\/www.mizar.it\/es\/#organization","name":"Mizar","url":"https:\/\/www.mizar.it\/es\/","logo":{"@type":"ImageObject","inLanguage":"es","@id":"https:\/\/www.mizar.it\/es\/#\/schema\/logo\/image\/","url":"https:\/\/www.mizar.it\/wp-content\/uploads\/2024\/10\/cropped-Mizar_icon_tab-1.png","contentUrl":"https:\/\/www.mizar.it\/wp-content\/uploads\/2024\/10\/cropped-Mizar_icon_tab-1.png","width":512,"height":512,"caption":"Mizar"},"image":{"@id":"https:\/\/www.mizar.it\/es\/#\/schema\/logo\/image\/"},"sameAs":["https:\/\/www.instagram.com\/mizarluce\/","https:\/\/www.linkedin.com\/company\/mizar-lighting\/"]}]}},"df_price":"","df_sale_price":"","df_regular_price":"","df_image_link":"https:\/\/www.mizar.it\/wp-content\/uploads\/2025\/11\/FORMA_2.0_GN6009_img1-1-300x300.jpg","_links":{"self":[{"href":"https:\/\/www.mizar.it\/es\/wp-json\/wp\/v2\/product\/117226","targetHints":{"allow":["GET"]}}],"collection":[{"href":"https:\/\/www.mizar.it\/es\/wp-json\/wp\/v2\/product"}],"about":[{"href":"https:\/\/www.mizar.it\/es\/wp-json\/wp\/v2\/types\/product"}],"wp:featuredmedia":[{"embeddable":true,"href":"https:\/\/www.mizar.it\/es\/wp-json\/wp\/v2\/media\/114880"}],"wp:attachment":[{"href":"https:\/\/www.mizar.it\/es\/wp-json\/wp\/v2\/media?parent=117226"}],"wp:term":[{"taxonomy":"product_cat","embeddable":true,"href":"https:\/\/www.mizar.it\/es\/wp-json\/wp\/v2\/product_cat?post=117226"},{"taxonomy":"product_tag","embeddable":true,"href":"https:\/\/www.mizar.it\/es\/wp-json\/wp\/v2\/product_tag?post=117226"}],"curies":[{"name":"wp","href":"https:\/\/api.w.org\/{rel}","templated":true}]}}