{"id":117332,"date":"2024-09-23T10:46:44","date_gmt":"2024-09-23T08:46:44","guid":{"rendered":"https:\/\/www.mizar.it\/prodotto\/lucis-2-1\/"},"modified":"2026-02-02T10:34:05","modified_gmt":"2026-02-02T09:34:05","slug":"lucis-2-1-luc03ccz0cta00","status":"publish","type":"product","link":"https:\/\/www.mizar.it\/es\/prodotto\/lucis-2-1-luc03ccz0cta00\/","title":{"rendered":"LUCIS 2.1"},"content":{"rendered":"<p>Luminaria de pared empotrada, apta para exteriores (IP66\/IP67), con un amplio rango de temperatura de funcionamiento: -20 \u00b0C \/ +50 \u00b0C. El cuerpo est\u00e1 fabricado en aluminio protegido con un revestimiento de epoxi poli\u00e9ster que garantiza una resistencia a la corrosi\u00f3n de 1500 horas en niebla salina. La fuente de luz consta de un chip LED de 2 W de potencia, alimentado a 24 V de tensi\u00f3n constante con un controlador integrado. El anillo ovalado tiene una abertura en forma de cuchilla para obtener un haz de luz lineal y estrecho dirigido hacia el suelo. Su flujo luminoso y dise\u00f1o la hacen ideal como baliza para caminos peatonales o escaleras. \u00cdndice de reproducci\u00f3n crom\u00e1tica (CRI) > 90. Lucis est\u00e1 equipada con el sistema IdroSkud\u00ae para proteger los componentes electr\u00f3nicos de picos de tensi\u00f3n, inversi\u00f3n de polaridad e infiltraciones de agua. Se incluyen los accesorios de instalaci\u00f3n (encofrado de pared y aislamiento exterior). El producto debe combinarse con una fuente de alimentaci\u00f3n para garantizar su funcionamiento. La fuente de alimentaci\u00f3n debe pedirse por separado. El n\u00famero de dispositivos que se pueden conectar a una sola fuente de alimentaci\u00f3n var\u00eda seg\u00fan el tipo de instalaci\u00f3n. Es responsabilidad del instalador verificar posibles ca\u00eddas de voltaje evaluando la distancia entre el producto y la fuente de alimentaci\u00f3n.<\/p>\n","protected":false},"excerpt":{"rendered":"<p>LUCIS 2.1 2W CORTEN LAMA 2700K 24V<\/p>\n","protected":false},"featured_media":117333,"template":"","meta":{"inline_featured_image":false},"product_cat":[41253,41336,41330,41340],"product_tag":[],"class_list":{"0":"post-117332","1":"product","2":"type-product","3":"status-publish","4":"has-post-thumbnail","6":"product_cat-exteriores","7":"product_cat-lucis-es","8":"product_cat-luz-de-paso","9":"product_cat-lucis-2-1-es","10":"pa_altezza-mm-95-es","11":"pa_efficienza-energetica-contiene-una-fuente-de-luz-de-clase-de-eficiencia-energetica-ue2019-2015-f","12":"pa_flusso-apparecchio-lm-16-es","13":"pa_flusso-sorgente-lm-157-es","14":"pa_larghezza-mm-44-es","15":"pa_lunghezza-mm-51-es","16":"pa_peso-g-0-185-es","17":"pa_potenza-nominale-w-2-es","18":"pa_temp-operativa-minima-20-c-es","20":"first","21":"instock","22":"product-type-simple","23":"berocket_lgv_grid","24":"berocket_lgv_list_grid"},"acf":[],"yoast_head":"<!-- This site is optimized with the Yoast SEO plugin v22.4 - https:\/\/yoast.com\/wordpress\/plugins\/seo\/ -->\n<title>Mizar - LUCIS 2.1<\/title>\n<meta name=\"description\" content=\"Visita il sito Mizar.it e contattaci per scoprire di pi\u00f9 sul nostro prodotto LUCIS 2.1.\" \/>\n<meta name=\"robots\" content=\"index, follow, max-snippet:-1, max-image-preview:large, max-video-preview:-1\" \/>\n<link rel=\"canonical\" href=\"https:\/\/www.mizar.it\/es\/prodotto\/lucis-2-1-luc03ccz0cta00\/\" \/>\n<meta property=\"og:locale\" content=\"es_ES\" \/>\n<meta property=\"og:type\" content=\"article\" \/>\n<meta property=\"og:title\" content=\"Mizar - LUCIS 2.1\" \/>\n<meta property=\"og:description\" content=\"Visita il sito Mizar.it e contattaci per scoprire di pi\u00f9 sul nostro prodotto LUCIS 2.1.\" \/>\n<meta property=\"og:url\" content=\"https:\/\/www.mizar.it\/es\/prodotto\/lucis-2-1-luc03ccz0cta00\/\" \/>\n<meta property=\"og:site_name\" content=\"Mizar\" \/>\n<meta property=\"article:modified_time\" content=\"2026-02-02T09:34:05+00:00\" \/>\n<meta property=\"og:image\" content=\"https:\/\/www.mizar.it\/wp-content\/uploads\/2024\/07\/LUCIS_2.1_corten_img0.png\" \/>\n\t<meta property=\"og:image:width\" content=\"500\" \/>\n\t<meta property=\"og:image:height\" content=\"500\" \/>\n\t<meta property=\"og:image:type\" content=\"image\/jpeg\" \/>\n<meta name=\"twitter:card\" content=\"summary_large_image\" \/>\n<meta name=\"twitter:label1\" content=\"Tiempo de lectura\" \/>\n\t<meta name=\"twitter:data1\" content=\"1 minuto\" \/>\n<script type=\"application\/ld+json\" class=\"yoast-schema-graph\">{\"@context\":\"https:\/\/schema.org\",\"@graph\":[{\"@type\":\"WebPage\",\"@id\":\"https:\/\/www.mizar.it\/es\/prodotto\/lucis-2-1-luc03ccz0cta00\/\",\"url\":\"https:\/\/www.mizar.it\/es\/prodotto\/lucis-2-1-luc03ccz0cta00\/\",\"name\":\"Mizar - LUCIS 2.1\",\"isPartOf\":{\"@id\":\"https:\/\/www.mizar.it\/es\/#website\"},\"primaryImageOfPage\":{\"@id\":\"https:\/\/www.mizar.it\/es\/prodotto\/lucis-2-1-luc03ccz0cta00\/#primaryimage\"},\"image\":{\"@id\":\"https:\/\/www.mizar.it\/es\/prodotto\/lucis-2-1-luc03ccz0cta00\/#primaryimage\"},\"thumbnailUrl\":\"https:\/\/www.mizar.it\/wp-content\/uploads\/2024\/07\/LUCIS_2.1_corten_img0.png\",\"datePublished\":\"2024-09-23T08:46:44+00:00\",\"dateModified\":\"2026-02-02T09:34:05+00:00\",\"description\":\"Visita il sito Mizar.it e contattaci per scoprire di pi\u00f9 sul nostro prodotto LUCIS 2.1.\",\"breadcrumb\":{\"@id\":\"https:\/\/www.mizar.it\/es\/prodotto\/lucis-2-1-luc03ccz0cta00\/#breadcrumb\"},\"inLanguage\":\"es\",\"potentialAction\":[{\"@type\":\"ReadAction\",\"target\":[\"https:\/\/www.mizar.it\/es\/prodotto\/lucis-2-1-luc03ccz0cta00\/\"]}]},{\"@type\":\"ImageObject\",\"inLanguage\":\"es\",\"@id\":\"https:\/\/www.mizar.it\/es\/prodotto\/lucis-2-1-luc03ccz0cta00\/#primaryimage\",\"url\":\"https:\/\/www.mizar.it\/wp-content\/uploads\/2024\/07\/LUCIS_2.1_corten_img0.png\",\"contentUrl\":\"https:\/\/www.mizar.it\/wp-content\/uploads\/2024\/07\/LUCIS_2.1_corten_img0.png\",\"width\":500,\"height\":500},{\"@type\":\"BreadcrumbList\",\"@id\":\"https:\/\/www.mizar.it\/es\/prodotto\/lucis-2-1-luc03ccz0cta00\/#breadcrumb\",\"itemListElement\":[{\"@type\":\"ListItem\",\"position\":1,\"name\":\"Mizar\",\"item\":\"https:\/\/www.mizar.it\/es\/\"},{\"@type\":\"ListItem\",\"position\":2,\"name\":\"LUCIS 2.1\"}]},{\"@type\":\"WebSite\",\"@id\":\"https:\/\/www.mizar.it\/es\/#website\",\"url\":\"https:\/\/www.mizar.it\/es\/\",\"name\":\"Mizar\",\"description\":\"Lighting your way\",\"publisher\":{\"@id\":\"https:\/\/www.mizar.it\/es\/#organization\"},\"potentialAction\":[{\"@type\":\"SearchAction\",\"target\":{\"@type\":\"EntryPoint\",\"urlTemplate\":\"https:\/\/www.mizar.it\/es\/?s={search_term_string}\"},\"query-input\":\"required name=search_term_string\"}],\"inLanguage\":\"es\"},{\"@type\":\"Organization\",\"@id\":\"https:\/\/www.mizar.it\/es\/#organization\",\"name\":\"Mizar\",\"url\":\"https:\/\/www.mizar.it\/es\/\",\"logo\":{\"@type\":\"ImageObject\",\"inLanguage\":\"es\",\"@id\":\"https:\/\/www.mizar.it\/es\/#\/schema\/logo\/image\/\",\"url\":\"https:\/\/www.mizar.it\/wp-content\/uploads\/2024\/10\/cropped-Mizar_icon_tab-1.png\",\"contentUrl\":\"https:\/\/www.mizar.it\/wp-content\/uploads\/2024\/10\/cropped-Mizar_icon_tab-1.png\",\"width\":512,\"height\":512,\"caption\":\"Mizar\"},\"image\":{\"@id\":\"https:\/\/www.mizar.it\/es\/#\/schema\/logo\/image\/\"},\"sameAs\":[\"https:\/\/www.instagram.com\/mizarluce\/\",\"https:\/\/www.linkedin.com\/company\/mizar-lighting\/\"]}]}<\/script>\n<!-- \/ Yoast SEO plugin. -->","yoast_head_json":{"title":"Mizar - LUCIS 2.1","description":"Visita il sito Mizar.it e contattaci per scoprire di pi\u00f9 sul nostro prodotto LUCIS 2.1.","robots":{"index":"index","follow":"follow","max-snippet":"max-snippet:-1","max-image-preview":"max-image-preview:large","max-video-preview":"max-video-preview:-1"},"canonical":"https:\/\/www.mizar.it\/es\/prodotto\/lucis-2-1-luc03ccz0cta00\/","og_locale":"es_ES","og_type":"article","og_title":"Mizar - LUCIS 2.1","og_description":"Visita il sito Mizar.it e contattaci per scoprire di pi\u00f9 sul nostro prodotto LUCIS 2.1.","og_url":"https:\/\/www.mizar.it\/es\/prodotto\/lucis-2-1-luc03ccz0cta00\/","og_site_name":"Mizar","article_modified_time":"2026-02-02T09:34:05+00:00","og_image":[{"width":500,"height":500,"url":"https:\/\/www.mizar.it\/wp-content\/uploads\/2024\/07\/LUCIS_2.1_corten_img0.png","type":"image\/jpeg"}],"twitter_card":"summary_large_image","twitter_misc":{"Tiempo de lectura":"1 minuto"},"schema":{"@context":"https:\/\/schema.org","@graph":[{"@type":"WebPage","@id":"https:\/\/www.mizar.it\/es\/prodotto\/lucis-2-1-luc03ccz0cta00\/","url":"https:\/\/www.mizar.it\/es\/prodotto\/lucis-2-1-luc03ccz0cta00\/","name":"Mizar - LUCIS 2.1","isPartOf":{"@id":"https:\/\/www.mizar.it\/es\/#website"},"primaryImageOfPage":{"@id":"https:\/\/www.mizar.it\/es\/prodotto\/lucis-2-1-luc03ccz0cta00\/#primaryimage"},"image":{"@id":"https:\/\/www.mizar.it\/es\/prodotto\/lucis-2-1-luc03ccz0cta00\/#primaryimage"},"thumbnailUrl":"https:\/\/www.mizar.it\/wp-content\/uploads\/2024\/07\/LUCIS_2.1_corten_img0.png","datePublished":"2024-09-23T08:46:44+00:00","dateModified":"2026-02-02T09:34:05+00:00","description":"Visita il sito Mizar.it e contattaci per scoprire di pi\u00f9 sul nostro prodotto LUCIS 2.1.","breadcrumb":{"@id":"https:\/\/www.mizar.it\/es\/prodotto\/lucis-2-1-luc03ccz0cta00\/#breadcrumb"},"inLanguage":"es","potentialAction":[{"@type":"ReadAction","target":["https:\/\/www.mizar.it\/es\/prodotto\/lucis-2-1-luc03ccz0cta00\/"]}]},{"@type":"ImageObject","inLanguage":"es","@id":"https:\/\/www.mizar.it\/es\/prodotto\/lucis-2-1-luc03ccz0cta00\/#primaryimage","url":"https:\/\/www.mizar.it\/wp-content\/uploads\/2024\/07\/LUCIS_2.1_corten_img0.png","contentUrl":"https:\/\/www.mizar.it\/wp-content\/uploads\/2024\/07\/LUCIS_2.1_corten_img0.png","width":500,"height":500},{"@type":"BreadcrumbList","@id":"https:\/\/www.mizar.it\/es\/prodotto\/lucis-2-1-luc03ccz0cta00\/#breadcrumb","itemListElement":[{"@type":"ListItem","position":1,"name":"Mizar","item":"https:\/\/www.mizar.it\/es\/"},{"@type":"ListItem","position":2,"name":"LUCIS 2.1"}]},{"@type":"WebSite","@id":"https:\/\/www.mizar.it\/es\/#website","url":"https:\/\/www.mizar.it\/es\/","name":"Mizar","description":"Lighting your way","publisher":{"@id":"https:\/\/www.mizar.it\/es\/#organization"},"potentialAction":[{"@type":"SearchAction","target":{"@type":"EntryPoint","urlTemplate":"https:\/\/www.mizar.it\/es\/?s={search_term_string}"},"query-input":"required name=search_term_string"}],"inLanguage":"es"},{"@type":"Organization","@id":"https:\/\/www.mizar.it\/es\/#organization","name":"Mizar","url":"https:\/\/www.mizar.it\/es\/","logo":{"@type":"ImageObject","inLanguage":"es","@id":"https:\/\/www.mizar.it\/es\/#\/schema\/logo\/image\/","url":"https:\/\/www.mizar.it\/wp-content\/uploads\/2024\/10\/cropped-Mizar_icon_tab-1.png","contentUrl":"https:\/\/www.mizar.it\/wp-content\/uploads\/2024\/10\/cropped-Mizar_icon_tab-1.png","width":512,"height":512,"caption":"Mizar"},"image":{"@id":"https:\/\/www.mizar.it\/es\/#\/schema\/logo\/image\/"},"sameAs":["https:\/\/www.instagram.com\/mizarluce\/","https:\/\/www.linkedin.com\/company\/mizar-lighting\/"]}]}},"df_price":"","df_sale_price":"","df_regular_price":"","df_image_link":"https:\/\/www.mizar.it\/wp-content\/uploads\/2024\/07\/LUCIS_2.1_corten_img0-300x300.png","_links":{"self":[{"href":"https:\/\/www.mizar.it\/es\/wp-json\/wp\/v2\/product\/117332","targetHints":{"allow":["GET"]}}],"collection":[{"href":"https:\/\/www.mizar.it\/es\/wp-json\/wp\/v2\/product"}],"about":[{"href":"https:\/\/www.mizar.it\/es\/wp-json\/wp\/v2\/types\/product"}],"wp:featuredmedia":[{"embeddable":true,"href":"https:\/\/www.mizar.it\/es\/wp-json\/wp\/v2\/media\/117333"}],"wp:attachment":[{"href":"https:\/\/www.mizar.it\/es\/wp-json\/wp\/v2\/media?parent=117332"}],"wp:term":[{"taxonomy":"product_cat","embeddable":true,"href":"https:\/\/www.mizar.it\/es\/wp-json\/wp\/v2\/product_cat?post=117332"},{"taxonomy":"product_tag","embeddable":true,"href":"https:\/\/www.mizar.it\/es\/wp-json\/wp\/v2\/product_tag?post=117332"}],"curies":[{"name":"wp","href":"https:\/\/api.w.org\/{rel}","templated":true}]}}