{"id":117346,"date":"2025-04-16T14:55:05","date_gmt":"2025-04-16T12:55:05","guid":{"rendered":"https:\/\/www.mizar.it\/prodotto\/lineo-1-1\/"},"modified":"2026-02-02T10:33:38","modified_gmt":"2026-02-02T09:33:38","slug":"lineo-1-1-lne01cbk000a00","status":"publish","type":"product","link":"https:\/\/www.mizar.it\/es\/prodotto\/lineo-1-1-lne01cbk000a00\/","title":{"rendered":"LINEO 1.1"},"content":{"rendered":"<p>Luminaria lineal empotrada, transitable con veh\u00edculos, apta para exteriores (IP66\/IP67), con un rango de temperatura de funcionamiento de -20 \u00b0C a +50 \u00b0C. El cuerpo est\u00e1 fabricado en PMMA, transparente y opalino en la parte superior; las tapas de los extremos son de acero inoxidable 316L. La fuente de luz es de LED SMD3014, alimentados a 24 V con un controlador integrado. Su flujo luminoso la hace ideal para delimitar caminos peatonales y vehiculares, o para crear cortes de luz en suelos, paredes y techos. \u00cdndice de reproducci\u00f3n crom\u00e1tica (CRI) > 80. Lineo est\u00e1 equipada con el sistema IdroSkud\u00ae para proteger los componentes electr\u00f3nicos de picos de tensi\u00f3n, inversi\u00f3n de polaridad e infiltraciones de agua. Se incluyen los accesorios de instalaci\u00f3n (encofrado de suelo y de yeso; extensiones de cable de hasta 15 m). El producto debe combinarse con una fuente de alimentaci\u00f3n para garantizar su funcionamiento. La fuente de alimentaci\u00f3n debe pedirse por separado. El n\u00famero de aparatos que se pueden conectar a una sola fuente de alimentaci\u00f3n var\u00eda seg\u00fan el tipo de instalaci\u00f3n. Es responsabilidad del instalador verificar posibles ca\u00eddas de voltaje evaluando la distancia entre el producto y la fuente de alimentaci\u00f3n.<\/p>\n","protected":false},"excerpt":{"rendered":"<p>LINEO 1.1 1010mm 12W OPAL 2700K 24V<\/p>\n","protected":false},"featured_media":114910,"template":"","meta":{"inline_featured_image":false},"product_cat":[41253,41296,41295,41298],"product_tag":[],"class_list":{"0":"post-117346","1":"product","2":"type-product","3":"status-publish","4":"has-post-thumbnail","6":"product_cat-exteriores","7":"product_cat-lineo-es","8":"product_cat-empotrados-en-el-suelo-lineales","9":"product_cat-lineo-1-1-es","10":"pa_altezza-mm-49-es","11":"pa_aree-en-60598-2-13-a1-a2-a3-a4-es","12":"pa_efficienza-energetica-contiene-una-fuente-de-luz-de-clase-de-eficiencia-energetica-ue2019-2015-f","13":"pa_flusso-apparecchio-lm-292-es","14":"pa_flusso-sorgente-lm-1216-es","15":"pa_larghezza-mm-27-es","16":"pa_lunghezza-mm-1010-es","17":"pa_massimo-carico-statico-kn-2000-es","18":"pa_peso-g-1-es","19":"pa_potenza-nominale-w-12-es","20":"pa_temp-operativa-minima-20-c-es","21":"pa_temp-superficiale-massima-50-c-es","23":"first","24":"instock","25":"product-type-simple","26":"berocket_lgv_grid","27":"berocket_lgv_list_grid"},"acf":[],"yoast_head":"<!-- This site is optimized with the Yoast SEO plugin v22.4 - https:\/\/yoast.com\/wordpress\/plugins\/seo\/ -->\n<title>Mizar - LINEO 1.1<\/title>\n<meta name=\"description\" content=\"Visita il sito Mizar.it e contattaci per scoprire di pi\u00f9 sul nostro prodotto LINEO 1.1.\" \/>\n<meta name=\"robots\" content=\"index, follow, max-snippet:-1, max-image-preview:large, max-video-preview:-1\" \/>\n<link rel=\"canonical\" href=\"https:\/\/www.mizar.it\/es\/prodotto\/lineo-1-1-lne01cbk000a00\/\" \/>\n<meta property=\"og:locale\" content=\"es_ES\" \/>\n<meta property=\"og:type\" content=\"article\" \/>\n<meta property=\"og:title\" content=\"Mizar - LINEO 1.1\" \/>\n<meta property=\"og:description\" content=\"Visita il sito Mizar.it e contattaci per scoprire di pi\u00f9 sul nostro prodotto LINEO 1.1.\" \/>\n<meta property=\"og:url\" content=\"https:\/\/www.mizar.it\/es\/prodotto\/lineo-1-1-lne01cbk000a00\/\" \/>\n<meta property=\"og:site_name\" content=\"Mizar\" \/>\n<meta property=\"article:modified_time\" content=\"2026-02-02T09:33:38+00:00\" \/>\n<meta property=\"og:image\" content=\"https:\/\/www.mizar.it\/wp-content\/uploads\/2025\/11\/LINEO_img1-1.jpg\" \/>\n\t<meta property=\"og:image:width\" content=\"1000\" \/>\n\t<meta property=\"og:image:height\" content=\"1000\" \/>\n\t<meta property=\"og:image:type\" content=\"image\/jpeg\" \/>\n<meta name=\"twitter:card\" content=\"summary_large_image\" \/>\n<meta name=\"twitter:label1\" content=\"Tiempo de lectura\" \/>\n\t<meta name=\"twitter:data1\" content=\"1 minuto\" \/>\n<script type=\"application\/ld+json\" class=\"yoast-schema-graph\">{\"@context\":\"https:\/\/schema.org\",\"@graph\":[{\"@type\":\"WebPage\",\"@id\":\"https:\/\/www.mizar.it\/es\/prodotto\/lineo-1-1-lne01cbk000a00\/\",\"url\":\"https:\/\/www.mizar.it\/es\/prodotto\/lineo-1-1-lne01cbk000a00\/\",\"name\":\"Mizar - LINEO 1.1\",\"isPartOf\":{\"@id\":\"https:\/\/www.mizar.it\/es\/#website\"},\"primaryImageOfPage\":{\"@id\":\"https:\/\/www.mizar.it\/es\/prodotto\/lineo-1-1-lne01cbk000a00\/#primaryimage\"},\"image\":{\"@id\":\"https:\/\/www.mizar.it\/es\/prodotto\/lineo-1-1-lne01cbk000a00\/#primaryimage\"},\"thumbnailUrl\":\"https:\/\/www.mizar.it\/wp-content\/uploads\/2025\/11\/LINEO_img1-1.jpg\",\"datePublished\":\"2025-04-16T12:55:05+00:00\",\"dateModified\":\"2026-02-02T09:33:38+00:00\",\"description\":\"Visita il sito Mizar.it e contattaci per scoprire di pi\u00f9 sul nostro prodotto LINEO 1.1.\",\"breadcrumb\":{\"@id\":\"https:\/\/www.mizar.it\/es\/prodotto\/lineo-1-1-lne01cbk000a00\/#breadcrumb\"},\"inLanguage\":\"es\",\"potentialAction\":[{\"@type\":\"ReadAction\",\"target\":[\"https:\/\/www.mizar.it\/es\/prodotto\/lineo-1-1-lne01cbk000a00\/\"]}]},{\"@type\":\"ImageObject\",\"inLanguage\":\"es\",\"@id\":\"https:\/\/www.mizar.it\/es\/prodotto\/lineo-1-1-lne01cbk000a00\/#primaryimage\",\"url\":\"https:\/\/www.mizar.it\/wp-content\/uploads\/2025\/11\/LINEO_img1-1.jpg\",\"contentUrl\":\"https:\/\/www.mizar.it\/wp-content\/uploads\/2025\/11\/LINEO_img1-1.jpg\",\"width\":1000,\"height\":1000},{\"@type\":\"BreadcrumbList\",\"@id\":\"https:\/\/www.mizar.it\/es\/prodotto\/lineo-1-1-lne01cbk000a00\/#breadcrumb\",\"itemListElement\":[{\"@type\":\"ListItem\",\"position\":1,\"name\":\"Mizar\",\"item\":\"https:\/\/www.mizar.it\/es\/\"},{\"@type\":\"ListItem\",\"position\":2,\"name\":\"LINEO 1.1\"}]},{\"@type\":\"WebSite\",\"@id\":\"https:\/\/www.mizar.it\/es\/#website\",\"url\":\"https:\/\/www.mizar.it\/es\/\",\"name\":\"Mizar\",\"description\":\"Lighting your way\",\"publisher\":{\"@id\":\"https:\/\/www.mizar.it\/es\/#organization\"},\"potentialAction\":[{\"@type\":\"SearchAction\",\"target\":{\"@type\":\"EntryPoint\",\"urlTemplate\":\"https:\/\/www.mizar.it\/es\/?s={search_term_string}\"},\"query-input\":\"required name=search_term_string\"}],\"inLanguage\":\"es\"},{\"@type\":\"Organization\",\"@id\":\"https:\/\/www.mizar.it\/es\/#organization\",\"name\":\"Mizar\",\"url\":\"https:\/\/www.mizar.it\/es\/\",\"logo\":{\"@type\":\"ImageObject\",\"inLanguage\":\"es\",\"@id\":\"https:\/\/www.mizar.it\/es\/#\/schema\/logo\/image\/\",\"url\":\"https:\/\/www.mizar.it\/wp-content\/uploads\/2024\/10\/cropped-Mizar_icon_tab-1.png\",\"contentUrl\":\"https:\/\/www.mizar.it\/wp-content\/uploads\/2024\/10\/cropped-Mizar_icon_tab-1.png\",\"width\":512,\"height\":512,\"caption\":\"Mizar\"},\"image\":{\"@id\":\"https:\/\/www.mizar.it\/es\/#\/schema\/logo\/image\/\"},\"sameAs\":[\"https:\/\/www.instagram.com\/mizarluce\/\",\"https:\/\/www.linkedin.com\/company\/mizar-lighting\/\"]}]}<\/script>\n<!-- \/ Yoast SEO plugin. -->","yoast_head_json":{"title":"Mizar - LINEO 1.1","description":"Visita il sito Mizar.it e contattaci per scoprire di pi\u00f9 sul nostro prodotto LINEO 1.1.","robots":{"index":"index","follow":"follow","max-snippet":"max-snippet:-1","max-image-preview":"max-image-preview:large","max-video-preview":"max-video-preview:-1"},"canonical":"https:\/\/www.mizar.it\/es\/prodotto\/lineo-1-1-lne01cbk000a00\/","og_locale":"es_ES","og_type":"article","og_title":"Mizar - LINEO 1.1","og_description":"Visita il sito Mizar.it e contattaci per scoprire di pi\u00f9 sul nostro prodotto LINEO 1.1.","og_url":"https:\/\/www.mizar.it\/es\/prodotto\/lineo-1-1-lne01cbk000a00\/","og_site_name":"Mizar","article_modified_time":"2026-02-02T09:33:38+00:00","og_image":[{"width":1000,"height":1000,"url":"https:\/\/www.mizar.it\/wp-content\/uploads\/2025\/11\/LINEO_img1-1.jpg","type":"image\/jpeg"}],"twitter_card":"summary_large_image","twitter_misc":{"Tiempo de lectura":"1 minuto"},"schema":{"@context":"https:\/\/schema.org","@graph":[{"@type":"WebPage","@id":"https:\/\/www.mizar.it\/es\/prodotto\/lineo-1-1-lne01cbk000a00\/","url":"https:\/\/www.mizar.it\/es\/prodotto\/lineo-1-1-lne01cbk000a00\/","name":"Mizar - LINEO 1.1","isPartOf":{"@id":"https:\/\/www.mizar.it\/es\/#website"},"primaryImageOfPage":{"@id":"https:\/\/www.mizar.it\/es\/prodotto\/lineo-1-1-lne01cbk000a00\/#primaryimage"},"image":{"@id":"https:\/\/www.mizar.it\/es\/prodotto\/lineo-1-1-lne01cbk000a00\/#primaryimage"},"thumbnailUrl":"https:\/\/www.mizar.it\/wp-content\/uploads\/2025\/11\/LINEO_img1-1.jpg","datePublished":"2025-04-16T12:55:05+00:00","dateModified":"2026-02-02T09:33:38+00:00","description":"Visita il sito Mizar.it e contattaci per scoprire di pi\u00f9 sul nostro prodotto LINEO 1.1.","breadcrumb":{"@id":"https:\/\/www.mizar.it\/es\/prodotto\/lineo-1-1-lne01cbk000a00\/#breadcrumb"},"inLanguage":"es","potentialAction":[{"@type":"ReadAction","target":["https:\/\/www.mizar.it\/es\/prodotto\/lineo-1-1-lne01cbk000a00\/"]}]},{"@type":"ImageObject","inLanguage":"es","@id":"https:\/\/www.mizar.it\/es\/prodotto\/lineo-1-1-lne01cbk000a00\/#primaryimage","url":"https:\/\/www.mizar.it\/wp-content\/uploads\/2025\/11\/LINEO_img1-1.jpg","contentUrl":"https:\/\/www.mizar.it\/wp-content\/uploads\/2025\/11\/LINEO_img1-1.jpg","width":1000,"height":1000},{"@type":"BreadcrumbList","@id":"https:\/\/www.mizar.it\/es\/prodotto\/lineo-1-1-lne01cbk000a00\/#breadcrumb","itemListElement":[{"@type":"ListItem","position":1,"name":"Mizar","item":"https:\/\/www.mizar.it\/es\/"},{"@type":"ListItem","position":2,"name":"LINEO 1.1"}]},{"@type":"WebSite","@id":"https:\/\/www.mizar.it\/es\/#website","url":"https:\/\/www.mizar.it\/es\/","name":"Mizar","description":"Lighting your way","publisher":{"@id":"https:\/\/www.mizar.it\/es\/#organization"},"potentialAction":[{"@type":"SearchAction","target":{"@type":"EntryPoint","urlTemplate":"https:\/\/www.mizar.it\/es\/?s={search_term_string}"},"query-input":"required name=search_term_string"}],"inLanguage":"es"},{"@type":"Organization","@id":"https:\/\/www.mizar.it\/es\/#organization","name":"Mizar","url":"https:\/\/www.mizar.it\/es\/","logo":{"@type":"ImageObject","inLanguage":"es","@id":"https:\/\/www.mizar.it\/es\/#\/schema\/logo\/image\/","url":"https:\/\/www.mizar.it\/wp-content\/uploads\/2024\/10\/cropped-Mizar_icon_tab-1.png","contentUrl":"https:\/\/www.mizar.it\/wp-content\/uploads\/2024\/10\/cropped-Mizar_icon_tab-1.png","width":512,"height":512,"caption":"Mizar"},"image":{"@id":"https:\/\/www.mizar.it\/es\/#\/schema\/logo\/image\/"},"sameAs":["https:\/\/www.instagram.com\/mizarluce\/","https:\/\/www.linkedin.com\/company\/mizar-lighting\/"]}]}},"df_price":"","df_sale_price":"","df_regular_price":"","df_image_link":"https:\/\/www.mizar.it\/wp-content\/uploads\/2025\/11\/LINEO_img1-1-300x300.jpg","_links":{"self":[{"href":"https:\/\/www.mizar.it\/es\/wp-json\/wp\/v2\/product\/117346","targetHints":{"allow":["GET"]}}],"collection":[{"href":"https:\/\/www.mizar.it\/es\/wp-json\/wp\/v2\/product"}],"about":[{"href":"https:\/\/www.mizar.it\/es\/wp-json\/wp\/v2\/types\/product"}],"wp:featuredmedia":[{"embeddable":true,"href":"https:\/\/www.mizar.it\/es\/wp-json\/wp\/v2\/media\/114910"}],"wp:attachment":[{"href":"https:\/\/www.mizar.it\/es\/wp-json\/wp\/v2\/media?parent=117346"}],"wp:term":[{"taxonomy":"product_cat","embeddable":true,"href":"https:\/\/www.mizar.it\/es\/wp-json\/wp\/v2\/product_cat?post=117346"},{"taxonomy":"product_tag","embeddable":true,"href":"https:\/\/www.mizar.it\/es\/wp-json\/wp\/v2\/product_tag?post=117346"}],"curies":[{"name":"wp","href":"https:\/\/api.w.org\/{rel}","templated":true}]}}