{"id":120586,"date":"2024-09-26T18:42:55","date_gmt":"2024-09-26T16:42:55","guid":{"rendered":"https:\/\/www.mizar.it\/prodotto\/oceano-4-0\/"},"modified":"2026-02-02T11:16:52","modified_gmt":"2026-02-02T10:16:52","slug":"oceano-4-0-cea08ccm103c00","status":"publish","type":"product","link":"https:\/\/www.mizar.it\/es\/prodotto\/oceano-4-0-cea08ccm103c00\/","title":{"rendered":"OCEANO 4.0"},"content":{"rendered":"<p>Luminaria empotrada en el suelo, transitable, apta para exteriores y sumergible hasta 10 m (IP66\/IP68), con un rango de temperatura de funcionamiento de -20 \u00b0C a +50 \u00b0C. Para ofrecer la m\u00e1xima versatilidad de aplicaci\u00f3n, el cuerpo puede ser de aluminio o acero; el anillo es de aluminio, acero o lat\u00f3n. La fuente de luz consta de un chip LED de 7 W de potencia, alimentado a 24 V de tensi\u00f3n constante con un controlador integrado. Su flujo luminoso la hace ideal para la se\u00f1alizaci\u00f3n de caminos peatonales o la iluminaci\u00f3n de elementos arquitect\u00f3nicos. La fuente est\u00e1 empotrada para un mayor confort visual. \u00cdndice de reproducci\u00f3n crom\u00e1tica (CRI) > 90. Oceano est\u00e1 equipada con el sistema IdroSkud\u00ae para proteger los componentes electr\u00f3nicos de picos de tensi\u00f3n, inversi\u00f3n de polaridad e infiltraciones de agua. Dispone de caracter\u00edsticas antideslumbrantes opcionales (panal y lamas) y accesorios de instalaci\u00f3n (encofrado con drenaje estanco). El producto debe conectarse a una fuente de alimentaci\u00f3n para garantizar su funcionamiento. La fuente de alimentaci\u00f3n debe pedirse por separado. El n\u00famero de dispositivos que se pueden conectar a una sola fuente de alimentaci\u00f3n var\u00eda seg\u00fan el tipo de instalaci\u00f3n. Es responsabilidad del instalador comprobar si hay posibles ca\u00eddas de tensi\u00f3n evaluando la distancia entre el producto y la fuente de alimentaci\u00f3n.<\/p>\n","protected":false},"excerpt":{"rendered":"<p>OCEANO 4.0 7W AC-LA 20\u00b0 2700K 24V PA 1,5M<\/p>\n","protected":false},"featured_media":114574,"template":"","meta":{"inline_featured_image":false},"product_cat":[41253,41260,41267,41279],"product_tag":[],"class_list":{"0":"post-120586","1":"product","2":"type-product","3":"status-publish","4":"has-post-thumbnail","6":"product_cat-exteriores","7":"product_cat-empotrados-en-el-suelo","8":"product_cat-oceano-es","9":"product_cat-oceano-4-0-es","10":"pa_altezza-mm-114-es","11":"pa_aree-en-60598-2-13-a1-a2-es","12":"pa_diametro-mm-90-es","13":"pa_efficienza-energetica-contiene-una-fuente-de-luz-de-clase-de-eficiencia-energetica-ue-2019-2015-g","14":"pa_flusso-apparecchio-lm-333-es","15":"pa_flusso-sorgente-lm-445-es","16":"pa_massimo-carico-statico-kn-500-es","17":"pa_peso-g-1-53-es","18":"pa_potenza-nominale-w-7-es","19":"pa_temp-operativa-minima-20-c-es","20":"pa_temp-superficiale-massima-50-c-es","22":"first","23":"instock","24":"product-type-simple","25":"berocket_lgv_grid","26":"berocket_lgv_list_grid"},"acf":[],"yoast_head":"<!-- This site is optimized with the Yoast SEO plugin v22.4 - https:\/\/yoast.com\/wordpress\/plugins\/seo\/ -->\n<title>Mizar - OCEANO 4.0<\/title>\n<meta name=\"description\" content=\"Visita il sito Mizar.it e contattaci per scoprire di pi\u00f9 sul nostro prodotto OCEANO 4.0.\" \/>\n<meta name=\"robots\" content=\"index, follow, max-snippet:-1, max-image-preview:large, max-video-preview:-1\" \/>\n<link rel=\"canonical\" href=\"https:\/\/www.mizar.it\/es\/prodotto\/oceano-4-0-cea08ccm103c00\/\" \/>\n<meta property=\"og:locale\" content=\"es_ES\" \/>\n<meta property=\"og:type\" content=\"article\" \/>\n<meta property=\"og:title\" content=\"Mizar - OCEANO 4.0\" \/>\n<meta property=\"og:description\" content=\"Visita il sito Mizar.it e contattaci per scoprire di pi\u00f9 sul nostro prodotto OCEANO 4.0.\" \/>\n<meta property=\"og:url\" content=\"https:\/\/www.mizar.it\/es\/prodotto\/oceano-4-0-cea08ccm103c00\/\" \/>\n<meta property=\"og:site_name\" content=\"Mizar\" \/>\n<meta property=\"article:modified_time\" content=\"2026-02-02T10:16:52+00:00\" \/>\n<meta property=\"og:image\" content=\"https:\/\/www.mizar.it\/wp-content\/uploads\/2025\/11\/OCEANO_4.0_OT_img1-1.jpg\" \/>\n\t<meta property=\"og:image:width\" content=\"1000\" \/>\n\t<meta property=\"og:image:height\" content=\"1000\" \/>\n\t<meta property=\"og:image:type\" content=\"image\/jpeg\" \/>\n<meta name=\"twitter:card\" content=\"summary_large_image\" \/>\n<meta name=\"twitter:label1\" content=\"Tiempo de lectura\" \/>\n\t<meta name=\"twitter:data1\" content=\"1 minuto\" \/>\n<script type=\"application\/ld+json\" class=\"yoast-schema-graph\">{\"@context\":\"https:\/\/schema.org\",\"@graph\":[{\"@type\":\"WebPage\",\"@id\":\"https:\/\/www.mizar.it\/es\/prodotto\/oceano-4-0-cea08ccm103c00\/\",\"url\":\"https:\/\/www.mizar.it\/es\/prodotto\/oceano-4-0-cea08ccm103c00\/\",\"name\":\"Mizar - OCEANO 4.0\",\"isPartOf\":{\"@id\":\"https:\/\/www.mizar.it\/es\/#website\"},\"primaryImageOfPage\":{\"@id\":\"https:\/\/www.mizar.it\/es\/prodotto\/oceano-4-0-cea08ccm103c00\/#primaryimage\"},\"image\":{\"@id\":\"https:\/\/www.mizar.it\/es\/prodotto\/oceano-4-0-cea08ccm103c00\/#primaryimage\"},\"thumbnailUrl\":\"https:\/\/www.mizar.it\/wp-content\/uploads\/2025\/11\/OCEANO_4.0_OT_img1-1.jpg\",\"datePublished\":\"2024-09-26T16:42:55+00:00\",\"dateModified\":\"2026-02-02T10:16:52+00:00\",\"description\":\"Visita il sito Mizar.it e contattaci per scoprire di pi\u00f9 sul nostro prodotto OCEANO 4.0.\",\"breadcrumb\":{\"@id\":\"https:\/\/www.mizar.it\/es\/prodotto\/oceano-4-0-cea08ccm103c00\/#breadcrumb\"},\"inLanguage\":\"es\",\"potentialAction\":[{\"@type\":\"ReadAction\",\"target\":[\"https:\/\/www.mizar.it\/es\/prodotto\/oceano-4-0-cea08ccm103c00\/\"]}]},{\"@type\":\"ImageObject\",\"inLanguage\":\"es\",\"@id\":\"https:\/\/www.mizar.it\/es\/prodotto\/oceano-4-0-cea08ccm103c00\/#primaryimage\",\"url\":\"https:\/\/www.mizar.it\/wp-content\/uploads\/2025\/11\/OCEANO_4.0_OT_img1-1.jpg\",\"contentUrl\":\"https:\/\/www.mizar.it\/wp-content\/uploads\/2025\/11\/OCEANO_4.0_OT_img1-1.jpg\",\"width\":1000,\"height\":1000},{\"@type\":\"BreadcrumbList\",\"@id\":\"https:\/\/www.mizar.it\/es\/prodotto\/oceano-4-0-cea08ccm103c00\/#breadcrumb\",\"itemListElement\":[{\"@type\":\"ListItem\",\"position\":1,\"name\":\"Mizar\",\"item\":\"https:\/\/www.mizar.it\/es\/\"},{\"@type\":\"ListItem\",\"position\":2,\"name\":\"OCEANO 4.0\"}]},{\"@type\":\"WebSite\",\"@id\":\"https:\/\/www.mizar.it\/es\/#website\",\"url\":\"https:\/\/www.mizar.it\/es\/\",\"name\":\"Mizar\",\"description\":\"Lighting your way\",\"publisher\":{\"@id\":\"https:\/\/www.mizar.it\/es\/#organization\"},\"potentialAction\":[{\"@type\":\"SearchAction\",\"target\":{\"@type\":\"EntryPoint\",\"urlTemplate\":\"https:\/\/www.mizar.it\/es\/?s={search_term_string}\"},\"query-input\":\"required name=search_term_string\"}],\"inLanguage\":\"es\"},{\"@type\":\"Organization\",\"@id\":\"https:\/\/www.mizar.it\/es\/#organization\",\"name\":\"Mizar\",\"url\":\"https:\/\/www.mizar.it\/es\/\",\"logo\":{\"@type\":\"ImageObject\",\"inLanguage\":\"es\",\"@id\":\"https:\/\/www.mizar.it\/es\/#\/schema\/logo\/image\/\",\"url\":\"https:\/\/www.mizar.it\/wp-content\/uploads\/2024\/10\/cropped-Mizar_icon_tab-1.png\",\"contentUrl\":\"https:\/\/www.mizar.it\/wp-content\/uploads\/2024\/10\/cropped-Mizar_icon_tab-1.png\",\"width\":512,\"height\":512,\"caption\":\"Mizar\"},\"image\":{\"@id\":\"https:\/\/www.mizar.it\/es\/#\/schema\/logo\/image\/\"},\"sameAs\":[\"https:\/\/www.instagram.com\/mizarluce\/\",\"https:\/\/www.linkedin.com\/company\/mizar-lighting\/\"]}]}<\/script>\n<!-- \/ Yoast SEO plugin. -->","yoast_head_json":{"title":"Mizar - OCEANO 4.0","description":"Visita il sito Mizar.it e contattaci per scoprire di pi\u00f9 sul nostro prodotto OCEANO 4.0.","robots":{"index":"index","follow":"follow","max-snippet":"max-snippet:-1","max-image-preview":"max-image-preview:large","max-video-preview":"max-video-preview:-1"},"canonical":"https:\/\/www.mizar.it\/es\/prodotto\/oceano-4-0-cea08ccm103c00\/","og_locale":"es_ES","og_type":"article","og_title":"Mizar - OCEANO 4.0","og_description":"Visita il sito Mizar.it e contattaci per scoprire di pi\u00f9 sul nostro prodotto OCEANO 4.0.","og_url":"https:\/\/www.mizar.it\/es\/prodotto\/oceano-4-0-cea08ccm103c00\/","og_site_name":"Mizar","article_modified_time":"2026-02-02T10:16:52+00:00","og_image":[{"width":1000,"height":1000,"url":"https:\/\/www.mizar.it\/wp-content\/uploads\/2025\/11\/OCEANO_4.0_OT_img1-1.jpg","type":"image\/jpeg"}],"twitter_card":"summary_large_image","twitter_misc":{"Tiempo de lectura":"1 minuto"},"schema":{"@context":"https:\/\/schema.org","@graph":[{"@type":"WebPage","@id":"https:\/\/www.mizar.it\/es\/prodotto\/oceano-4-0-cea08ccm103c00\/","url":"https:\/\/www.mizar.it\/es\/prodotto\/oceano-4-0-cea08ccm103c00\/","name":"Mizar - OCEANO 4.0","isPartOf":{"@id":"https:\/\/www.mizar.it\/es\/#website"},"primaryImageOfPage":{"@id":"https:\/\/www.mizar.it\/es\/prodotto\/oceano-4-0-cea08ccm103c00\/#primaryimage"},"image":{"@id":"https:\/\/www.mizar.it\/es\/prodotto\/oceano-4-0-cea08ccm103c00\/#primaryimage"},"thumbnailUrl":"https:\/\/www.mizar.it\/wp-content\/uploads\/2025\/11\/OCEANO_4.0_OT_img1-1.jpg","datePublished":"2024-09-26T16:42:55+00:00","dateModified":"2026-02-02T10:16:52+00:00","description":"Visita il sito Mizar.it e contattaci per scoprire di pi\u00f9 sul nostro prodotto OCEANO 4.0.","breadcrumb":{"@id":"https:\/\/www.mizar.it\/es\/prodotto\/oceano-4-0-cea08ccm103c00\/#breadcrumb"},"inLanguage":"es","potentialAction":[{"@type":"ReadAction","target":["https:\/\/www.mizar.it\/es\/prodotto\/oceano-4-0-cea08ccm103c00\/"]}]},{"@type":"ImageObject","inLanguage":"es","@id":"https:\/\/www.mizar.it\/es\/prodotto\/oceano-4-0-cea08ccm103c00\/#primaryimage","url":"https:\/\/www.mizar.it\/wp-content\/uploads\/2025\/11\/OCEANO_4.0_OT_img1-1.jpg","contentUrl":"https:\/\/www.mizar.it\/wp-content\/uploads\/2025\/11\/OCEANO_4.0_OT_img1-1.jpg","width":1000,"height":1000},{"@type":"BreadcrumbList","@id":"https:\/\/www.mizar.it\/es\/prodotto\/oceano-4-0-cea08ccm103c00\/#breadcrumb","itemListElement":[{"@type":"ListItem","position":1,"name":"Mizar","item":"https:\/\/www.mizar.it\/es\/"},{"@type":"ListItem","position":2,"name":"OCEANO 4.0"}]},{"@type":"WebSite","@id":"https:\/\/www.mizar.it\/es\/#website","url":"https:\/\/www.mizar.it\/es\/","name":"Mizar","description":"Lighting your way","publisher":{"@id":"https:\/\/www.mizar.it\/es\/#organization"},"potentialAction":[{"@type":"SearchAction","target":{"@type":"EntryPoint","urlTemplate":"https:\/\/www.mizar.it\/es\/?s={search_term_string}"},"query-input":"required name=search_term_string"}],"inLanguage":"es"},{"@type":"Organization","@id":"https:\/\/www.mizar.it\/es\/#organization","name":"Mizar","url":"https:\/\/www.mizar.it\/es\/","logo":{"@type":"ImageObject","inLanguage":"es","@id":"https:\/\/www.mizar.it\/es\/#\/schema\/logo\/image\/","url":"https:\/\/www.mizar.it\/wp-content\/uploads\/2024\/10\/cropped-Mizar_icon_tab-1.png","contentUrl":"https:\/\/www.mizar.it\/wp-content\/uploads\/2024\/10\/cropped-Mizar_icon_tab-1.png","width":512,"height":512,"caption":"Mizar"},"image":{"@id":"https:\/\/www.mizar.it\/es\/#\/schema\/logo\/image\/"},"sameAs":["https:\/\/www.instagram.com\/mizarluce\/","https:\/\/www.linkedin.com\/company\/mizar-lighting\/"]}]}},"df_price":"","df_sale_price":"","df_regular_price":"","df_image_link":"https:\/\/www.mizar.it\/wp-content\/uploads\/2025\/11\/OCEANO_4.0_OT_img1-1-300x300.jpg","_links":{"self":[{"href":"https:\/\/www.mizar.it\/es\/wp-json\/wp\/v2\/product\/120586","targetHints":{"allow":["GET"]}}],"collection":[{"href":"https:\/\/www.mizar.it\/es\/wp-json\/wp\/v2\/product"}],"about":[{"href":"https:\/\/www.mizar.it\/es\/wp-json\/wp\/v2\/types\/product"}],"wp:featuredmedia":[{"embeddable":true,"href":"https:\/\/www.mizar.it\/es\/wp-json\/wp\/v2\/media\/114574"}],"wp:attachment":[{"href":"https:\/\/www.mizar.it\/es\/wp-json\/wp\/v2\/media?parent=120586"}],"wp:term":[{"taxonomy":"product_cat","embeddable":true,"href":"https:\/\/www.mizar.it\/es\/wp-json\/wp\/v2\/product_cat?post=120586"},{"taxonomy":"product_tag","embeddable":true,"href":"https:\/\/www.mizar.it\/es\/wp-json\/wp\/v2\/product_tag?post=120586"}],"curies":[{"name":"wp","href":"https:\/\/api.w.org\/{rel}","templated":true}]}}