{"id":122526,"date":"2024-09-24T15:04:20","date_gmt":"2024-09-24T13:04:20","guid":{"rendered":"https:\/\/www.mizar.it\/prodotto\/quantum-1-1\/"},"modified":"2026-02-02T10:19:39","modified_gmt":"2026-02-02T09:19:39","slug":"quantum-1-1-qua00dcs1ctz00","status":"publish","type":"product","link":"https:\/\/www.mizar.it\/es\/prodotto\/quantum-1-1-qua00dcs1ctz00\/","title":{"rendered":"QUANTUM 1.1"},"content":{"rendered":"<p>Luminaria de pared monoemisi\u00f3n, apta para exteriores (IP65), con un amplio rango de temperatura de funcionamiento: -20 \u00b0C \/ +50 \u00b0C. El cuerpo est\u00e1 fabricado en aluminio fundido a presi\u00f3n protegido por un revestimiento de epoxi poli\u00e9ster que garantiza una resistencia a la corrosi\u00f3n de 1500 horas en niebla salina. La fuente de luz consiste en un chip LED de 3 W de potencia alimentado a 220 V CA (fuente de alimentaci\u00f3n integrada). Su flujo luminoso y su dise\u00f1o distintivo la hacen ideal para iluminar fachadas y detalles arquitect\u00f3nicos. \u00cdndice de reproducci\u00f3n crom\u00e1tica (CRI) > 90. Disponible una opci\u00f3n de antideslumbramiento (panal).<\/p>\n","protected":false},"excerpt":{"rendered":"<p>QUANTUM 1.1 3W CORTEN 10\u00b0 3000K 220V PA<\/p>\n","protected":false},"featured_media":115039,"template":"","meta":{"inline_featured_image":false},"product_cat":[41253,41255,41256,41254],"product_tag":[],"class_list":{"0":"post-122526","1":"product","2":"type-product","3":"status-publish","4":"has-post-thumbnail","6":"product_cat-exteriores","7":"product_cat-quantum-es","8":"product_cat-quantum-1-1-es","9":"product_cat-apliques","10":"pa_altezza-mm-127-es","11":"pa_efficienza-energetica-contiene-una-fuente-de-luz-de-clase-de-eficiencia-energetica-ue2019-2015-f","12":"pa_flusso-apparecchio-lm-144-es","13":"pa_flusso-sorgente-lm-236-es","14":"pa_larghezza-mm-55-es","15":"pa_lunghezza-mm-77-es","16":"pa_peso-g-0-5-es","17":"pa_potenza-nominale-w-3-es","18":"pa_temp-operativa-minima-20-c-es","20":"first","21":"instock","22":"product-type-simple","23":"berocket_lgv_grid","24":"berocket_lgv_list_grid"},"acf":[],"yoast_head":"<!-- This site is optimized with the Yoast SEO plugin v22.4 - https:\/\/yoast.com\/wordpress\/plugins\/seo\/ -->\n<title>Mizar - QUANTUM 1.1<\/title>\n<meta name=\"description\" content=\"Visita il sito Mizar.it e contattaci per scoprire di pi\u00f9 sul nostro prodotto QUANTUM 1.1.\" \/>\n<meta name=\"robots\" content=\"index, follow, max-snippet:-1, max-image-preview:large, max-video-preview:-1\" \/>\n<link rel=\"canonical\" href=\"https:\/\/www.mizar.it\/es\/prodotto\/quantum-1-1-qua00dcs1ctz00\/\" \/>\n<meta property=\"og:locale\" content=\"es_ES\" \/>\n<meta property=\"og:type\" content=\"article\" \/>\n<meta property=\"og:title\" content=\"Mizar - QUANTUM 1.1\" \/>\n<meta property=\"og:description\" content=\"Visita il sito Mizar.it e contattaci per scoprire di pi\u00f9 sul nostro prodotto QUANTUM 1.1.\" \/>\n<meta property=\"og:url\" content=\"https:\/\/www.mizar.it\/es\/prodotto\/quantum-1-1-qua00dcs1ctz00\/\" \/>\n<meta property=\"og:site_name\" content=\"Mizar\" \/>\n<meta property=\"article:modified_time\" content=\"2026-02-02T09:19:39+00:00\" \/>\n<meta property=\"og:image\" content=\"https:\/\/www.mizar.it\/wp-content\/uploads\/2025\/11\/QUANTUM_1.1_CORTEN_img1-1.jpg\" \/>\n\t<meta property=\"og:image:width\" content=\"1000\" \/>\n\t<meta property=\"og:image:height\" content=\"1000\" \/>\n\t<meta property=\"og:image:type\" content=\"image\/jpeg\" \/>\n<meta name=\"twitter:card\" content=\"summary_large_image\" \/>\n<meta name=\"twitter:label1\" content=\"Tiempo de lectura\" \/>\n\t<meta name=\"twitter:data1\" content=\"1 minuto\" \/>\n<script type=\"application\/ld+json\" class=\"yoast-schema-graph\">{\"@context\":\"https:\/\/schema.org\",\"@graph\":[{\"@type\":\"WebPage\",\"@id\":\"https:\/\/www.mizar.it\/es\/prodotto\/quantum-1-1-qua00dcs1ctz00\/\",\"url\":\"https:\/\/www.mizar.it\/es\/prodotto\/quantum-1-1-qua00dcs1ctz00\/\",\"name\":\"Mizar - QUANTUM 1.1\",\"isPartOf\":{\"@id\":\"https:\/\/www.mizar.it\/es\/#website\"},\"primaryImageOfPage\":{\"@id\":\"https:\/\/www.mizar.it\/es\/prodotto\/quantum-1-1-qua00dcs1ctz00\/#primaryimage\"},\"image\":{\"@id\":\"https:\/\/www.mizar.it\/es\/prodotto\/quantum-1-1-qua00dcs1ctz00\/#primaryimage\"},\"thumbnailUrl\":\"https:\/\/www.mizar.it\/wp-content\/uploads\/2025\/11\/QUANTUM_1.1_CORTEN_img1-1.jpg\",\"datePublished\":\"2024-09-24T13:04:20+00:00\",\"dateModified\":\"2026-02-02T09:19:39+00:00\",\"description\":\"Visita il sito Mizar.it e contattaci per scoprire di pi\u00f9 sul nostro prodotto QUANTUM 1.1.\",\"breadcrumb\":{\"@id\":\"https:\/\/www.mizar.it\/es\/prodotto\/quantum-1-1-qua00dcs1ctz00\/#breadcrumb\"},\"inLanguage\":\"es\",\"potentialAction\":[{\"@type\":\"ReadAction\",\"target\":[\"https:\/\/www.mizar.it\/es\/prodotto\/quantum-1-1-qua00dcs1ctz00\/\"]}]},{\"@type\":\"ImageObject\",\"inLanguage\":\"es\",\"@id\":\"https:\/\/www.mizar.it\/es\/prodotto\/quantum-1-1-qua00dcs1ctz00\/#primaryimage\",\"url\":\"https:\/\/www.mizar.it\/wp-content\/uploads\/2025\/11\/QUANTUM_1.1_CORTEN_img1-1.jpg\",\"contentUrl\":\"https:\/\/www.mizar.it\/wp-content\/uploads\/2025\/11\/QUANTUM_1.1_CORTEN_img1-1.jpg\",\"width\":1000,\"height\":1000},{\"@type\":\"BreadcrumbList\",\"@id\":\"https:\/\/www.mizar.it\/es\/prodotto\/quantum-1-1-qua00dcs1ctz00\/#breadcrumb\",\"itemListElement\":[{\"@type\":\"ListItem\",\"position\":1,\"name\":\"Mizar\",\"item\":\"https:\/\/www.mizar.it\/es\/\"},{\"@type\":\"ListItem\",\"position\":2,\"name\":\"QUANTUM 1.1\"}]},{\"@type\":\"WebSite\",\"@id\":\"https:\/\/www.mizar.it\/es\/#website\",\"url\":\"https:\/\/www.mizar.it\/es\/\",\"name\":\"Mizar\",\"description\":\"Lighting your way\",\"publisher\":{\"@id\":\"https:\/\/www.mizar.it\/es\/#organization\"},\"potentialAction\":[{\"@type\":\"SearchAction\",\"target\":{\"@type\":\"EntryPoint\",\"urlTemplate\":\"https:\/\/www.mizar.it\/es\/?s={search_term_string}\"},\"query-input\":\"required name=search_term_string\"}],\"inLanguage\":\"es\"},{\"@type\":\"Organization\",\"@id\":\"https:\/\/www.mizar.it\/es\/#organization\",\"name\":\"Mizar\",\"url\":\"https:\/\/www.mizar.it\/es\/\",\"logo\":{\"@type\":\"ImageObject\",\"inLanguage\":\"es\",\"@id\":\"https:\/\/www.mizar.it\/es\/#\/schema\/logo\/image\/\",\"url\":\"https:\/\/www.mizar.it\/wp-content\/uploads\/2024\/10\/cropped-Mizar_icon_tab-1.png\",\"contentUrl\":\"https:\/\/www.mizar.it\/wp-content\/uploads\/2024\/10\/cropped-Mizar_icon_tab-1.png\",\"width\":512,\"height\":512,\"caption\":\"Mizar\"},\"image\":{\"@id\":\"https:\/\/www.mizar.it\/es\/#\/schema\/logo\/image\/\"},\"sameAs\":[\"https:\/\/www.instagram.com\/mizarluce\/\",\"https:\/\/www.linkedin.com\/company\/mizar-lighting\/\"]}]}<\/script>\n<!-- \/ Yoast SEO plugin. -->","yoast_head_json":{"title":"Mizar - QUANTUM 1.1","description":"Visita il sito Mizar.it e contattaci per scoprire di pi\u00f9 sul nostro prodotto QUANTUM 1.1.","robots":{"index":"index","follow":"follow","max-snippet":"max-snippet:-1","max-image-preview":"max-image-preview:large","max-video-preview":"max-video-preview:-1"},"canonical":"https:\/\/www.mizar.it\/es\/prodotto\/quantum-1-1-qua00dcs1ctz00\/","og_locale":"es_ES","og_type":"article","og_title":"Mizar - QUANTUM 1.1","og_description":"Visita il sito Mizar.it e contattaci per scoprire di pi\u00f9 sul nostro prodotto QUANTUM 1.1.","og_url":"https:\/\/www.mizar.it\/es\/prodotto\/quantum-1-1-qua00dcs1ctz00\/","og_site_name":"Mizar","article_modified_time":"2026-02-02T09:19:39+00:00","og_image":[{"width":1000,"height":1000,"url":"https:\/\/www.mizar.it\/wp-content\/uploads\/2025\/11\/QUANTUM_1.1_CORTEN_img1-1.jpg","type":"image\/jpeg"}],"twitter_card":"summary_large_image","twitter_misc":{"Tiempo de lectura":"1 minuto"},"schema":{"@context":"https:\/\/schema.org","@graph":[{"@type":"WebPage","@id":"https:\/\/www.mizar.it\/es\/prodotto\/quantum-1-1-qua00dcs1ctz00\/","url":"https:\/\/www.mizar.it\/es\/prodotto\/quantum-1-1-qua00dcs1ctz00\/","name":"Mizar - QUANTUM 1.1","isPartOf":{"@id":"https:\/\/www.mizar.it\/es\/#website"},"primaryImageOfPage":{"@id":"https:\/\/www.mizar.it\/es\/prodotto\/quantum-1-1-qua00dcs1ctz00\/#primaryimage"},"image":{"@id":"https:\/\/www.mizar.it\/es\/prodotto\/quantum-1-1-qua00dcs1ctz00\/#primaryimage"},"thumbnailUrl":"https:\/\/www.mizar.it\/wp-content\/uploads\/2025\/11\/QUANTUM_1.1_CORTEN_img1-1.jpg","datePublished":"2024-09-24T13:04:20+00:00","dateModified":"2026-02-02T09:19:39+00:00","description":"Visita il sito Mizar.it e contattaci per scoprire di pi\u00f9 sul nostro prodotto QUANTUM 1.1.","breadcrumb":{"@id":"https:\/\/www.mizar.it\/es\/prodotto\/quantum-1-1-qua00dcs1ctz00\/#breadcrumb"},"inLanguage":"es","potentialAction":[{"@type":"ReadAction","target":["https:\/\/www.mizar.it\/es\/prodotto\/quantum-1-1-qua00dcs1ctz00\/"]}]},{"@type":"ImageObject","inLanguage":"es","@id":"https:\/\/www.mizar.it\/es\/prodotto\/quantum-1-1-qua00dcs1ctz00\/#primaryimage","url":"https:\/\/www.mizar.it\/wp-content\/uploads\/2025\/11\/QUANTUM_1.1_CORTEN_img1-1.jpg","contentUrl":"https:\/\/www.mizar.it\/wp-content\/uploads\/2025\/11\/QUANTUM_1.1_CORTEN_img1-1.jpg","width":1000,"height":1000},{"@type":"BreadcrumbList","@id":"https:\/\/www.mizar.it\/es\/prodotto\/quantum-1-1-qua00dcs1ctz00\/#breadcrumb","itemListElement":[{"@type":"ListItem","position":1,"name":"Mizar","item":"https:\/\/www.mizar.it\/es\/"},{"@type":"ListItem","position":2,"name":"QUANTUM 1.1"}]},{"@type":"WebSite","@id":"https:\/\/www.mizar.it\/es\/#website","url":"https:\/\/www.mizar.it\/es\/","name":"Mizar","description":"Lighting your way","publisher":{"@id":"https:\/\/www.mizar.it\/es\/#organization"},"potentialAction":[{"@type":"SearchAction","target":{"@type":"EntryPoint","urlTemplate":"https:\/\/www.mizar.it\/es\/?s={search_term_string}"},"query-input":"required name=search_term_string"}],"inLanguage":"es"},{"@type":"Organization","@id":"https:\/\/www.mizar.it\/es\/#organization","name":"Mizar","url":"https:\/\/www.mizar.it\/es\/","logo":{"@type":"ImageObject","inLanguage":"es","@id":"https:\/\/www.mizar.it\/es\/#\/schema\/logo\/image\/","url":"https:\/\/www.mizar.it\/wp-content\/uploads\/2024\/10\/cropped-Mizar_icon_tab-1.png","contentUrl":"https:\/\/www.mizar.it\/wp-content\/uploads\/2024\/10\/cropped-Mizar_icon_tab-1.png","width":512,"height":512,"caption":"Mizar"},"image":{"@id":"https:\/\/www.mizar.it\/es\/#\/schema\/logo\/image\/"},"sameAs":["https:\/\/www.instagram.com\/mizarluce\/","https:\/\/www.linkedin.com\/company\/mizar-lighting\/"]}]}},"df_price":"","df_sale_price":"","df_regular_price":"","df_image_link":"https:\/\/www.mizar.it\/wp-content\/uploads\/2025\/11\/QUANTUM_1.1_CORTEN_img1-1-300x300.jpg","_links":{"self":[{"href":"https:\/\/www.mizar.it\/es\/wp-json\/wp\/v2\/product\/122526","targetHints":{"allow":["GET"]}}],"collection":[{"href":"https:\/\/www.mizar.it\/es\/wp-json\/wp\/v2\/product"}],"about":[{"href":"https:\/\/www.mizar.it\/es\/wp-json\/wp\/v2\/types\/product"}],"wp:featuredmedia":[{"embeddable":true,"href":"https:\/\/www.mizar.it\/es\/wp-json\/wp\/v2\/media\/115039"}],"wp:attachment":[{"href":"https:\/\/www.mizar.it\/es\/wp-json\/wp\/v2\/media?parent=122526"}],"wp:term":[{"taxonomy":"product_cat","embeddable":true,"href":"https:\/\/www.mizar.it\/es\/wp-json\/wp\/v2\/product_cat?post=122526"},{"taxonomy":"product_tag","embeddable":true,"href":"https:\/\/www.mizar.it\/es\/wp-json\/wp\/v2\/product_tag?post=122526"}],"curies":[{"name":"wp","href":"https:\/\/api.w.org\/{rel}","templated":true}]}}