{"id":125066,"date":"2025-05-26T16:58:56","date_gmt":"2025-05-26T14:58:56","guid":{"rendered":"https:\/\/www.mizar.it\/prodotto\/kit-de-fijacion-para-cajas\/"},"modified":"2026-01-28T13:21:42","modified_gmt":"2026-01-28T12:21:42","slug":"kit-de-fijacion-para-cajas","status":"publish","type":"product","link":"https:\/\/www.mizar.it\/es\/prodotto\/kit-de-fijacion-para-cajas\/","title":{"rendered":"KIT DE FIJACI\u00d3N PARA CAJAS"},"content":{"rendered":"<p>Kit de soporte para la fijaci\u00f3n de la caja empotrada LINEO<\/p>\n","protected":false},"excerpt":{"rendered":"<p>Kit de soporte para la fijaci\u00f3n de la caja empotrada LINEO<\/p>\n","protected":false},"featured_media":125159,"template":"","meta":{"inline_featured_image":false},"product_cat":[41231,41243,41241],"product_tag":[],"class_list":{"0":"post-125066","1":"product","2":"type-product","3":"status-publish","4":"has-post-thumbnail","6":"product_cat-accesorios","7":"product_cat-caja-lineo","8":"product_cat-cajas","9":"pa_altezza-mm-20-es","10":"pa_larghezza-mm-20-es","11":"pa_lunghezza-mm-40-es","13":"first","14":"instock","15":"product-type-simple","16":"berocket_lgv_grid","17":"berocket_lgv_list_grid"},"acf":[],"yoast_head":"<!-- This site is optimized with the Yoast SEO plugin v22.4 - https:\/\/yoast.com\/wordpress\/plugins\/seo\/ -->\n<title>Mizar - KIT DE FIJACI\u00d3N PARA CAJAS<\/title>\n<meta name=\"description\" content=\"Visita il sito Mizar.it e contattaci per scoprire di pi\u00f9 sul nostro prodotto KIT DE FIJACI\u00d3N PARA CAJAS.\" \/>\n<meta name=\"robots\" content=\"index, follow, max-snippet:-1, max-image-preview:large, max-video-preview:-1\" \/>\n<link rel=\"canonical\" href=\"https:\/\/www.mizar.it\/es\/prodotto\/kit-de-fijacion-para-cajas\/\" \/>\n<meta property=\"og:locale\" content=\"es_ES\" \/>\n<meta property=\"og:type\" content=\"article\" \/>\n<meta property=\"og:title\" content=\"Mizar - KIT DE FIJACI\u00d3N PARA CAJAS\" \/>\n<meta property=\"og:description\" content=\"Visita il sito Mizar.it e contattaci per scoprire di pi\u00f9 sul nostro prodotto KIT DE FIJACI\u00d3N PARA CAJAS.\" \/>\n<meta property=\"og:url\" content=\"https:\/\/www.mizar.it\/es\/prodotto\/kit-de-fijacion-para-cajas\/\" \/>\n<meta property=\"og:site_name\" content=\"Mizar\" \/>\n<meta property=\"article:modified_time\" content=\"2026-01-28T12:21:42+00:00\" \/>\n<meta name=\"twitter:card\" content=\"summary_large_image\" \/>\n<script type=\"application\/ld+json\" class=\"yoast-schema-graph\">{\"@context\":\"https:\/\/schema.org\",\"@graph\":[{\"@type\":\"WebPage\",\"@id\":\"https:\/\/www.mizar.it\/es\/prodotto\/kit-de-fijacion-para-cajas\/\",\"url\":\"https:\/\/www.mizar.it\/es\/prodotto\/kit-de-fijacion-para-cajas\/\",\"name\":\"Mizar - KIT DE FIJACI\u00d3N PARA CAJAS\",\"isPartOf\":{\"@id\":\"https:\/\/www.mizar.it\/es\/#website\"},\"primaryImageOfPage\":{\"@id\":\"https:\/\/www.mizar.it\/es\/prodotto\/kit-de-fijacion-para-cajas\/#primaryimage\"},\"image\":{\"@id\":\"https:\/\/www.mizar.it\/es\/prodotto\/kit-de-fijacion-para-cajas\/#primaryimage\"},\"thumbnailUrl\":\"https:\/\/www.mizar.it\/wp-content\/uploads\/2025\/05\/LNEZZZ024.png\",\"datePublished\":\"2025-05-26T14:58:56+00:00\",\"dateModified\":\"2026-01-28T12:21:42+00:00\",\"description\":\"Visita il sito Mizar.it e contattaci per scoprire di pi\u00f9 sul nostro prodotto KIT DE FIJACI\u00d3N PARA CAJAS.\",\"breadcrumb\":{\"@id\":\"https:\/\/www.mizar.it\/es\/prodotto\/kit-de-fijacion-para-cajas\/#breadcrumb\"},\"inLanguage\":\"es\",\"potentialAction\":[{\"@type\":\"ReadAction\",\"target\":[\"https:\/\/www.mizar.it\/es\/prodotto\/kit-de-fijacion-para-cajas\/\"]}]},{\"@type\":\"ImageObject\",\"inLanguage\":\"es\",\"@id\":\"https:\/\/www.mizar.it\/es\/prodotto\/kit-de-fijacion-para-cajas\/#primaryimage\",\"url\":\"https:\/\/www.mizar.it\/wp-content\/uploads\/2025\/05\/LNEZZZ024.png\",\"contentUrl\":\"https:\/\/www.mizar.it\/wp-content\/uploads\/2025\/05\/LNEZZZ024.png\",\"width\":500,\"height\":500},{\"@type\":\"BreadcrumbList\",\"@id\":\"https:\/\/www.mizar.it\/es\/prodotto\/kit-de-fijacion-para-cajas\/#breadcrumb\",\"itemListElement\":[{\"@type\":\"ListItem\",\"position\":1,\"name\":\"Mizar\",\"item\":\"https:\/\/www.mizar.it\/es\/\"},{\"@type\":\"ListItem\",\"position\":2,\"name\":\"KIT DE FIJACI\u00d3N PARA CAJAS\"}]},{\"@type\":\"WebSite\",\"@id\":\"https:\/\/www.mizar.it\/es\/#website\",\"url\":\"https:\/\/www.mizar.it\/es\/\",\"name\":\"Mizar\",\"description\":\"Lighting your way\",\"publisher\":{\"@id\":\"https:\/\/www.mizar.it\/es\/#organization\"},\"potentialAction\":[{\"@type\":\"SearchAction\",\"target\":{\"@type\":\"EntryPoint\",\"urlTemplate\":\"https:\/\/www.mizar.it\/es\/?s={search_term_string}\"},\"query-input\":\"required name=search_term_string\"}],\"inLanguage\":\"es\"},{\"@type\":\"Organization\",\"@id\":\"https:\/\/www.mizar.it\/es\/#organization\",\"name\":\"Mizar\",\"url\":\"https:\/\/www.mizar.it\/es\/\",\"logo\":{\"@type\":\"ImageObject\",\"inLanguage\":\"es\",\"@id\":\"https:\/\/www.mizar.it\/es\/#\/schema\/logo\/image\/\",\"url\":\"https:\/\/www.mizar.it\/wp-content\/uploads\/2024\/10\/cropped-Mizar_icon_tab-1.png\",\"contentUrl\":\"https:\/\/www.mizar.it\/wp-content\/uploads\/2024\/10\/cropped-Mizar_icon_tab-1.png\",\"width\":512,\"height\":512,\"caption\":\"Mizar\"},\"image\":{\"@id\":\"https:\/\/www.mizar.it\/es\/#\/schema\/logo\/image\/\"},\"sameAs\":[\"https:\/\/www.instagram.com\/mizarluce\/\",\"https:\/\/www.linkedin.com\/company\/mizar-lighting\/\"]}]}<\/script>\n<!-- \/ Yoast SEO plugin. -->","yoast_head_json":{"title":"Mizar - KIT DE FIJACI\u00d3N PARA CAJAS","description":"Visita il sito Mizar.it e contattaci per scoprire di pi\u00f9 sul nostro prodotto KIT DE FIJACI\u00d3N PARA CAJAS.","robots":{"index":"index","follow":"follow","max-snippet":"max-snippet:-1","max-image-preview":"max-image-preview:large","max-video-preview":"max-video-preview:-1"},"canonical":"https:\/\/www.mizar.it\/es\/prodotto\/kit-de-fijacion-para-cajas\/","og_locale":"es_ES","og_type":"article","og_title":"Mizar - KIT DE FIJACI\u00d3N PARA CAJAS","og_description":"Visita il sito Mizar.it e contattaci per scoprire di pi\u00f9 sul nostro prodotto KIT DE FIJACI\u00d3N PARA CAJAS.","og_url":"https:\/\/www.mizar.it\/es\/prodotto\/kit-de-fijacion-para-cajas\/","og_site_name":"Mizar","article_modified_time":"2026-01-28T12:21:42+00:00","twitter_card":"summary_large_image","schema":{"@context":"https:\/\/schema.org","@graph":[{"@type":"WebPage","@id":"https:\/\/www.mizar.it\/es\/prodotto\/kit-de-fijacion-para-cajas\/","url":"https:\/\/www.mizar.it\/es\/prodotto\/kit-de-fijacion-para-cajas\/","name":"Mizar - KIT DE FIJACI\u00d3N PARA CAJAS","isPartOf":{"@id":"https:\/\/www.mizar.it\/es\/#website"},"primaryImageOfPage":{"@id":"https:\/\/www.mizar.it\/es\/prodotto\/kit-de-fijacion-para-cajas\/#primaryimage"},"image":{"@id":"https:\/\/www.mizar.it\/es\/prodotto\/kit-de-fijacion-para-cajas\/#primaryimage"},"thumbnailUrl":"https:\/\/www.mizar.it\/wp-content\/uploads\/2025\/05\/LNEZZZ024.png","datePublished":"2025-05-26T14:58:56+00:00","dateModified":"2026-01-28T12:21:42+00:00","description":"Visita il sito Mizar.it e contattaci per scoprire di pi\u00f9 sul nostro prodotto KIT DE FIJACI\u00d3N PARA CAJAS.","breadcrumb":{"@id":"https:\/\/www.mizar.it\/es\/prodotto\/kit-de-fijacion-para-cajas\/#breadcrumb"},"inLanguage":"es","potentialAction":[{"@type":"ReadAction","target":["https:\/\/www.mizar.it\/es\/prodotto\/kit-de-fijacion-para-cajas\/"]}]},{"@type":"ImageObject","inLanguage":"es","@id":"https:\/\/www.mizar.it\/es\/prodotto\/kit-de-fijacion-para-cajas\/#primaryimage","url":"https:\/\/www.mizar.it\/wp-content\/uploads\/2025\/05\/LNEZZZ024.png","contentUrl":"https:\/\/www.mizar.it\/wp-content\/uploads\/2025\/05\/LNEZZZ024.png","width":500,"height":500},{"@type":"BreadcrumbList","@id":"https:\/\/www.mizar.it\/es\/prodotto\/kit-de-fijacion-para-cajas\/#breadcrumb","itemListElement":[{"@type":"ListItem","position":1,"name":"Mizar","item":"https:\/\/www.mizar.it\/es\/"},{"@type":"ListItem","position":2,"name":"KIT DE FIJACI\u00d3N PARA CAJAS"}]},{"@type":"WebSite","@id":"https:\/\/www.mizar.it\/es\/#website","url":"https:\/\/www.mizar.it\/es\/","name":"Mizar","description":"Lighting your way","publisher":{"@id":"https:\/\/www.mizar.it\/es\/#organization"},"potentialAction":[{"@type":"SearchAction","target":{"@type":"EntryPoint","urlTemplate":"https:\/\/www.mizar.it\/es\/?s={search_term_string}"},"query-input":"required name=search_term_string"}],"inLanguage":"es"},{"@type":"Organization","@id":"https:\/\/www.mizar.it\/es\/#organization","name":"Mizar","url":"https:\/\/www.mizar.it\/es\/","logo":{"@type":"ImageObject","inLanguage":"es","@id":"https:\/\/www.mizar.it\/es\/#\/schema\/logo\/image\/","url":"https:\/\/www.mizar.it\/wp-content\/uploads\/2024\/10\/cropped-Mizar_icon_tab-1.png","contentUrl":"https:\/\/www.mizar.it\/wp-content\/uploads\/2024\/10\/cropped-Mizar_icon_tab-1.png","width":512,"height":512,"caption":"Mizar"},"image":{"@id":"https:\/\/www.mizar.it\/es\/#\/schema\/logo\/image\/"},"sameAs":["https:\/\/www.instagram.com\/mizarluce\/","https:\/\/www.linkedin.com\/company\/mizar-lighting\/"]}]}},"df_price":"","df_sale_price":"","df_regular_price":"","df_image_link":"https:\/\/www.mizar.it\/wp-content\/uploads\/2025\/05\/LNEZZZ024-300x300.png","_links":{"self":[{"href":"https:\/\/www.mizar.it\/es\/wp-json\/wp\/v2\/product\/125066","targetHints":{"allow":["GET"]}}],"collection":[{"href":"https:\/\/www.mizar.it\/es\/wp-json\/wp\/v2\/product"}],"about":[{"href":"https:\/\/www.mizar.it\/es\/wp-json\/wp\/v2\/types\/product"}],"wp:featuredmedia":[{"embeddable":true,"href":"https:\/\/www.mizar.it\/es\/wp-json\/wp\/v2\/media\/125159"}],"wp:attachment":[{"href":"https:\/\/www.mizar.it\/es\/wp-json\/wp\/v2\/media?parent=125066"}],"wp:term":[{"taxonomy":"product_cat","embeddable":true,"href":"https:\/\/www.mizar.it\/es\/wp-json\/wp\/v2\/product_cat?post=125066"},{"taxonomy":"product_tag","embeddable":true,"href":"https:\/\/www.mizar.it\/es\/wp-json\/wp\/v2\/product_tag?post=125066"}],"curies":[{"name":"wp","href":"https:\/\/api.w.org\/{rel}","templated":true}]}}