{"id":125076,"date":"2025-08-04T15:26:57","date_gmt":"2025-08-04T13:26:57","guid":{"rendered":"https:\/\/www.mizar.it\/prodotto\/fuente-de-alimentacion-dimmerable-2\/"},"modified":"2026-01-28T13:21:47","modified_gmt":"2026-01-28T12:21:47","slug":"fuente-de-alimentacion-dimmerable-2","status":"publish","type":"product","link":"https:\/\/www.mizar.it\/es\/prodotto\/fuente-de-alimentacion-dimmerable-2\/","title":{"rendered":"FUENTE DE ALIMENTACI\u00d3N DIMMERABLE"},"content":{"rendered":"<p>Marca: TCI &#8211; Modelo: TCI PRO FLAT 38 DALI NFC &#8211; Fuente de alimentaci\u00f3n CC 10-54 V 1,5\/38 W 150-1050 mA IP20 DALI\/NFC<\/p>\n","protected":false},"excerpt":{"rendered":"<p>FUENTE DE ALIMENTACI\u00d3N CC 10-54 V 1,5\/38 W 150-1050 mA IP20 DALI\/NFC<\/p>\n","protected":false},"featured_media":125180,"template":"","meta":{"inline_featured_image":false},"product_cat":[41238,41236],"product_tag":[],"class_list":{"0":"post-125076","1":"product","2":"type-product","3":"status-publish","4":"has-post-thumbnail","6":"product_cat-fuente-de-alimentacion-para-interiores","7":"product_cat-fuentes-de-alimentacion","8":"pa_altezza-mm-22-es","9":"pa_larghezza-mm-43-5-es","10":"pa_lunghezza-mm-146-5-es","11":"pa_potenza-nominale-w-38-es","12":"pa_temp-operativa-minima-20-c-es","14":"first","15":"instock","16":"product-type-simple","17":"berocket_lgv_grid","18":"berocket_lgv_list_grid"},"acf":[],"yoast_head":"<!-- This site is optimized with the Yoast SEO plugin v22.4 - https:\/\/yoast.com\/wordpress\/plugins\/seo\/ -->\n<title>Mizar - FUENTE DE ALIMENTACI\u00d3N DIMMERABLE<\/title>\n<meta name=\"description\" content=\"Visita il sito Mizar.it e contattaci per scoprire di pi\u00f9 sul nostro prodotto FUENTE DE ALIMENTACI\u00d3N DIMMERABLE.\" \/>\n<meta name=\"robots\" content=\"index, follow, max-snippet:-1, max-image-preview:large, max-video-preview:-1\" \/>\n<link rel=\"canonical\" href=\"https:\/\/www.mizar.it\/es\/prodotto\/fuente-de-alimentacion-dimmerable-2\/\" \/>\n<meta property=\"og:locale\" content=\"es_ES\" \/>\n<meta property=\"og:type\" content=\"article\" \/>\n<meta property=\"og:title\" content=\"Mizar - FUENTE DE ALIMENTACI\u00d3N DIMMERABLE\" \/>\n<meta property=\"og:description\" content=\"Visita il sito Mizar.it e contattaci per scoprire di pi\u00f9 sul nostro prodotto FUENTE DE ALIMENTACI\u00d3N DIMMERABLE.\" \/>\n<meta property=\"og:url\" content=\"https:\/\/www.mizar.it\/es\/prodotto\/fuente-de-alimentacion-dimmerable-2\/\" \/>\n<meta property=\"og:site_name\" content=\"Mizar\" \/>\n<meta property=\"article:modified_time\" content=\"2026-01-28T12:21:47+00:00\" \/>\n<meta property=\"og:image\" content=\"https:\/\/www.mizar.it\/wp-content\/uploads\/2025\/05\/MID0025.png\" \/>\n\t<meta property=\"og:image:width\" content=\"500\" \/>\n\t<meta property=\"og:image:height\" content=\"500\" \/>\n\t<meta property=\"og:image:type\" content=\"image\/png\" \/>\n<meta name=\"twitter:card\" content=\"summary_large_image\" \/>\n<script type=\"application\/ld+json\" class=\"yoast-schema-graph\">{\"@context\":\"https:\/\/schema.org\",\"@graph\":[{\"@type\":\"WebPage\",\"@id\":\"https:\/\/www.mizar.it\/es\/prodotto\/fuente-de-alimentacion-dimmerable-2\/\",\"url\":\"https:\/\/www.mizar.it\/es\/prodotto\/fuente-de-alimentacion-dimmerable-2\/\",\"name\":\"Mizar - FUENTE DE ALIMENTACI\u00d3N DIMMERABLE\",\"isPartOf\":{\"@id\":\"https:\/\/www.mizar.it\/es\/#website\"},\"primaryImageOfPage\":{\"@id\":\"https:\/\/www.mizar.it\/es\/prodotto\/fuente-de-alimentacion-dimmerable-2\/#primaryimage\"},\"image\":{\"@id\":\"https:\/\/www.mizar.it\/es\/prodotto\/fuente-de-alimentacion-dimmerable-2\/#primaryimage\"},\"thumbnailUrl\":\"https:\/\/www.mizar.it\/wp-content\/uploads\/2025\/05\/MID0025.png\",\"datePublished\":\"2025-08-04T13:26:57+00:00\",\"dateModified\":\"2026-01-28T12:21:47+00:00\",\"description\":\"Visita il sito Mizar.it e contattaci per scoprire di pi\u00f9 sul nostro prodotto FUENTE DE ALIMENTACI\u00d3N DIMMERABLE.\",\"breadcrumb\":{\"@id\":\"https:\/\/www.mizar.it\/es\/prodotto\/fuente-de-alimentacion-dimmerable-2\/#breadcrumb\"},\"inLanguage\":\"es\",\"potentialAction\":[{\"@type\":\"ReadAction\",\"target\":[\"https:\/\/www.mizar.it\/es\/prodotto\/fuente-de-alimentacion-dimmerable-2\/\"]}]},{\"@type\":\"ImageObject\",\"inLanguage\":\"es\",\"@id\":\"https:\/\/www.mizar.it\/es\/prodotto\/fuente-de-alimentacion-dimmerable-2\/#primaryimage\",\"url\":\"https:\/\/www.mizar.it\/wp-content\/uploads\/2025\/05\/MID0025.png\",\"contentUrl\":\"https:\/\/www.mizar.it\/wp-content\/uploads\/2025\/05\/MID0025.png\",\"width\":500,\"height\":500},{\"@type\":\"BreadcrumbList\",\"@id\":\"https:\/\/www.mizar.it\/es\/prodotto\/fuente-de-alimentacion-dimmerable-2\/#breadcrumb\",\"itemListElement\":[{\"@type\":\"ListItem\",\"position\":1,\"name\":\"Mizar\",\"item\":\"https:\/\/www.mizar.it\/es\/\"},{\"@type\":\"ListItem\",\"position\":2,\"name\":\"FUENTE DE ALIMENTACI\u00d3N DIMMERABLE\"}]},{\"@type\":\"WebSite\",\"@id\":\"https:\/\/www.mizar.it\/es\/#website\",\"url\":\"https:\/\/www.mizar.it\/es\/\",\"name\":\"Mizar\",\"description\":\"Lighting your way\",\"publisher\":{\"@id\":\"https:\/\/www.mizar.it\/es\/#organization\"},\"potentialAction\":[{\"@type\":\"SearchAction\",\"target\":{\"@type\":\"EntryPoint\",\"urlTemplate\":\"https:\/\/www.mizar.it\/es\/?s={search_term_string}\"},\"query-input\":\"required name=search_term_string\"}],\"inLanguage\":\"es\"},{\"@type\":\"Organization\",\"@id\":\"https:\/\/www.mizar.it\/es\/#organization\",\"name\":\"Mizar\",\"url\":\"https:\/\/www.mizar.it\/es\/\",\"logo\":{\"@type\":\"ImageObject\",\"inLanguage\":\"es\",\"@id\":\"https:\/\/www.mizar.it\/es\/#\/schema\/logo\/image\/\",\"url\":\"https:\/\/www.mizar.it\/wp-content\/uploads\/2024\/10\/cropped-Mizar_icon_tab-1.png\",\"contentUrl\":\"https:\/\/www.mizar.it\/wp-content\/uploads\/2024\/10\/cropped-Mizar_icon_tab-1.png\",\"width\":512,\"height\":512,\"caption\":\"Mizar\"},\"image\":{\"@id\":\"https:\/\/www.mizar.it\/es\/#\/schema\/logo\/image\/\"},\"sameAs\":[\"https:\/\/www.instagram.com\/mizarluce\/\",\"https:\/\/www.linkedin.com\/company\/mizar-lighting\/\"]}]}<\/script>\n<!-- \/ Yoast SEO plugin. -->","yoast_head_json":{"title":"Mizar - FUENTE DE ALIMENTACI\u00d3N DIMMERABLE","description":"Visita il sito Mizar.it e contattaci per scoprire di pi\u00f9 sul nostro prodotto FUENTE DE ALIMENTACI\u00d3N DIMMERABLE.","robots":{"index":"index","follow":"follow","max-snippet":"max-snippet:-1","max-image-preview":"max-image-preview:large","max-video-preview":"max-video-preview:-1"},"canonical":"https:\/\/www.mizar.it\/es\/prodotto\/fuente-de-alimentacion-dimmerable-2\/","og_locale":"es_ES","og_type":"article","og_title":"Mizar - FUENTE DE ALIMENTACI\u00d3N DIMMERABLE","og_description":"Visita il sito Mizar.it e contattaci per scoprire di pi\u00f9 sul nostro prodotto FUENTE DE ALIMENTACI\u00d3N DIMMERABLE.","og_url":"https:\/\/www.mizar.it\/es\/prodotto\/fuente-de-alimentacion-dimmerable-2\/","og_site_name":"Mizar","article_modified_time":"2026-01-28T12:21:47+00:00","og_image":[{"width":500,"height":500,"url":"https:\/\/www.mizar.it\/wp-content\/uploads\/2025\/05\/MID0025.png","type":"image\/png"}],"twitter_card":"summary_large_image","schema":{"@context":"https:\/\/schema.org","@graph":[{"@type":"WebPage","@id":"https:\/\/www.mizar.it\/es\/prodotto\/fuente-de-alimentacion-dimmerable-2\/","url":"https:\/\/www.mizar.it\/es\/prodotto\/fuente-de-alimentacion-dimmerable-2\/","name":"Mizar - FUENTE DE ALIMENTACI\u00d3N DIMMERABLE","isPartOf":{"@id":"https:\/\/www.mizar.it\/es\/#website"},"primaryImageOfPage":{"@id":"https:\/\/www.mizar.it\/es\/prodotto\/fuente-de-alimentacion-dimmerable-2\/#primaryimage"},"image":{"@id":"https:\/\/www.mizar.it\/es\/prodotto\/fuente-de-alimentacion-dimmerable-2\/#primaryimage"},"thumbnailUrl":"https:\/\/www.mizar.it\/wp-content\/uploads\/2025\/05\/MID0025.png","datePublished":"2025-08-04T13:26:57+00:00","dateModified":"2026-01-28T12:21:47+00:00","description":"Visita il sito Mizar.it e contattaci per scoprire di pi\u00f9 sul nostro prodotto FUENTE DE ALIMENTACI\u00d3N DIMMERABLE.","breadcrumb":{"@id":"https:\/\/www.mizar.it\/es\/prodotto\/fuente-de-alimentacion-dimmerable-2\/#breadcrumb"},"inLanguage":"es","potentialAction":[{"@type":"ReadAction","target":["https:\/\/www.mizar.it\/es\/prodotto\/fuente-de-alimentacion-dimmerable-2\/"]}]},{"@type":"ImageObject","inLanguage":"es","@id":"https:\/\/www.mizar.it\/es\/prodotto\/fuente-de-alimentacion-dimmerable-2\/#primaryimage","url":"https:\/\/www.mizar.it\/wp-content\/uploads\/2025\/05\/MID0025.png","contentUrl":"https:\/\/www.mizar.it\/wp-content\/uploads\/2025\/05\/MID0025.png","width":500,"height":500},{"@type":"BreadcrumbList","@id":"https:\/\/www.mizar.it\/es\/prodotto\/fuente-de-alimentacion-dimmerable-2\/#breadcrumb","itemListElement":[{"@type":"ListItem","position":1,"name":"Mizar","item":"https:\/\/www.mizar.it\/es\/"},{"@type":"ListItem","position":2,"name":"FUENTE DE ALIMENTACI\u00d3N DIMMERABLE"}]},{"@type":"WebSite","@id":"https:\/\/www.mizar.it\/es\/#website","url":"https:\/\/www.mizar.it\/es\/","name":"Mizar","description":"Lighting your way","publisher":{"@id":"https:\/\/www.mizar.it\/es\/#organization"},"potentialAction":[{"@type":"SearchAction","target":{"@type":"EntryPoint","urlTemplate":"https:\/\/www.mizar.it\/es\/?s={search_term_string}"},"query-input":"required name=search_term_string"}],"inLanguage":"es"},{"@type":"Organization","@id":"https:\/\/www.mizar.it\/es\/#organization","name":"Mizar","url":"https:\/\/www.mizar.it\/es\/","logo":{"@type":"ImageObject","inLanguage":"es","@id":"https:\/\/www.mizar.it\/es\/#\/schema\/logo\/image\/","url":"https:\/\/www.mizar.it\/wp-content\/uploads\/2024\/10\/cropped-Mizar_icon_tab-1.png","contentUrl":"https:\/\/www.mizar.it\/wp-content\/uploads\/2024\/10\/cropped-Mizar_icon_tab-1.png","width":512,"height":512,"caption":"Mizar"},"image":{"@id":"https:\/\/www.mizar.it\/es\/#\/schema\/logo\/image\/"},"sameAs":["https:\/\/www.instagram.com\/mizarluce\/","https:\/\/www.linkedin.com\/company\/mizar-lighting\/"]}]}},"df_price":"","df_sale_price":"","df_regular_price":"","df_image_link":"https:\/\/www.mizar.it\/wp-content\/uploads\/2025\/05\/MID0025-300x300.png","_links":{"self":[{"href":"https:\/\/www.mizar.it\/es\/wp-json\/wp\/v2\/product\/125076","targetHints":{"allow":["GET"]}}],"collection":[{"href":"https:\/\/www.mizar.it\/es\/wp-json\/wp\/v2\/product"}],"about":[{"href":"https:\/\/www.mizar.it\/es\/wp-json\/wp\/v2\/types\/product"}],"wp:featuredmedia":[{"embeddable":true,"href":"https:\/\/www.mizar.it\/es\/wp-json\/wp\/v2\/media\/125180"}],"wp:attachment":[{"href":"https:\/\/www.mizar.it\/es\/wp-json\/wp\/v2\/media?parent=125076"}],"wp:term":[{"taxonomy":"product_cat","embeddable":true,"href":"https:\/\/www.mizar.it\/es\/wp-json\/wp\/v2\/product_cat?post=125076"},{"taxonomy":"product_tag","embeddable":true,"href":"https:\/\/www.mizar.it\/es\/wp-json\/wp\/v2\/product_tag?post=125076"}],"curies":[{"name":"wp","href":"https:\/\/api.w.org\/{rel}","templated":true}]}}