{"id":89172,"date":"2024-09-23T21:54:13","date_gmt":"2024-09-23T19:54:13","guid":{"rendered":"https:\/\/mizar.foreach.it\/prodotto\/vitrum-2-0-115\/"},"modified":"2026-02-12T14:24:15","modified_gmt":"2026-02-12T13:24:15","slug":"vitrum-2-0-vit02dcs100p00","status":"publish","type":"product","link":"https:\/\/www.mizar.it\/it\/prodotto\/vitrum-2-0-vit02dcs100p00\/","title":{"rendered":"VITRUM 2.0"},"content":{"rendered":"<p>Apparecchio da incasso a filo, calpestabile, adatto agli ambienti esterni e in immersione (IP66\/IP68) con range di temperatura di esercizio: -20\u00b0C \/ +50\u00b0C. La sua particolarit\u00e0 \u00e8 di possedere lo schermo in vetro temperato senza ghiera metallica, trasparente, con bordo serigrafato in colore nero. Il corpo \u00e8 in alluminio anticorodal anodizzato nero. La sorgente luminosa \u00e8 costituita da un singolo chip power Led da 3W alimentato a 24Vdc in tensione costante con driver integrato. Il design essenziale lo rende ideale come corpo illuminante per ambienti eleganti in interno ed esterno, nonch\u00e9 per situazioni ad elevata umidit\u00e0 (spa, cantine). La sorgente \u00e8 arretrata per un maggior confort visivo. Indice di resa cromatica CRI > 90. Vitrum \u00e8 dotato di sistema IdroSkud\u00ae per la protezione dei componenti elettronici da picchi di tensione, inversione di polarit\u00e0 e infiltrazioni di acqua. Sono previsti optionals per l\u2019anti-abbagliamento (nido d\u2019ape) e accessori per l\u2019installazione (casseforme drenanti, stagna e per cartongesso). Il prodotto deve essere abbinato ad un alimentatore per garantirne il funzionamento. L&#8217;alimentatore deve essere ordinato a parte. La quantit\u00e0 di apparecchi che possono essere collegati ad un singolo alimentatore, varia in base al tipo di installazione. Spetta all&#8217;installatore verificare la possibile caduta di tensione, valutando la distanza tra prodotto e alimentatore.<\/p>\n","protected":false},"excerpt":{"rendered":"<p>VITRUM 2.0 3W NERO 10\u00b0 3000K 24V NA 15M<\/p>\n","protected":false},"featured_media":115307,"template":"","meta":{"inline_featured_image":false},"product_cat":[37088,37089,37331,37343],"product_tag":[],"class_list":{"0":"post-89172","1":"product","2":"type-product","3":"status-publish","4":"has-post-thumbnail","6":"product_cat-esterni","7":"product_cat-incassi-a-terra","8":"product_cat-vitrum","9":"product_cat-vitrum-2-0","10":"pa_altezza-mm-38257","11":"pa_aree-en-60598-2-13-a1-a2","12":"pa_diametro-mm-38203","13":"pa_efficienza-energetica-questo-contiene-una-sorgente-luminosa-di-classe-di-efficienza-energetica-eu2019-2015-f","14":"pa_flusso-apparecchio-lm-39734","15":"pa_flusso-sorgente-lm-39408","16":"pa_massimo-carico-statico-kn-41020","17":"pa_peso-g-0-278","18":"pa_potenza-nominale-w-38260","19":"pa_temp-operativa-minima-20-c","20":"pa_temp-superficiale-massima-50-c","22":"first","23":"instock","24":"product-type-simple","25":"berocket_lgv_grid","26":"berocket_lgv_list_grid"},"acf":[],"yoast_head":"<!-- This site is optimized with the Yoast SEO plugin v22.4 - https:\/\/yoast.com\/wordpress\/plugins\/seo\/ -->\n<title>Mizar - VITRUM 2.0<\/title>\n<meta name=\"description\" content=\"Visita il sito Mizar.it e contattaci per scoprire di pi\u00f9 sul nostro prodotto VITRUM 2.0.\" \/>\n<meta name=\"robots\" content=\"index, follow, max-snippet:-1, max-image-preview:large, max-video-preview:-1\" \/>\n<link rel=\"canonical\" href=\"https:\/\/www.mizar.it\/it\/prodotto\/vitrum-2-0-vit02dcs100p00\/\" \/>\n<meta property=\"og:locale\" content=\"it_IT\" \/>\n<meta property=\"og:type\" content=\"article\" \/>\n<meta property=\"og:title\" content=\"Mizar - VITRUM 2.0\" \/>\n<meta property=\"og:description\" content=\"Visita il sito Mizar.it e contattaci per scoprire di pi\u00f9 sul nostro prodotto VITRUM 2.0.\" \/>\n<meta property=\"og:url\" content=\"https:\/\/www.mizar.it\/it\/prodotto\/vitrum-2-0-vit02dcs100p00\/\" \/>\n<meta property=\"og:site_name\" content=\"Mizar\" \/>\n<meta property=\"article:modified_time\" content=\"2026-02-12T13:24:15+00:00\" \/>\n<meta property=\"og:image\" content=\"https:\/\/www.mizar.it\/wp-content\/uploads\/2025\/11\/VITRUM_2.0_BLACK_img1-1.jpg\" \/>\n\t<meta property=\"og:image:width\" content=\"1000\" \/>\n\t<meta property=\"og:image:height\" content=\"1000\" \/>\n\t<meta property=\"og:image:type\" content=\"image\/jpeg\" \/>\n<meta name=\"twitter:card\" content=\"summary_large_image\" \/>\n<meta name=\"twitter:label1\" content=\"Tempo di lettura stimato\" \/>\n\t<meta name=\"twitter:data1\" content=\"1 minuto\" \/>\n<script type=\"application\/ld+json\" class=\"yoast-schema-graph\">{\"@context\":\"https:\/\/schema.org\",\"@graph\":[{\"@type\":\"WebPage\",\"@id\":\"https:\/\/www.mizar.it\/it\/prodotto\/vitrum-2-0-vit02dcs100p00\/\",\"url\":\"https:\/\/www.mizar.it\/it\/prodotto\/vitrum-2-0-vit02dcs100p00\/\",\"name\":\"Mizar - VITRUM 2.0\",\"isPartOf\":{\"@id\":\"https:\/\/www.mizar.it\/it\/#website\"},\"primaryImageOfPage\":{\"@id\":\"https:\/\/www.mizar.it\/it\/prodotto\/vitrum-2-0-vit02dcs100p00\/#primaryimage\"},\"image\":{\"@id\":\"https:\/\/www.mizar.it\/it\/prodotto\/vitrum-2-0-vit02dcs100p00\/#primaryimage\"},\"thumbnailUrl\":\"https:\/\/www.mizar.it\/wp-content\/uploads\/2025\/11\/VITRUM_2.0_BLACK_img1-1.jpg\",\"datePublished\":\"2024-09-23T19:54:13+00:00\",\"dateModified\":\"2026-02-12T13:24:15+00:00\",\"description\":\"Visita il sito Mizar.it e contattaci per scoprire di pi\u00f9 sul nostro prodotto VITRUM 2.0.\",\"breadcrumb\":{\"@id\":\"https:\/\/www.mizar.it\/it\/prodotto\/vitrum-2-0-vit02dcs100p00\/#breadcrumb\"},\"inLanguage\":\"it-IT\",\"potentialAction\":[{\"@type\":\"ReadAction\",\"target\":[\"https:\/\/www.mizar.it\/it\/prodotto\/vitrum-2-0-vit02dcs100p00\/\"]}]},{\"@type\":\"ImageObject\",\"inLanguage\":\"it-IT\",\"@id\":\"https:\/\/www.mizar.it\/it\/prodotto\/vitrum-2-0-vit02dcs100p00\/#primaryimage\",\"url\":\"https:\/\/www.mizar.it\/wp-content\/uploads\/2025\/11\/VITRUM_2.0_BLACK_img1-1.jpg\",\"contentUrl\":\"https:\/\/www.mizar.it\/wp-content\/uploads\/2025\/11\/VITRUM_2.0_BLACK_img1-1.jpg\",\"width\":1000,\"height\":1000},{\"@type\":\"BreadcrumbList\",\"@id\":\"https:\/\/www.mizar.it\/it\/prodotto\/vitrum-2-0-vit02dcs100p00\/#breadcrumb\",\"itemListElement\":[{\"@type\":\"ListItem\",\"position\":1,\"name\":\"Mizar\",\"item\":\"https:\/\/www.mizar.it\/it\/\"},{\"@type\":\"ListItem\",\"position\":2,\"name\":\"VITRUM 2.0\"}]},{\"@type\":\"WebSite\",\"@id\":\"https:\/\/www.mizar.it\/it\/#website\",\"url\":\"https:\/\/www.mizar.it\/it\/\",\"name\":\"Mizar\",\"description\":\"Lighting your way\",\"publisher\":{\"@id\":\"https:\/\/www.mizar.it\/it\/#organization\"},\"potentialAction\":[{\"@type\":\"SearchAction\",\"target\":{\"@type\":\"EntryPoint\",\"urlTemplate\":\"https:\/\/www.mizar.it\/it\/?s={search_term_string}\"},\"query-input\":\"required name=search_term_string\"}],\"inLanguage\":\"it-IT\"},{\"@type\":\"Organization\",\"@id\":\"https:\/\/www.mizar.it\/it\/#organization\",\"name\":\"Mizar\",\"url\":\"https:\/\/www.mizar.it\/it\/\",\"logo\":{\"@type\":\"ImageObject\",\"inLanguage\":\"it-IT\",\"@id\":\"https:\/\/www.mizar.it\/it\/#\/schema\/logo\/image\/\",\"url\":\"https:\/\/www.mizar.it\/wp-content\/uploads\/2024\/10\/cropped-Mizar_icon_tab-1.png\",\"contentUrl\":\"https:\/\/www.mizar.it\/wp-content\/uploads\/2024\/10\/cropped-Mizar_icon_tab-1.png\",\"width\":512,\"height\":512,\"caption\":\"Mizar\"},\"image\":{\"@id\":\"https:\/\/www.mizar.it\/it\/#\/schema\/logo\/image\/\"},\"sameAs\":[\"https:\/\/www.instagram.com\/mizarluce\/\",\"https:\/\/www.linkedin.com\/company\/mizar-lighting\/\"]}]}<\/script>\n<!-- \/ Yoast SEO plugin. -->","yoast_head_json":{"title":"Mizar - VITRUM 2.0","description":"Visita il sito Mizar.it e contattaci per scoprire di pi\u00f9 sul nostro prodotto VITRUM 2.0.","robots":{"index":"index","follow":"follow","max-snippet":"max-snippet:-1","max-image-preview":"max-image-preview:large","max-video-preview":"max-video-preview:-1"},"canonical":"https:\/\/www.mizar.it\/it\/prodotto\/vitrum-2-0-vit02dcs100p00\/","og_locale":"it_IT","og_type":"article","og_title":"Mizar - VITRUM 2.0","og_description":"Visita il sito Mizar.it e contattaci per scoprire di pi\u00f9 sul nostro prodotto VITRUM 2.0.","og_url":"https:\/\/www.mizar.it\/it\/prodotto\/vitrum-2-0-vit02dcs100p00\/","og_site_name":"Mizar","article_modified_time":"2026-02-12T13:24:15+00:00","og_image":[{"width":1000,"height":1000,"url":"https:\/\/www.mizar.it\/wp-content\/uploads\/2025\/11\/VITRUM_2.0_BLACK_img1-1.jpg","type":"image\/jpeg"}],"twitter_card":"summary_large_image","twitter_misc":{"Tempo di lettura stimato":"1 minuto"},"schema":{"@context":"https:\/\/schema.org","@graph":[{"@type":"WebPage","@id":"https:\/\/www.mizar.it\/it\/prodotto\/vitrum-2-0-vit02dcs100p00\/","url":"https:\/\/www.mizar.it\/it\/prodotto\/vitrum-2-0-vit02dcs100p00\/","name":"Mizar - VITRUM 2.0","isPartOf":{"@id":"https:\/\/www.mizar.it\/it\/#website"},"primaryImageOfPage":{"@id":"https:\/\/www.mizar.it\/it\/prodotto\/vitrum-2-0-vit02dcs100p00\/#primaryimage"},"image":{"@id":"https:\/\/www.mizar.it\/it\/prodotto\/vitrum-2-0-vit02dcs100p00\/#primaryimage"},"thumbnailUrl":"https:\/\/www.mizar.it\/wp-content\/uploads\/2025\/11\/VITRUM_2.0_BLACK_img1-1.jpg","datePublished":"2024-09-23T19:54:13+00:00","dateModified":"2026-02-12T13:24:15+00:00","description":"Visita il sito Mizar.it e contattaci per scoprire di pi\u00f9 sul nostro prodotto VITRUM 2.0.","breadcrumb":{"@id":"https:\/\/www.mizar.it\/it\/prodotto\/vitrum-2-0-vit02dcs100p00\/#breadcrumb"},"inLanguage":"it-IT","potentialAction":[{"@type":"ReadAction","target":["https:\/\/www.mizar.it\/it\/prodotto\/vitrum-2-0-vit02dcs100p00\/"]}]},{"@type":"ImageObject","inLanguage":"it-IT","@id":"https:\/\/www.mizar.it\/it\/prodotto\/vitrum-2-0-vit02dcs100p00\/#primaryimage","url":"https:\/\/www.mizar.it\/wp-content\/uploads\/2025\/11\/VITRUM_2.0_BLACK_img1-1.jpg","contentUrl":"https:\/\/www.mizar.it\/wp-content\/uploads\/2025\/11\/VITRUM_2.0_BLACK_img1-1.jpg","width":1000,"height":1000},{"@type":"BreadcrumbList","@id":"https:\/\/www.mizar.it\/it\/prodotto\/vitrum-2-0-vit02dcs100p00\/#breadcrumb","itemListElement":[{"@type":"ListItem","position":1,"name":"Mizar","item":"https:\/\/www.mizar.it\/it\/"},{"@type":"ListItem","position":2,"name":"VITRUM 2.0"}]},{"@type":"WebSite","@id":"https:\/\/www.mizar.it\/it\/#website","url":"https:\/\/www.mizar.it\/it\/","name":"Mizar","description":"Lighting your way","publisher":{"@id":"https:\/\/www.mizar.it\/it\/#organization"},"potentialAction":[{"@type":"SearchAction","target":{"@type":"EntryPoint","urlTemplate":"https:\/\/www.mizar.it\/it\/?s={search_term_string}"},"query-input":"required name=search_term_string"}],"inLanguage":"it-IT"},{"@type":"Organization","@id":"https:\/\/www.mizar.it\/it\/#organization","name":"Mizar","url":"https:\/\/www.mizar.it\/it\/","logo":{"@type":"ImageObject","inLanguage":"it-IT","@id":"https:\/\/www.mizar.it\/it\/#\/schema\/logo\/image\/","url":"https:\/\/www.mizar.it\/wp-content\/uploads\/2024\/10\/cropped-Mizar_icon_tab-1.png","contentUrl":"https:\/\/www.mizar.it\/wp-content\/uploads\/2024\/10\/cropped-Mizar_icon_tab-1.png","width":512,"height":512,"caption":"Mizar"},"image":{"@id":"https:\/\/www.mizar.it\/it\/#\/schema\/logo\/image\/"},"sameAs":["https:\/\/www.instagram.com\/mizarluce\/","https:\/\/www.linkedin.com\/company\/mizar-lighting\/"]}]}},"df_price":"","df_sale_price":"","df_regular_price":"","df_image_link":"https:\/\/www.mizar.it\/wp-content\/uploads\/2025\/11\/VITRUM_2.0_BLACK_img1-1-300x300.jpg","_links":{"self":[{"href":"https:\/\/www.mizar.it\/it\/wp-json\/wp\/v2\/product\/89172","targetHints":{"allow":["GET"]}}],"collection":[{"href":"https:\/\/www.mizar.it\/it\/wp-json\/wp\/v2\/product"}],"about":[{"href":"https:\/\/www.mizar.it\/it\/wp-json\/wp\/v2\/types\/product"}],"wp:featuredmedia":[{"embeddable":true,"href":"https:\/\/www.mizar.it\/it\/wp-json\/wp\/v2\/media\/115307"}],"wp:attachment":[{"href":"https:\/\/www.mizar.it\/it\/wp-json\/wp\/v2\/media?parent=89172"}],"wp:term":[{"taxonomy":"product_cat","embeddable":true,"href":"https:\/\/www.mizar.it\/it\/wp-json\/wp\/v2\/product_cat?post=89172"},{"taxonomy":"product_tag","embeddable":true,"href":"https:\/\/www.mizar.it\/it\/wp-json\/wp\/v2\/product_tag?post=89172"}],"curies":[{"name":"wp","href":"https:\/\/api.w.org\/{rel}","templated":true}]}}